{"id":6367,"date":"2024-03-07T14:46:25","date_gmt":"2024-03-07T14:46:25","guid":{"rendered":"https:\/\/aquilo.io\/product\/montazna-zakladna-pre-snimac-hladiny-kvapaliny-aquilo\/"},"modified":"2025-06-05T08:58:23","modified_gmt":"2025-06-05T08:58:23","slug":"montazna-zakladna-pre-snimac-hladiny-kvapaliny-aquilo","status":"publish","type":"product","link":"https:\/\/aquilo.io\/sk\/produkt\/montazna-zakladna-pre-snimac-hladiny-kvapaliny-aquilo\/","title":{"rendered":"Mont\u00e1\u017ena z\u00e1klad\u0148a pre sn\u00edma\u010d hladiny kvapaliny Aquilo"},"content":{"rendered":"<p>[et_pb_section fb_built=&#8220;1&#8243; _builder_version=&#8220;4.9.4&#8243; _module_preset=&#8220;default&#8220; custom_padding=&#8220;50px||0px|||&#8220; global_colors_info=&#8220;{}&#8220;][et_pb_row _builder_version=&#8220;4.9.4&#8243; _module_preset=&#8220;default&#8220; custom_padding=&#8220;0px|||||&#8220; global_colors_info=&#8220;{}&#8220;][et_pb_column type=&#8220;4_4&#8243; _builder_version=&#8220;4.9.4&#8243; _module_preset=&#8220;default&#8220; global_colors_info=&#8220;{}&#8220;][et_pb_button button_url=&#8220;https:\/\/aquilo.io\/aquilo_blue\/sklep\/&#8220; button_text=&#8220;vr\u00e1ti\u0165 sa do obchodu&#8220; _builder_version=&#8220;4.9.4&#8243; _module_preset=&#8220;default&#8220; global_colors_info=&#8220;{}&#8220;][\/et_pb_button][\/et_pb_column][\/et_pb_row][et_pb_row _builder_version=&#8220;4.2.2&#8243; custom_padding=&#8220;0px||0px|||&#8220; global_colors_info=&#8220;{}&#8220;][et_pb_column type=&#8220;4_4&#8243; _builder_version=&#8220;4.2.2&#8243; global_colors_info=&#8220;{}&#8220;][et_pb_wc_cart_notice _builder_version=&#8220;4.2.2&#8243; global_colors_info=&#8220;{}&#8220;][\/et_pb_wc_cart_notice][\/et_pb_column][\/et_pb_row][et_pb_row column_structure=&#8220;1_2,1_2&#8243; _builder_version=&#8220;4.9.4&#8243; _module_preset=&#8220;default&#8220; custom_padding=&#8220;0px||0px|||&#8220; global_colors_info=&#8220;{}&#8220;][et_pb_column type=&#8220;1_2&#8243; _builder_version=&#8220;4.9.4&#8243; _module_preset=&#8220;default&#8220; global_colors_info=&#8220;{}&#8220;][et_pb_image src=&#8220;https:\/\/aquilo.io\/wp-content\/uploads\/2021\/07\/czujnik-nowe-kolory_ukos-.png&#8220; title_text=&#8220;czujnik nowe kolory_ukos&#8220; show_in_lightbox=&#8220;on&#8220; _builder_version=&#8220;4.9.9&#8243; _module_preset=&#8220;default&#8220; global_colors_info=&#8220;{}&#8220;][\/et_pb_image][\/et_pb_column][et_pb_column type=&#8220;1_2&#8243; _builder_version=&#8220;4.9.4&#8243; _module_preset=&#8220;default&#8220; global_colors_info=&#8220;{}&#8220;][et_pb_wc_title _builder_version=&#8220;3.0.47&#8243; global_colors_info=&#8220;{}&#8220;][\/et_pb_wc_title][et_pb_wc_price _builder_version=&#8220;4.2.2&#8243; global_colors_info=&#8220;{}&#8220;][\/et_pb_wc_price][et_pb_wc_description _builder_version=&#8220;4.2.2&#8243; global_colors_info=&#8220;{}&#8220;][\/et_pb_wc_description][et_pb_wc_add_to_cart _builder_version=&#8220;4.2.2&#8243; global_colors_info=&#8220;{}&#8220;][\/et_pb_wc_add_to_cart][et_pb_wc_meta separator=&#8220; &#8220; _builder_version=&#8220;4.2.2&#8243; global_colors_info=&#8220;{}&#8220;][\/et_pb_wc_meta][\/et_pb_column][\/et_pb_row][et_pb_row _builder_version=&#8220;4.9.4&#8243; _module_preset=&#8220;default&#8220; custom_padding=&#8220;0px||0px|||&#8220; global_colors_info=&#8220;{}&#8220;][et_pb_column type=&#8220;4_4&#8243; _builder_version=&#8220;4.9.4&#8243; _module_preset=&#8220;default&#8220; global_colors_info=&#8220;{}&#8220;][et_pb_wc_tabs admin_label=&#8220;Woo Tabs  (class %22.divi-ecommerce-woo-tabs%22)&#8220; module_class=&#8220;divi-ecommerce-woo-tabs&#8220; _builder_version=&#8220;4.2.2&#8243; custom_margin=&#8220;||40px||false|false&#8220; global_colors_info=&#8220;{}&#8220;][\/et_pb_wc_tabs][\/et_pb_column][\/et_pb_row][et_pb_row _builder_version=&#8220;4.9.4&#8243; _module_preset=&#8220;default&#8220; custom_padding=&#8220;||0px|||&#8220; global_colors_info=&#8220;{}&#8220;][et_pb_column type=&#8220;4_4&#8243; _builder_version=&#8220;4.9.4&#8243; _module_preset=&#8220;default&#8220; global_colors_info=&#8220;{}&#8220;][et_pb_wc_related_products _builder_version=&#8220;4.2.2&#8243; global_colors_info=&#8220;{}&#8220;][\/et_pb_wc_related_products][\/et_pb_column][\/et_pb_row][\/et_pb_section]<\/p>\n","protected":false},"excerpt":{"rendered":"<p>Mont\u00e1\u017ena z\u00e1klad\u0148a umo\u017e\u0148uje umiestni\u0165 sn\u00edma\u010d hladiny kvapaliny Aquilo na plastov\u00e9 n\u00e1dr\u017ee, ako s\u00fa napr\u00edklad n\u00e1doby typu Mauser. V pr\u00edpade plastov\u00fdch n\u00e1dr\u017e\u00ed je meranie hladiny kvapaliny mo\u017en\u00e9 priamo cez veko a nie je potrebn\u00e1 in\u0161tal\u00e1cia sn\u00edma\u010da vo vn\u00fatri n\u00e1dr\u017ee. <\/p>\n<p>Sn\u00edma\u010d zobrazen\u00fd na fotografi\u00e1ch sl\u00fa\u017ei len na demon\u0161tra\u010dn\u00e9 \u00fa\u010dely a je mo\u017en\u00e9 ho zak\u00fapi\u0165 samostatne ako s\u00fa\u010das\u0165 in\u00e9ho v\u00fdrobku.<\/p>\n","protected":false},"featured_media":6002,"template":"","meta":{"_et_pb_use_builder":"on","_et_pb_old_content":"Available color: orange.","_et_gb_content_width":""},"product_brand":[],"product_cat":[150,149,136],"product_tag":[],"class_list":{"0":"post-6367","1":"product","2":"type-product","3":"status-publish","4":"has-post-thumbnail","6":"product_cat-lte-sk","7":"product_cat-wifi-sk","8":"product_cat-uncategorized-sk","10":"first","11":"instock","12":"shipping-taxable","13":"purchasable","14":"product-type-simple"},"_links":{"self":[{"href":"https:\/\/aquilo.io\/sk\/wp-json\/wp\/v2\/product\/6367","targetHints":{"allow":["GET"]}}],"collection":[{"href":"https:\/\/aquilo.io\/sk\/wp-json\/wp\/v2\/product"}],"about":[{"href":"https:\/\/aquilo.io\/sk\/wp-json\/wp\/v2\/types\/product"}],"wp:featuredmedia":[{"embeddable":true,"href":"https:\/\/aquilo.io\/sk\/wp-json\/wp\/v2\/media\/6002"}],"wp:attachment":[{"href":"https:\/\/aquilo.io\/sk\/wp-json\/wp\/v2\/media?parent=6367"}],"wp:term":[{"taxonomy":"product_brand","embeddable":true,"href":"https:\/\/aquilo.io\/sk\/wp-json\/wp\/v2\/product_brand?post=6367"},{"taxonomy":"product_cat","embeddable":true,"href":"https:\/\/aquilo.io\/sk\/wp-json\/wp\/v2\/product_cat?post=6367"},{"taxonomy":"product_tag","embeddable":true,"href":"https:\/\/aquilo.io\/sk\/wp-json\/wp\/v2\/product_tag?post=6367"}],"curies":[{"name":"wp","href":"https:\/\/api.w.org\/{rel}","templated":true}]}}