{"id":6357,"date":"2022-09-13T07:42:35","date_gmt":"2022-09-13T07:42:35","guid":{"rendered":"https:\/\/aquilo.io\/product\/vysielac-aquilo-wifi-pre-snimac-hladiny-kvapaliny-napajany-zo-siete\/"},"modified":"2025-06-05T08:51:29","modified_gmt":"2025-06-05T08:51:29","slug":"vysielac-aquilo-wifi-pre-snimac-hladiny-kvapaliny-napajany-zo-siete","status":"publish","type":"product","link":"https:\/\/aquilo.io\/sk\/produkt\/vysielac-aquilo-wifi-pre-snimac-hladiny-kvapaliny-napajany-zo-siete\/","title":{"rendered":"Vysiela\u010d Aquilo WIFI pre sn\u00edma\u010d hladiny kvapaliny nap\u00e1jan\u00fd zo siete"},"content":{"rendered":"<p>[et_pb_section fb_built=&#8220;1&#8243; _builder_version=&#8220;4.9.4&#8243; _module_preset=&#8220;default&#8220; custom_padding=&#8220;50px||0px|||&#8220; global_colors_info=&#8220;{}&#8220;][et_pb_row _builder_version=&#8220;4.9.4&#8243; _module_preset=&#8220;default&#8220; custom_padding=&#8220;0px|||||&#8220; global_colors_info=&#8220;{}&#8220;][et_pb_column type=&#8220;4_4&#8243; _builder_version=&#8220;4.9.4&#8243; _module_preset=&#8220;default&#8220; global_colors_info=&#8220;{}&#8220;][et_pb_button button_url=&#8220;https:\/\/aquilo.io\/aquilo_blue\/sklep\/&#8220; button_text=&#8220;vr\u00e1ti\u0165 sa do obchodu&#8220; _builder_version=&#8220;4.9.4&#8243; _module_preset=&#8220;default&#8220; global_colors_info=&#8220;{}&#8220;][\/et_pb_button][\/et_pb_column][\/et_pb_row][et_pb_row _builder_version=&#8220;4.2.2&#8243; custom_padding=&#8220;0px||0px|||&#8220; global_colors_info=&#8220;{}&#8220;][et_pb_column type=&#8220;4_4&#8243; _builder_version=&#8220;4.2.2&#8243; global_colors_info=&#8220;{}&#8220;][et_pb_wc_cart_notice _builder_version=&#8220;4.2.2&#8243; global_colors_info=&#8220;{}&#8220;][\/et_pb_wc_cart_notice][\/et_pb_column][\/et_pb_row][et_pb_row column_structure=&#8220;1_2,1_2&#8243; _builder_version=&#8220;4.9.4&#8243; _module_preset=&#8220;default&#8220; custom_padding=&#8220;0px||0px|||&#8220; global_colors_info=&#8220;{}&#8220;][et_pb_column type=&#8220;1_2&#8243; _builder_version=&#8220;4.9.4&#8243; _module_preset=&#8220;default&#8220; global_colors_info=&#8220;{}&#8220;][et_pb_image src=&#8220;https:\/\/aquilo.io\/wp-content\/uploads\/2021\/07\/czujnik-nowe-kolory_ukos-.png&#8220; title_text=&#8220;czujnik nowe kolory_ukos&#8220; show_in_lightbox=&#8220;on&#8220; _builder_version=&#8220;4.9.9&#8243; _module_preset=&#8220;default&#8220; global_colors_info=&#8220;{}&#8220;][\/et_pb_image][\/et_pb_column][et_pb_column type=&#8220;1_2&#8243; _builder_version=&#8220;4.9.4&#8243; _module_preset=&#8220;default&#8220; global_colors_info=&#8220;{}&#8220;][et_pb_wc_title _builder_version=&#8220;3.0.47&#8243; global_colors_info=&#8220;{}&#8220;][\/et_pb_wc_title][et_pb_wc_price _builder_version=&#8220;4.2.2&#8243; global_colors_info=&#8220;{}&#8220;][\/et_pb_wc_price][et_pb_wc_description _builder_version=&#8220;4.2.2&#8243; global_colors_info=&#8220;{}&#8220;][\/et_pb_wc_description][et_pb_wc_add_to_cart _builder_version=&#8220;4.2.2&#8243; global_colors_info=&#8220;{}&#8220;][\/et_pb_wc_add_to_cart][et_pb_wc_meta separator=&#8220; &#8220; _builder_version=&#8220;4.2.2&#8243; global_colors_info=&#8220;{}&#8220;][\/et_pb_wc_meta][\/et_pb_column][\/et_pb_row][et_pb_row _builder_version=&#8220;4.9.4&#8243; _module_preset=&#8220;default&#8220; custom_padding=&#8220;0px||0px|||&#8220; global_colors_info=&#8220;{}&#8220;][et_pb_column type=&#8220;4_4&#8243; _builder_version=&#8220;4.9.4&#8243; _module_preset=&#8220;default&#8220; global_colors_info=&#8220;{}&#8220;][et_pb_wc_tabs admin_label=&#8220;Woo Tabs  (class %22.divi-ecommerce-woo-tabs%22)&#8220; module_class=&#8220;divi-ecommerce-woo-tabs&#8220; _builder_version=&#8220;4.2.2&#8243; custom_margin=&#8220;||40px||false|false&#8220; global_colors_info=&#8220;{}&#8220;][\/et_pb_wc_tabs][\/et_pb_column][\/et_pb_row][et_pb_row _builder_version=&#8220;4.9.4&#8243; _module_preset=&#8220;default&#8220; custom_padding=&#8220;||0px|||&#8220; global_colors_info=&#8220;{}&#8220;][et_pb_column type=&#8220;4_4&#8243; _builder_version=&#8220;4.9.4&#8243; _module_preset=&#8220;default&#8220; global_colors_info=&#8220;{}&#8220;][et_pb_wc_related_products _builder_version=&#8220;4.2.2&#8243; global_colors_info=&#8220;{}&#8220;][\/et_pb_wc_related_products][\/et_pb_column][\/et_pb_row][\/et_pb_section][et_pb_section fb_built=&#8220;1&#8243; _builder_version=&#8220;4.9.11&#8243; _module_preset=&#8220;default&#8220; global_colors_info=&#8220;{}&#8220;][et_pb_row _builder_version=&#8220;4.9.11&#8243; _module_preset=&#8220;default&#8220; global_colors_info=&#8220;{}&#8220;][et_pb_column type=&#8220;4_4&#8243; _builder_version=&#8220;4.9.11&#8243; _module_preset=&#8220;default&#8220; global_colors_info=&#8220;{}&#8220;][et_pb_image src=&#8220;https:\/\/aquilo.io\/wp-content\/uploads\/2022\/06\/nadajnik_antena-e1655129096832-300&#215;300-1.png&#8220; _builder_version=&#8220;4.9.11&#8243; _module_preset=&#8220;default&#8220; global_colors_info=&#8220;{}&#8220;][\/et_pb_image][\/et_pb_column][\/et_pb_row][\/et_pb_section]<\/p>\n","protected":false},"excerpt":{"rendered":"<p>Vysiela\u010d pre sn\u00edma\u010d Aquilo monitoruje \u00farove\u0148 naplnenia pr\u00eddavnej n\u00e1dr\u017ee. Zariadenie je mo\u017en\u00e9 nain\u0161talova\u0165 kdeko\u013evek, pokia\u013e je k n\u00e1dr\u017ei pripojen\u00fd nap\u00e1jac\u00ed k\u00e1bel. Ak m\u00e1te viac ako jednu n\u00e1dr\u017e a pou\u017e\u00edvate verziu PREMIUM, nemus\u00edte kupova\u0165 druh\u00fd sn\u00edma\u010d Aquilo &#8211; k jedn\u00e9mu prij\u00edma\u010du m\u00f4\u017eete pripoji\u0165 viacero vysiela\u010dov.  <\/p>\n","protected":false},"featured_media":5846,"template":"","meta":{"_et_pb_use_builder":"on","_et_pb_old_content":"If you are already using the Aquilo Liquid Level Sensor in the PREMIUM version and have an additional tank, you can connect an extra transmitter to your receiver. The Aquilo transmitter enables liquid level measurement in an additional tank. Product made in Poland.\r\n\r\nThe Aquilo transmitter is a small device containing a microwave sensor. It is mounted inside the tank. The transmitter is mains-powered but can be installed in driveways\u2014nothing protrudes from the tank as long as a power cable is connected to it.\r\n\r\nThe Aquilo sensor receives signals from the transmitter and sends the readings to the cloud via WiFi. Everything happens automatically without your intervention.\r\n\r\n<b>NOTE:<\/b> If you haven\u2019t upgraded the Aquilo app to the PREMIUM version, you won\u2019t have access to data from the additional transmitter. Check all the benefits of the PREMIUM version.\r\n\r\n<b>Technical Specifications:<\/b>\r\n<ul>\r\n \t<li><b>Product dimensions:\r\n<\/b> Transmitter: 100 x 90 x 60 mm. IP-67<\/li>\r\n \t<li><b>Operating temperature range (transmitter):<\/b> -40\u00b0C to +60\u00b0C<\/li>\r\n \t<li><b>Tank measurement range:<\/b> 10 cm to 6 m<\/li>\r\n \t<li><b>Maximum distance between transmitter and receiver:<\/b> up to 20 m without antenna; using an additional antenna greatly increases the range, depending on the positioning of the transmitter, receiver, and signal-boosting antenna<\/li>\r\n \t<li><b>Power supply:<\/b> 230V mains power cable<\/li>\r\n<\/ul>\r\n<b>Tank requirements:<\/b>\r\n<ul>\r\n \t<li>The distance between the liquid surface and the transmitter must be at least 10 cm. If the liquid is closer, readings may be inaccurate.<\/li>\r\n \t<li>The maximum tank depth is 6 m.<\/li>\r\n<\/ul>\r\n<b>Set includes:<\/b>\r\n<ul>\r\n \t<li>Transmitter to be installed inside the tank<\/li>\r\n \t<li>Antenna<\/li>\r\n \t<li>Mounting plate<\/li>\r\n \t<li>User manual (in English)<\/li>\r\n<\/ul>\r\n<b>Additional Information\r\n<\/b> <b>Weight:<\/b> 0.5 kg\r\n<b>Dimensions:<\/b> 25 \u00d7 16 \u00d7 10 cm","_et_gb_content_width":""},"product_brand":[],"product_cat":[149,136],"product_tag":[],"class_list":{"0":"post-6357","1":"product","2":"type-product","3":"status-publish","4":"has-post-thumbnail","6":"product_cat-wifi-sk","7":"product_cat-uncategorized-sk","9":"first","10":"instock","11":"shipping-taxable","12":"purchasable","13":"product-type-simple"},"_links":{"self":[{"href":"https:\/\/aquilo.io\/sk\/wp-json\/wp\/v2\/product\/6357","targetHints":{"allow":["GET"]}}],"collection":[{"href":"https:\/\/aquilo.io\/sk\/wp-json\/wp\/v2\/product"}],"about":[{"href":"https:\/\/aquilo.io\/sk\/wp-json\/wp\/v2\/types\/product"}],"wp:featuredmedia":[{"embeddable":true,"href":"https:\/\/aquilo.io\/sk\/wp-json\/wp\/v2\/media\/5846"}],"wp:attachment":[{"href":"https:\/\/aquilo.io\/sk\/wp-json\/wp\/v2\/media?parent=6357"}],"wp:term":[{"taxonomy":"product_brand","embeddable":true,"href":"https:\/\/aquilo.io\/sk\/wp-json\/wp\/v2\/product_brand?post=6357"},{"taxonomy":"product_cat","embeddable":true,"href":"https:\/\/aquilo.io\/sk\/wp-json\/wp\/v2\/product_cat?post=6357"},{"taxonomy":"product_tag","embeddable":true,"href":"https:\/\/aquilo.io\/sk\/wp-json\/wp\/v2\/product_tag?post=6357"}],"curies":[{"name":"wp","href":"https:\/\/api.w.org\/{rel}","templated":true}]}}