{"id":6366,"date":"2022-11-23T10:02:46","date_gmt":"2022-11-23T10:02:46","guid":{"rendered":"https:\/\/aquilo.io\/product\/bezicni-senzor-razine-tekucine-aquilo-lte\/"},"modified":"2026-03-17T10:59:03","modified_gmt":"2026-03-17T10:59:03","slug":"bezicni-senzor-razine-tekucine-aquilo-lte","status":"publish","type":"product","link":"https:\/\/aquilo.io\/hr\/proizvod\/bezicni-senzor-razine-tekucine-aquilo-lte\/","title":{"rendered":"Be\u017ei\u010dni senzor razine teku\u0107ine Aquilo LTE"},"content":{"rendered":"<p>[et_pb_section fb_built=&#8221;1&#8243; _builder_version=&#8221;4.9.4&#8243; _module_preset=&#8221;default&#8221; custom_padding=&#8221;50px||0px|||&#8221; global_colors_info=&#8221;{}&#8221;][et_pb_row _builder_version=&#8221;4.9.4&#8243; _module_preset=&#8221;default&#8221; custom_padding=&#8221;0px|||||&#8221; global_colors_info=&#8221;{}&#8221;][et_pb_column type=&#8221;4_4&#8243; _builder_version=&#8221;4.9.4&#8243; _module_preset=&#8221;default&#8221; global_colors_info=&#8221;{}&#8221;][et_pb_button button_url=&#8221;https:\/\/aquilo.io\/aquilo_blue\/sklep\/&#8221; button_text=&#8221;vratiti se u sklep&#8221; _builder_version=&#8221;4.9.4&#8243; _module_preset=&#8221;default&#8221; global_colors_info=&#8221;{}&#8221;][\/et_pb_button][\/et_pb_column][\/et_pb_row][et_pb_row _builder_version=&#8221;4.2.2&#8243; custom_padding=&#8221;0px||0px|||&#8221; global_colors_info=&#8221;{}&#8221;][et_pb_column type=&#8221;4_4&#8243; _builder_version=&#8221;4.2.2&#8243; global_colors_info=&#8221;{}&#8221;][et_pb_wc_cart_notice _builder_version=&#8221;4.2.2&#8243; global_colors_info=&#8221;{}&#8221;][\/et_pb_wc_cart_notice][\/et_pb_column][\/et_pb_row][et_pb_row column_structure=&#8221;1_2,1_2&#8243; _builder_version=&#8221;4.9.4&#8243; _module_preset=&#8221;default&#8221; custom_padding=&#8221;0px||0px|||&#8221; global_colors_info=&#8221;{}&#8221;][et_pb_column type=&#8221;1_2&#8243; _builder_version=&#8221;4.9.4&#8243; _module_preset=&#8221;default&#8221; global_colors_info=&#8221;{}&#8221;][et_pb_image src=&#8221;https:\/\/aquilo.io\/wp-content\/uploads\/2021\/07\/czujnik-nowe-kolory_ukos-.png&#8221; title_text=&#8221;\u010darolija nove boje&#8221; show_in_lightbox=&#8221;on&#8221; _builder_version=&#8221;4.9.9&#8243; _module_preset=&#8221;default&#8221; global_colors_info=&#8221;{}&#8221;][\/et_pb_image][\/et_pb_column][et_pb_column type=&#8221;1_2&#8243; _builder_version=&#8221;4.9.4&#8243; _module_preset=&#8221;default&#8221; global_colors_info=&#8221;{}&#8221;][et_pb_wc_title _builder_version=&#8221;3.0.47&#8243; global_colors_info=&#8221;{}&#8221;][\/et_pb_wc_title][et_pb_wc_price _builder_version=&#8221;4.2.2&#8243; global_colors_info=&#8221;{}&#8221;][\/et_pb_wc_price][et_pb_wc_description _builder_version=&#8221;4.2.2&#8243; global_colors_info=&#8221;{}&#8221;][\/et_pb_wc_description][et_pb_wc_add_to_cart _builder_version=&#8221;4.2.2&#8243; global_colors_info=&#8221;{}&#8221;][\/et_pb_wc_add_to_cart][et_pb_wc_meta separator=&#8221; &#8221; _builder_version=&#8221;4.2.2&#8243; global_colors_info=&#8221;{}&#8221;][\/et_pb_wc_meta][\/et_pb_column][\/et_pb_row][et_pb_row _builder_version=&#8221;4.9.4&#8243; _module_preset=&#8221;default&#8221; custom_padding=&#8221;0px||0px|||&#8221; global_colors_info=&#8221;{}&#8221;][et_pb_column type=&#8221;4_4&#8243; _builder_version=&#8221;4.9.4&#8243; _module_preset=&#8221;default&#8221; global_colors_info=&#8221;{}&#8221;][et_pb_wc_tabs admin_label=&#8221;Woo Tabs (class %22.divi-ecommerce-woo-tabs%22)&#8221; module_class=&#8221;divi-ecommerce-woo-tabs&#8221; _builder_version=&#8221;4.2.2&#8243; custom_margin=&#8221;||40px||false|false&#8221; global_colors_info=&#8221;{}&#8221;][\/et_pb_wc_tabs][\/et_pb_column][\/et_pb_row][et_pb_row _builder_version=&#8221;4.9.4&#8243; _module_preset=&#8221;default&#8221; custom_padding=&#8221;||0px|||&#8221; global_colors_info=&#8221;{}&#8221;][et_pb_column type=&#8221;4_4&#8243; _builder_version=&#8221;4.9.4&#8243; _module_preset=&#8221;default&#8221; global_colors_info=&#8221;{}&#8221;][et_pb_wc_related_products _builder_version=&#8221;4.2.2&#8243; global_colors_info=&#8221;{}&#8221;][\/et_pb_wc_related_products][\/et_pb_column][\/et_pb_row][\/et_pb_section][et_pb_section fb_built=&#8221;1&#8243; _builder_version=&#8221;4.9.11&#8243; _module_preset=&#8221;default&#8221; global_colors_info=&#8221;{}&#8221;][et_pb_row _builder_version=&#8221;4.9.11&#8243; _module_preset=&#8221;default&#8221; global_colors_info=&#8221;{}&#8221;][et_pb_column type=&#8221;4_4&#8243; _builder_version=&#8221;4.9.11&#8243; _module_preset=&#8221;default&#8221; global_colors_info=&#8221;{}&#8221;][et_pb_image src=&#8221;https:\/\/aquilo.io\/wp-content\/uploads\/2022\/06\/Projekt-bez-tytulu-1-300&#215;300-1.jpg&#8221; _builder_version=&#8221;4.9.11&#8243; _module_preset=&#8221;default&#8221; global_colors_info=&#8221;{}&#8221;][\/et_pb_image][\/et_pb_column][\/et_pb_row][\/et_pb_section][et_pb_section fb_built=&#8221;1&#8243; _builder_version=&#8221;4.9.11&#8243; _module_preset=&#8221;default&#8221; global_colors_info=&#8221;{}&#8221;][et_pb_row _builder_version=&#8221;4.9.11&#8243; _module_preset=&#8221;default&#8221; global_colors_info=&#8221;{}&#8221;][et_pb_column type=&#8221;4_4&#8243; _builder_version=&#8221;4.9.11&#8243; _module_preset=&#8221;default&#8221; global_colors_info=&#8221;{}&#8221;][et_pb_image src=&#8221;https:\/\/aquilo.io\/wp-content\/uploads\/2022\/06\/Projekt-bez-tytulu-1-300&#215;300-1-1.jpg&#8221; _builder_version=&#8221;4.9.11&#8243; _module_preset=&#8221;default&#8221; global_colors_info=&#8221;{}&#8221;][\/et_pb_image][\/et_pb_column][\/et_pb_row][\/et_pb_section]<\/p>\n","protected":false},"excerpt":{"rendered":"<p>Senzor Aquilo prati razinu napunjenosti spremnika. Ovaj be\u017ei\u010dni ure\u0111aj mo\u017ee se instalirati bilo gdje. Pomo\u0107u mobilne aplikacije dostupne na iOS-u i Androidu mo\u017eete pratiti performanse oda\u0161ilja\u010da u stvarnom vremenu. Ure\u0111aj mo\u017eete povezati i s Home Assistantom.   <\/p>\n","protected":false},"featured_media":5973,"template":"","meta":{"_et_pb_use_builder":"on","_et_pb_old_content":"The Aquilo Liquid Level Sensor enables measurement of liquid levels in tanks, including underground tanks. Manufactured in Poland.\r\n\r\nAquilo is a modern device that supports the automation of daily life. It is a compact device containing a microwave sensor. It is installed inside the tank, anywhere along the shaft wall, with its angled surface directed downward toward the liquid, according to the markings. The sensor is wireless, making it ideal for installation in driveways\u2014nothing protrudes from the tank.\r\n\r\nMeasurement results are sent to the cloud via a mobile network (SIM card included, price covered by the subscription). Everything happens automatically, without user involvement.\r\n\r\nThe device operates only with an active subscription. The subscription fee is 14.99 PLN per tank per month, paid annually. <b>PROMOTION<\/b>: When purchased together with the sensor, the subscription is available at xx EUR per tank, paid annually.\r\n\r\nThe \"Aquilo\" app, available for smartphones and web browsers, was developed to manage the sensor. With it, you can:\r\n\u25cf Check the current liquid level in your tank\r\n\u25cf Monitor the battery status of the device\r\n\u25cf Get an estimated time until the tank fills up (the device forecasts this based on past filling rates)\r\n\u25cf Receive alerts when the liquid level requires your attention\r\n\u25cf View historical readings to compare data\r\n\u25cf Send an SMS to a waste collection company with info about the upcoming emptying need\r\n\r\n<b>Technical Specifications:\r\n<\/b> \u25cf Product dimensions: 114 \u00d7 112 \u00d7 61 mm, IP-67\r\n\u25cf Operating temperature range: -40\u00b0C to +60\u00b0C\r\n\u25cf Tank measurement range: 10 cm \u2013 6 m\r\n\u25cf Power supply: 3.6V lithium battery, R20 \"D\"\r\n\u25cf Battery life: up to 2 years (depending on environmental conditions and reading frequency)\r\n\r\n<b>Tank Requirements:\r\n<\/b> \u25cf The distance between the liquid and the transmitter must be at least 10 cm; if it\u2019s closer, readings may be inaccurate\r\n\u25cf Maximum tank depth: 6 m\r\n\r\n<b>Included in the set:\r\n<\/b> \u25cf Sensor installed inside the tank\r\n\u25cf Antenna\r\n\u25cf Mounting plate\r\n\u25cf 1 \u00d7 3.6V R20 \u201cD\u201d lithium battery\r\n\u25cf User manual in English\r\n\u25cf \u201cAquilo\u201d mobile app available on the App Store or Google Play (included in the subscription)","_et_gb_content_width":""},"product_brand":[],"product_cat":[155,131],"product_tag":[],"class_list":{"0":"post-6366","1":"product","2":"type-product","3":"status-publish","4":"has-post-thumbnail","6":"product_cat-lte-hr","7":"product_cat-uncategorized-hr","9":"first","10":"instock","11":"shipping-taxable","12":"purchasable","13":"product-type-simple"},"_links":{"self":[{"href":"https:\/\/aquilo.io\/hr\/wp-json\/wp\/v2\/product\/6366","targetHints":{"allow":["GET"]}}],"collection":[{"href":"https:\/\/aquilo.io\/hr\/wp-json\/wp\/v2\/product"}],"about":[{"href":"https:\/\/aquilo.io\/hr\/wp-json\/wp\/v2\/types\/product"}],"wp:featuredmedia":[{"embeddable":true,"href":"https:\/\/aquilo.io\/hr\/wp-json\/wp\/v2\/media\/5973"}],"wp:attachment":[{"href":"https:\/\/aquilo.io\/hr\/wp-json\/wp\/v2\/media?parent=6366"}],"wp:term":[{"taxonomy":"product_brand","embeddable":true,"href":"https:\/\/aquilo.io\/hr\/wp-json\/wp\/v2\/product_brand?post=6366"},{"taxonomy":"product_cat","embeddable":true,"href":"https:\/\/aquilo.io\/hr\/wp-json\/wp\/v2\/product_cat?post=6366"},{"taxonomy":"product_tag","embeddable":true,"href":"https:\/\/aquilo.io\/hr\/wp-json\/wp\/v2\/product_tag?post=6366"}],"curies":[{"name":"wp","href":"https:\/\/api.w.org\/{rel}","templated":true}]}}