{"id":6689,"date":"2021-06-25T15:16:09","date_gmt":"2021-06-25T15:16:09","guid":{"rendered":"https:\/\/aquilo.io\/dostava-povrat-i-jamstvo\/"},"modified":"2025-07-02T12:32:26","modified_gmt":"2025-07-02T12:32:26","slug":"dostava-povrat-i-jamstvo","status":"publish","type":"page","link":"https:\/\/aquilo.io\/hr\/dostava-povrat-i-jamstvo\/","title":{"rendered":"Dostava, povrat i jamstvo"},"content":{"rendered":"<p>[et_pb_section fb_built=&#8221;1&#8243; _builder_version=&#8221;4.9.4&#8243; _module_preset=&#8221;default&#8221; use_background_color_gradient=&#8221;on&#8221; background_color_gradient_start=&#8221;#0951a3&#8243; background_color_gradient_end=&#8221;rgba(0,0,0,0)&#8221; background_color_gradient_end_position=&#8221;50%&#8221; background_color_gradient_overlays_image=&#8221;on&#8221; background_image=&#8221;https:\/\/aquilo.io\/wp-content\/uploads\/2021\/06\/E1BctKuX0AIJUj9-\u2014-kopia.jpg&#8221; background_position=&#8221;bottom_center&#8221; global_colors_info=&#8221;{}&#8221;][et_pb_row _builder_version=&#8221;4.9.4&#8243; _module_preset=&#8221;default&#8221; global_colors_info=&#8221;{}&#8221;][et_pb_column type=&#8221;4_4&#8243; _builder_version=&#8221;4.9.4&#8243; _module_preset=&#8221;default&#8221; global_colors_info=&#8221;{}&#8221;][et_pb_text admin_label=&#8221;Newsletter Header&#8221; module_class=&#8221;newsletter-header&#8221; _builder_version=&#8221;4.9.11&#8243; header_text_align=&#8221;center&#8221; header_text_color=&#8221;#FFFFFF&#8221; header_font_size=&#8221;40px&#8221; header_letter_spacing=&#8221;2px&#8221; module_alignment=&#8221;center&#8221; header_font_size_tablet=&#8221;22px&#8221; header_font_size_phone=&#8221;&#8221; header_font_size_last_edited=&#8221;on|tablet&#8221; header_text_shadow_style=&#8221;preset3&#8243; header_text_shadow_color=&#8221;#000000&#8243; global_colors_info=&#8221;{}&#8221;]<\/p>\n<h1>Dostava, povrat i jamstvo<\/h1>\n<p>[\/et_pb_text][\/et_pb_column][\/et_pb_row][\/et_pb_section][et_pb_section fb_built=&#8221;1&#8243; _builder_version=&#8221;4.9.4&#8243; _module_preset=&#8221;default&#8221; custom_padding=&#8221;49px||2px||false|&#8221; global_colors_info=&#8221;{}&#8221;][et_pb_row _builder_version=&#8221;4.9.11&#8243; custom_padding=&#8221;0px||10px|||&#8221; global_colors_info=&#8221;{}&#8221;][et_pb_column type=&#8221;4_4&#8243; _builder_version=&#8221;4.9.11&#8243; custom_padding=&#8221;|||&#8221; global_colors_info=&#8221;{}&#8221; custom_padding__hover=&#8221;|||&#8221;][et_pb_text admin_label=&#8221;Default Header&#8221; module_class=&#8221;default-header&#8221; _builder_version=&#8221;4.9.11&#8243; module_alignment=&#8221;right&#8221; global_colors_info=&#8221;{}&#8221;]<\/p>\n<h1>Dostava<\/h1>\n<p>[\/et_pb_text][\/et_pb_column][\/et_pb_row][et_pb_row _builder_version=&#8221;4.9.4&#8243; _module_preset=&#8221;default&#8221; custom_padding=&#8221;6px||0px|||&#8221; global_colors_info=&#8221;{}&#8221;][et_pb_column type=&#8221;4_4&#8243; _builder_version=&#8221;4.9.4&#8243; _module_preset=&#8221;default&#8221; global_colors_info=&#8221;{}&#8221;][et_pb_text _builder_version=&#8221;4.9.11&#8243; _module_preset=&#8221;default&#8221; text_orientation=&#8221;justified&#8221; hover_enabled=&#8221;0&#8243; global_colors_info=&#8221;{}&#8221; sticky_enabled=&#8221;0&#8243;]<\/p>\n<p>Ako tvoja narud\u017eba prema\u0161i iznos od 1500 EUR, proizvode \u0107emo ti dostaviti besplatno na podru\u010dju Poljske.<br \/>Standardno vr\u0161imo dostave na podru\u010dju Poljske i ve\u0107ine europskih zemalja. Mogu\u0107nosti dostave i tro\u0161kove mo\u017ee\u0161 provjeriti tijekom naru\u010divanja proizvoda. Molimo te da nas kontaktira\u0161 ako \u017eeli\u0161 da dostavimo proizvod izvan teritorija Europe.<br \/>Ovisno o zemlji, mo\u017ee\u0161 birati izme\u0111u razli\u010ditih opcija dostave: kurir, automat za pakete (Paczkomat, Poljska), osobno preuzimanje (Poljska).<br \/>Ovisno o zemlji, podr\u017eavamo narud\u017ebe i pouze\u0107em (Poljska), kao i pla\u0107anje unaprijed (predujam). U drugoj opciji mo\u017ee\u0161 izvr\u0161iti bankovni transfer ili koristiti brzi na\u010din pla\u0107anja putem Stripe (online transfer).<\/p>\n<p>[\/et_pb_text][\/et_pb_column][\/et_pb_row][\/et_pb_section][et_pb_section fb_built=&#8221;1&#8243; _builder_version=&#8221;4.9.4&#8243; _module_preset=&#8221;default&#8221; custom_padding=&#8221;35px||50px||false|&#8221; global_colors_info=&#8221;{}&#8221;][et_pb_row _builder_version=&#8221;3.25&#8243; custom_padding=&#8221;0px||10px|||&#8221; global_colors_info=&#8221;{}&#8221;][et_pb_column type=&#8221;4_4&#8243; _builder_version=&#8221;3.25&#8243; custom_padding=&#8221;|||&#8221; global_colors_info=&#8221;{}&#8221; custom_padding__hover=&#8221;|||&#8221;][et_pb_text admin_label=&#8221;Default Header&#8221; module_class=&#8221;default-header&#8221; _builder_version=&#8221;4.9.11&#8243; module_alignment=&#8221;right&#8221; global_colors_info=&#8221;{}&#8221;]<\/p>\n<h1>Povrati<\/h1>\n<p>[\/et_pb_text][\/et_pb_column][\/et_pb_row][et_pb_row _builder_version=&#8221;4.9.4&#8243; _module_preset=&#8221;default&#8221; custom_padding=&#8221;30px||1px|||&#8221; global_colors_info=&#8221;{}&#8221;][et_pb_column type=&#8221;4_4&#8243; _builder_version=&#8221;4.9.4&#8243; _module_preset=&#8221;default&#8221; global_colors_info=&#8221;{}&#8221;][et_pb_text _builder_version=&#8221;4.9.11&#8243; _module_preset=&#8221;default&#8221; link_font=&#8221;|700|||||||&#8221; text_orientation=&#8221;justified&#8221; global_colors_info=&#8221;{}&#8221;]<\/p>\n<p>Je li tvoj spremnik predaleko od ku\u0107e zbog \u010dega oda\u0161ilja\u010d gubi signal s prijamnikom? U tom slu\u010daju vrijedi garancija povrata novca. Isto vrijedi ako proizvod ne odgovara tvojim potrebama. Za povrat ima\u0161 14 dana.<\/p>\n<p><\/p>\n<p>Prilikom povrata, ne zaboravi ispuniti izjavu o odustajanju od ugovora. Mo\u017ee\u0161 je preuzeti ovdje. Ispunjeni obrazac po\u0161alji nam elektroni\u010dki na adresu: contact@aquilo.io ili ga prilo\u017ei uz paket s vra\u0107enim proizvodom.<\/p>\n<p><\/p>\n<p>Povrat proizvoda po\u0161alji na vlastiti tro\u0161ak u Paczkomat ZRV01M u Zaborowu (Poljska) ili na dolje navedenu adresu. Pobrini se da paket bude adekvatno za\u0161ti\u0107en.<\/p>\n<p><\/p>\n<p>Aquilo Polska Sp. z o.o.<br \/>ul. Graniczna 20,<br \/>05-083 Wygl\u0119dy<br \/>Poljska<\/p>\n<p><\/p>\n<p>Proizvod mo\u017ee\u0161 tako\u0111er osobno dostaviti na adresu: ul. Graniczna 20, 05-083 Wygl\u0119dy, Poljska.<\/p>\n<p>[\/et_pb_text][\/et_pb_column][\/et_pb_row][\/et_pb_section][et_pb_section fb_built=&#8221;1&#8243; _builder_version=&#8221;4.9.4&#8243; _module_preset=&#8221;default&#8221; custom_padding=&#8221;35px||50px||false|&#8221; global_colors_info=&#8221;{}&#8221;][et_pb_row _builder_version=&#8221;4.9.11&#8243; custom_padding=&#8221;0px||10px|||&#8221; global_colors_info=&#8221;{}&#8221;][et_pb_column type=&#8221;4_4&#8243; _builder_version=&#8221;3.25&#8243; custom_padding=&#8221;|||&#8221; global_colors_info=&#8221;{}&#8221; custom_padding__hover=&#8221;|||&#8221;][et_pb_text admin_label=&#8221;Default Header&#8221; module_class=&#8221;default-header&#8221; _builder_version=&#8221;4.9.11&#8243; module_alignment=&#8221;right&#8221; global_colors_info=&#8221;{}&#8221;]<\/p>\n<p>&nbsp;<\/p>\n<p><\/p>\n<h1>Jamstvo<\/h1>\n<p>[\/et_pb_text][\/et_pb_column][\/et_pb_row][et_pb_row _builder_version=&#8221;4.9.4&#8243; _module_preset=&#8221;default&#8221; custom_padding=&#8221;30px||1px|||&#8221; global_colors_info=&#8221;{}&#8221;][et_pb_column type=&#8221;4_4&#8243; _builder_version=&#8221;4.9.4&#8243; _module_preset=&#8221;default&#8221; global_colors_info=&#8221;{}&#8221;][et_pb_text _builder_version=&#8221;4.9.11&#8243; _module_preset=&#8221;default&#8221; link_font=&#8221;|700|||||||&#8221; text_orientation=&#8221;justified&#8221; global_colors_info=&#8221;{}&#8221;]<\/p>\n<p><span style=\"color: #000000;\"><span style=\"font-family: Montserrat, serif;\"><span style=\"font-size: small;\">1. Jamac (Aquilo Polska sp. z o.o.) daje Kupcu jamstvo na sve proizvode koje prodaje (Aquilo senzore) i jam\u010di ispravan rad ponu\u0111enih proizvoda pod uvjetom da se koriste u skladu s namjenom i uvjetima kori\u0161tenja.<br \/>2. Jamstvo traje 24 mjeseca od datuma izdavanja ure\u0111aja kupcu i odnosi se na ure\u0111aje kupljene i kori\u0161tene na teritoriju Europske unije.<br \/>3. Jamac jam\u010di da \u0107e kvarovi nastali u jamstvenom roku biti popravljeni ili, ako popravak nije mogu\u0107, jamac je obvezan zamijeniti proizvod bez nedostataka.<br \/>4. Izravne jamstvene zahtjeve prema Jamcu mogu podnijeti samo kupci koji su proizvod kupili od Jamca. U ostalim slu\u010dajevima, jamstveni zahtjev treba podnijeti na mjestu kupnje proizvoda.<br \/>5. Kupac ni tre\u0107e osobe nemaju pravo tra\u017eiti od\u0161tetu od Jamca za bilo kakvu \u0161tetu nastalu zbog kvara proizvoda na temelju ovog jamstva. Jedina obveza Jamca prema ovom jamstvu je popravak ili zamjena proizvoda bez nedostataka, u skladu s uvjetima ovog jamstva.<br \/>6. Jamac odgovara Kupcu isklju\u010divo za fizi\u010dke nedostatke nastale iz razloga svojstvenih prodanom proizvodu. Jamstvom nisu obuhva\u0107eni nedostaci nastali iz drugih razloga, osobito:<br \/>\u2013 o\u0161te\u0107enja koja nisu posljedica nedostatka proizvoda, osobito mehani\u010dka o\u0161te\u0107enja i ona nastala zbog kori\u0161tenja proizvoda suprotno namjeni, uputama za uporabu ili sigurnosnim propisima,<br \/>\u2013 o\u0161te\u0107enja nastala uslijed monta\u017ee koja nije sukladna prilo\u017eenim uputama za proizvod,<br \/>\u2013 o\u0161te\u0107enja nastala krivnjom korisnika (npr. o\u0161te\u0107eni ku\u0107i\u0161te, prerezani ili i\u0161\u010dupani napojni kabel, itd.), uklju\u010duju\u0107i nedostatak ili nepravilno odr\u017eavanje ure\u0111aja ili nemar,<br \/>\u2013 o\u0161te\u0107enja nastala nepravilnim kori\u0161tenjem, uklju\u010duju\u0107i dugotrajno izlaganje senzora teku\u0107ini,<br \/>\u2013 o\u0161te\u0107enja koja su posljedica prethodno nastalog, ne prijavljenog i ne uklonjenog kvara zbog nemara Kupca,<br \/>\u2013 o\u0161te\u0107enja proizvoda koji su na bilo koji na\u010din mijenjani ili popravljani od strane Kupca ili tre\u0107ih osoba,<br \/>\u2013 o\u0161te\u0107enja uzrokovana vi\u0161om silom, npr. udar groma, poplava, korozija, prenaponi u elektri\u010dnoj mre\u017ei itd.,<br \/>\u2013 o\u0161te\u0107enja nastala na potro\u0161noj opremi ili dodacima ure\u0111aja, npr. elektri\u010dnim potro\u0161nim materijalima kao \u0161to su baterije, kao i drugoj opremi koja se tro\u0161i tijekom normalnog kori\u0161tenja,<br \/>\u2013 za ultrazvu\u010dne senzore, o\u0161te\u0107enja nastala uslijed nakupljanja vlage ili drugih ne\u010disto\u0107a na senzorima. Pravilno odr\u017eavanje ure\u0111aja, uklju\u010duju\u0107i uklanjanje eventualnih ne\u010disto\u0107a ili vlage s senzora koje mogu ometati mjerenje, je odgovornost Kupca.<\/span><\/span><\/span><\/p>\n<p><\/p>\n<p><span style=\"color: #000000;\"><span style=\"font-family: Montserrat, serif;\"><span style=\"font-size: small;\">7. Za podno\u0161enje reklamacije na neispravan ure\u0111aj potrebna je potvrda o kupnji (npr. ra\u010dun, faktura) te osobna dostava ili slanje reklamiranog proizvoda putem Paczkomat ZRV01M u Zaborowu na adresu Jamca:<br \/>Aquilo Polska Sp. z o.o.<br \/>ul. Graniczna 20,<br \/>05-083 Wygl\u0119dy, Poljska<\/span><\/span><\/span><\/p>\n<p><\/p>\n<p><span style=\"color: #000000;\"><span style=\"font-family: Montserrat, serif;\"><span style=\"font-size: small;\">8. Reklamirane ure\u0111aje Kupac treba o\u010distiti prije slanja Jamcu. Servis mo\u017ee odbiti popravak ne\u010di\u0161\u0107enog proizvoda ili ga o\u010distiti na tro\u0161ak Kupca.<br \/>9. Kupac je obvezan zapakirati ure\u0111aj tako da sprije\u010di o\u0161te\u0107enja tijekom transporta do Jamca. Aquilo Polska sp. z o.o. ne odgovara za o\u0161te\u0107enja nastala tijekom transporta.<br \/>10. U slu\u010daju prihva\u0107anja jamstvenih zahtjeva, Aquilo Polska sp. z o.o. obvezuje se popraviti ure\u0111aj u roku do 30 dana od dana dostave Jamcu te snosi tro\u0161kove transporta ure\u0111aja putem Paczkomat ZRV01M u Zaborowu. U slu\u010daju odbijanja jamstvenih zahtjeva, tro\u0161kove transporta do Jamca ili povratak ure\u0111aja Kupcu snosi Kupac.<br \/>11. Navedeni uvjeti jamstva isklju\u010duju Jam\u010devu odgovornost za pravne garancije za nedostatke stvari, osim ako Kupac nije potro\u0161a\u010d u smislu Zakona o obveznim odnosima.<br \/>12. Za sve slu\u010dajeve koji nisu regulirani ovim jamstvom primjenjuju se odredbe Zakona o obveznim odnosima.<\/span><\/span><\/span><\/p>\n<p>[\/et_pb_text][\/et_pb_column][\/et_pb_row][\/et_pb_section][et_pb_section fb_built=&#8221;1&#8243; _builder_version=&#8221;4.9.4&#8243; _module_preset=&#8221;default&#8221; use_background_color_gradient=&#8221;on&#8221; background_color_gradient_start=&#8221;#6b96c7&#8243; background_color_gradient_end=&#8221;#0951a3&#8243; custom_padding=&#8221;40px||30px||false|false&#8221; border_width_bottom=&#8221;1px&#8221; border_color_bottom=&#8221;rgba(137,173,205,0.14)&#8221; global_module=&#8221;3309&#8243; saved_tabs=&#8221;all&#8221; global_colors_info=&#8221;{}&#8221;][et_pb_row column_structure=&#8221;1_4,1_4,1_4,1_4&#8243; use_custom_gutter=&#8221;on&#8221; gutter_width=&#8221;1&#8243; _builder_version=&#8221;4.9.7&#8243; _module_preset=&#8221;default&#8221; width=&#8221;90%&#8221; custom_margin=&#8221;0px||0px||true|false&#8221; custom_padding=&#8221;0px||0px||true|false&#8221; global_colors_info=&#8221;{}&#8221;][et_pb_column type=&#8221;1_4&#8243; _builder_version=&#8221;4.9.4&#8243; _module_preset=&#8221;default&#8221; global_colors_info=&#8221;{}&#8221;][et_pb_image src=&#8221;https:\/\/aquilo.io\/wp-content\/uploads\/2021\/06\/aquilo-biale12.png&#8221; title_text=&#8221;Aquilo Biale12&#8243; _builder_version=&#8221;4.9.9&#8243; _module_preset=&#8221;default&#8221; width=&#8221;27%&#8221; global_colors_info=&#8221;{}&#8221;][\/et_pb_image][et_pb_text admin_label=&#8221;Newsletter Header&#8221; module_class=&#8221;newsletter-header&#8221; _builder_version=&#8221;4.9.4&#8243; text_text_color=&#8221;#FFFFFF&#8221; text_font_size=&#8221;13px&#8221; link_text_color=&#8221;#FFFFFF&#8221; header_text_color=&#8221;#FFFFFF&#8221; header_font_size=&#8221;22px&#8221; header_letter_spacing=&#8221;2px&#8221; module_alignment=&#8221;center&#8221; custom_padding=&#8221;10px||||false|false&#8221; global_colors_info=&#8221;{}&#8221;]<\/p>\n<p>Mi smo poljska tvrtka koja proizvodi elektroniku za dom i vrt. U Aquilu stvaramo inovativna rje\u0161enja koja \u0107e ti olak\u0161ati svakodnevni \u017eivot. Na\u0161a rje\u0161enja dizajniramo kako bismo ti pru\u017eili sigurnost i udobnost. Aquilo \u2013 za tvoj dom.<\/p>\n<p>[\/et_pb_text][\/et_pb_column][et_pb_column type=&#8221;1_4&#8243; _builder_version=&#8221;4.9.7&#8243; _module_preset=&#8221;default&#8221; custom_padding=&#8221;|||40px|false|false&#8221; custom_padding_tablet=&#8221;|||0px|false|false&#8221; custom_padding_phone=&#8221;&#8221; custom_padding_last_edited=&#8221;on|phone&#8221; global_colors_info=&#8221;{}&#8221;][et_pb_text admin_label=&#8221;Newsletter Header&#8221; module_class=&#8221;newsletter-header&#8221; _builder_version=&#8221;4.9.11&#8243; header_text_color=&#8221;#FFFFFF&#8221; header_font_size=&#8221;22px&#8221; header_letter_spacing=&#8221;2px&#8221; module_alignment=&#8221;center&#8221; custom_padding_tablet=&#8221;&#8221; custom_padding_phone=&#8221;20px||||false|false&#8221; custom_padding_last_edited=&#8221;on|phone&#8221; global_colors_info=&#8221;{}&#8221;]<\/p>\n<h1>Informacije<\/h1>\n<p>[\/et_pb_text][et_pb_button button_url=&#8221;https:\/\/aquilo.io\/hr\/pravila-privatnosti\/&#8221; button_text=&#8221;Pravila privatnosti&#8221; _builder_version=&#8221;4.9.11&#8243; _module_preset=&#8221;default&#8221; custom_button=&#8221;on&#8221; button_text_size=&#8221;13px&#8221; button_text_color=&#8221;#FFFFFF&#8221; button_bg_color=&#8221;RGBA(0,0,0,0)&#8221; button_border_width=&#8221;0px&#8221; button_icon=&#8221;%%24%%&#8221; button_icon_placement=&#8221;left&#8221; custom_margin=&#8221;5px||0px||false|false&#8221; button_bg_color_tablet=&#8221;&#8221; button_bg_color_phone=&#8221;&#8221; button_bg_color_last_edited=&#8221;on|desktop&#8221; global_colors_info=&#8221;{}&#8221; button_bg_color__hover_enabled=&#8221;on|hover&#8221; button_bg_color__hover=&#8221;RGBA(0,0,0,0)&#8221; button_bg_enable_color__hover=&#8221;on&#8221; button_letter_spacing__hover_enabled=&#8221;on|desktop&#8221; button_letter_spacing__hover=&#8221;2px&#8221;][\/et_pb_button][et_pb_button button_url=&#8221;https:\/\/aquilo.io\/hr\/uvjeti-koristenja\/&#8221; button_text=&#8221;Uvjeti kori\u0161tenja&#8221; _builder_version=&#8221;4.9.11&#8243; _module_preset=&#8221;default&#8221; custom_button=&#8221;on&#8221; button_text_size=&#8221;13px&#8221; button_text_color=&#8221;#FFFFFF&#8221; button_bg_color=&#8221;RGBA(0,0,0,0)&#8221; button_border_width=&#8221;0px&#8221; button_icon=&#8221;%%24%%&#8221; button_icon_placement=&#8221;left&#8221; custom_margin=&#8221;-10px||0px||false|false&#8221; button_bg_color_tablet=&#8221;&#8221; button_bg_color_phone=&#8221;&#8221; button_bg_color_last_edited=&#8221;on|desktop&#8221; global_colors_info=&#8221;{}&#8221; button_bg_color__hover_enabled=&#8221;on|hover&#8221; button_bg_color__hover=&#8221;RGBA(0,0,0,0)&#8221; button_bg_enable_color__hover=&#8221;on&#8221; button_letter_spacing__hover_enabled=&#8221;on|desktop&#8221; button_letter_spacing__hover=&#8221;2px&#8221;][\/et_pb_button][et_pb_button button_url=&#8221;https:\/\/aquilo.io\/hr\/dostava-povrat-i-jamstvo\/&#8221; button_text=&#8221;Dostava, povrat i jamstvo&#8221; _builder_version=&#8221;4.9.11&#8243; _module_preset=&#8221;default&#8221; custom_button=&#8221;on&#8221; button_text_size=&#8221;13px&#8221; button_text_color=&#8221;#FFFFFF&#8221; button_bg_color=&#8221;RGBA(0,0,0,0)&#8221; button_border_width=&#8221;0px&#8221; button_icon=&#8221;%%24%%&#8221; button_icon_placement=&#8221;left&#8221; custom_margin=&#8221;-12px||0px||false|false&#8221; button_bg_color_tablet=&#8221;&#8221; button_bg_color_phone=&#8221;&#8221; button_bg_color_last_edited=&#8221;on|desktop&#8221; global_colors_info=&#8221;{}&#8221; button_bg_color__hover_enabled=&#8221;on|hover&#8221; button_bg_color__hover=&#8221;RGBA(0,0,0,0)&#8221; button_bg_enable_color__hover=&#8221;on&#8221; button_letter_spacing__hover_enabled=&#8221;on|desktop&#8221; button_letter_spacing__hover=&#8221;2px&#8221;][\/et_pb_button][\/et_pb_column][et_pb_column type=&#8221;1_4&#8243; _builder_version=&#8221;4.9.4&#8243; _module_preset=&#8221;default&#8221; global_colors_info=&#8221;{}&#8221;][et_pb_text admin_label=&#8221;Newsletter Header&#8221; module_class=&#8221;newsletter-header&#8221; _builder_version=&#8221;4.9.11&#8243; header_text_color=&#8221;#FFFFFF&#8221; header_font_size=&#8221;22px&#8221; header_letter_spacing=&#8221;1px&#8221; module_alignment=&#8221;center&#8221; custom_padding_tablet=&#8221;&#8221; custom_padding_phone=&#8221;20px||||false|false&#8221; custom_padding_last_edited=&#8221;on|phone&#8221; global_colors_info=&#8221;{}&#8221;]<\/p>\n<h1>KAKO TI MO\u017dEMO POMO\u0106I?<\/h1>\n<p>[\/et_pb_text][et_pb_text admin_label=&#8221;Newsletter Header&#8221; module_class=&#8221;newsletter-header&#8221; _builder_version=&#8221;4.9.11&#8243; text_text_color=&#8221;#FFFFFF&#8221; text_font_size=&#8221;13px&#8221; link_text_color=&#8221;#FFFFFF&#8221; header_text_color=&#8221;#FFFFFF&#8221; header_font_size=&#8221;22px&#8221; header_letter_spacing=&#8221;2px&#8221; width=&#8221;100%&#8221; max_width=&#8221;100%&#8221; module_alignment=&#8221;center&#8221; custom_padding=&#8221;10px||0px||false|false&#8221; global_colors_info=&#8221;{}&#8221;]<\/p>\n<p><strong>Telefon:<\/strong> +48 737 340 752 <br \/><strong>E-mail:<\/strong> <a href=\"mailto:contact@aquilo.io\">contact@aquilo.io<\/a> <br \/><strong>Servis:<\/strong> ul. Graniczna 20, 05-083 Wygl\u0119dy, Poljska<\/p>\n<p>[\/et_pb_text][\/et_pb_column][et_pb_column type=&#8221;1_4&#8243; _builder_version=&#8221;4.9.4&#8243; _module_preset=&#8221;default&#8221; global_colors_info=&#8221;{}&#8221;][et_pb_image src=&#8221;https:\/\/aquilo.io\/wp-content\/uploads\/2021\/07\/loga-unia.png&#8221; title_text=&#8221;loga unija&#8221; url=&#8221;https:\/\/aquilo.io\/hr\/eu-projekt\/&#8221; align=&#8221;center&#8221; align_tablet=&#8221;&#8221; align_phone=&#8221;left&#8221; align_last_edited=&#8221;on|phone&#8221; _builder_version=&#8221;4.9.11&#8243; _module_preset=&#8221;default&#8221; width=&#8221;42%&#8221; custom_margin=&#8221;-10px||||false|false&#8221; custom_margin_tablet=&#8221;&#8221; custom_margin_phone=&#8221;10px||||false|false&#8221; custom_margin_last_edited=&#8221;on|phone&#8221; global_colors_info=&#8221;{}&#8221;][\/et_pb_image][\/et_pb_column][\/et_pb_row][\/et_pb_section]<\/p>\n","protected":false},"excerpt":{"rendered":"<p>Dostava, povrat i jamstvoDostavaAko tvoja narud\u017eba prema\u0161i iznos od 1500 EUR, proizvode \u0107emo ti dostaviti besplatno na podru\u010dju Poljske.Standardno vr\u0161imo dostave na podru\u010dju Poljske i ve\u0107ine europskih zemalja. Mogu\u0107nosti dostave i tro\u0161kove mo\u017ee\u0161 provjeriti tijekom naru\u010divanja proizvoda. Molimo te da nas kontaktira\u0161 ako \u017eeli\u0161 da dostavimo proizvod izvan teritorija Europe.Ovisno o zemlji, mo\u017ee\u0161 birati izme\u0111u [&hellip;]<\/p>\n","protected":false},"author":7,"featured_media":0,"parent":0,"menu_order":0,"comment_status":"closed","ping_status":"closed","template":"","meta":{"_et_pb_use_builder":"on","_et_pb_old_content":"","_et_gb_content_width":"","footnotes":""},"class_list":["post-6689","page","type-page","status-publish","hentry"],"_links":{"self":[{"href":"https:\/\/aquilo.io\/hr\/wp-json\/wp\/v2\/pages\/6689","targetHints":{"allow":["GET"]}}],"collection":[{"href":"https:\/\/aquilo.io\/hr\/wp-json\/wp\/v2\/pages"}],"about":[{"href":"https:\/\/aquilo.io\/hr\/wp-json\/wp\/v2\/types\/page"}],"author":[{"embeddable":true,"href":"https:\/\/aquilo.io\/hr\/wp-json\/wp\/v2\/users\/7"}],"replies":[{"embeddable":true,"href":"https:\/\/aquilo.io\/hr\/wp-json\/wp\/v2\/comments?post=6689"}],"version-history":[{"count":4,"href":"https:\/\/aquilo.io\/hr\/wp-json\/wp\/v2\/pages\/6689\/revisions"}],"predecessor-version":[{"id":6729,"href":"https:\/\/aquilo.io\/hr\/wp-json\/wp\/v2\/pages\/6689\/revisions\/6729"}],"wp:attachment":[{"href":"https:\/\/aquilo.io\/hr\/wp-json\/wp\/v2\/media?parent=6689"}],"curies":[{"name":"wp","href":"https:\/\/api.w.org\/{rel}","templated":true}]}}