{"id":6685,"date":"2021-06-25T15:15:13","date_gmt":"2021-06-25T15:15:13","guid":{"rendered":"https:\/\/aquilo.io\/pravila-privatnosti\/"},"modified":"2025-06-10T13:01:32","modified_gmt":"2025-06-10T13:01:32","slug":"pravila-privatnosti","status":"publish","type":"page","link":"https:\/\/aquilo.io\/hr\/pravila-privatnosti\/","title":{"rendered":"Pravila privatnosti"},"content":{"rendered":"<p>[et_pb_section fb_built=&#8221;1&#8243; _builder_version=&#8221;4.9.4&#8243; _module_preset=&#8221;default&#8221; use_background_color_gradient=&#8221;on&#8221; background_color_gradient_start=&#8221;#0951a3&#8243; background_color_gradient_end=&#8221;rgba(0,0,0,0)&#8221; background_color_gradient_end_position=&#8221;50%&#8221; background_color_gradient_overlays_image=&#8221;on&#8221; background_image=&#8221;http:\/\/aquilo.io\/wp-content\/uploads\/2021\/06\/E1BctKuX0AIJUj9-\u2014-kopia.jpg&#8221; background_position=&#8221;bottom_center&#8221; global_colors_info=&#8221;{}&#8221;][et_pb_row _builder_version=&#8221;4.9.4&#8243; _module_preset=&#8221;default&#8221; global_colors_info=&#8221;{}&#8221;][et_pb_column type=&#8221;4_4&#8243; _builder_version=&#8221;4.9.4&#8243; _module_preset=&#8221;default&#8221; global_colors_info=&#8221;{}&#8221;][et_pb_text admin_label=&#8221;Newsletter Header&#8221; module_class=&#8221;newsletter-header&#8221; _builder_version=&#8221;4.9.11&#8243; header_text_align=&#8221;center&#8221; header_text_color=&#8221;#FFFFFF&#8221; header_font_size=&#8221;40px&#8221; header_letter_spacing=&#8221;2px&#8221; module_alignment=&#8221;center&#8221; hover_enabled=&#8221;0&#8243; header_font_size_tablet=&#8221;22px&#8221; header_font_size_phone=&#8221;&#8221; header_font_size_last_edited=&#8221;on|tablet&#8221; header_text_shadow_style=&#8221;preset3&#8243; header_text_shadow_color=&#8221;#000000&#8243; global_colors_info=&#8221;{}&#8221; sticky_enabled=&#8221;0&#8243;]<\/p>\n<h1>Pravila privatnosti<\/h1>\n<p>[\/et_pb_text][\/et_pb_column][\/et_pb_row][\/et_pb_section][et_pb_section fb_built=&#8221;1&#8243; _builder_version=&#8221;4.9.4&#8243; _module_preset=&#8221;default&#8221; custom_padding=&#8221;49px||49px||true|&#8221; global_colors_info=&#8221;{}&#8221;][et_pb_row _builder_version=&#8221;4.9.4&#8243; _module_preset=&#8221;default&#8221; custom_padding=&#8221;0px|||||&#8221; global_colors_info=&#8221;{}&#8221;][et_pb_column type=&#8221;4_4&#8243; _builder_version=&#8221;4.9.4&#8243; _module_preset=&#8221;default&#8221; global_colors_info=&#8221;{}&#8221;][et_pb_text _builder_version=&#8221;4.9.11&#8243; _module_preset=&#8221;default&#8221; text_orientation=&#8221;justified&#8221; hover_enabled=&#8221;0&#8243; global_colors_info=&#8221;{}&#8221; sticky_enabled=&#8221;0&#8243;]<\/p>\n<h3 class=\"western\"><span style=\"color: #000000;\"><span style=\"font-size: medium;\"><b>A. Uvod<\/b><\/span><\/span><\/h3>\n<p><\/p>\n<p><span style=\"color: #000000;\">Privatnost posjetitelja na\u0161e web stranice nam je izuzetno va\u017ena i \u010dinimo sve kako bismo je za\u0161titili. Ova politika privatnosti obja\u0161njava \u0161to radimo s va\u0161im osobnim podacima.<br \/>Prihva\u0107anjem upotrebe kola\u010di\u0107a u skladu s ovom politikom pri prvoj posjeti na\u0161oj web stranici, dajete nam dozvolu za kori\u0161tenje kola\u010di\u0107a svaki put kada posjetite na\u0161u stranicu.<\/span><\/p>\n<p><\/p>\n<h3 class=\"western\"><a name=\"_8390lfsa965z\"><\/a> <span style=\"color: #000000;\"><span style=\"font-size: medium;\"><b>B. Prikupljanje osobnih podataka<\/b><\/span><\/span><\/h3>\n<p><\/p>\n<p><span style=\"color: #000000;\">Sljede\u0107e vrste osobnih podataka mogu se prikupljati, pohranjivati i koristiti:<\/span><\/p>\n<p><\/p>\n<ul>\n<li>\n<p><span style=\"color: #000000;\">podaci o ra\u010dunalu, uklju\u010duju\u0107i IP adresu, geografsku lokaciju, vrstu i verziju preglednika te operativni sustav;<br \/><\/span><\/p>\n<\/li>\n<li>\n<p><span style=\"color: #000000;\">podaci o va\u0161im posjetima i kori\u0161tenju ove web stranice, uklju\u010duju\u0107i izvor preporuke, duljinu posjeta, pregledane stranice i putanju kretanja kroz stranicu;<br \/><\/span><\/p>\n<\/li>\n<li>\n<p><span style=\"color: #000000;\">podaci poput e-mail adrese koje dajete prilikom registracije na na\u0161oj stranici;<br \/><\/span><\/p>\n<\/li>\n<li>\n<p><span style=\"color: #000000;\">podaci uneseni prilikom kreiranja profila \u2013 poput imena, profilnih slika, spola, datuma ro\u0111enja, bra\u010dnog statusa, interesa, obrazovanja i zaposlenja;<br \/><\/span><\/p>\n<\/li>\n<li>\n<p><span style=\"color: #000000;\">podaci kao \u0161to su ime i e-mail adresa koje dajete za prijavu na newsletter ili e-mail obavijesti;<br \/><\/span><\/p>\n<\/li>\n<li>\n<p><span style=\"color: #000000;\">podaci uneseni prilikom kori\u0161tenja usluga na na\u0161oj stranici;<br \/><\/span><\/p>\n<\/li>\n<li>\n<p><span style=\"color: #000000;\">podaci generirani tijekom kori\u0161tenja na\u0161e stranice \u2013 kada, koliko \u010desto i pod kojim okolnostima je koristite;<br \/><\/span><\/p>\n<\/li>\n<li>\n<p><span style=\"color: #000000;\">podaci o kupnjama, kori\u0161tenim uslugama i transakcijama putem na\u0161e stranice, uklju\u010duju\u0107i ime, adresu, broj telefona, e-mail i podatke o kreditnoj kartici;<br \/><\/span><\/p>\n<\/li>\n<li>\n<p><span style=\"color: #000000;\">sadr\u017eaji koje objavljujete na web stranici s namjerom da ih objavimo online, uklju\u010duju\u0107i korisni\u010dka imena, profilne slike i sadr\u017eaj objava;<br \/><\/span><\/p>\n<\/li>\n<li>\n<p><span style=\"color: #000000;\">informacije sadr\u017eane u svakoj komunikaciji koju nam po\u0161aljete putem e-maila ili na\u0161e web stranice, uklju\u010duju\u0107i metapodatke;<br \/><\/span><\/p>\n<\/li>\n<li>\n<p><span style=\"color: #000000;\">svi drugi osobni podaci koje nam dobrovoljno po\u0161aljete.<br \/><\/span><\/p>\n<\/li>\n<\/ul>\n<p><\/p>\n<p><span style=\"color: #000000;\">Prije nego nam dostavite osobne podatke druge osobe, morate dobiti njezinu dozvolu za otkrivanje i obradu tih podataka u skladu s ovom politikom.<\/span><\/p>\n<p><\/p>\n<h3 class=\"western\"><a name=\"_lbq6g9srzyzx\"><\/a> <span style=\"color: #000000;\"><span style=\"font-size: medium;\"><b>C. Kori\u0161tenje osobnih podataka<\/b><\/span><\/span><\/h3>\n<p><\/p>\n<p><span style=\"color: #000000;\">Osobni podaci dostavljeni putem na\u0161e stranice koristit \u0107e se u svrhe navedene u ovoj politici ili na odgovaraju\u0107im stranicama web mjesta. Mo\u017eemo ih koristiti za:<\/span><\/p>\n<p><\/p>\n<ul>\n<li>\n<p><span style=\"color: #000000;\">upravljanje web stranicom i poslovanjem;<br \/><\/span><\/p>\n<\/li>\n<li>\n<p><span style=\"color: #000000;\">personalizaciju stranice za vas;<br \/><\/span><\/p>\n<\/li>\n<li>\n<p><span style=\"color: #000000;\">omogu\u0107avanje kori\u0161tenja usluga;<br \/><\/span><\/p>\n<\/li>\n<li>\n<p><span style=\"color: #000000;\">slanje kupljenih proizvoda;<br \/><\/span><\/p>\n<\/li>\n<li>\n<p><span style=\"color: #000000;\">pru\u017eanje kupljenih usluga;<br \/><\/span><\/p>\n<\/li>\n<li>\n<p><span style=\"color: #000000;\">slanje ra\u010duna, podsjetnika i upravljanje naplatom;<br \/><\/span><\/p>\n<\/li>\n<li>\n<p><span style=\"color: #000000;\">slanje obavijesti koje niste izri\u010dito zabranili;<br \/><\/span><\/p>\n<\/li>\n<li>\n<p><span style=\"color: #000000;\">slanje newslettera ako ste se prijavili (mo\u017eete se odjaviti u bilo kojem trenutku);<br \/><\/span><\/p>\n<\/li>\n<li>\n<p><span style=\"color: #000000;\">slanje promotivnih informacija, ako ste na to pristali;<br \/><\/span><\/p>\n<\/li>\n<li>\n<p><span style=\"color: #000000;\">statisti\u010dku analizu (bez identifikacije korisnika);<br \/><\/span><\/p>\n<\/li>\n<li>\n<p><span style=\"color: #000000;\">odgovaranje na upite i pritu\u017ebe;<br \/><\/span><\/p>\n<\/li>\n<li>\n<p><span style=\"color: #000000;\">osiguranje sigurnosti web stranice i spre\u010davanje prijevara;<br \/><\/span><\/p>\n<\/li>\n<li>\n<p><span style=\"color: #000000;\">provjeru po\u0161tivanja uvjeta kori\u0161tenja;<br \/><\/span><\/p>\n<\/li>\n<li>\n<p><span style=\"color: #000000;\">i druge namjene.<br \/><\/span><\/p>\n<\/li>\n<\/ul>\n<p><\/p>\n<p><span style=\"color: #000000;\">Ako po\u0161aljete podatke za objavu, objavit \u0107emo ih u skladu s va\u0161om licencom.<br \/>Va\u0161e postavke privatnosti mogu ograni\u010diti objavu tih podataka.<br \/>Ne\u0107emo proslje\u0111ivati va\u0161e osobne podatke tre\u0107im stranama u svrhe direktnog marketinga bez va\u0161eg izri\u010ditog pristanka.<\/span><\/p>\n<p><\/p>\n<h3 class=\"western\"><a name=\"_tk2kpfhg9non\"><\/a> <span style=\"color: #000000;\"><span style=\"font-size: medium;\"><b>D. Otkrivanje osobnih podataka<\/b><\/span><\/span><\/h3>\n<p><\/p>\n<p><span style=\"color: #000000;\">Mo\u017eemo otkriti va\u0161e osobne podatke:<\/span><\/p>\n<p><\/p>\n<ul>\n<li>\n<p><span style=\"color: #000000;\">na\u0161im zaposlenicima, menad\u017ementu, agentima, dobavlja\u010dima ili podizvo\u0111a\u010dima \u2013 kad je to nu\u017eno;<br \/><\/span><\/p>\n<\/li>\n<li>\n<p><span style=\"color: #000000;\">\u010dlanovima na\u0161e poslovne grupe (mati\u010dnoj i povezanim tvrtkama);<br \/><\/span><\/p>\n<\/li>\n<li>\n<p><span style=\"color: #000000;\">kada je to zakonski obavezno;<br \/><\/span><\/p>\n<\/li>\n<li>\n<p><span style=\"color: #000000;\">u vezi s pravnim postupcima;<br \/><\/span><\/p>\n<\/li>\n<li>\n<p><span style=\"color: #000000;\">radi obrane na\u0161ih zakonskih prava;<br \/><\/span><\/p>\n<\/li>\n<li>\n<p><span style=\"color: #000000;\">potencijalnim kupcima na\u0161eg poslovanja ili imovine;<br \/><\/span><\/p>\n<\/li>\n<li>\n<p><span style=\"color: #000000;\">bilo kojoj osobi koja bi, po na\u0161em razumnom mi\u0161ljenju, mogla zatra\u017eiti takve podatke sudskim putem.<br \/><\/span><\/p>\n<\/li>\n<\/ul>\n<p><\/p>\n<p><span style=\"color: #000000;\">Osim u ovim slu\u010dajevima, ne\u0107emo dijeliti va\u0161e osobne podatke s tre\u0107im osobama.<\/span><\/p>\n<p><\/p>\n<h3 class=\"western\"><a name=\"_ysvmeau0urrc\"><\/a> <span style=\"color: #000000;\"><span style=\"font-size: medium;\"><b>E. Me\u0111unarodni prijenos podataka<\/b><\/span><\/span><\/h3>\n<p><\/p>\n<p><span style=\"color: #000000;\">Podaci koje prikupljamo mogu biti pohranjeni i obra\u0111ivani u dr\u017eavama u kojima poslujemo i preneseni me\u0111u tim dr\u017eavama.<br \/>To uklju\u010duje zemlje koje nemaju zakone o za\u0161titi podataka ekvivalentne onima u EGP-u, kao \u0161to su SAD, Rusija, Japan, Kina i Indija.<br \/>Podaci objavljeni na na\u0161oj stranici mogu biti dostupni \u0161irom svijeta. Ne mo\u017eemo sprije\u010diti njihovu zloupotrebu.<br \/>Sla\u017eete se s takvim prijenosom osobnih podataka.<\/span><\/p>\n<p><\/p>\n<h3 class=\"western\"><a name=\"_emogchv51si\"><\/a> <span style=\"color: #000000;\"><span style=\"font-size: medium;\"><b>F. Pohrana osobnih podataka<\/b><\/span><\/span><\/h3>\n<p><\/p>\n<p><span style=\"color: #000000;\">Podatke pohranjujemo samo onoliko dugo koliko je potrebno za svrhe u koje su prikupljeni.<br \/>Unato\u010d gore navedenom, zadr\u017eat \u0107emo dokumente:<\/span><\/p>\n<p><\/p>\n<ul>\n<li>\n<p><span style=\"color: #000000;\">kada to zakon zahtijeva;<br \/><\/span><\/p>\n<\/li>\n<li>\n<p><span style=\"color: #000000;\">ako su va\u017eni za teku\u0107e ili budu\u0107e pravne postupke;<br \/><\/span><\/p>\n<\/li>\n<li>\n<p><span style=\"color: #000000;\">radi ostvarivanja, provo\u0111enja ili obrane na\u0161ih prava.<br \/><\/span><\/p>\n<\/li>\n<\/ul>\n<p><\/p>\n<h3 class=\"western\"><a name=\"_pdzbgdh44k6r\"><\/a> <span style=\"color: #000000;\"><span style=\"font-size: medium;\"><b>G. Sigurnost osobnih podataka<\/b><\/span><\/span><\/h3>\n<p><\/p>\n<p><span style=\"color: #000000;\">Poduzet \u0107emo razumne tehni\u010dke i organizacijske mjere za sprje\u010davanje gubitka, zloupotrebe ili promjene osobnih podataka.<br \/>Svi osobni podaci bit \u0107e pohranjeni na sigurnim poslu\u017eiteljima (za\u0161ti\u0107enim lozinkom i vatrozidom).<br \/>Svi elektroni\u010dki financijski prijenosi bit \u0107e \u0161ifrirani.<br \/>Prijenos podataka putem interneta nije potpuno siguran \u2013 to prihva\u0107ate.<br \/>Odgovorni ste za \u010duvanje lozinke \u2013 ne\u0107emo vas tra\u017eiti lozinku (osim pri prijavi).<\/span><\/p>\n<p><\/p>\n<h3 class=\"western\"><a name=\"_ny06wamgynps\"><\/a> <span style=\"color: #000000;\"><span style=\"font-size: medium;\"><b>H. Izmjene<\/b><\/span><\/span><\/h3>\n<p><\/p>\n<p><span style=\"color: #000000;\">Povremeno mo\u017eemo a\u017eurirati ovu politiku objavom nove verzije na web stranici.<br \/>Trebali biste povremeno provjeriti ovu stranicu kako biste bili sigurni da razumijete sve izmjene.<br \/>O izmjenama vas mo\u017eemo obavijestiti putem e-maila ili internih poruka.<\/span><\/p>\n<p><\/p>\n<h3 class=\"western\"><a name=\"_iugzy8nqx9pn\"><\/a> <span style=\"color: #000000;\"><span style=\"font-size: medium;\"><b>I. Va\u0161a prava<\/b><\/span><\/span><\/h3>\n<p><\/p>\n<p><span style=\"color: #000000;\">Mo\u017eete zatra\u017eiti pristup svojim osobnim podacima. Potrebno je dokazati identitet (obi\u010dno ovjerena kopija osobne iskaznice ili putovnice).<br \/>Mo\u017eete nas zatra\u017eiti da sakrijemo ili ne obra\u0111ujemo va\u0161e podatke u svrhe marketinga.<br \/>Obi\u010dno se tra\u017ei va\u0161a izri\u010dita suglasnost za marketing, ili vam dajemo mogu\u0107nost da to odbijete.<\/span><\/p>\n<p><\/p>\n<h3 class=\"western\"><a name=\"_7lbxcgfu74eh\"><\/a> <span style=\"color: #000000;\"><span style=\"font-size: medium;\"><b>J. Web stranice tre\u0107ih strana<\/b><\/span><\/span><\/h3>\n<p><\/p>\n<p><span style=\"color: #000000;\">Na\u0161a stranica mo\u017ee sadr\u017eavati poveznice na druge web stranice. Nemamo kontrolu nad njihovim politikama privatnosti i ne preuzimamo odgovornost za njihovu praksu.<\/span><\/p>\n<p><\/p>\n<h3 class=\"western\"><a name=\"_kiaxcto8injd\"><\/a> <span style=\"color: #000000;\"><span style=\"font-size: medium;\"><b>K. A\u017euriranje podataka<\/b><\/span><\/span><\/h3>\n<p><\/p>\n<p><span style=\"color: #000000;\">Molimo vas da nas obavijestite ako je potrebno ispraviti ili a\u017eurirati osobne podatke koje imamo o vama.<\/span><\/p>\n<p><\/p>\n<h3 class=\"western\"><a name=\"_65er2zim1m1u\"><\/a> <span style=\"color: #000000;\"><span style=\"font-size: medium;\"><b>L. Kola\u010di\u0107i (Cookies)<\/b><\/span><\/span><\/h3>\n<p><\/p>\n<p><span style=\"color: #000000;\">Na\u0161a web stranica koristi kola\u010di\u0107e.<br \/>Kola\u010di\u0107 je datoteka koja sadr\u017ei identifikator \u2013 niz slova i brojeva \u2013 koji web poslu\u017eitelj \u0161alje pregledniku, a preglednik ga pohranjuje.<br \/>Kola\u010di\u0107i mogu biti \u201etrajni\u201d (ostaju do isteka) ili \u201eprivremeni\u201d (bri\u0161u se pri zatvaranju preglednika).<br \/>Kola\u010di\u0107i ne sadr\u017ee osobne podatke, ali mogu biti povezani s osobnim podacima.<br \/>Koristimo trajne i sesijske kola\u010di\u0107e.<\/span><\/p>\n<p><\/p>\n<p><span style=\"color: #000000;\"><b>Koristimo Google Analytics i AdWords<\/b> za:<\/span><\/p>\n<p><\/p>\n<ul>\n<li>\n<p><span style=\"color: #000000;\">omogu\u0107avanje ko\u0161arice;<br \/><\/span><\/p>\n<\/li>\n<li>\n<p><span style=\"color: #000000;\">pobolj\u0161anje upotrebljivosti stranice;<br \/><\/span><\/p>\n<\/li>\n<li>\n<p><span style=\"color: #000000;\">analizu kori\u0161tenja stranice;<br \/><\/span><\/p>\n<\/li>\n<li>\n<p><span style=\"color: #000000;\">administraciju i ogla\u0161avanje.<br \/><\/span><\/p>\n<\/li>\n<\/ul>\n<p><\/p>\n<p><span style=\"color: #000000;\"><b>Blokiranje kola\u010di\u0107a<\/b> mogu\u0107e je u ve\u0107ini preglednika.<br \/>Na primjer:<\/span><\/p>\n<p><\/p>\n<ul>\n<li>\n<p><span style=\"color: #000000;\"><span style=\"font-family: Arial Unicode MS, serif;\">Internet Explorer: Alati \u2192 Internet opcije \u2192 Privatnost \u2192 Napredno<br \/><\/span><\/span><\/p>\n<\/li>\n<li>\n<p><span style=\"color: #000000;\">Firefox: Alati \u2192 Opcije \u2192 Privatnost \u2192 Koristi prilago\u0111ene postavke povijesti<br \/><\/span><\/p>\n<\/li>\n<li>\n<p><span style=\"color: #000000;\">Chrome: Postavke \u2192 Prika\u017ei napredne postavke \u2192 Postavke sadr\u017eaja \u2192 Blokiraj kola\u010di\u0107e<br \/><\/span><\/p>\n<\/li>\n<\/ul>\n<p><\/p>\n<p><span style=\"color: #000000;\">Blokiranje svih kola\u010di\u0107a mo\u017ee utjecati na funkcionalnost stranice.<\/span><\/p>\n<p><\/p>\n<p><span style=\"color: #000000;\"><b>Brisanje kola\u010di\u0107a<\/b> tako\u0111er je mogu\u0107e:<\/span><\/p>\n<p><\/p>\n<ul>\n<li>\n<p><span style=\"color: #000000;\">Internet Explorer: ru\u010dno (upute na <\/span><a href=\"http:\/\/support.microsoft.com\/kb\/278835\"><span style=\"color: #000000;\"><u>support.microsoft.com\/kb\/278835<\/u><\/span><\/a><span style=\"color: #000000;\">)<br \/><\/span><\/p>\n<\/li>\n<li>\n<p><span style=\"color: #000000;\">Firefox: Alati \u2192 Opcije \u2192 Privatnost \u2192 Prika\u017ei kola\u010di\u0107e \u2192 Izbri\u0161i sve<br \/><\/span><\/p>\n<\/li>\n<li>\n<p><span style=\"color: #000000;\">Chrome: Postavke \u2192 Prika\u017ei napredne postavke \u2192 O\u010disti podatke pregledavanja<br \/><\/span><\/p>\n<\/li>\n<\/ul>\n<p><\/p>\n<p><span style=\"color: #000000;\">Brisanje kola\u010di\u0107a tako\u0111er mo\u017ee negativno utjecati na korisni\u010dko iskustvo.<\/span><\/p>\n<p>[\/et_pb_text][\/et_pb_column][\/et_pb_row][\/et_pb_section][et_pb_section fb_built=&#8221;1&#8243; _builder_version=&#8221;4.9.4&#8243; _module_preset=&#8221;default&#8221; use_background_color_gradient=&#8221;on&#8221; background_color_gradient_start=&#8221;#6b96c7&#8243; background_color_gradient_end=&#8221;#0951a3&#8243; custom_padding=&#8221;40px||30px||false|false&#8221; border_width_bottom=&#8221;1px&#8221; border_color_bottom=&#8221;rgba(137,173,205,0.14)&#8221; global_module=&#8221;3309&#8243; saved_tabs=&#8221;all&#8221; global_colors_info=&#8221;{}&#8221;][et_pb_row column_structure=&#8221;1_4,1_4,1_4,1_4&#8243; use_custom_gutter=&#8221;on&#8221; gutter_width=&#8221;1&#8243; _builder_version=&#8221;4.9.7&#8243; _module_preset=&#8221;default&#8221; width=&#8221;90%&#8221; custom_margin=&#8221;0px||0px||true|false&#8221; custom_padding=&#8221;0px||0px||true|false&#8221; global_colors_info=&#8221;{}&#8221;][et_pb_column type=&#8221;1_4&#8243; _builder_version=&#8221;4.9.4&#8243; _module_preset=&#8221;default&#8221; global_colors_info=&#8221;{}&#8221;][et_pb_image src=&#8221;https:\/\/aquilo.io\/wp-content\/uploads\/2021\/06\/aquilo-biale12.png&#8221; title_text=&#8221;Aquilo Biale12&#8243; _builder_version=&#8221;4.9.9&#8243; _module_preset=&#8221;default&#8221; width=&#8221;27%&#8221; global_colors_info=&#8221;{}&#8221;][\/et_pb_image][et_pb_text admin_label=&#8221;Newsletter Header&#8221; module_class=&#8221;newsletter-header&#8221; _builder_version=&#8221;4.9.4&#8243; text_text_color=&#8221;#FFFFFF&#8221; text_font_size=&#8221;13px&#8221; link_text_color=&#8221;#FFFFFF&#8221; header_text_color=&#8221;#FFFFFF&#8221; header_font_size=&#8221;22px&#8221; header_letter_spacing=&#8221;2px&#8221; module_alignment=&#8221;center&#8221; custom_padding=&#8221;10px||||false|false&#8221; global_colors_info=&#8221;{}&#8221;]<\/p>\n<p><span>We are a Polish company specializing in home and garden electronics. At Aquilo, we create innovative solutions designed to make your everyday life easier. Our products are made to ensure your safety and comfort. Aquilo \u2014 for your home.<\/span><\/p>\n<p>[\/et_pb_text][\/et_pb_column][et_pb_column type=&#8221;1_4&#8243; _builder_version=&#8221;4.9.7&#8243; _module_preset=&#8221;default&#8221; custom_padding=&#8221;|||40px|false|false&#8221; custom_padding_tablet=&#8221;|||0px|false|false&#8221; custom_padding_phone=&#8221;&#8221; custom_padding_last_edited=&#8221;on|phone&#8221; global_colors_info=&#8221;{}&#8221;][et_pb_text admin_label=&#8221;Newsletter Header&#8221; module_class=&#8221;newsletter-header&#8221; _builder_version=&#8221;4.9.11&#8243; header_text_color=&#8221;#FFFFFF&#8221; header_font_size=&#8221;22px&#8221; header_letter_spacing=&#8221;2px&#8221; module_alignment=&#8221;center&#8221; custom_padding_tablet=&#8221;&#8221; custom_padding_phone=&#8221;20px||||false|false&#8221; custom_padding_last_edited=&#8221;on|phone&#8221; global_colors_info=&#8221;{}&#8221;]<\/p>\n<h1>Information<\/h1>\n<p>[\/et_pb_text][et_pb_button button_url=&#8221;https:\/\/aquilo.io\/privacy-policy\/&#8221; button_text=&#8221;Pravila privatnosti&#8221; _builder_version=&#8221;4.9.11&#8243; _module_preset=&#8221;default&#8221; custom_button=&#8221;on&#8221; button_text_size=&#8221;13px&#8221; button_text_color=&#8221;#FFFFFF&#8221; button_bg_color=&#8221;RGBA(0,0,0,0)&#8221; button_border_width=&#8221;0px&#8221; button_icon=&#8221;%%24%%&#8221; button_icon_placement=&#8221;left&#8221; custom_margin=&#8221;5px||0px||false|false&#8221; button_bg_color_tablet=&#8221;&#8221; button_bg_color_phone=&#8221;&#8221; button_bg_color_last_edited=&#8221;on|desktop&#8221; global_colors_info=&#8221;{}&#8221; button_bg_color__hover_enabled=&#8221;on|hover&#8221; button_bg_color__hover=&#8221;RGBA(0,0,0,0)&#8221; button_bg_enable_color__hover=&#8221;on&#8221; button_letter_spacing__hover_enabled=&#8221;on|desktop&#8221; button_letter_spacing__hover=&#8221;2px&#8221;][\/et_pb_button][et_pb_button button_url=&#8221;https:\/\/aquilo.io\/terms-of-service\/&#8221; button_text=&#8221;Uvjeti pru\u017eanja usluge&#8221; _builder_version=&#8221;4.9.11&#8243; _module_preset=&#8221;default&#8221; custom_button=&#8221;on&#8221; button_text_size=&#8221;13px&#8221; button_text_color=&#8221;#FFFFFF&#8221; button_bg_color=&#8221;RGBA(0,0,0,0)&#8221; button_border_width=&#8221;0px&#8221; button_icon=&#8221;%%24%%&#8221; button_icon_placement=&#8221;left&#8221; custom_margin=&#8221;-10px||0px||false|false&#8221; button_bg_color_tablet=&#8221;&#8221; button_bg_color_phone=&#8221;&#8221; button_bg_color_last_edited=&#8221;on|desktop&#8221; global_colors_info=&#8221;{}&#8221; button_bg_color__hover_enabled=&#8221;on|hover&#8221; button_bg_color__hover=&#8221;RGBA(0,0,0,0)&#8221; button_bg_enable_color__hover=&#8221;on&#8221; button_letter_spacing__hover_enabled=&#8221;on|desktop&#8221; button_letter_spacing__hover=&#8221;2px&#8221;][\/et_pb_button][et_pb_button button_url=&#8221;https:\/\/aquilo.io\/delivery-returns-and-warranty\/&#8221; button_text=&#8221;Dostava, povrat i jamstvo&#8221; _builder_version=&#8221;4.9.11&#8243; _module_preset=&#8221;default&#8221; custom_button=&#8221;on&#8221; button_text_size=&#8221;13px&#8221; button_text_color=&#8221;#FFFFFF&#8221; button_bg_color=&#8221;RGBA(0,0,0,0)&#8221; button_border_width=&#8221;0px&#8221; button_icon=&#8221;%%24%%&#8221; button_icon_placement=&#8221;left&#8221; custom_margin=&#8221;-12px||0px||false|false&#8221; button_bg_color_tablet=&#8221;&#8221; button_bg_color_phone=&#8221;&#8221; button_bg_color_last_edited=&#8221;on|desktop&#8221; global_colors_info=&#8221;{}&#8221; button_bg_color__hover_enabled=&#8221;on|hover&#8221; button_bg_color__hover=&#8221;RGBA(0,0,0,0)&#8221; button_bg_enable_color__hover=&#8221;on&#8221; button_letter_spacing__hover_enabled=&#8221;on|desktop&#8221; button_letter_spacing__hover=&#8221;2px&#8221;][\/et_pb_button][\/et_pb_column][et_pb_column type=&#8221;1_4&#8243; _builder_version=&#8221;4.9.4&#8243; _module_preset=&#8221;default&#8221; global_colors_info=&#8221;{}&#8221;][et_pb_text admin_label=&#8221;Newsletter Header&#8221; module_class=&#8221;newsletter-header&#8221; _builder_version=&#8221;4.9.11&#8243; header_text_color=&#8221;#FFFFFF&#8221; header_font_size=&#8221;22px&#8221; header_letter_spacing=&#8221;1px&#8221; module_alignment=&#8221;center&#8221; custom_padding_tablet=&#8221;&#8221; custom_padding_phone=&#8221;20px||||false|false&#8221; custom_padding_last_edited=&#8221;on|phone&#8221; global_colors_info=&#8221;{}&#8221;]<\/p>\n<h1>HOW CAN WE HELP YOU?<\/h1>\n<p>[\/et_pb_text][et_pb_text admin_label=&#8221;Newsletter Header&#8221; module_class=&#8221;newsletter-header&#8221; _builder_version=&#8221;4.9.11&#8243; text_text_color=&#8221;#FFFFFF&#8221; text_font_size=&#8221;13px&#8221; link_text_color=&#8221;#FFFFFF&#8221; header_text_color=&#8221;#FFFFFF&#8221; header_font_size=&#8221;22px&#8221; header_letter_spacing=&#8221;2px&#8221; width=&#8221;100%&#8221; max_width=&#8221;100%&#8221; module_alignment=&#8221;center&#8221; custom_padding=&#8221;10px||0px||false|false&#8221; global_colors_info=&#8221;{}&#8221;]<\/p>\n<p><strong>Phone:<\/strong> +48 737 340 752<br \/><strong>Email:<\/strong> <a href=\"mailto:contact@aquilo.io\">contact@aquilo.io<\/a><br \/><strong>Service Center: <\/strong>ul. Graniczna 20, 05-083 Wygl\u0119dy, Poland<\/p>\n<p>[\/et_pb_text][\/et_pb_column][et_pb_column type=&#8221;1_4&#8243; _builder_version=&#8221;4.9.4&#8243; _module_preset=&#8221;default&#8221; global_colors_info=&#8221;{}&#8221;][et_pb_image src=&#8221;https:\/\/aquilo.io\/wp-content\/uploads\/2021\/07\/loga-unia.png&#8221; title_text=&#8221;loga unija&#8221; url=&#8221;https:\/\/aquilo.io\/projekt-unijny\/&#8221; align=&#8221;center&#8221; align_tablet=&#8221;&#8221; align_phone=&#8221;left&#8221; align_last_edited=&#8221;on|phone&#8221; _builder_version=&#8221;4.9.9&#8243; _module_preset=&#8221;default&#8221; width=&#8221;42%&#8221; custom_margin=&#8221;-10px||||false|false&#8221; custom_margin_tablet=&#8221;&#8221; custom_margin_phone=&#8221;10px||||false|false&#8221; custom_margin_last_edited=&#8221;on|phone&#8221; global_colors_info=&#8221;{}&#8221;][\/et_pb_image][\/et_pb_column][\/et_pb_row][\/et_pb_section]<\/p>\n","protected":false},"excerpt":{"rendered":"<p>Pravila privatnostiA. UvodPrivatnost posjetitelja na\u0161e web stranice nam je izuzetno va\u017ena i \u010dinimo sve kako bismo je za\u0161titili. Ova politika privatnosti obja\u0161njava \u0161to radimo s va\u0161im osobnim podacima.Prihva\u0107anjem upotrebe kola\u010di\u0107a u skladu s ovom politikom pri prvoj posjeti na\u0161oj web stranici, dajete nam dozvolu za kori\u0161tenje kola\u010di\u0107a svaki put kada posjetite na\u0161u stranicu. B. Prikupljanje [&hellip;]<\/p>\n","protected":false},"author":7,"featured_media":0,"parent":0,"menu_order":0,"comment_status":"closed","ping_status":"closed","template":"","meta":{"_et_pb_use_builder":"on","_et_pb_old_content":"","_et_gb_content_width":"","footnotes":""},"class_list":["post-6685","page","type-page","status-publish","hentry"],"_links":{"self":[{"href":"https:\/\/aquilo.io\/hr\/wp-json\/wp\/v2\/pages\/6685","targetHints":{"allow":["GET"]}}],"collection":[{"href":"https:\/\/aquilo.io\/hr\/wp-json\/wp\/v2\/pages"}],"about":[{"href":"https:\/\/aquilo.io\/hr\/wp-json\/wp\/v2\/types\/page"}],"author":[{"embeddable":true,"href":"https:\/\/aquilo.io\/hr\/wp-json\/wp\/v2\/users\/7"}],"replies":[{"embeddable":true,"href":"https:\/\/aquilo.io\/hr\/wp-json\/wp\/v2\/comments?post=6685"}],"version-history":[{"count":3,"href":"https:\/\/aquilo.io\/hr\/wp-json\/wp\/v2\/pages\/6685\/revisions"}],"predecessor-version":[{"id":6688,"href":"https:\/\/aquilo.io\/hr\/wp-json\/wp\/v2\/pages\/6685\/revisions\/6688"}],"wp:attachment":[{"href":"https:\/\/aquilo.io\/hr\/wp-json\/wp\/v2\/media?parent=6685"}],"curies":[{"name":"wp","href":"https:\/\/api.w.org\/{rel}","templated":true}]}}