{"id":6467,"date":"2017-11-13T14:47:55","date_gmt":"2017-11-13T14:47:55","guid":{"rendered":"https:\/\/aquilo.io\/kontakt\/"},"modified":"2025-06-05T07:30:58","modified_gmt":"2025-06-05T07:30:58","slug":"kontakt","status":"publish","type":"page","link":"https:\/\/aquilo.io\/hr\/kontakt\/","title":{"rendered":"Kontakt"},"content":{"rendered":"<p>[et_pb_section fb_built=&#8221;1&#8243; _builder_version=&#8221;4.9.9&#8243; _module_preset=&#8221;default&#8221; use_background_color_gradient=&#8221;on&#8221; background_color_gradient_start=&#8221;#0951a3&#8243; background_color_gradient_end=&#8221;rgba(0,0,0,0)&#8221; background_color_gradient_end_position=&#8221;50%&#8221; background_color_gradient_overlays_image=&#8221;on&#8221; background_image=&#8221;https:\/\/aquilo.io\/wp-content\/uploads\/2021\/06\/E1BctKuX0AIJUj9-\u2014-kopia.jpg&#8221; background_position=&#8221;bottom_center&#8221; global_colors_info=&#8221;{}&#8221;][et_pb_row _builder_version=&#8221;4.9.4&#8243; _module_preset=&#8221;default&#8221; global_colors_info=&#8221;{}&#8221;][et_pb_column type=&#8221;4_4&#8243; _builder_version=&#8221;4.9.4&#8243; _module_preset=&#8221;default&#8221; global_colors_info=&#8221;{}&#8221;][et_pb_text admin_label=&#8221;Newsletter Header&#8221; module_class=&#8221;newsletter-header&#8221; _builder_version=&#8221;4.9.11&#8243; header_text_align=&#8221;center&#8221; header_text_color=&#8221;#FFFFFF&#8221; header_font_size=&#8221;40px&#8221; header_letter_spacing=&#8221;2px&#8221; module_alignment=&#8221;center&#8221; hover_enabled=&#8221;0&#8243; header_font_size_tablet=&#8221;22px&#8221; header_font_size_phone=&#8221;&#8221; header_font_size_last_edited=&#8221;on|tablet&#8221; header_text_shadow_style=&#8221;preset3&#8243; header_text_shadow_color=&#8221;#000000&#8243; global_colors_info=&#8221;{}&#8221; sticky_enabled=&#8221;0&#8243;]<\/p>\n<h1>Kontaktirajte nas<\/h1>\n<p>[\/et_pb_text][\/et_pb_column][\/et_pb_row][\/et_pb_section][et_pb_section fb_built=&#8221;1&#8243; custom_padding_last_edited=&#8221;on|desktop&#8221; _builder_version=&#8221;4.9.7&#8243; custom_padding=&#8221;0px||30px|&#8221; custom_padding_tablet=&#8221;1px||1px||false|false&#8221; custom_padding_phone=&#8221;&#8221; global_colors_info=&#8221;{}&#8221;][et_pb_row column_structure=&#8221;1_3,1_3,1_3&#8243; use_custom_gutter=&#8221;on&#8221; gutter_width=&#8221;1&#8243; make_equal=&#8221;on&#8221; custom_padding_last_edited=&#8221;on|phone&#8221; module_class=&#8221;contact-blurbs-row&#8221; _builder_version=&#8221;4.9.11&#8243; custom_padding=&#8221;0px|||&#8221; custom_padding_tablet=&#8221;30px|||&#8221; custom_padding_phone=&#8221;&#8221; hover_enabled=&#8221;0&#8243; global_colors_info=&#8221;{}&#8221; sticky_enabled=&#8221;0&#8243;][et_pb_column type=&#8221;1_3&#8243; _builder_version=&#8221;3.25&#8243; custom_padding=&#8221;|||&#8221; global_colors_info=&#8221;{}&#8221; custom_padding__hover=&#8221;|||&#8221;][et_pb_blurb title=&#8221;Servisni centar&#8221; use_icon=&#8221;on&#8221; font_icon=&#8221;%%122%%&#8221; icon_placement=&#8221;left&#8221; admin_label=&#8221;Contact Blurb &#8211; Location&#8221; module_class=&#8221;contact-blurb&#8221; _builder_version=&#8221;4.9.11&#8243; hover_enabled=&#8221;0&#8243; global_colors_info=&#8221;{}&#8221; sticky_enabled=&#8221;0&#8243;]<\/p>\n<p>Graniczna ulica 20<br \/> 05-083 Wygl\u0119dy<br \/> Poljska<br \/> Pon-Pet 08:00-16:00<\/p>\n<p>[\/et_pb_blurb][\/et_pb_column][et_pb_column type=&#8221;1_3&#8243; _builder_version=&#8221;3.25&#8243; custom_padding=&#8221;|||&#8221; global_colors_info=&#8221;{}&#8221; custom_padding__hover=&#8221;|||&#8221;][et_pb_blurb title=&#8221;Razgovarajmo&#8221; use_icon=&#8221;on&#8221; font_icon=&#8221;%%109%%&#8221; icon_placement=&#8221;left&#8221; admin_label=&#8221;Contact Blurb &#8211; Mail \/ Phone&#8221; module_class=&#8221;contact-blurb&#8221; _builder_version=&#8221;4.9.11&#8243; hover_enabled=&#8221;0&#8243; global_colors_info=&#8221;{}&#8221; sticky_enabled=&#8221;0&#8243;]<\/p>\n<p><strong>Tel:<\/strong> +48 737 340 752<br \/> <strong>M:<\/strong> contact@aquilo.io<\/p>\n<p>[\/et_pb_blurb][\/et_pb_column][et_pb_column type=&#8221;1_3&#8243; _builder_version=&#8221;3.25&#8243; custom_padding=&#8221;|||&#8221; global_colors_info=&#8221;{}&#8221; custom_padding__hover=&#8221;|||&#8221;][et_pb_blurb title=&#8221;Veleprodajne narud\u017ebe&#8221; use_icon=&#8221;on&#8221; font_icon=&#8221;%%109%%&#8221; icon_placement=&#8221;left&#8221; admin_label=&#8221;Contact Blurb &#8211; Working Hours&#8221; module_class=&#8221;contact-blurb&#8221; _builder_version=&#8221;4.9.11&#8243; hover_enabled=&#8221;0&#8243; global_colors_info=&#8221;{}&#8221; sticky_enabled=&#8221;0&#8243;]<\/p>\n<p><strong>Tel:<\/strong> +48 509 909 657<br \/> <strong>M:<\/strong> ewelina@aquilo.io<\/p>\n<p>[\/et_pb_blurb][\/et_pb_column][\/et_pb_row][et_pb_row _builder_version=&#8221;3.25&#8243; custom_padding=&#8221;||10px|&#8221; global_colors_info=&#8221;{}&#8221;][et_pb_column type=&#8221;4_4&#8243; _builder_version=&#8221;3.25&#8243; custom_padding=&#8221;|||&#8221; global_colors_info=&#8221;{}&#8221; custom_padding__hover=&#8221;|||&#8221;][et_pb_text admin_label=&#8221;Default Header&#8221; module_class=&#8221;default-header&#8221; _builder_version=&#8221;4.9.11&#8243; module_alignment=&#8221;right&#8221; hover_enabled=&#8221;0&#8243; global_colors_info=&#8221;{}&#8221; sticky_enabled=&#8221;0&#8243;]<\/p>\n<h1>Kontakt<\/h1>\n<p>Ostavite nam poruku. Odgovorit \u0107emo vam u roku od jednog radnog dana.[\/et_pb_text][\/et_pb_column][\/et_pb_row][et_pb_row column_structure=&#8221;1_2,1_2&#8243; _builder_version=&#8221;3.25&#8243; global_colors_info=&#8221;{}&#8221;][et_pb_column type=&#8221;1_2&#8243; _builder_version=&#8221;3.25&#8243; custom_padding=&#8221;|||&#8221; global_colors_info=&#8221;{}&#8221; custom_padding__hover=&#8221;|||&#8221;][et_pb_contact_form email=&#8221;kontakt@aquilo.io&#8221; submit_button_text=&#8221;Po\u0161alji poruku&#8221; admin_label=&#8221;Contact Form &#8211; class .de-contact-form&#8221; module_class=&#8221;de-contact-form&#8221; _builder_version=&#8221;4.9.11&#8243; hover_enabled=&#8221;0&#8243; global_colors_info=&#8221;{}&#8221; sticky_enabled=&#8221;0&#8243;][et_pb_contact_field field_id=&#8221;Name&#8221; field_title=&#8221;Puno ime&#8221; fullwidth_field=&#8221;on&#8221; _builder_version=&#8221;4.9.11&#8243; hover_enabled=&#8221;0&#8243; global_colors_info=&#8221;{}&#8221; button_text_size__hover_enabled=&#8221;off&#8221; button_one_text_size__hover_enabled=&#8221;off&#8221; button_two_text_size__hover_enabled=&#8221;off&#8221; button_text_color__hover_enabled=&#8221;off&#8221; button_one_text_color__hover_enabled=&#8221;off&#8221; button_two_text_color__hover_enabled=&#8221;off&#8221; button_border_width__hover_enabled=&#8221;off&#8221; button_one_border_width__hover_enabled=&#8221;off&#8221; button_two_border_width__hover_enabled=&#8221;off&#8221; button_border_color__hover_enabled=&#8221;off&#8221; button_one_border_color__hover_enabled=&#8221;off&#8221; button_two_border_color__hover_enabled=&#8221;off&#8221; button_border_radius__hover_enabled=&#8221;off&#8221; button_one_border_radius__hover_enabled=&#8221;off&#8221; button_two_border_radius__hover_enabled=&#8221;off&#8221; button_letter_spacing__hover_enabled=&#8221;off&#8221; button_one_letter_spacing__hover_enabled=&#8221;off&#8221; button_two_letter_spacing__hover_enabled=&#8221;off&#8221; button_bg_color__hover_enabled=&#8221;off&#8221; button_one_bg_color__hover_enabled=&#8221;off&#8221; button_two_bg_color__hover_enabled=&#8221;off&#8221; sticky_enabled=&#8221;0&#8243;][\/et_pb_contact_field][et_pb_contact_field field_id=&#8221;Email&#8221; field_title=&#8221;E-po\u0161ta&#8221; field_type=&#8221;email&#8221; fullwidth_field=&#8221;on&#8221; _builder_version=&#8221;4.9.4&#8243; global_colors_info=&#8221;{}&#8221; button_text_size__hover_enabled=&#8221;off&#8221; button_one_text_size__hover_enabled=&#8221;off&#8221; button_two_text_size__hover_enabled=&#8221;off&#8221; button_text_color__hover_enabled=&#8221;off&#8221; button_one_text_color__hover_enabled=&#8221;off&#8221; button_two_text_color__hover_enabled=&#8221;off&#8221; button_border_width__hover_enabled=&#8221;off&#8221; button_one_border_width__hover_enabled=&#8221;off&#8221; button_two_border_width__hover_enabled=&#8221;off&#8221; button_border_color__hover_enabled=&#8221;off&#8221; button_one_border_color__hover_enabled=&#8221;off&#8221; button_two_border_color__hover_enabled=&#8221;off&#8221; button_border_radius__hover_enabled=&#8221;off&#8221; button_one_border_radius__hover_enabled=&#8221;off&#8221; button_two_border_radius__hover_enabled=&#8221;off&#8221; button_letter_spacing__hover_enabled=&#8221;off&#8221; button_one_letter_spacing__hover_enabled=&#8221;off&#8221; button_two_letter_spacing__hover_enabled=&#8221;off&#8221; button_bg_color__hover_enabled=&#8221;off&#8221; button_one_bg_color__hover_enabled=&#8221;off&#8221; button_two_bg_color__hover_enabled=&#8221;off&#8221;][\/et_pb_contact_field][et_pb_contact_field field_id=&#8221;Subject&#8221; field_title=&#8221;Predmet&#8221; required_mark=&#8221;off&#8221; fullwidth_field=&#8221;on&#8221; _builder_version=&#8221;4.9.11&#8243; hover_enabled=&#8221;0&#8243; global_colors_info=&#8221;{}&#8221; button_text_size__hover_enabled=&#8221;off&#8221; button_one_text_size__hover_enabled=&#8221;off&#8221; button_two_text_size__hover_enabled=&#8221;off&#8221; button_text_color__hover_enabled=&#8221;off&#8221; button_one_text_color__hover_enabled=&#8221;off&#8221; button_two_text_color__hover_enabled=&#8221;off&#8221; button_border_width__hover_enabled=&#8221;off&#8221; button_one_border_width__hover_enabled=&#8221;off&#8221; button_two_border_width__hover_enabled=&#8221;off&#8221; button_border_color__hover_enabled=&#8221;off&#8221; button_one_border_color__hover_enabled=&#8221;off&#8221; button_two_border_color__hover_enabled=&#8221;off&#8221; button_border_radius__hover_enabled=&#8221;off&#8221; button_one_border_radius__hover_enabled=&#8221;off&#8221; button_two_border_radius__hover_enabled=&#8221;off&#8221; button_letter_spacing__hover_enabled=&#8221;off&#8221; button_one_letter_spacing__hover_enabled=&#8221;off&#8221; button_two_letter_spacing__hover_enabled=&#8221;off&#8221; button_bg_color__hover_enabled=&#8221;off&#8221; button_one_bg_color__hover_enabled=&#8221;off&#8221; button_two_bg_color__hover_enabled=&#8221;off&#8221; sticky_enabled=&#8221;0&#8243;][\/et_pb_contact_field][et_pb_contact_field field_id=&#8221;Message&#8221; field_title=&#8221;Poruka&#8221; field_type=&#8221;text&#8221; fullwidth_field=&#8221;on&#8221; _builder_version=&#8221;4.9.11&#8243; hover_enabled=&#8221;0&#8243; global_colors_info=&#8221;{}&#8221; button_text_size__hover_enabled=&#8221;off&#8221; button_one_text_size__hover_enabled=&#8221;off&#8221; button_two_text_size__hover_enabled=&#8221;off&#8221; button_text_color__hover_enabled=&#8221;off&#8221; button_one_text_color__hover_enabled=&#8221;off&#8221; button_two_text_color__hover_enabled=&#8221;off&#8221; button_border_width__hover_enabled=&#8221;off&#8221; button_one_border_width__hover_enabled=&#8221;off&#8221; button_two_border_width__hover_enabled=&#8221;off&#8221; button_border_color__hover_enabled=&#8221;off&#8221; button_one_border_color__hover_enabled=&#8221;off&#8221; button_two_border_color__hover_enabled=&#8221;off&#8221; button_border_radius__hover_enabled=&#8221;off&#8221; button_one_border_radius__hover_enabled=&#8221;off&#8221; button_two_border_radius__hover_enabled=&#8221;off&#8221; button_letter_spacing__hover_enabled=&#8221;off&#8221; button_one_letter_spacing__hover_enabled=&#8221;off&#8221; button_two_letter_spacing__hover_enabled=&#8221;off&#8221; button_bg_color__hover_enabled=&#8221;off&#8221; button_one_bg_color__hover_enabled=&#8221;off&#8221; button_two_bg_color__hover_enabled=&#8221;off&#8221; sticky_enabled=&#8221;0&#8243;][\/et_pb_contact_field][\/et_pb_contact_form][\/et_pb_column][et_pb_column type=&#8221;1_2&#8243; _builder_version=&#8221;3.25&#8243; custom_padding=&#8221;|||&#8221; global_colors_info=&#8221;{}&#8221; custom_padding__hover=&#8221;|||&#8221;][et_pb_image src=&#8221;https:\/\/aquilo.io\/wp-content\/uploads\/2022\/06\/IMG_5124_preview_rev_1.jpeg&#8221; title_text=&#8221;IMG_5124_preview_rev_1&#8243; align_tablet=&#8221;center&#8221; align_phone=&#8221;&#8221; align_last_edited=&#8221;on|desktop&#8221; _builder_version=&#8221;4.9.11&#8243; always_center_on_mobile=&#8221;on&#8221; global_colors_info=&#8221;{}&#8221;][\/et_pb_image][\/et_pb_column][\/et_pb_row][\/et_pb_section][et_pb_section fb_built=&#8221;1&#8243; admin_label=&#8221;Section &#8211; Bottom Blurbs&#8221; module_class=&#8221;bottom-blurbs&#8221; _builder_version=&#8221;4.2.2&#8243; custom_margin=&#8221;10px||40px|&#8221; custom_padding=&#8221;27px||0px|||&#8221; global_module=&#8221;2426&#8243; collapsed=&#8221;on&#8221; global_colors_info=&#8221;{}&#8221;][et_pb_row column_structure=&#8221;1_4,1_4,1_4,1_4&#8243; use_custom_gutter=&#8221;on&#8221; make_equal=&#8221;on&#8221; _builder_version=&#8221;4.9.4&#8243; width=&#8221;90%&#8221; custom_margin=&#8221;0px||0px|&#8221; custom_padding=&#8221;0px||0px|&#8221; global_colors_info=&#8221;{}&#8221;][et_pb_column type=&#8221;1_4&#8243; _builder_version=&#8221;4.9.4&#8243; custom_padding=&#8221;|||&#8221; global_colors_info=&#8221;{}&#8221; custom_padding__hover=&#8221;|||&#8221;][et_pb_blurb title=&#8221;Besplatna dostava  &#8221; use_icon=&#8221;on&#8221; font_icon=&#8221;%%114%%&#8221; icon_color=&#8221;#777777&#8243; icon_placement=&#8221;left&#8221; use_icon_font_size=&#8221;on&#8221; icon_font_size=&#8221;30px&#8221; admin_label=&#8221;Blurb &#8211; Free Shipping&#8221; _builder_version=&#8221;4.9.11&#8243; header_font=&#8221;|600||on|||||&#8221; header_text_color=&#8221;#111111&#8243; header_font_size=&#8221;16px&#8221; body_font=&#8221;|300|||||||&#8221; body_line_height=&#8221;1.5&#8243; global_colors_info=&#8221;{}&#8221;]<\/p>\n<p>za kupnje preko 1.500 EUR<\/p>\n<p>[\/et_pb_blurb][\/et_pb_column][et_pb_column type=&#8221;1_4&#8243; _builder_version=&#8221;3.25&#8243; custom_padding=&#8221;|||&#8221; global_colors_info=&#8221;{}&#8221; custom_padding__hover=&#8221;|||&#8221;][et_pb_blurb title=&#8221;Sigurno pla\u0107anje  &#8221; use_icon=&#8221;on&#8221; font_icon=&#8221;%%113%%&#8221; icon_color=&#8221;#777777&#8243; icon_placement=&#8221;left&#8221; use_icon_font_size=&#8221;on&#8221; icon_font_size=&#8221;30px&#8221; admin_label=&#8221;Blurb &#8211; Secure Payment&#8221; _builder_version=&#8221;4.9.11&#8243; header_font=&#8221;|600||on|||||&#8221; header_text_color=&#8221;#111111&#8243; header_font_size=&#8221;16&#8243; body_font=&#8221;|300|||||||&#8221; body_line_height=&#8221;1.5&#8243; animation=&#8221;off&#8221; global_colors_info=&#8221;{}&#8221;]<\/p>\n<p>zahvaljuju\u0107i pouzdanom platnom sustavu<\/p>\n<p>[\/et_pb_blurb][\/et_pb_column][et_pb_column type=&#8221;1_4&#8243; _builder_version=&#8221;3.25&#8243; custom_padding=&#8221;|||&#8221; global_colors_info=&#8221;{}&#8221; custom_padding__hover=&#8221;|||&#8221;][et_pb_blurb title=&#8221;100% zadovoljstvo  &#8221; use_icon=&#8221;on&#8221; font_icon=&#8221;%%156%%&#8221; icon_color=&#8221;#777777&#8243; icon_placement=&#8221;left&#8221; use_icon_font_size=&#8221;on&#8221; icon_font_size=&#8221;30px&#8221; admin_label=&#8221;Blurb &#8211; Money Guarantee&#8221; _builder_version=&#8221;4.9.11&#8243; header_font=&#8221;|600||on|||||&#8221; header_text_color=&#8221;#111111&#8243; header_font_size=&#8221;16&#8243; body_font=&#8221;|300|||||||&#8221; body_line_height=&#8221;1.5&#8243; animation=&#8221;off&#8221; global_colors_info=&#8221;{}&#8221;]<\/p>\n<p>14-dnevno jamstvo povrata novca<\/p>\n<p>[\/et_pb_blurb][\/et_pb_column][et_pb_column type=&#8221;1_4&#8243; _builder_version=&#8221;3.25&#8243; custom_padding=&#8221;|||&#8221; global_colors_info=&#8221;{}&#8221; custom_padding__hover=&#8221;|||&#8221;][et_pb_blurb title=&#8221;Online podr\u0161ka  &#8221; use_icon=&#8221;on&#8221; font_icon=&#8221;%%133%%&#8221; icon_color=&#8221;#777777&#8243; icon_placement=&#8221;left&#8221; use_icon_font_size=&#8221;on&#8221; icon_font_size=&#8221;30px&#8221; admin_label=&#8221;Blurb &#8211; Online Support&#8221; _builder_version=&#8221;4.9.11&#8243; header_font=&#8221;|600||on|||||&#8221; header_text_color=&#8221;#111111&#8243; header_font_size=&#8221;16&#8243; body_font=&#8221;|300|||||||&#8221; body_line_height=&#8221;1.5&#8243; animation=&#8221;off&#8221; global_colors_info=&#8221;{}&#8221;]<\/p>\n<p>dostupni smo 24\/7<\/p>\n<p>[\/et_pb_blurb][\/et_pb_column][\/et_pb_row][\/et_pb_section][et_pb_section fb_built=&#8221;1&#8243; _builder_version=&#8221;4.9.4&#8243; _module_preset=&#8221;default&#8221; use_background_color_gradient=&#8221;on&#8221; background_color_gradient_start=&#8221;#6b96c7&#8243; background_color_gradient_end=&#8221;#0951a3&#8243; custom_padding=&#8221;40px||30px||false|false&#8221; border_width_bottom=&#8221;1px&#8221; border_color_bottom=&#8221;rgba(137,173,205,0.14)&#8221; global_module=&#8221;3309&#8243; saved_tabs=&#8221;all&#8221; global_colors_info=&#8221;{}&#8221;][et_pb_row column_structure=&#8221;1_4,1_4,1_4,1_4&#8243; use_custom_gutter=&#8221;on&#8221; gutter_width=&#8221;1&#8243; _builder_version=&#8221;4.9.7&#8243; _module_preset=&#8221;default&#8221; width=&#8221;90%&#8221; custom_margin=&#8221;0px||0px||true|false&#8221; custom_padding=&#8221;0px||0px||true|false&#8221; global_colors_info=&#8221;{}&#8221;][et_pb_column type=&#8221;1_4&#8243; _builder_version=&#8221;4.9.4&#8243; _module_preset=&#8221;default&#8221; global_colors_info=&#8221;{}&#8221;][et_pb_image src=&#8221;https:\/\/aquilo.io\/wp-content\/uploads\/2021\/06\/aquilo-biale12.png&#8221; title_text=&#8221;Aquilo Biale12&#8243; _builder_version=&#8221;4.9.9&#8243; _module_preset=&#8221;default&#8221; width=&#8221;27%&#8221; global_colors_info=&#8221;{}&#8221;][\/et_pb_image][et_pb_text admin_label=&#8221;Newsletter Header&#8221; module_class=&#8221;newsletter-header&#8221; _builder_version=&#8221;4.9.4&#8243; text_text_color=&#8221;#FFFFFF&#8221; text_font_size=&#8221;13px&#8221; link_text_color=&#8221;#FFFFFF&#8221; header_text_color=&#8221;#FFFFFF&#8221; header_font_size=&#8221;22px&#8221; header_letter_spacing=&#8221;2px&#8221; module_alignment=&#8221;center&#8221; custom_padding=&#8221;10px||||false|false&#8221; global_colors_info=&#8221;{}&#8221;]<\/p>\n<p><span>Mi smo poljska tvrtka specijalizirana za ku\u0107nu i vrtnu elektroniku. U Aquilu stvaramo inovativna rje\u0161enja osmi\u0161ljena kako bi vam olak\u0161ala svakodnevni \u017eivot. Na\u0161i proizvodi izra\u0111eni su kako bi osigurali va\u0161u sigurnost i udobnost. Aquilo \u2014 za va\u0161 dom.   <\/span><\/p>\n<p>[\/et_pb_text][\/et_pb_column][et_pb_column type=&#8221;1_4&#8243; _builder_version=&#8221;4.9.7&#8243; _module_preset=&#8221;default&#8221; custom_padding=&#8221;|||40px|false|false&#8221; custom_padding_tablet=&#8221;|||0px|false|false&#8221; custom_padding_phone=&#8221;&#8221; custom_padding_last_edited=&#8221;on|phone&#8221; global_colors_info=&#8221;{}&#8221;][et_pb_text admin_label=&#8221;Newsletter Header&#8221; module_class=&#8221;newsletter-header&#8221; _builder_version=&#8221;4.9.11&#8243; header_text_color=&#8221;#FFFFFF&#8221; header_font_size=&#8221;22px&#8221; header_letter_spacing=&#8221;2px&#8221; module_alignment=&#8221;center&#8221; custom_padding_tablet=&#8221;&#8221; custom_padding_phone=&#8221;20px||||false|false&#8221; custom_padding_last_edited=&#8221;on|phone&#8221; global_colors_info=&#8221;{}&#8221;]<\/p>\n<h1>Informacija<\/h1>\n<p>[\/et_pb_text][et_pb_button button_url=&#8221;https:\/\/aquilo.io\/privacy-policy\/&#8221; button_text=&#8221;Pravila o privatnosti&#8221; _builder_version=&#8221;4.9.11&#8243; _module_preset=&#8221;default&#8221; custom_button=&#8221;on&#8221; button_text_size=&#8221;13px&#8221; button_text_color=&#8221;#FFFFFF&#8221; button_bg_color=&#8221;RGBA(0,0,0,0)&#8221; button_border_width=&#8221;0px&#8221; button_icon=&#8221;%%24%%&#8221; button_icon_placement=&#8221;left&#8221; custom_margin=&#8221;5px||0px||false|false&#8221; button_bg_color_tablet=&#8221;&#8221; button_bg_color_phone=&#8221;&#8221; button_bg_color_last_edited=&#8221;on|desktop&#8221; global_colors_info=&#8221;{}&#8221; button_bg_color__hover_enabled=&#8221;on|hover&#8221; button_bg_color__hover=&#8221;RGBA(0,0,0,0)&#8221; button_bg_enable_color__hover=&#8221;on&#8221; button_letter_spacing__hover_enabled=&#8221;on|desktop&#8221; button_letter_spacing__hover=&#8221;2px&#8221;][\/et_pb_button][et_pb_button button_url=&#8221;https:\/\/aquilo.io\/terms-of-service\/&#8221; button_text=&#8221;Uvjeti pru\u017eanja usluge&#8221; _builder_version=&#8221;4.9.11&#8243; _module_preset=&#8221;default&#8221; custom_button=&#8221;on&#8221; button_text_size=&#8221;13px&#8221; button_text_color=&#8221;#FFFFFF&#8221; button_bg_color=&#8221;RGBA(0,0,0,0)&#8221; button_border_width=&#8221;0px&#8221; button_icon=&#8221;%%24%%&#8221; button_icon_placement=&#8221;left&#8221; custom_margin=&#8221;-10px||0px||false|false&#8221; button_bg_color_tablet=&#8221;&#8221; button_bg_color_phone=&#8221;&#8221; button_bg_color_last_edited=&#8221;on|desktop&#8221; global_colors_info=&#8221;{}&#8221; button_bg_color__hover_enabled=&#8221;on|hover&#8221; button_bg_color__hover=&#8221;RGBA(0,0,0,0)&#8221; button_bg_enable_color__hover=&#8221;on&#8221; button_letter_spacing__hover_enabled=&#8221;on|desktop&#8221; button_letter_spacing__hover=&#8221;2px&#8221;][\/et_pb_button][et_pb_button button_url=&#8221;https:\/\/aquilo.io\/delivery-returns-and-warranty\/&#8221; button_text=&#8221;Dostava, povrat i jamstvo&#8221; _builder_version=&#8221;4.9.11&#8243; _module_preset=&#8221;default&#8221; custom_button=&#8221;on&#8221; button_text_size=&#8221;13px&#8221; button_text_color=&#8221;#FFFFFF&#8221; button_bg_color=&#8221;RGBA(0,0,0,0)&#8221; button_border_width=&#8221;0px&#8221; button_icon=&#8221;%%24%%&#8221; button_icon_placement=&#8221;left&#8221; custom_margin=&#8221;-12px||0px||false|false&#8221; button_bg_color_tablet=&#8221;&#8221; button_bg_color_phone=&#8221;&#8221; button_bg_color_last_edited=&#8221;on|desktop&#8221; global_colors_info=&#8221;{}&#8221; button_bg_color__hover_enabled=&#8221;on|hover&#8221; button_bg_color__hover=&#8221;RGBA(0,0,0,0)&#8221; button_bg_enable_color__hover=&#8221;on&#8221; button_letter_spacing__hover_enabled=&#8221;on|desktop&#8221; button_letter_spacing__hover=&#8221;2px&#8221;][\/et_pb_button][\/et_pb_column][et_pb_column type=&#8221;1_4&#8243; _builder_version=&#8221;4.9.4&#8243; _module_preset=&#8221;default&#8221; global_colors_info=&#8221;{}&#8221;][et_pb_text admin_label=&#8221;Newsletter Header&#8221; module_class=&#8221;newsletter-header&#8221; _builder_version=&#8221;4.9.11&#8243; header_text_color=&#8221;#FFFFFF&#8221; header_font_size=&#8221;22px&#8221; header_letter_spacing=&#8221;1px&#8221; module_alignment=&#8221;center&#8221; custom_padding_tablet=&#8221;&#8221; custom_padding_phone=&#8221;20px||||false|false&#8221; custom_padding_last_edited=&#8221;on|phone&#8221; global_colors_info=&#8221;{}&#8221;]<\/p>\n<h1>KAKO VAM MO\u017dEMO POMO\u0106I?<\/h1>\n<p>[\/et_pb_text][et_pb_text admin_label=&#8221;Newsletter Header&#8221; module_class=&#8221;newsletter-header&#8221; _builder_version=&#8221;4.9.11&#8243; text_text_color=&#8221;#FFFFFF&#8221; text_font_size=&#8221;13px&#8221; link_text_color=&#8221;#FFFFFF&#8221; header_text_color=&#8221;#FFFFFF&#8221; header_font_size=&#8221;22px&#8221; header_letter_spacing=&#8221;2px&#8221; width=&#8221;100%&#8221; max_width=&#8221;100%&#8221; module_alignment=&#8221;center&#8221; custom_padding=&#8221;10px||0px||false|false&#8221; global_colors_info=&#8221;{}&#8221;]<\/p>\n<p><strong>Telefon:<\/strong> +48 737 340 752<br \/><strong>E-po\u0161ta:<\/strong> <a href=\"mailto:contact@aquilo.io\">contact@aquilo.io<\/a><br \/><strong>Servisni centar:<\/strong> ul. Graniczna 20, 05-083 Wygl\u0119dy, Poljska <\/p>\n<p>[\/et_pb_text][\/et_pb_column][et_pb_column type=&#8221;1_4&#8243; _builder_version=&#8221;4.9.4&#8243; _module_preset=&#8221;default&#8221; global_colors_info=&#8221;{}&#8221;][et_pb_image src=&#8221;https:\/\/aquilo.io\/wp-content\/uploads\/2021\/07\/loga-unia.png&#8221; title_text=&#8221;loga unija&#8221; url=&#8221;https:\/\/aquilo.io\/projekt-unijny\/&#8221; align=&#8221;center&#8221; align_tablet=&#8221;&#8221; align_phone=&#8221;left&#8221; align_last_edited=&#8221;on|phone&#8221; _builder_version=&#8221;4.9.9&#8243; _module_preset=&#8221;default&#8221; width=&#8221;42%&#8221; custom_margin=&#8221;-10px||||false|false&#8221; custom_margin_tablet=&#8221;&#8221; custom_margin_phone=&#8221;10px||||false|false&#8221; custom_margin_last_edited=&#8221;on|phone&#8221; global_colors_info=&#8221;{}&#8221;][\/et_pb_image][\/et_pb_column][\/et_pb_row][\/et_pb_section]<\/p>\n","protected":false},"excerpt":{"rendered":"<p>Kontaktirajte nasGraniczna ulica 20 05-083 Wygl\u0119dy Poljska Pon-Pet 08:00-16:00Tel: +48 737 340 752 M: contact@aquilo.ioTel: +48 509 909 657 M: ewelina@aquilo.ioKontakt Ostavite nam poruku. Odgovorit \u0107emo vam u roku od jednog radnog dana.za kupnje preko 1.500 EURzahvaljuju\u0107i pouzdanom platnom sustavu14-dnevno jamstvo povrata novcadostupni smo 24\/7Mi smo poljska tvrtka specijalizirana za ku\u0107nu i vrtnu elektroniku. U [&hellip;]<\/p>\n","protected":false},"author":7,"featured_media":0,"parent":0,"menu_order":0,"comment_status":"closed","ping_status":"closed","template":"","meta":{"_et_pb_use_builder":"on","_et_pb_old_content":"","_et_gb_content_width":"","footnotes":""},"class_list":["post-6467","page","type-page","status-publish","hentry"],"_links":{"self":[{"href":"https:\/\/aquilo.io\/hr\/wp-json\/wp\/v2\/pages\/6467","targetHints":{"allow":["GET"]}}],"collection":[{"href":"https:\/\/aquilo.io\/hr\/wp-json\/wp\/v2\/pages"}],"about":[{"href":"https:\/\/aquilo.io\/hr\/wp-json\/wp\/v2\/types\/page"}],"author":[{"embeddable":true,"href":"https:\/\/aquilo.io\/hr\/wp-json\/wp\/v2\/users\/7"}],"replies":[{"embeddable":true,"href":"https:\/\/aquilo.io\/hr\/wp-json\/wp\/v2\/comments?post=6467"}],"version-history":[{"count":4,"href":"https:\/\/aquilo.io\/hr\/wp-json\/wp\/v2\/pages\/6467\/revisions"}],"predecessor-version":[{"id":6495,"href":"https:\/\/aquilo.io\/hr\/wp-json\/wp\/v2\/pages\/6467\/revisions\/6495"}],"wp:attachment":[{"href":"https:\/\/aquilo.io\/hr\/wp-json\/wp\/v2\/media?parent=6467"}],"curies":[{"name":"wp","href":"https:\/\/api.w.org\/{rel}","templated":true}]}}