{"id":6454,"date":"2021-05-14T00:04:00","date_gmt":"2021-05-14T00:04:00","guid":{"rendered":"https:\/\/aquilo.io\/rjesenja\/"},"modified":"2025-06-05T07:30:58","modified_gmt":"2025-06-05T07:30:58","slug":"rjesenja","status":"publish","type":"page","link":"https:\/\/aquilo.io\/hr\/rjesenja\/","title":{"rendered":"Rje\u0161enja"},"content":{"rendered":"<p>[et_pb_section fb_built=&#8221;1&#8243; _builder_version=&#8221;4.9.9&#8243; _module_preset=&#8221;default&#8221; use_background_color_gradient=&#8221;on&#8221; background_color_gradient_start=&#8221;#0951a3&#8243; background_color_gradient_end=&#8221;rgba(0,0,0,0)&#8221; background_color_gradient_end_position=&#8221;50%&#8221; background_color_gradient_overlays_image=&#8221;on&#8221; background_image=&#8221;https:\/\/aquilo.io\/wp-content\/uploads\/2021\/06\/E1BctKuX0AIJUj9-\u2014-kopia.jpg&#8221; background_position=&#8221;bottom_center&#8221; global_colors_info=&#8221;{}&#8221;][et_pb_row _builder_version=&#8221;4.9.4&#8243; _module_preset=&#8221;default&#8221; global_colors_info=&#8221;{}&#8221;][et_pb_column type=&#8221;4_4&#8243; _builder_version=&#8221;4.9.4&#8243; _module_preset=&#8221;default&#8221; global_colors_info=&#8221;{}&#8221;][et_pb_text admin_label=&#8221;Newsletter Header&#8221; module_class=&#8221;newsletter-header&#8221; _builder_version=&#8221;4.9.11&#8243; header_text_align=&#8221;center&#8221; header_text_color=&#8221;#FFFFFF&#8221; header_font_size=&#8221;40px&#8221; header_letter_spacing=&#8221;2px&#8221; module_alignment=&#8221;center&#8221; hover_enabled=&#8221;0&#8243; header_font_size_tablet=&#8221;22px&#8221; header_font_size_phone=&#8221;&#8221; header_font_size_last_edited=&#8221;on|tablet&#8221; header_text_shadow_style=&#8221;preset3&#8243; header_text_shadow_color=&#8221;#000000&#8243; global_colors_info=&#8221;{}&#8221; sticky_enabled=&#8221;0&#8243;]<\/p>\n<h1>Rje\u0161enja<\/h1>\n<p>[\/et_pb_text][\/et_pb_column][\/et_pb_row][\/et_pb_section][et_pb_section fb_built=&#8221;1&#8243; _builder_version=&#8221;4.9.4&#8243; _module_preset=&#8221;default&#8221; custom_padding=&#8221;49px||49px||true|&#8221; global_colors_info=&#8221;{}&#8221;][et_pb_row _builder_version=&#8221;3.25&#8243; custom_padding=&#8221;0px||10px|||&#8221; global_colors_info=&#8221;{}&#8221;][et_pb_column type=&#8221;4_4&#8243; _builder_version=&#8221;3.25&#8243; custom_padding=&#8221;|||&#8221; global_colors_info=&#8221;{}&#8221; custom_padding__hover=&#8221;|||&#8221;][et_pb_text admin_label=&#8221;Default Header&#8221; module_class=&#8221;default-header&#8221; _builder_version=&#8221;4.9.7&#8243; module_alignment=&#8221;right&#8221; global_colors_info=&#8221;{}&#8221;]<\/p>\n<h1>Rje\u0161enja<\/h1>\n<p>Otkrijte kako vam Aquilo senzor mo\u017ee pomo\u0107i<\/p>\n<p>[\/et_pb_text][\/et_pb_column][\/et_pb_row][et_pb_row column_structure=&#8221;1_3,1_3,1_3&#8243; _builder_version=&#8221;4.9.4&#8243; _module_preset=&#8221;default&#8221; global_colors_info=&#8221;{}&#8221;][et_pb_column type=&#8221;1_3&#8243; _builder_version=&#8221;4.9.4&#8243; _module_preset=&#8221;default&#8221; global_colors_info=&#8221;{}&#8221;][et_pb_image src=&#8221;https:\/\/aquilo.io\/wp-content\/uploads\/2022\/10\/new-1572747_960_720500.jpg&#8221; title_text=&#8221;novo-1572747_960_720500&#8243; _builder_version=&#8221;4.9.11&#8243; _module_preset=&#8221;default&#8221; global_colors_info=&#8221;{}&#8221;][\/et_pb_image][et_pb_text _builder_version=&#8221;4.9.11&#8243; _module_preset=&#8221;default&#8221; hover_enabled=&#8221;0&#8243; global_colors_info=&#8221;{}&#8221; sticky_enabled=&#8221;0&#8243;]<\/p>\n<h2 style=\"text-align: center;\"><strong>OBITELJSKE KU\u0106E<\/strong><\/h2>\n<p>Na\u0161i ure\u0111aji omogu\u0107uju vam pra\u0107enje razine teku\u0107ine u: septi\u010dkim jamama, spremnicima za ki\u0161nicu ili spremnicima za lo\u017e ulje. S Aquilo senzorom ne\u0107ete se morati brinuti o neo\u010dekivanim prelijevanjima ili pra\u017enjenjima. U\u0161tedjet \u0107ete vrijeme i stres jer \u0107e vas sustav obavijestiti o trenutnoj razini napunjenosti i procijenjenom vremenu punjenja ili pra\u017enjenja spremnika. Va\u0161 dom bit \u0107e siguran i ni\u0161ta vas ne\u0107e iznenaditi.   <\/p>\n<p>&nbsp;[\/et_pb_text][\/et_pb_column][et_pb_column type=&#8221;1_3&#8243; _builder_version=&#8221;4.9.4&#8243; _module_preset=&#8221;default&#8221; global_colors_info=&#8221;{}&#8221;][et_pb_image src=&#8221;https:\/\/aquilo.io\/wp-content\/uploads\/2022\/10\/garden-shed-419266_960_720500.jpg&#8221; title_text=&#8221;vrtna-\u0161upa-419266_960_720500&#8243; _builder_version=&#8221;4.9.11&#8243; _module_preset=&#8221;default&#8221; global_colors_info=&#8221;{}&#8221;][\/et_pb_image][et_pb_text _builder_version=&#8221;4.9.11&#8243; _module_preset=&#8221;default&#8221; hover_enabled=&#8221;0&#8243; global_colors_info=&#8221;{}&#8221; sticky_enabled=&#8221;0&#8243;]<\/p>\n<h2 style=\"text-align: center;\"><strong>KU\u0106E ZA ODMOR<\/strong><\/h2>\n<p>  Dok se opu\u0161tate, Aquilo nadzorni ure\u0111aj prikuplja informacije o stanju va\u0161e septi\u010dke jame ili spremnika za ki\u0161nicu. Kada teku\u0107ina dosegne kriti\u010dnu razinu, Aquilo aplikacija \u0107e vas odmah obavijestiti. Nema vi\u0161e neo\u010dekivanih incidenata. Sigurnost i prakti\u010dnost s Aquilom.   <\/p>\n<p>[\/et_pb_text][\/et_pb_column][et_pb_column type=&#8221;1_3&#8243; _builder_version=&#8221;4.9.4&#8243; _module_preset=&#8221;default&#8221; global_colors_info=&#8221;{}&#8221;][et_pb_image src=&#8221;https:\/\/aquilo.io\/wp-content\/uploads\/2022\/10\/architecture-3383067_960_720500.jpg&#8221; title_text=&#8221;arhitektura-3383067_960_720500&#8243; _builder_version=&#8221;4.9.11&#8243; _module_preset=&#8221;default&#8221; global_colors_info=&#8221;{}&#8221;][\/et_pb_image][et_pb_text _builder_version=&#8221;4.9.11&#8243; _module_preset=&#8221;default&#8221; hover_enabled=&#8221;0&#8243; global_colors_info=&#8221;{}&#8221; sticky_enabled=&#8221;0&#8243;]<\/p>\n<h2 style=\"text-align: center;\"><strong>STAMBENA NASELJA<\/strong><\/h2>\n<p>  \u017delimo vas upoznati s erom modernog i pametnog upravljanja obiteljskim ku\u0107ama i vikendicama. Vodite brigu o financijama svog imanja. Usluge sanitacije mogu biti skupe. Pomo\u0107u Aquilo senzora znat \u0107ete stanje spremnika prije i nakon rada stru\u010dnjaka za sanitaciju.   <\/p>\n<p>[\/et_pb_text][\/et_pb_column][\/et_pb_row][et_pb_row column_structure=&#8221;1_3,1_3,1_3&#8243; _builder_version=&#8221;4.9.7&#8243; _module_preset=&#8221;default&#8221; width=&#8221;80.4%&#8221; width_tablet=&#8221;80%&#8221; width_phone=&#8221;&#8221; width_last_edited=&#8221;on|tablet&#8221; global_colors_info=&#8221;{}&#8221;][et_pb_column type=&#8221;1_3&#8243; _builder_version=&#8221;4.9.4&#8243; _module_preset=&#8221;default&#8221; global_colors_info=&#8221;{}&#8221;][et_pb_image src=&#8221;https:\/\/aquilo.io\/wp-content\/uploads\/2022\/10\/farm-5449624_960_720500.jpg&#8221; title_text=&#8221;farma-5449624_960_720500&#8243; _builder_version=&#8221;4.9.11&#8243; _module_preset=&#8221;default&#8221; global_colors_info=&#8221;{}&#8221;][\/et_pb_image][et_pb_text _builder_version=&#8221;4.9.11&#8243; _module_preset=&#8221;default&#8221; hover_enabled=&#8221;0&#8243; global_colors_info=&#8221;{}&#8221; sticky_enabled=&#8221;0&#8243;]<\/p>\n<h2 style=\"text-align: center;\"><strong>POLJOPRIVREDA<\/strong><\/h2>\n<p>  Aquilo senzor je moderni ure\u0111aj koji omogu\u0107uje automatizaciju va\u0161e farme. Daljinski pratite spremnike vode za navodnjavanje i zalijevanje usjeva. Brzo otkrijte curenja u spremnicima kako biste sprije\u010dili nepotreban gubitak vode. U\u0161tedite vodu s Aquilom.   <\/p>\n<p>[\/et_pb_text][\/et_pb_column][et_pb_column type=&#8221;1_3&#8243; _builder_version=&#8221;4.9.4&#8243; _module_preset=&#8221;default&#8221; global_colors_info=&#8221;{}&#8221;][et_pb_image src=&#8221;https:\/\/aquilo.io\/wp-content\/uploads\/2022\/10\/gasoline-tanks-2178982_960_720500.jpg&#8221; title_text=&#8221;spremnici-za-benzin-2178982_960_720500&#8243; _builder_version=&#8221;4.9.11&#8243; _module_preset=&#8221;default&#8221; global_colors_info=&#8221;{}&#8221;][\/et_pb_image][et_pb_text _builder_version=&#8221;4.9.11&#8243; _module_preset=&#8221;default&#8221; hover_enabled=&#8221;0&#8243; global_colors_info=&#8221;{}&#8221; sticky_enabled=&#8221;0&#8243;]<\/p>\n<h2 style=\"text-align: center;\"><strong>INDUSTRIJA<\/strong><\/h2>\n<p>  Skladi\u0161tite li ulja, parafin, gorivo ili druge korozivne tvari? Pomo\u0107u Aquilo senzora mo\u017eete neinvazivno pratiti razinu teku\u0107ine u spremnicima. Montirajte senzor na plasti\u010dni poklopac i ne brinite o korozivnim teku\u0107inama koje dolaze u kontakt s ure\u0111ajem. Osigurajte sigurnost pravovremenim rje\u0161avanjem kvarova na spremnicima.   <\/p>\n<p>[\/et_pb_text][\/et_pb_column][et_pb_column type=&#8221;1_3&#8243; _builder_version=&#8221;4.9.4&#8243; _module_preset=&#8221;default&#8221; global_colors_info=&#8221;{}&#8221;][et_pb_image src=&#8221;https:\/\/aquilo.io\/wp-content\/uploads\/2022\/10\/architecture-1836409_960_720500.jpg&#8221; title_text=&#8221;arhitektura-1836409_960_720500&#8243; _builder_version=&#8221;4.9.11&#8243; _module_preset=&#8221;default&#8221; global_colors_info=&#8221;{}&#8221;][\/et_pb_image][et_pb_text _builder_version=&#8221;4.9.11&#8243; _module_preset=&#8221;default&#8221; hover_enabled=&#8221;0&#8243; global_colors_info=&#8221;{}&#8221; sticky_enabled=&#8221;0&#8243;]<\/p>\n<h2 style=\"text-align: center;\"><strong>GRADOVI<\/strong><\/h2>\n<p>  \u017delimo vas upoznati s erom modernog upravljanja kanalizacijskim i toplinskim mre\u017eama u gradovima. Aquilo senzor omogu\u0107uje pra\u0107enje dostupnosti kanalizacijskih \u0161ahtova i detektira kvarove u kanalskim toplinskim mre\u017eama. Optimizirajte upravljanje osobljem i pro\u0161irite svoju virtualnu kanalizacijsku\/toplinsku mre\u017eu (digitalni blizanac).  <\/p>\n<p>[\/et_pb_text][\/et_pb_column][\/et_pb_row][et_pb_row _builder_version=&#8221;3.25&#8243; custom_padding=&#8221;0px||10px|||&#8221; global_colors_info=&#8221;{}&#8221;][et_pb_column type=&#8221;4_4&#8243; _builder_version=&#8221;3.25&#8243; custom_padding=&#8221;|||&#8221; global_colors_info=&#8221;{}&#8221; custom_padding__hover=&#8221;|||&#8221;][et_pb_text admin_label=&#8221;Default Header&#8221; module_class=&#8221;default-header&#8221; _builder_version=&#8221;4.9.11&#8243; module_alignment=&#8221;right&#8221; hover_enabled=&#8221;0&#8243; global_colors_info=&#8221;{}&#8221; sticky_enabled=&#8221;0&#8243;]<\/p>\n<h1>Odaberite svoj Aquilo senzor<\/h1>\n<p>Ku\u0107ni senzor ili profesionalni?<\/p>\n<p>[\/et_pb_text][\/et_pb_column][\/et_pb_row][et_pb_row column_structure=&#8221;1_5,3_5,1_5&#8243; _builder_version=&#8221;3.25&#8243; custom_padding=&#8221;0px||10px|||&#8221; global_colors_info=&#8221;{}&#8221;][et_pb_column type=&#8221;1_5&#8243; _builder_version=&#8221;3.25&#8243; custom_padding=&#8221;|||&#8221; global_colors_info=&#8221;{}&#8221; custom_padding__hover=&#8221;|||&#8221;][\/et_pb_column][et_pb_column type=&#8221;3_5&#8243; _builder_version=&#8221;3.25&#8243; custom_padding=&#8221;|||&#8221; global_colors_info=&#8221;{}&#8221; custom_padding__hover=&#8221;|||&#8221;][et_pb_shop type=&#8221;product_category&#8221; posts_number=&#8221;2&#8243; include_categories=&#8221;all&#8221; columns_number=&#8221;2&#8243; orderby=&#8221;menu_order&#8221; _builder_version=&#8221;4.9.11&#8243; _module_preset=&#8221;default&#8221; global_colors_info=&#8221;{}&#8221;][\/et_pb_shop][\/et_pb_column][et_pb_column type=&#8221;1_5&#8243; _builder_version=&#8221;3.25&#8243; custom_padding=&#8221;|||&#8221; global_colors_info=&#8221;{}&#8221; custom_padding__hover=&#8221;|||&#8221;][\/et_pb_column][\/et_pb_row][et_pb_row _builder_version=&#8221;4.9.11&#8243; custom_padding=&#8221;0px||10px|||&#8221; hover_enabled=&#8221;0&#8243; global_colors_info=&#8221;{}&#8221; sticky_enabled=&#8221;0&#8243;][et_pb_column type=&#8221;4_4&#8243; _builder_version=&#8221;3.25&#8243; custom_padding=&#8221;|||&#8221; global_colors_info=&#8221;{}&#8221; custom_padding__hover=&#8221;|||&#8221;][et_pb_text admin_label=&#8221;Default Header&#8221; module_class=&#8221;default-header&#8221; _builder_version=&#8221;4.9.11&#8243; module_alignment=&#8221;right&#8221; hover_enabled=&#8221;0&#8243; global_colors_info=&#8221;{}&#8221; sticky_enabled=&#8221;0&#8243;]<\/p>\n<h1>Usporedite pretplatni\u010dke planove<\/h1>\n<p>Pogledajte prednosti PREMIUM i PRO LTE verzija<\/p>\n<p>[\/et_pb_text][et_pb_pricing_tables _builder_version=&#8221;4.9.11&#8243; _module_preset=&#8221;default&#8221; hover_enabled=&#8221;0&#8243; global_colors_info=&#8221;{}&#8221; sticky_enabled=&#8221;0&#8243;][et_pb_pricing_table title=&#8221;PREMIJA&#8221; subtitle=&#8221;Za Aquilo ku\u0107ne senzore&#8221; currency=&#8221;EUR&#8221; per=&#8221;mjesec&#8221; sum=&#8221;1.50&#8243; button_url=&#8221;https:\/\/aquilo.io\/produkt\/aquilo-wifi-liquid-level-sensor-wireless\/&#8221; button_text=&#8221;Odaberite ovaj plan&#8221; _builder_version=&#8221;4.9.11&#8243; _module_preset=&#8221;default&#8221; hover_enabled=&#8221;0&#8243; global_colors_info=&#8221;{}&#8221; sticky_transition=&#8221;on&#8221; sticky_enabled=&#8221;0&#8243;]+ Komunikacija u oblaku: WiFi<\/p>\n<p>+ Neograni\u010den broj tenkova po ra\u010dunu<\/p>\n<p>+ iOS, Android, web aplikacija<\/p>\n<p>+ Informacije o razini teku\u0107ine<\/p>\n<p>+ O\u010ditavanje a\u017euriranja nakon svake promjene razine teku\u0107ine, najmanje svakih 8 sati<\/p>\n<p>+ Pristup povijesti: 2 godine<\/p>\n<p>+ Obavijesti telefonom i e-po\u0161tom<\/p>\n<p>+ Slanje SMS-ova<\/p>\n<p>+ Integracija s Home Assistantom ili Loxoneom<\/p>\n<p>+ Dostupan REST API<\/p>\n<p>&#8211; Izvoz podataka u CSV formatu<\/p>\n<p>+ Premium podr\u0161ka<\/p>\n<p>+ Prikaz statusa spremnika bez reklama[\/et_pb_pricing_table][et_pb_pricing_table title=&#8221;OSNOVNO&#8221; subtitle=&#8221;  Za Aquilo ku\u0107ne senzore&#8221; currency=&#8221;EUR&#8221; sum=&#8221;0&#8243; button_url=&#8221;https:\/\/aquilo.io\/produkt\/aquilo-wifi-liquid-level-sensor-wireless\/&#8221; button_text=&#8221;Odaberite ovaj plan&#8221; _builder_version=&#8221;4.9.11&#8243; _module_preset=&#8221;default&#8221; hover_enabled=&#8221;0&#8243; global_colors_info=&#8221;{}&#8221; sticky_transition=&#8221;on&#8221; sticky_enabled=&#8221;0&#8243;]<\/p>\n<p>+ Komunikacija u oblaku: WiFi<\/p>\n<p>+ Jedan tenk po ra\u010dunu<\/p>\n<p>+ iOS, Android, web aplikacija<\/p>\n<p>+ Informacije o razini teku\u0107ine<\/p>\n<p>+ A\u017euriranja \u010ditanja svakih 8 sati<\/p>\n<p>+ Pristup povijesti: 60 dana<\/p>\n<p>+ Obavijesti na telefonu<\/p>\n<p>&#8211; Slanje SMS-ova<\/p>\n<p>+ Integracija s Home Assistantom ili Loxoneom<\/p>\n<p>+ Dostupan REST API<\/p>\n<p>&#8211; Izvoz podataka u CSV formatu<\/p>\n<p>&#8211; Premium podr\u0161ka<\/p>\n<p>&#8211; Prikaz statusa spremnika bez oglasa<\/p>\n<p>[\/et_pb_pricing_table][et_pb_pricing_table title=&#8221;PRO LTE&#8221; subtitle=&#8221;Za Aquilo profesionalne senzore&#8221; currency=&#8221;EUR&#8221; per=&#8221;mjese\u010dno po spremniku&#8221; sum=&#8221;3.99&#8243; button_url=&#8221;https:\/\/aquilo.io\/produkt\/aquilo-lte-liquid-level-sensor-wireless\/&#8221; button_text=&#8221;Odaberite ovaj plan&#8221; _builder_version=&#8221;4.9.11&#8243; _module_preset=&#8221;default&#8221; hover_enabled=&#8221;0&#8243; global_colors_info=&#8221;{}&#8221; sticky_transition=&#8221;on&#8221; sticky_enabled=&#8221;0&#8243;]<\/p>\n<p>+ Komunikacija u oblaku: CAT-M1 \/ 4G LTE \/ 3G<\/p>\n<p>+<\/p>\n<p> Neograni\u010den broj tenkova po ra\u010dunu<\/p>\n<p>+ iOS, Android, web aplikacija<\/p>\n<p>+ Informacije o razini teku\u0107ine<\/p>\n<p>+ \u010citanje a\u017euriranja u slu\u010daju kvara, najmanje svakih 12 sati<\/p>\n<p>+ Pristup povijesti: 3 godine<\/p>\n<p>+ Obavijesti telefonom i e-po\u0161tom<\/p>\n<p>+ Slanje SMS-ova<\/p>\n<p>+ Integracija s Home Assistantom ili Loxoneom<\/p>\n<p>+ Dostupan REST API<\/p>\n<p>+ Izvoz podataka u CSV formatu<\/p>\n<p>+ Premium podr\u0161ka<\/p>\n<p>+ Prikaz statusa spremnika bez reklama<\/p>\n<p>[\/et_pb_pricing_table][\/et_pb_pricing_tables][\/et_pb_column][\/et_pb_row][\/et_pb_section][et_pb_section fb_built=&#8221;1&#8243; _builder_version=&#8221;4.9.4&#8243; _module_preset=&#8221;default&#8221; use_background_color_gradient=&#8221;on&#8221; background_color_gradient_start=&#8221;#6b96c7&#8243; background_color_gradient_end=&#8221;#0951a3&#8243; custom_padding=&#8221;40px||30px||false|false&#8221; border_width_bottom=&#8221;1px&#8221; border_color_bottom=&#8221;rgba(137,173,205,0.14)&#8221; global_module=&#8221;3309&#8243; saved_tabs=&#8221;all&#8221; global_colors_info=&#8221;{}&#8221;][et_pb_row column_structure=&#8221;1_4,1_4,1_4,1_4&#8243; use_custom_gutter=&#8221;on&#8221; gutter_width=&#8221;1&#8243; _builder_version=&#8221;4.9.7&#8243; _module_preset=&#8221;default&#8221; width=&#8221;90%&#8221; custom_margin=&#8221;0px||0px||true|false&#8221; custom_padding=&#8221;0px||0px||true|false&#8221; global_colors_info=&#8221;{}&#8221;][et_pb_column type=&#8221;1_4&#8243; _builder_version=&#8221;4.9.4&#8243; _module_preset=&#8221;default&#8221; global_colors_info=&#8221;{}&#8221;][et_pb_image src=&#8221;https:\/\/aquilo.io\/wp-content\/uploads\/2021\/06\/aquilo-biale12.png&#8221; title_text=&#8221;Aquilo Biale12&#8243; _builder_version=&#8221;4.9.9&#8243; _module_preset=&#8221;default&#8221; width=&#8221;27%&#8221; global_colors_info=&#8221;{}&#8221;][\/et_pb_image][et_pb_text admin_label=&#8221;Newsletter Header&#8221; module_class=&#8221;newsletter-header&#8221; _builder_version=&#8221;4.9.4&#8243; text_text_color=&#8221;#FFFFFF&#8221; text_font_size=&#8221;13px&#8221; link_text_color=&#8221;#FFFFFF&#8221; header_text_color=&#8221;#FFFFFF&#8221; header_font_size=&#8221;22px&#8221; header_letter_spacing=&#8221;2px&#8221; module_alignment=&#8221;center&#8221; custom_padding=&#8221;10px||||false|false&#8221; global_colors_info=&#8221;{}&#8221;]<\/p>\n<p><span>Mi smo poljska tvrtka specijalizirana za ku\u0107nu i vrtnu elektroniku. U Aquilu stvaramo inovativna rje\u0161enja osmi\u0161ljena kako bi vam olak\u0161ala svakodnevni \u017eivot. Na\u0161i proizvodi izra\u0111eni su kako bi osigurali va\u0161u sigurnost i udobnost. Aquilo \u2014 za va\u0161 dom.   <\/span><\/p>\n<p>[\/et_pb_text][\/et_pb_column][et_pb_column type=&#8221;1_4&#8243; _builder_version=&#8221;4.9.7&#8243; _module_preset=&#8221;default&#8221; custom_padding=&#8221;|||40px|false|false&#8221; custom_padding_tablet=&#8221;|||0px|false|false&#8221; custom_padding_phone=&#8221;&#8221; custom_padding_last_edited=&#8221;on|phone&#8221; global_colors_info=&#8221;{}&#8221;][et_pb_text admin_label=&#8221;Newsletter Header&#8221; module_class=&#8221;newsletter-header&#8221; _builder_version=&#8221;4.9.11&#8243; header_text_color=&#8221;#FFFFFF&#8221; header_font_size=&#8221;22px&#8221; header_letter_spacing=&#8221;2px&#8221; module_alignment=&#8221;center&#8221; custom_padding_tablet=&#8221;&#8221; custom_padding_phone=&#8221;20px||||false|false&#8221; custom_padding_last_edited=&#8221;on|phone&#8221; global_colors_info=&#8221;{}&#8221;]<\/p>\n<h1>Informacija<\/h1>\n<p>[\/et_pb_text][et_pb_button button_url=&#8221;https:\/\/aquilo.io\/privacy-policy\/&#8221; button_text=&#8221;Pravila o privatnosti&#8221; _builder_version=&#8221;4.9.11&#8243; _module_preset=&#8221;default&#8221; custom_button=&#8221;on&#8221; button_text_size=&#8221;13px&#8221; button_text_color=&#8221;#FFFFFF&#8221; button_bg_color=&#8221;RGBA(0,0,0,0)&#8221; button_border_width=&#8221;0px&#8221; button_icon=&#8221;%%24%%&#8221; button_icon_placement=&#8221;left&#8221; custom_margin=&#8221;5px||0px||false|false&#8221; button_bg_color_tablet=&#8221;&#8221; button_bg_color_phone=&#8221;&#8221; button_bg_color_last_edited=&#8221;on|desktop&#8221; global_colors_info=&#8221;{}&#8221; button_bg_color__hover_enabled=&#8221;on|hover&#8221; button_bg_color__hover=&#8221;RGBA(0,0,0,0)&#8221; button_bg_enable_color__hover=&#8221;on&#8221; button_letter_spacing__hover_enabled=&#8221;on|desktop&#8221; button_letter_spacing__hover=&#8221;2px&#8221;][\/et_pb_button][et_pb_button button_url=&#8221;https:\/\/aquilo.io\/terms-of-service\/&#8221; button_text=&#8221;Uvjeti pru\u017eanja usluge&#8221; _builder_version=&#8221;4.9.11&#8243; _module_preset=&#8221;default&#8221; custom_button=&#8221;on&#8221; button_text_size=&#8221;13px&#8221; button_text_color=&#8221;#FFFFFF&#8221; button_bg_color=&#8221;RGBA(0,0,0,0)&#8221; button_border_width=&#8221;0px&#8221; button_icon=&#8221;%%24%%&#8221; button_icon_placement=&#8221;left&#8221; custom_margin=&#8221;-10px||0px||false|false&#8221; button_bg_color_tablet=&#8221;&#8221; button_bg_color_phone=&#8221;&#8221; button_bg_color_last_edited=&#8221;on|desktop&#8221; global_colors_info=&#8221;{}&#8221; button_bg_color__hover_enabled=&#8221;on|hover&#8221; button_bg_color__hover=&#8221;RGBA(0,0,0,0)&#8221; button_bg_enable_color__hover=&#8221;on&#8221; button_letter_spacing__hover_enabled=&#8221;on|desktop&#8221; button_letter_spacing__hover=&#8221;2px&#8221;][\/et_pb_button][et_pb_button button_url=&#8221;https:\/\/aquilo.io\/delivery-returns-and-warranty\/&#8221; button_text=&#8221;Dostava, povrat i jamstvo&#8221; _builder_version=&#8221;4.9.11&#8243; _module_preset=&#8221;default&#8221; custom_button=&#8221;on&#8221; button_text_size=&#8221;13px&#8221; button_text_color=&#8221;#FFFFFF&#8221; button_bg_color=&#8221;RGBA(0,0,0,0)&#8221; button_border_width=&#8221;0px&#8221; button_icon=&#8221;%%24%%&#8221; button_icon_placement=&#8221;left&#8221; custom_margin=&#8221;-12px||0px||false|false&#8221; button_bg_color_tablet=&#8221;&#8221; button_bg_color_phone=&#8221;&#8221; button_bg_color_last_edited=&#8221;on|desktop&#8221; global_colors_info=&#8221;{}&#8221; button_bg_color__hover_enabled=&#8221;on|hover&#8221; button_bg_color__hover=&#8221;RGBA(0,0,0,0)&#8221; button_bg_enable_color__hover=&#8221;on&#8221; button_letter_spacing__hover_enabled=&#8221;on|desktop&#8221; button_letter_spacing__hover=&#8221;2px&#8221;][\/et_pb_button][\/et_pb_column][et_pb_column type=&#8221;1_4&#8243; _builder_version=&#8221;4.9.4&#8243; _module_preset=&#8221;default&#8221; global_colors_info=&#8221;{}&#8221;][et_pb_text admin_label=&#8221;Newsletter Header&#8221; module_class=&#8221;newsletter-header&#8221; _builder_version=&#8221;4.9.11&#8243; header_text_color=&#8221;#FFFFFF&#8221; header_font_size=&#8221;22px&#8221; header_letter_spacing=&#8221;1px&#8221; module_alignment=&#8221;center&#8221; custom_padding_tablet=&#8221;&#8221; custom_padding_phone=&#8221;20px||||false|false&#8221; custom_padding_last_edited=&#8221;on|phone&#8221; global_colors_info=&#8221;{}&#8221;]<\/p>\n<h1>KAKO VAM MO\u017dEMO POMO\u0106I?<\/h1>\n<p>[\/et_pb_text][et_pb_text admin_label=&#8221;Newsletter Header&#8221; module_class=&#8221;newsletter-header&#8221; _builder_version=&#8221;4.9.11&#8243; text_text_color=&#8221;#FFFFFF&#8221; text_font_size=&#8221;13px&#8221; link_text_color=&#8221;#FFFFFF&#8221; header_text_color=&#8221;#FFFFFF&#8221; header_font_size=&#8221;22px&#8221; header_letter_spacing=&#8221;2px&#8221; width=&#8221;100%&#8221; max_width=&#8221;100%&#8221; module_alignment=&#8221;center&#8221; custom_padding=&#8221;10px||0px||false|false&#8221; global_colors_info=&#8221;{}&#8221;]<\/p>\n<p><strong>Telefon:<\/strong> +48 737 340 752<br \/><strong>E-po\u0161ta:<\/strong> <a href=\"mailto:contact@aquilo.io\">contact@aquilo.io<\/a><br \/><strong>Servisni centar:<\/strong> ul. Graniczna 20, 05-083 Wygl\u0119dy, Poljska <\/p>\n<p>[\/et_pb_text][\/et_pb_column][et_pb_column type=&#8221;1_4&#8243; _builder_version=&#8221;4.9.4&#8243; _module_preset=&#8221;default&#8221; global_colors_info=&#8221;{}&#8221;][et_pb_image src=&#8221;https:\/\/aquilo.io\/wp-content\/uploads\/2021\/07\/loga-unia.png&#8221; title_text=&#8221;loga unija&#8221; url=&#8221;https:\/\/aquilo.io\/projekt-unijny\/&#8221; align=&#8221;center&#8221; align_tablet=&#8221;&#8221; align_phone=&#8221;left&#8221; align_last_edited=&#8221;on|phone&#8221; _builder_version=&#8221;4.9.9&#8243; _module_preset=&#8221;default&#8221; width=&#8221;42%&#8221; custom_margin=&#8221;-10px||||false|false&#8221; custom_margin_tablet=&#8221;&#8221; custom_margin_phone=&#8221;10px||||false|false&#8221; custom_margin_last_edited=&#8221;on|phone&#8221; global_colors_info=&#8221;{}&#8221;][\/et_pb_image][\/et_pb_column][\/et_pb_row][\/et_pb_section]<\/p>\n","protected":false},"excerpt":{"rendered":"<p>Rje\u0161enjaRje\u0161enja Otkrijte kako vam Aquilo senzor mo\u017ee pomo\u0107iOBITELJSKE KU\u0106E Na\u0161i ure\u0111aji omogu\u0107uju vam pra\u0107enje razine teku\u0107ine u: septi\u010dkim jamama, spremnicima za ki\u0161nicu ili spremnicima za lo\u017e ulje. S Aquilo senzorom ne\u0107ete se morati brinuti o neo\u010dekivanim prelijevanjima ili pra\u017enjenjima. U\u0161tedjet \u0107ete vrijeme i stres jer \u0107e vas sustav obavijestiti o trenutnoj razini napunjenosti i procijenjenom [&hellip;]<\/p>\n","protected":false},"author":7,"featured_media":0,"parent":0,"menu_order":0,"comment_status":"closed","ping_status":"closed","template":"","meta":{"_et_pb_use_builder":"on","_et_pb_old_content":"","_et_gb_content_width":"","footnotes":""},"class_list":["post-6454","page","type-page","status-publish","hentry"],"_links":{"self":[{"href":"https:\/\/aquilo.io\/hr\/wp-json\/wp\/v2\/pages\/6454","targetHints":{"allow":["GET"]}}],"collection":[{"href":"https:\/\/aquilo.io\/hr\/wp-json\/wp\/v2\/pages"}],"about":[{"href":"https:\/\/aquilo.io\/hr\/wp-json\/wp\/v2\/types\/page"}],"author":[{"embeddable":true,"href":"https:\/\/aquilo.io\/hr\/wp-json\/wp\/v2\/users\/7"}],"replies":[{"embeddable":true,"href":"https:\/\/aquilo.io\/hr\/wp-json\/wp\/v2\/comments?post=6454"}],"version-history":[{"count":6,"href":"https:\/\/aquilo.io\/hr\/wp-json\/wp\/v2\/pages\/6454\/revisions"}],"predecessor-version":[{"id":6500,"href":"https:\/\/aquilo.io\/hr\/wp-json\/wp\/v2\/pages\/6454\/revisions\/6500"}],"wp:attachment":[{"href":"https:\/\/aquilo.io\/hr\/wp-json\/wp\/v2\/media?parent=6454"}],"curies":[{"name":"wp","href":"https:\/\/api.w.org\/{rel}","templated":true}]}}