{"id":6361,"date":"2022-09-13T07:42:35","date_gmt":"2022-09-13T07:42:35","guid":{"rendered":"https:\/\/aquilo.io\/product\/aquilo-wifi-lahetin-nestepinnan-tasoanturille-verkkovirralla-toimivalle-anturille\/"},"modified":"2025-06-05T08:51:28","modified_gmt":"2025-06-05T08:51:28","slug":"aquilo-wifi-lahetin-nestepinnan-tasoanturille-verkkovirralla-toimivalle-anturille","status":"publish","type":"product","link":"https:\/\/aquilo.io\/fi\/tuote\/aquilo-wifi-lahetin-nestepinnan-tasoanturille-verkkovirralla-toimivalle-anturille\/","title":{"rendered":"Aquilo WIFI-l\u00e4hetin nestepinnan tasoanturille verkkovirralla toimivalle anturille"},"content":{"rendered":"<p>[et_pb_section fb_built=&#8221;1&#8243; _builder_version=&#8221;4.9.4&#8243; _module_preset=&#8221;default&#8221; custom_padding=&#8221;50px||0px|||&#8221; global_colors_info=&#8221;{}&#8221;][et_pb_row _builder_version=&#8221;4.9.4&#8243; _module_preset=&#8221;default&#8221; custom_padding=&#8221;0px|||||&#8221; global_colors_info=&#8221;{}&#8221;][et_pb_column type=&#8221;4_4&#8243; _builder_version=&#8221;4.9.4&#8243; _module_preset=&#8221;default&#8221; global_colors_info=&#8221;{}&#8221;][et_pb_button button_url=&#8221;https:\/\/aquilo.io\/aquilo_blue\/sklep\/&#8221; button_text=&#8221;wr\u00f3\u0107 do sklepu&#8221; _builder_version=&#8221;4.9.4&#8243; _module_preset=&#8221;default&#8221; global_colors_info=&#8221;{}&#8221;][\/et_pb_button][\/et_pb_column][\/et_pb_row][et_pb_row _builder_version=&#8221;4.2.2&#8243; custom_padding=&#8221;0px||0px|||&#8221; global_colors_info=&#8221;{}&#8221;][et_pb_column type=&#8221;4_4&#8243; _builder_version=&#8221;4.2.2&#8243; global_colors_info=&#8221;{}&#8221;][et_pb_wc_cart_notice _builder_version=&#8221;4.2.2&#8243; global_colors_info=&#8221;{}&#8221;][\/et_pb_wc_cart_notice][\/et_pb_column][\/et_pb_row][et_pb_row column_structure=&#8221;1_2,1_2&#8243; _builder_version=&#8221;4.9.4&#8243; _module_preset=&#8221;default&#8221; custom_padding=&#8221;0px||0px|||&#8221; global_colors_info=&#8221;{}&#8221;][et_pb_column type=&#8221;1_2&#8243; _builder_version=&#8221;4.9.4&#8243; _module_preset=&#8221;default&#8221; global_colors_info=&#8221;{}&#8221;][et_pb_image src=&#8221;https:\/\/aquilo.io\/wp-content\/uploads\/2021\/07\/czujnik-nowe-kolory_ukos-.png&#8221; title_text=&#8221;czujnik nowe kolory_ukos&#8221; show_in_lightbox=&#8221;on&#8221; _builder_version=&#8221;4.9.9&#8243; _module_preset=&#8221;default&#8221; global_colors_info=&#8221;{}&#8221;][\/et_pb_image][\/et_pb_column][et_pb_column type=&#8221;1_2&#8243; _builder_version=&#8221;4.9.4&#8243; _module_preset=&#8221;default&#8221; global_colors_info=&#8221;{}&#8221;][et_pb_wc_title _builder_version=&#8221;3.0.47&#8243; global_colors_info=&#8221;{}&#8221;][\/et_pb_wc_title][et_pb_wc_price _builder_version=&#8221;4.2.2&#8243; global_colors_info=&#8221;{}&#8221;][\/et_pb_wc_price][et_pb_wc_description _builder_version=&#8221;4.2.2&#8243; global_colors_info=&#8221;{}&#8221;][\/et_pb_wc_description][et_pb_wc_add_to_cart _builder_version=&#8221;4.2.2&#8243; global_colors_info=&#8221;{}&#8221;][\/et_pb_wc_add_to_cart][et_pb_wc_meta separator=&#8221; &#8221; _builder_version=&#8221;4.2.2&#8243; global_colors_info=&#8221;{}&#8221;][\/et_pb_wc_meta][\/et_pb_column][\/et_pb_row][et_pb_row _builder_version=&#8221;4.9.4&#8243; _module_preset=&#8221;default&#8221; custom_padding=&#8221;0px||0px|||&#8221; global_colors_info=&#8221;{}&#8221;][et_pb_column type=&#8221;4_4&#8243; _builder_version=&#8221;4.9.4&#8243; _module_preset=&#8221;default&#8221; global_colors_info=&#8221;{}&#8221;][et_pb_wc_tabs admin_label=&#8221;Woo Tabs  (class %22.divi-ecommerce-woo-tabs%22)&#8221; module_class=&#8221;divi-ecommerce-woo-tabs&#8221; _builder_version=&#8221;4.2.2&#8243; custom_margin=&#8221;||40px||false|false&#8221; global_colors_info=&#8221;{}&#8221;][\/et_pb_wc_tabs][\/et_pb_column][\/et_pb_row][et_pb_row _builder_version=&#8221;4.9.4&#8243; _module_preset=&#8221;default&#8221; custom_padding=&#8221;||0px|||&#8221; global_colors_info=&#8221;{}&#8221;][et_pb_column type=&#8221;4_4&#8243; _builder_version=&#8221;4.9.4&#8243; _module_preset=&#8221;default&#8221; global_colors_info=&#8221;{}&#8221;][et_pb_wc_related_products _builder_version=&#8221;4.2.2&#8243; global_colors_info=&#8221;{}&#8221;][\/et_pb_wc_related_products][\/et_pb_column][\/et_pb_row][\/et_pb_section][et_pb_section fb_built=&#8221;1&#8243; _builder_version=&#8221;4.9.11&#8243; _module_preset=&#8221;default&#8221; global_colors_info=&#8221;{}&#8221;][et_pb_row _builder_version=&#8221;4.9.11&#8243; _module_preset=&#8221;default&#8221; global_colors_info=&#8221;{}&#8221;][et_pb_column type=&#8221;4_4&#8243; _builder_version=&#8221;4.9.11&#8243; _module_preset=&#8221;default&#8221; global_colors_info=&#8221;{}&#8221;][et_pb_image src=&#8221;https:\/\/aquilo.io\/wp-content\/uploads\/2022\/06\/nadajnik_antena-e1655129096832-300&#215;300-1.png&#8221; _builder_version=&#8221;4.9.11&#8243; _module_preset=&#8221;default&#8221; global_colors_info=&#8221;{}&#8221;][\/et_pb_image][\/et_pb_column][\/et_pb_row][\/et_pb_section]<\/p>\n","protected":false},"excerpt":{"rendered":"<p>Aquilo-anturin l\u00e4hetin valvoo lis\u00e4s\u00e4ili\u00f6n t\u00e4ytt\u00f6tasoa. Laite voidaan asentaa minne tahansa, kunhan virtajohto on liitetty s\u00e4ili\u00f6\u00f6n. Jos sinulla on useampi kuin yksi s\u00e4ili\u00f6 ja k\u00e4yt\u00e4t PREMIUM-versiota, sinun ei tarvitse ostaa toista Aquilo-anturia &#8211; voit liitt\u00e4\u00e4 useita l\u00e4hettimi\u00e4 yhteen vastaanottimeen.  <\/p>\n","protected":false},"featured_media":5844,"template":"","meta":{"_et_pb_use_builder":"on","_et_pb_old_content":"If you are already using the Aquilo Liquid Level Sensor in the PREMIUM version and have an additional tank, you can connect an extra transmitter to your receiver. The Aquilo transmitter enables liquid level measurement in an additional tank. Product made in Poland.\r\n\r\nThe Aquilo transmitter is a small device containing a microwave sensor. It is mounted inside the tank. The transmitter is mains-powered but can be installed in driveways\u2014nothing protrudes from the tank as long as a power cable is connected to it.\r\n\r\nThe Aquilo sensor receives signals from the transmitter and sends the readings to the cloud via WiFi. Everything happens automatically without your intervention.\r\n\r\n<b>NOTE:<\/b> If you haven\u2019t upgraded the Aquilo app to the PREMIUM version, you won\u2019t have access to data from the additional transmitter. Check all the benefits of the PREMIUM version.\r\n\r\n<b>Technical Specifications:<\/b>\r\n<ul>\r\n \t<li><b>Product dimensions:\r\n<\/b> Transmitter: 100 x 90 x 60 mm. IP-67<\/li>\r\n \t<li><b>Operating temperature range (transmitter):<\/b> -40\u00b0C to +60\u00b0C<\/li>\r\n \t<li><b>Tank measurement range:<\/b> 10 cm to 6 m<\/li>\r\n \t<li><b>Maximum distance between transmitter and receiver:<\/b> up to 20 m without antenna; using an additional antenna greatly increases the range, depending on the positioning of the transmitter, receiver, and signal-boosting antenna<\/li>\r\n \t<li><b>Power supply:<\/b> 230V mains power cable<\/li>\r\n<\/ul>\r\n<b>Tank requirements:<\/b>\r\n<ul>\r\n \t<li>The distance between the liquid surface and the transmitter must be at least 10 cm. If the liquid is closer, readings may be inaccurate.<\/li>\r\n \t<li>The maximum tank depth is 6 m.<\/li>\r\n<\/ul>\r\n<b>Set includes:<\/b>\r\n<ul>\r\n \t<li>Transmitter to be installed inside the tank<\/li>\r\n \t<li>Antenna<\/li>\r\n \t<li>Mounting plate<\/li>\r\n \t<li>User manual (in English)<\/li>\r\n<\/ul>\r\n<b>Additional Information\r\n<\/b> <b>Weight:<\/b> 0.5 kg\r\n<b>Dimensions:<\/b> 25 \u00d7 16 \u00d7 10 cm","_et_gb_content_width":""},"product_brand":[],"product_cat":[154,134],"product_tag":[],"class_list":{"0":"post-6361","1":"product","2":"type-product","3":"status-publish","4":"has-post-thumbnail","6":"product_cat-wifi-fi","7":"product_cat-uncategorized-fi","9":"first","10":"instock","11":"shipping-taxable","12":"purchasable","13":"product-type-simple"},"_links":{"self":[{"href":"https:\/\/aquilo.io\/fi\/wp-json\/wp\/v2\/product\/6361","targetHints":{"allow":["GET"]}}],"collection":[{"href":"https:\/\/aquilo.io\/fi\/wp-json\/wp\/v2\/product"}],"about":[{"href":"https:\/\/aquilo.io\/fi\/wp-json\/wp\/v2\/types\/product"}],"wp:featuredmedia":[{"embeddable":true,"href":"https:\/\/aquilo.io\/fi\/wp-json\/wp\/v2\/media\/5844"}],"wp:attachment":[{"href":"https:\/\/aquilo.io\/fi\/wp-json\/wp\/v2\/media?parent=6361"}],"wp:term":[{"taxonomy":"product_brand","embeddable":true,"href":"https:\/\/aquilo.io\/fi\/wp-json\/wp\/v2\/product_brand?post=6361"},{"taxonomy":"product_cat","embeddable":true,"href":"https:\/\/aquilo.io\/fi\/wp-json\/wp\/v2\/product_cat?post=6361"},{"taxonomy":"product_tag","embeddable":true,"href":"https:\/\/aquilo.io\/fi\/wp-json\/wp\/v2\/product_tag?post=6361"}],"curies":[{"name":"wp","href":"https:\/\/api.w.org\/{rel}","templated":true}]}}