{"id":6352,"date":"2022-06-12T10:15:17","date_gmt":"2022-06-12T10:15:17","guid":{"rendered":"https:\/\/aquilo.io\/product\/aquilo-wifi-nestetason-anturi-langaton\/"},"modified":"2026-03-17T11:02:36","modified_gmt":"2026-03-17T11:02:36","slug":"aquilo-wifi-nestetason-anturi-langaton","status":"publish","type":"product","link":"https:\/\/aquilo.io\/fi\/tuote\/aquilo-wifi-nestetason-anturi-langaton\/","title":{"rendered":"Aquilo WIFI nestetason anturi langaton"},"content":{"rendered":"<p>[et_pb_section fb_built=&#8221;1&#8243; _builder_version=&#8221;4.9.4&#8243; _module_preset=&#8221;default&#8221; custom_padding=&#8221;50px||0px|||&#8221; global_colors_info=&#8221;{}&#8221;][et_pb_row _builder_version=&#8221;4.9.4&#8243; _module_preset=&#8221;default&#8221; custom_padding=&#8221;0px|||||&#8221; global_colors_info=&#8221;{}&#8221;][et_pb_column type=&#8221;4_4&#8243; _builder_version=&#8221;4.9.4&#8243; _module_preset=&#8221;default&#8221; global_colors_info=&#8221;{}&#8221;][et_pb_button button_url=&#8221;https:\/\/aquilo.io\/aquilo_blue\/sklep\/&#8221; button_text=&#8221;wr\u00f3\u0107 do sklepu&#8221; _builder_version=&#8221;4.9.4&#8243; _module_preset=&#8221;default&#8221; global_colors_info=&#8221;{}&#8221;][\/et_pb_button][\/et_pb_column][\/et_pb_row][et_pb_row _builder_version=&#8221;4.2.2&#8243; custom_padding=&#8221;0px||0px|||&#8221; global_colors_info=&#8221;{}&#8221;][et_pb_column type=&#8221;4_4&#8243; _builder_version=&#8221;4.2.2&#8243; global_colors_info=&#8221;{}&#8221;][et_pb_wc_cart_notice _builder_version=&#8221;4.2.2&#8243; global_colors_info=&#8221;{}&#8221;][\/et_pb_wc_cart_notice][\/et_pb_column][\/et_pb_row][et_pb_row column_structure=&#8221;1_2,1_2&#8243; _builder_version=&#8221;4.9.4&#8243; _module_preset=&#8221;default&#8221; custom_padding=&#8221;0px||0px|||&#8221; global_colors_info=&#8221;{}&#8221;][et_pb_column type=&#8221;1_2&#8243; _builder_version=&#8221;4.9.4&#8243; _module_preset=&#8221;default&#8221; global_colors_info=&#8221;{}&#8221;][et_pb_image src=&#8221;https:\/\/aquilo.io\/wp-content\/uploads\/2021\/07\/czujnik-nowe-kolory_ukos-.png&#8221; title_text=&#8221;czujnik nowe kolory_ukos&#8221; show_in_lightbox=&#8221;on&#8221; _builder_version=&#8221;4.9.9&#8243; _module_preset=&#8221;default&#8221; global_colors_info=&#8221;{}&#8221;][\/et_pb_image][\/et_pb_column][et_pb_column type=&#8221;1_2&#8243; _builder_version=&#8221;4.9.4&#8243; _module_preset=&#8221;default&#8221; global_colors_info=&#8221;{}&#8221;][et_pb_wc_title _builder_version=&#8221;3.0.47&#8243; global_colors_info=&#8221;{}&#8221;][\/et_pb_wc_title][et_pb_wc_price _builder_version=&#8221;4.2.2&#8243; global_colors_info=&#8221;{}&#8221;][\/et_pb_wc_price][et_pb_wc_description _builder_version=&#8221;4.2.2&#8243; global_colors_info=&#8221;{}&#8221;][\/et_pb_wc_description][et_pb_wc_add_to_cart _builder_version=&#8221;4.2.2&#8243; global_colors_info=&#8221;{}&#8221;][\/et_pb_wc_add_to_cart][et_pb_wc_meta separator=&#8221; &#8221; _builder_version=&#8221;4.2.2&#8243; global_colors_info=&#8221;{}&#8221;][\/et_pb_wc_meta][\/et_pb_column][\/et_pb_row][et_pb_row _builder_version=&#8221;4.9.4&#8243; _module_preset=&#8221;default&#8221; custom_padding=&#8221;0px||0px|||&#8221; global_colors_info=&#8221;{}&#8221;][et_pb_column type=&#8221;4_4&#8243; _builder_version=&#8221;4.9.4&#8243; _module_preset=&#8221;default&#8221; global_colors_info=&#8221;{}&#8221;][et_pb_wc_tabs admin_label=&#8221;Woo Tabs  (class %22.divi-ecommerce-woo-tabs%22)&#8221; module_class=&#8221;divi-ecommerce-woo-tabs&#8221; _builder_version=&#8221;4.2.2&#8243; custom_margin=&#8221;||40px||false|false&#8221; global_colors_info=&#8221;{}&#8221;][\/et_pb_wc_tabs][\/et_pb_column][\/et_pb_row][et_pb_row _builder_version=&#8221;4.9.4&#8243; _module_preset=&#8221;default&#8221; custom_padding=&#8221;||0px|||&#8221; global_colors_info=&#8221;{}&#8221;][et_pb_column type=&#8221;4_4&#8243; _builder_version=&#8221;4.9.4&#8243; _module_preset=&#8221;default&#8221; global_colors_info=&#8221;{}&#8221;][et_pb_wc_related_products _builder_version=&#8221;4.2.2&#8243; global_colors_info=&#8221;{}&#8221;][\/et_pb_wc_related_products][\/et_pb_column][\/et_pb_row][\/et_pb_section][et_pb_section fb_built=&#8221;1&#8243; _builder_version=&#8221;4.9.11&#8243; _module_preset=&#8221;default&#8221; global_colors_info=&#8221;{}&#8221;][et_pb_row _builder_version=&#8221;4.9.11&#8243; _module_preset=&#8221;default&#8221; global_colors_info=&#8221;{}&#8221;][et_pb_column type=&#8221;4_4&#8243; _builder_version=&#8221;4.9.11&#8243; _module_preset=&#8221;default&#8221; global_colors_info=&#8221;{}&#8221;][et_pb_image src=&#8221;https:\/\/aquilo.io\/wp-content\/uploads\/2022\/06\/Projekt-bez-tytulu-1-300&#215;300-1.jpg&#8221; _builder_version=&#8221;4.9.11&#8243; _module_preset=&#8221;default&#8221; global_colors_info=&#8221;{}&#8221;][\/et_pb_image][\/et_pb_column][\/et_pb_row][\/et_pb_section][et_pb_section fb_built=&#8221;1&#8243; _builder_version=&#8221;4.9.11&#8243; _module_preset=&#8221;default&#8221; global_colors_info=&#8221;{}&#8221;][et_pb_row _builder_version=&#8221;4.9.11&#8243; _module_preset=&#8221;default&#8221; global_colors_info=&#8221;{}&#8221;][et_pb_column type=&#8221;4_4&#8243; _builder_version=&#8221;4.9.11&#8243; _module_preset=&#8221;default&#8221; global_colors_info=&#8221;{}&#8221;][et_pb_image src=&#8221;https:\/\/aquilo.io\/wp-content\/uploads\/2022\/06\/Projekt-bez-tytulu-1-300&#215;300-1-1.jpg&#8221; _builder_version=&#8221;4.9.11&#8243; _module_preset=&#8221;default&#8221; global_colors_info=&#8221;{}&#8221;][\/et_pb_image][\/et_pb_column][\/et_pb_row][\/et_pb_section]<\/p>\n","protected":false},"excerpt":{"rendered":"<p>Aquilo-anturi valvoo s\u00e4ili\u00f6n t\u00e4ytt\u00f6tasoa. Langaton laite voidaan asentaa mihin tahansa. iOS- ja Android-k\u00e4ytt\u00f6j\u00e4rjestelmiin saatavilla olevan mobiilisovelluksen ansiosta voit seurata l\u00e4hettimen toimintaa reaaliajassa. Voit my\u00f6s yhdist\u00e4\u00e4 laitteen Home Assistantiin ja Loxoneen. WIFI-verkkoyhteys vaaditaan.    <\/p>\n","protected":false},"featured_media":5854,"template":"","meta":{"_et_pb_use_builder":"on","_et_pb_old_content":"The Aquilo liquid level sensor allows you to measure the liquid level in tanks. Product made in Poland.\r\n\r\nAquilo is a modern device that helps automate daily life. The Aquilo transmitter is a small device containing a microwave sensor. It is installed inside the tank, anywhere on the shaft walls, with the angled surface facing down toward the liquid according to markings. The sensor is wireless, making it ideal for installation in driveways\u2014nothing protrudes from the tank.\r\n\r\nThe Aquilo sensor receives signals from the transmitter and sends readings to the cloud via WiFi. Everything happens automatically without your intervention.\r\n\r\nThe \u201cAquilo\u201d app was created to manage the sensor and is available on phones and browsers. With it, you can:\r\n\u25cf Check the current liquid level in the tank\r\n\u25cf Check the current battery status of the device\r\n\u25cf See the approximate fill time (the device predicts this based on previous filling rate)\r\n\u25cf Receive notifications when the tank level requires your attention\r\n\u25cf View the history of previous measurements to compare results\r\n\r\nGet permanent access to the Aquilo app free of additional charges or upgrade to PREMIUM for more frequent tank status updates, additional notifications, sending SMS to the waste removal company about upcoming emptying dates, and PREMIUM support. Check all PREMIUM benefits.\r\n\r\n<b>SPECIAL OFFER:<\/b> 3 months of PREMIUM subscription included.\r\n\r\n<b>SPECIAL OFFER:<\/b> When purchasing PREMIUM subscription with the sensor, subscription price is xxx EUR monthly, paid annually.\r\n\r\n<b>Technical specifications:\r\n<\/b> \u25cf Product dimensions:\r\nReceiver: 73 \u00d7 53 \u00d7 85 mm, Transmitter: 100 \u00d7 90 \u00d7 60 mm. IP-67\r\n\u25cf Operating temperature for receiver: 0 \u00f7 +50\u00b0C\r\n\u25cf Operating temperature for transmitter: -40\u00b0C \u00f7 +60\u00b0C\r\n\u25cf Tank measurement range: 10 cm \u2013 6 m\r\n\u25cf Maximum distance between transmitter and receiver: up to 20 m without antenna; with an additional antenna, range is much greater and depends on placement of transmitter, receiver, and booster antenna\r\n\u25cf Power supply: 3.6V lithium battery R14 \u201cC\u201d for transmitter\r\n\u25cf Battery life: up to 2 years (depending on conditions and frequency of readings)\r\n\r\n<b>Tank requirements:\r\n<\/b> \u25cf Distance between liquid and transmitter must be at least 10 cm; readings may be unreliable if liquid is closer\r\n\u25cf Maximum tank depth: 6 m\r\n\r\n<b>Set includes:\r\n<\/b> \u25cf Transmitter mounted inside tank\r\n\u25cf Receiver plugged into building socket\r\n\u25cf Antenna \u2013 2 pcs\r\n\u25cf Mounting plate\r\n\u25cf 3.6V lithium battery R14 \u201cC\u201d \u2013 1 pc\r\n\u25cf User manual in English\r\n\u25cf \u201cAquilo\u201d mobile app available for free permanent download on App Store or Google Play, or in PREMIUM version\r\n\r\n<b>Available colors:\r\n<\/b> \u25cf Graphite\r\n\u25cf Black\r\n\u25cf Yellow\r\n\u25cf Green\r\n\u25cf Orange\r\n\u25cf Blue\r\nIf no color is specified in order comments, a random color will be sent.","_et_gb_content_width":""},"product_brand":[],"product_cat":[154,134],"product_tag":[],"class_list":{"0":"post-6352","1":"product","2":"type-product","3":"status-publish","4":"has-post-thumbnail","6":"product_cat-wifi-fi","7":"product_cat-uncategorized-fi","9":"first","10":"instock","11":"shipping-taxable","12":"purchasable","13":"product-type-simple"},"_links":{"self":[{"href":"https:\/\/aquilo.io\/fi\/wp-json\/wp\/v2\/product\/6352","targetHints":{"allow":["GET"]}}],"collection":[{"href":"https:\/\/aquilo.io\/fi\/wp-json\/wp\/v2\/product"}],"about":[{"href":"https:\/\/aquilo.io\/fi\/wp-json\/wp\/v2\/types\/product"}],"wp:featuredmedia":[{"embeddable":true,"href":"https:\/\/aquilo.io\/fi\/wp-json\/wp\/v2\/media\/5854"}],"wp:attachment":[{"href":"https:\/\/aquilo.io\/fi\/wp-json\/wp\/v2\/media?parent=6352"}],"wp:term":[{"taxonomy":"product_brand","embeddable":true,"href":"https:\/\/aquilo.io\/fi\/wp-json\/wp\/v2\/product_brand?post=6352"},{"taxonomy":"product_cat","embeddable":true,"href":"https:\/\/aquilo.io\/fi\/wp-json\/wp\/v2\/product_cat?post=6352"},{"taxonomy":"product_tag","embeddable":true,"href":"https:\/\/aquilo.io\/fi\/wp-json\/wp\/v2\/product_tag?post=6352"}],"curies":[{"name":"wp","href":"https:\/\/api.w.org\/{rel}","templated":true}]}}