{"id":6342,"date":"2022-06-12T10:07:55","date_gmt":"2022-06-12T10:07:55","guid":{"rendered":"https:\/\/aquilo.io\/product\/aquilo-wifi-lahetin-nestemaiselle-anturille-langattomasti\/"},"modified":"2025-06-05T08:51:16","modified_gmt":"2025-06-05T08:51:16","slug":"aquilo-wifi-lahetin-nestemaiselle-anturille-langattomasti","status":"publish","type":"product","link":"https:\/\/aquilo.io\/fi\/tuote\/aquilo-wifi-lahetin-nestemaiselle-anturille-langattomasti\/","title":{"rendered":"Aquilo WIFI-l\u00e4hetin nestem\u00e4iselle anturille langattomasti"},"content":{"rendered":"<p>[et_pb_section fb_built=&#8221;1&#8243; _builder_version=&#8221;4.9.4&#8243; _module_preset=&#8221;default&#8221; custom_padding=&#8221;50px||0px|||&#8221; global_colors_info=&#8221;{}&#8221;][et_pb_row _builder_version=&#8221;4.9.4&#8243; _module_preset=&#8221;default&#8221; custom_padding=&#8221;0px|||||&#8221; global_colors_info=&#8221;{}&#8221;][et_pb_column type=&#8221;4_4&#8243; _builder_version=&#8221;4.9.4&#8243; _module_preset=&#8221;default&#8221; global_colors_info=&#8221;{}&#8221;][et_pb_button button_url=&#8221;https:\/\/aquilo.io\/aquilo_blue\/sklep\/&#8221; button_text=&#8221;wr\u00f3\u0107 do sklepu&#8221; _builder_version=&#8221;4.9.4&#8243; _module_preset=&#8221;default&#8221; global_colors_info=&#8221;{}&#8221;][\/et_pb_button][\/et_pb_column][\/et_pb_row][et_pb_row _builder_version=&#8221;4.2.2&#8243; custom_padding=&#8221;0px||0px|||&#8221; global_colors_info=&#8221;{}&#8221;][et_pb_column type=&#8221;4_4&#8243; _builder_version=&#8221;4.2.2&#8243; global_colors_info=&#8221;{}&#8221;][et_pb_wc_cart_notice _builder_version=&#8221;4.2.2&#8243; global_colors_info=&#8221;{}&#8221;][\/et_pb_wc_cart_notice][\/et_pb_column][\/et_pb_row][et_pb_row column_structure=&#8221;1_2,1_2&#8243; _builder_version=&#8221;4.9.4&#8243; _module_preset=&#8221;default&#8221; custom_padding=&#8221;0px||0px|||&#8221; global_colors_info=&#8221;{}&#8221;][et_pb_column type=&#8221;1_2&#8243; _builder_version=&#8221;4.9.4&#8243; _module_preset=&#8221;default&#8221; global_colors_info=&#8221;{}&#8221;][et_pb_image src=&#8221;http:\/\/aquilo.io\/wp-content\/uploads\/2021\/07\/czujnik-nowe-kolory_ukos-.png&#8221; title_text=&#8221;czujnik nowe kolory_ukos&#8221; show_in_lightbox=&#8221;on&#8221; _builder_version=&#8221;4.9.9&#8243; _module_preset=&#8221;default&#8221; global_colors_info=&#8221;{}&#8221;][\/et_pb_image][\/et_pb_column][et_pb_column type=&#8221;1_2&#8243; _builder_version=&#8221;4.9.4&#8243; _module_preset=&#8221;default&#8221; global_colors_info=&#8221;{}&#8221;][et_pb_wc_title _builder_version=&#8221;3.0.47&#8243; global_colors_info=&#8221;{}&#8221;][\/et_pb_wc_title][et_pb_wc_price _builder_version=&#8221;4.2.2&#8243; global_colors_info=&#8221;{}&#8221;][\/et_pb_wc_price][et_pb_wc_description _builder_version=&#8221;4.2.2&#8243; global_colors_info=&#8221;{}&#8221;][\/et_pb_wc_description][et_pb_wc_add_to_cart _builder_version=&#8221;4.2.2&#8243; global_colors_info=&#8221;{}&#8221;][\/et_pb_wc_add_to_cart][et_pb_wc_meta separator=&#8221; &#8221; _builder_version=&#8221;4.2.2&#8243; global_colors_info=&#8221;{}&#8221;][\/et_pb_wc_meta][\/et_pb_column][\/et_pb_row][et_pb_row _builder_version=&#8221;4.9.4&#8243; _module_preset=&#8221;default&#8221; custom_padding=&#8221;0px||0px|||&#8221; global_colors_info=&#8221;{}&#8221;][et_pb_column type=&#8221;4_4&#8243; _builder_version=&#8221;4.9.4&#8243; _module_preset=&#8221;default&#8221; global_colors_info=&#8221;{}&#8221;][et_pb_wc_tabs admin_label=&#8221;Woo Tabs (class %22.divi-ecommerce-woo-tabs%22)&#8221; module_class=&#8221;divi-ecommerce-woo-tabs&#8221; _builder_version=&#8221;4.2.2&#8243; custom_margin=&#8221;||40px||false|false&#8221; global_colors_info=&#8221;{}&#8221;][\/et_pb_wc_tabs][\/et_pb_column][\/et_pb_row][et_pb_row _builder_version=&#8221;4.9.4&#8243; _module_preset=&#8221;default&#8221; custom_padding=&#8221;||0px|||&#8221; global_colors_info=&#8221;{}&#8221;][et_pb_column type=&#8221;4_4&#8243; _builder_version=&#8221;4.9.4&#8243; _module_preset=&#8221;default&#8221; global_colors_info=&#8221;{}&#8221;][et_pb_wc_related_products _builder_version=&#8221;4.2.2&#8243; global_colors_info=&#8221;{}&#8221;][\/et_pb_wc_related_products][\/et_pb_column][\/et_pb_row][\/et_pb_section][et_pb_section fb_built=&#8221;1&#8243; _builder_version=&#8221;4.9.11&#8243; _module_preset=&#8221;default&#8221; global_colors_info=&#8221;{}&#8221;][et_pb_row _builder_version=&#8221;4.9.11&#8243; _module_preset=&#8221;default&#8221; global_colors_info=&#8221;{}&#8221;][et_pb_column type=&#8221;4_4&#8243; _builder_version=&#8221;4.9.11&#8243; _module_preset=&#8221;default&#8221; global_colors_info=&#8221;{}&#8221;][et_pb_image src=&#8221;http:\/\/aquilo.io\/wp-content\/uploads\/2022\/06\/nadajnik_antena-e1655129096832-300&#215;300-1.png&#8221; _builder_version=&#8221;4.9.11&#8243; _module_preset=&#8221;default&#8221; global_colors_info=&#8221;{}&#8221;][\/et_pb_image][\/et_pb_column][\/et_pb_row][\/et_pb_section]<\/p>\n","protected":false},"excerpt":{"rendered":"<p>Aquilo-anturil\u00e4hetin valvoo lis\u00e4s\u00e4ili\u00f6n t\u00e4ytt\u00f6tasoa. T\u00e4m\u00e4 langaton laite voidaan asentaa mihin tahansa. Jos sinulla on useampi kuin yksi s\u00e4ili\u00f6 ja PREMIUM-versio, sinun ei tarvitse ostaa toista Aquilo-anturia &#8211; voit liitt\u00e4\u00e4 useita l\u00e4hettimi\u00e4 yhteen vastaanottimeen.  <\/p>\n","protected":false},"featured_media":5945,"template":"","meta":{"_et_pb_use_builder":"on","_et_pb_old_content":"If you are already using the Aquilo Liquid Level Sensor with the PREMIUM version and have an additional tank, you can connect an extra transmitter to your receiver. The Aquilo transmitter allows liquid level measurement in an additional tank. The product is manufactured in Poland.\r\n\r\nThe Aquilo transmitter is a small device that contains a microwave sensor. It is installed inside the tank, at the bottom of the access shaft. The transmitter is wireless, making it ideal for installation in driveways\u2014nothing protrudes from the tank.\r\n\r\nThe Aquilo sensor receives the signal from the transmitter and sends the reading to the cloud via a WiFi connection. Everything works automatically, without any user intervention.\r\n\r\n<b>NOTE:<\/b> If you haven\u2019t upgraded your Aquilo app to the PREMIUM version, you will not have access to data from the additional transmitter. Check all the benefits of the PREMIUM version.\r\n\r\n<b>Technical Specifications:\r\n<\/b> \u25cf Product dimensions:\r\nTransmitter: 100 \u00d7 90 \u00d7 60 mm, IP-67\r\n\u25cf Operating temperature range: -40\u00b0C to +60\u00b0C\r\n\u25cf Measurement range: 10 cm to 6 m\r\n\u25cf Maximum distance between transmitter and receiver: up to 20 m without antenna; with an additional antenna, the range can be significantly extended, depending on the placement of the transmitter, receiver, and signal booster\r\n\u25cf Power supply: 3.6V lithium battery, R14 \u201cC\u201d\r\n\u25cf Battery life: up to 2 years (depending on operating conditions)\r\n\r\n<b>Tank Requirements:\r\n<\/b> \u25cf The distance between the liquid and the transmitter must be at least 10 cm. If the liquid is closer, readings may be inaccurate.\r\n\u25cf Maximum tank depth: 6 m\r\n\r\n<b>Included in the set:\r\n<\/b> \u25cf Transmitter for installation inside the tank\r\n\u25cf 1 \u00d7 3.6V R14 \u201cC\u201d lithium battery\r\n\u25cf Antenna\r\n\u25cf Mounting plate\r\n\u25cf User manual in English\r\n\r\n<b>Additional Information\r\n<\/b> Weight: 0.5 kg\r\nDimensions: 25 \u00d7 16 \u00d7 10 cm","_et_gb_content_width":""},"product_brand":[],"product_cat":[154,134],"product_tag":[],"class_list":{"0":"post-6342","1":"product","2":"type-product","3":"status-publish","4":"has-post-thumbnail","6":"product_cat-wifi-fi","7":"product_cat-uncategorized-fi","9":"first","10":"instock","11":"shipping-taxable","12":"purchasable","13":"product-type-simple"},"_links":{"self":[{"href":"https:\/\/aquilo.io\/fi\/wp-json\/wp\/v2\/product\/6342","targetHints":{"allow":["GET"]}}],"collection":[{"href":"https:\/\/aquilo.io\/fi\/wp-json\/wp\/v2\/product"}],"about":[{"href":"https:\/\/aquilo.io\/fi\/wp-json\/wp\/v2\/types\/product"}],"wp:featuredmedia":[{"embeddable":true,"href":"https:\/\/aquilo.io\/fi\/wp-json\/wp\/v2\/media\/5945"}],"wp:attachment":[{"href":"https:\/\/aquilo.io\/fi\/wp-json\/wp\/v2\/media?parent=6342"}],"wp:term":[{"taxonomy":"product_brand","embeddable":true,"href":"https:\/\/aquilo.io\/fi\/wp-json\/wp\/v2\/product_brand?post=6342"},{"taxonomy":"product_cat","embeddable":true,"href":"https:\/\/aquilo.io\/fi\/wp-json\/wp\/v2\/product_cat?post=6342"},{"taxonomy":"product_tag","embeddable":true,"href":"https:\/\/aquilo.io\/fi\/wp-json\/wp\/v2\/product_tag?post=6342"}],"curies":[{"name":"wp","href":"https:\/\/api.w.org\/{rel}","templated":true}]}}