{"id":6629,"date":"2021-06-25T15:16:09","date_gmt":"2021-06-25T15:16:09","guid":{"rendered":"https:\/\/aquilo.io\/toimitus-palautukset-ja-takuu\/"},"modified":"2025-07-02T12:30:53","modified_gmt":"2025-07-02T12:30:53","slug":"toimitus-palautukset-ja-takuu","status":"publish","type":"page","link":"https:\/\/aquilo.io\/fi\/toimitus-palautukset-ja-takuu\/","title":{"rendered":"Toimitus, palautukset ja takuu"},"content":{"rendered":"<p>[et_pb_section fb_built=&#8221;1&#8243; _builder_version=&#8221;4.9.4&#8243; _module_preset=&#8221;default&#8221; use_background_color_gradient=&#8221;on&#8221; background_color_gradient_start=&#8221;#0951a3&#8243; background_color_gradient_end=&#8221;rgba(0,0,0,0)&#8221; background_color_gradient_end_position=&#8221;50%&#8221; background_color_gradient_overlays_image=&#8221;on&#8221; background_image=&#8221;https:\/\/aquilo.io\/wp-content\/uploads\/2021\/06\/E1BctKuX0AIJUj9-\u2014-kopia.jpg&#8221; background_position=&#8221;bottom_center&#8221; global_colors_info=&#8221;{}&#8221;][et_pb_row _builder_version=&#8221;4.9.4&#8243; _module_preset=&#8221;default&#8221; global_colors_info=&#8221;{}&#8221;][et_pb_column type=&#8221;4_4&#8243; _builder_version=&#8221;4.9.4&#8243; _module_preset=&#8221;default&#8221; global_colors_info=&#8221;{}&#8221;][et_pb_text admin_label=&#8221;Newsletter Header&#8221; module_class=&#8221;newsletter-header&#8221; _builder_version=&#8221;4.9.11&#8243; header_text_align=&#8221;center&#8221; header_text_color=&#8221;#FFFFFF&#8221; header_font_size=&#8221;40px&#8221; header_letter_spacing=&#8221;2px&#8221; module_alignment=&#8221;center&#8221; header_font_size_tablet=&#8221;22px&#8221; header_font_size_phone=&#8221;&#8221; header_font_size_last_edited=&#8221;on|tablet&#8221; header_text_shadow_style=&#8221;preset3&#8243; header_text_shadow_color=&#8221;#000000&#8243; global_colors_info=&#8221;{}&#8221;]<\/p>\n<h1>Toimitus, palautukset ja takuu<\/h1>\n<p>[\/et_pb_text][\/et_pb_column][\/et_pb_row][\/et_pb_section][et_pb_section fb_built=&#8221;1&#8243; _builder_version=&#8221;4.9.4&#8243; _module_preset=&#8221;default&#8221; custom_padding=&#8221;49px||2px||false|&#8221; global_colors_info=&#8221;{}&#8221;][et_pb_row _builder_version=&#8221;4.9.11&#8243; custom_padding=&#8221;0px||10px|||&#8221; global_colors_info=&#8221;{}&#8221;][et_pb_column type=&#8221;4_4&#8243; _builder_version=&#8221;4.9.11&#8243; custom_padding=&#8221;|||&#8221; global_colors_info=&#8221;{}&#8221; custom_padding__hover=&#8221;|||&#8221;][et_pb_text admin_label=&#8221;Default Header&#8221; module_class=&#8221;default-header&#8221; _builder_version=&#8221;4.9.11&#8243; module_alignment=&#8221;right&#8221; global_colors_info=&#8221;{}&#8221;]<\/p>\n<h1>Toimitus <\/h1>\n<p>[\/et_pb_text][\/et_pb_column][\/et_pb_row][et_pb_row _builder_version=&#8221;4.9.4&#8243; _module_preset=&#8221;default&#8221; custom_padding=&#8221;6px||0px|||&#8221; global_colors_info=&#8221;{}&#8221;][et_pb_column type=&#8221;4_4&#8243; _builder_version=&#8221;4.9.4&#8243; _module_preset=&#8221;default&#8221; global_colors_info=&#8221;{}&#8221;][et_pb_text _builder_version=&#8221;4.9.11&#8243; _module_preset=&#8221;default&#8221; text_orientation=&#8221;justified&#8221; hover_enabled=&#8221;0&#8243; global_colors_info=&#8221;{}&#8221; sticky_enabled=&#8221;0&#8243;]<\/p>\n<p><span style=\"color: #000000;\">Jos tilauksesi ylitt\u00e4\u00e4 1500 euroa, toimitamme tuotteet sinulle veloituksetta Puolan alueella.<br \/>Toimitamme normaalisti Puolan alueella ja suurimmassa osassa Euroopan maita. Toimitusvaihtoehdot ja kustannukset voit tarkistaa tilaamisen yhteydess\u00e4. Ota yhteytt\u00e4, jos haluat, ett\u00e4 toimitamme tuotteesi Euroopan ulkopuolelle.<br \/>Maasta riippuen voit valita erilaisia toimitustapoja: kuriiri, pakettiautomaatti (Puola), nouto henkil\u00f6kohtaisesti (Puola).<br \/>Maasta riippuen hyv\u00e4ksymme tilaukset sek\u00e4 postiennakolla (Puola) ett\u00e4 ennakkomaksulla. Ennakkotapauksessa voit tehd\u00e4 pankkisiirron tai k\u00e4ytt\u00e4\u00e4 nopeaa maksutapaa Stripe kautta (verkkosiirto).<\/span><br \/><span style=\"color: #000000;\"><b><br \/><\/b> S\u00e4ili\u00f6si sijaitsee liian kaukana kotoa, jolloin l\u00e4hettimen ja vastaanottimen v\u00e4linen signaali katkeaa? T\u00e4ss\u00e4 tapauksessa rahojen palautustakuu on voimassa. Sama koskee, jos tuote ei vastaa odotuksiasi. Sinulla on 14 p\u00e4iv\u00e4\u00e4 aikaa palautukseen.<\/span>\u00a0<\/p>\n<p>[\/et_pb_text][\/et_pb_column][\/et_pb_row][\/et_pb_section][et_pb_section fb_built=&#8221;1&#8243; _builder_version=&#8221;4.9.4&#8243; _module_preset=&#8221;default&#8221; custom_padding=&#8221;35px||50px||false|&#8221; global_colors_info=&#8221;{}&#8221;][et_pb_row _builder_version=&#8221;3.25&#8243; custom_padding=&#8221;0px||10px|||&#8221; global_colors_info=&#8221;{}&#8221;][et_pb_column type=&#8221;4_4&#8243; _builder_version=&#8221;3.25&#8243; custom_padding=&#8221;|||&#8221; global_colors_info=&#8221;{}&#8221; custom_padding__hover=&#8221;|||&#8221;][et_pb_text admin_label=&#8221;Default Header&#8221; module_class=&#8221;default-header&#8221; _builder_version=&#8221;4.9.11&#8243; module_alignment=&#8221;right&#8221; global_colors_info=&#8221;{}&#8221;]<\/p>\n<h1>Palautukset<\/h1>\n<p>[\/et_pb_text][\/et_pb_column][\/et_pb_row][et_pb_row _builder_version=&#8221;4.9.4&#8243; _module_preset=&#8221;default&#8221; custom_padding=&#8221;30px||1px|||&#8221; global_colors_info=&#8221;{}&#8221;][et_pb_column type=&#8221;4_4&#8243; _builder_version=&#8221;4.9.4&#8243; _module_preset=&#8221;default&#8221; global_colors_info=&#8221;{}&#8221;][et_pb_text _builder_version=&#8221;4.9.11&#8243; _module_preset=&#8221;default&#8221; link_font=&#8221;|700|||||||&#8221; text_orientation=&#8221;justified&#8221; global_colors_info=&#8221;{}&#8221;]<\/p>\n<p>Palautusta tehdess\u00e4si muista t\u00e4ytt\u00e4\u00e4 sopimuksesta luopumisen ilmoitus. Voit ladata sen t\u00e4\u00e4lt\u00e4. T\u00e4ytetty lomake l\u00e4het\u00e4 meille s\u00e4hk\u00f6isesti osoitteeseen: contact@aquilo.io tai liit\u00e4 se palautettavan tuotteen pakettiin.<\/p>\n<p><\/p>\n<p>Palautustuote l\u00e4hetet\u00e4\u00e4n omalla kustannuksellasi ZRV01M-pakettiautomaattiin Zab\u00f3r\u00f3wissa (Puola) tai alla olevaan osoitteeseen. Muista, ett\u00e4 paketin tulee olla asianmukaisesti suojattu.<\/p>\n<p><\/p>\n<p>Aquilo Polska Sp. z o.o.<br \/>ul. Graniczna 20,<br \/>05-083 Wygl\u0119dy<br \/>Puola<\/p>\n<p><\/p>\n<p>Voit my\u00f6s toimittaa palautustuotteen henkil\u00f6kohtaisesti osoitteeseen: ul. Graniczna 20, 05-083 Wygl\u0119dy, Puola.<\/p>\n<p>[\/et_pb_text][\/et_pb_column][\/et_pb_row][\/et_pb_section][et_pb_section fb_built=&#8221;1&#8243; _builder_version=&#8221;4.9.4&#8243; _module_preset=&#8221;default&#8221; custom_padding=&#8221;35px||50px||false|&#8221; global_colors_info=&#8221;{}&#8221;][et_pb_row _builder_version=&#8221;4.9.11&#8243; custom_padding=&#8221;0px||10px|||&#8221; global_colors_info=&#8221;{}&#8221;][et_pb_column type=&#8221;4_4&#8243; _builder_version=&#8221;3.25&#8243; custom_padding=&#8221;|||&#8221; global_colors_info=&#8221;{}&#8221; custom_padding__hover=&#8221;|||&#8221;][et_pb_text admin_label=&#8221;Default Header&#8221; module_class=&#8221;default-header&#8221; _builder_version=&#8221;4.9.11&#8243; module_alignment=&#8221;right&#8221; global_colors_info=&#8221;{}&#8221;]<\/p>\n<p>&nbsp;<\/p>\n<p><\/p>\n<h1>Takuu<\/h1>\n<p>[\/et_pb_text][\/et_pb_column][\/et_pb_row][et_pb_row _builder_version=&#8221;4.9.4&#8243; _module_preset=&#8221;default&#8221; custom_padding=&#8221;30px||1px|||&#8221; global_colors_info=&#8221;{}&#8221;][et_pb_column type=&#8221;4_4&#8243; _builder_version=&#8221;4.9.4&#8243; _module_preset=&#8221;default&#8221; global_colors_info=&#8221;{}&#8221;][et_pb_text _builder_version=&#8221;4.9.11&#8243; _module_preset=&#8221;default&#8221; link_font=&#8221;|700|||||||&#8221; text_orientation=&#8221;justified&#8221; global_colors_info=&#8221;{}&#8221;]1. Takuu my\u00f6nt\u00e4\u00e4 ostajalle Aquilo Polska sp. z o.o., joka takaa kaikille myymilleen tuotteille (Aquilo-antureille) tuotteiden moitteettoman toiminnan, edellytt\u00e4en, ett\u00e4 niit\u00e4 k\u00e4ytet\u00e4\u00e4n tarkoituksenmukaisesti ja k\u00e4ytt\u00f6ohjeiden mukaisesti.<br \/>2. Takuu on voimassa 24 kuukautta laitteen luovutusp\u00e4iv\u00e4st\u00e4 ostajalle ja kattaa laitteet, jotka on ostettu ja joita k\u00e4ytet\u00e4\u00e4n Euroopan unionin alueella.<br \/>3. Takuu takaa, ett\u00e4 takuuajan aikana ilmenev\u00e4t viat korjataan tai jos korjaus ei ole mahdollista, tuote vaihdetaan virheett\u00f6m\u00e4\u00e4n.<br \/>4. Takuuvaatimuksia voi suoraan esitt\u00e4\u00e4 vain ostaja, joka on hankkinut tuotteen takuuntarjoajalta. Muissa tapauksissa takuuvaatimus tulee tehd\u00e4 tuotteen ostopaikkaan.<br \/>5. Takuu ei oikeuta ostajaa tai kolmansia osapuolia vaatimaan takuuntarjoajalta korvausta tuotteen vioista johtuvista vahingoista. Takuuntarjoajan ainoa vastuu on tuotteen korjaaminen tai vaihtaminen virheett\u00f6m\u00e4\u00e4n t\u00e4m\u00e4n takuun ehtojen mukaisesti.<br \/>6. Takuuntarjoaja vastaa ostajalle ainoastaan fyysisist\u00e4 vioista, jotka johtuvat myydyn tuotteen omista vioista. Takuu ei kata vikoja, jotka johtuvat muunlaisista syist\u00e4, erityisesti:<br \/> \u2013 vauriot, jotka eiv\u00e4t johdu tuotteen viasta, kuten mekaaniset vauriot tai vauriot, jotka ovat syntyneet tuotteen k\u00e4yt\u00f6st\u00e4 poiketen k\u00e4ytt\u00f6tarkoituksesta, k\u00e4ytt\u00f6ohjeista tai turvallisuusm\u00e4\u00e4r\u00e4yksist\u00e4,<br \/> \u2013 vauriot, jotka johtuvat tuotteen mukana tulleiden ohjeiden vastaisesta asennuksesta,<br \/> \u2013 k\u00e4ytt\u00e4j\u00e4n aiheuttamat vauriot (esim. rikkin\u00e4inen kotelo, katkennut tai revitty virtajohto), mukaan lukien laitteesta huolehtimattomuudesta tai huollon puutteesta johtuvat vauriot,<br \/> \u2013 v\u00e4\u00e4r\u00e4st\u00e4 k\u00e4yt\u00f6st\u00e4 johtuvat vauriot, kuten anturin pitk\u00e4aikainen altistuminen nesteelle,<br \/> \u2013 vauriot, jotka johtuvat aiemmasta, Aquilo Polska sp. z o.o.:lle ilmoittamattomasta ja ostajan laiminly\u00f6m\u00e4n\u00e4 korjaamatta j\u00e4tetyst\u00e4 viasta,<br \/> \u2013 vauriot, jotka ovat syntyneet tuotteen muokkauksista tai korjauksista, joita on tehnyt ostaja tai kolmas osapuoli,<br \/> \u2013 ylivoimaisesta esteest\u00e4 johtuvat vauriot, kuten salamanisku, tulva, korroosio, s\u00e4hk\u00f6verkosta johtuvat ylij\u00e4nnitteet jne.,<br \/> \u2013 kulutustarvikkeissa tai lis\u00e4varusteissa esiintyv\u00e4t vauriot, kuten paristoissa tai muussa normaalissa k\u00e4yt\u00f6ss\u00e4 kuluvassa varustuksessa,<br \/> \u2013 ultra\u00e4\u00e4niantureissa vauriot, jotka johtuvat kosteuden tai muiden ep\u00e4puhtauksien kertymisest\u00e4 anturien pinnalle. Ostajan vastuulla on laitteen asianmukainen hoito, mukaan lukien mahdollisten ep\u00e4puhtauksien tai kosteuden poistaminen antureiden pinnoilta, jotka voivat h\u00e4irit\u00e4 mittausta.<br \/>7. Virheellisen laitteen reklamaatiota varten ostajalla tulee olla todiste laitteen ostosta (kuten kuitti, kuponki tai lasku) ja laitteen henkil\u00f6kohtainen toimittaminen tai l\u00e4hett\u00e4minen ZRV01M-pakettiautomaattiin Zab\u00f3r\u00f3wissa takuuntarjoajan osoitteeseen:<br \/> Aquilo Polska Sp. z o.o.<br \/> ul. Graniczna 20,<br \/> 05-083 Wygl\u0119dy, Puola<br \/>8. Reklamoitavat laitteet tulee puhdistaa ennen niiden l\u00e4hett\u00e4mist\u00e4 takuuntarjoajalle. Huolto voi kielt\u00e4yty\u00e4 vastaanottamasta likaisia tuotteita tai puhdistaa ne ostajan kustannuksella.<br \/>9. Ostajan tulee pakata laite siten, ett\u00e4 se ei vahingoitu kuljetuksen aikana takuuntarjoajalle toimitettaessa. Aquilo Polska sp. z o.o. ei vastaa kuljetuksen aikana tapahtuneista vaurioista.<br \/>10. Jos takuuvaatimus hyv\u00e4ksyt\u00e4\u00e4n, Aquilo Polska sp. z o.o. sitoutuu korjaamaan laitteen 30 p\u00e4iv\u00e4n kuluessa laitteen vastaanottamisesta takuuntarjoajan osoitteeseen ja kattaa kuljetuskulut ZRV01M-pakettiautomaattipalvelun kautta Zab\u00f3r\u00f3wissa. Jos takuuvaatimus hyl\u00e4t\u00e4\u00e4n, ostaja vastaa laitteen kuljetuskuluista takuuntarjoajalle tai laitteen palauttamisesta ostajalle.<br \/>11. Edell\u00e4 mainitut takuuehdot sulkevat pois takuuntarjoajan vastuun tuotteiden virhevastuusta, mutta t\u00e4m\u00e4 poissulku ei koske kuluttajia Suomen lain mukaisesti.<br \/>12. Kaikissa t\u00e4ss\u00e4 mainitsemattomissa asioissa sovelletaan Suomen siviilioikeuden s\u00e4\u00e4nn\u00f6ksi\u00e4.[\/et_pb_text][\/et_pb_column][\/et_pb_row][\/et_pb_section][et_pb_section fb_built=&#8221;1&#8243; _builder_version=&#8221;4.9.4&#8243; _module_preset=&#8221;default&#8221; use_background_color_gradient=&#8221;on&#8221; background_color_gradient_start=&#8221;#6b96c7&#8243; background_color_gradient_end=&#8221;#0951a3&#8243; custom_padding=&#8221;40px||30px||false|false&#8221; border_width_bottom=&#8221;1px&#8221; border_color_bottom=&#8221;rgba(137,173,205,0.14)&#8221; global_module=&#8221;3309&#8243; saved_tabs=&#8221;all&#8221; global_colors_info=&#8221;{}&#8221;][et_pb_row column_structure=&#8221;1_4,1_4,1_4,1_4&#8243; use_custom_gutter=&#8221;on&#8221; gutter_width=&#8221;1&#8243; _builder_version=&#8221;4.9.7&#8243; _module_preset=&#8221;default&#8221; width=&#8221;90%&#8221; custom_margin=&#8221;0px||0px||true|false&#8221; custom_padding=&#8221;0px||0px||true|false&#8221; global_colors_info=&#8221;{}&#8221;][et_pb_column type=&#8221;1_4&#8243; _builder_version=&#8221;4.9.4&#8243; _module_preset=&#8221;default&#8221; global_colors_info=&#8221;{}&#8221;][et_pb_image src=&#8221;https:\/\/aquilo.io\/wp-content\/uploads\/2021\/06\/aquilo-biale12.png&#8221; title_text=&#8221;aquilo biale12&#8243; _builder_version=&#8221;4.9.9&#8243; _module_preset=&#8221;default&#8221; width=&#8221;27%&#8221; global_colors_info=&#8221;{}&#8221;][\/et_pb_image][et_pb_text admin_label=&#8221;Newsletter Header&#8221; module_class=&#8221;newsletter-header&#8221; _builder_version=&#8221;4.9.4&#8243; text_text_color=&#8221;#FFFFFF&#8221; text_font_size=&#8221;13px&#8221; link_text_color=&#8221;#FFFFFF&#8221; header_text_color=&#8221;#FFFFFF&#8221; header_font_size=&#8221;22px&#8221; header_letter_spacing=&#8221;2px&#8221; module_alignment=&#8221;center&#8221; custom_padding=&#8221;10px||||false|false&#8221; global_colors_info=&#8221;{}&#8221;]<\/p>\n<p>Olemme puolalainen yritys, joka valmistaa kodin ja puutarhan elektroniikkaa.<br \/>\nAquilolla kehit\u00e4mme innovatiivisia ratkaisuja helpottamaan arkeasi. Teemme niit\u00e4 tarjotaksemme sinulle turvallisuutta ja mukavuutta.<br \/>\nAquilo \u2013 kotiasi varten.<\/p>\n<p>[\/et_pb_text][\/et_pb_column][et_pb_column type=&#8221;1_4&#8243; _builder_version=&#8221;4.9.7&#8243; _module_preset=&#8221;default&#8221; custom_padding=&#8221;|||40px|false|false&#8221; custom_padding_tablet=&#8221;|||0px|false|false&#8221; custom_padding_phone=&#8221;&#8221; custom_padding_last_edited=&#8221;on|phone&#8221; global_colors_info=&#8221;{}&#8221;][et_pb_text admin_label=&#8221;Newsletter Header&#8221; module_class=&#8221;newsletter-header&#8221; _builder_version=&#8221;4.9.11&#8243; header_text_color=&#8221;#FFFFFF&#8221; header_font_size=&#8221;22px&#8221; header_letter_spacing=&#8221;2px&#8221; module_alignment=&#8221;center&#8221; custom_padding_tablet=&#8221;&#8221; custom_padding_phone=&#8221;20px||||false|false&#8221; custom_padding_last_edited=&#8221;on|phone&#8221; global_colors_info=&#8221;{}&#8221;]<\/p>\n<h1>Tiedot<\/h1>\n<p>[\/et_pb_text][et_pb_button button_url=&#8221;https:\/\/aquilo.io\/fi\/tietosuojakaytanto\/&#8221; button_text=&#8221;Tietosuojak\u00e4yt\u00e4nt\u00f6&#8221; _builder_version=&#8221;4.9.11&#8243; _module_preset=&#8221;default&#8221; custom_button=&#8221;on&#8221; button_text_size=&#8221;13px&#8221; button_text_color=&#8221;#FFFFFF&#8221; button_bg_color=&#8221;RGBA(0,0,0,0)&#8221; button_border_width=&#8221;0px&#8221; button_icon=&#8221;%%24%%&#8221; button_icon_placement=&#8221;left&#8221; custom_margin=&#8221;5px||0px||false|false&#8221; button_bg_color_tablet=&#8221;&#8221; button_bg_color_phone=&#8221;&#8221; button_bg_color_last_edited=&#8221;on|desktop&#8221; global_colors_info=&#8221;{}&#8221; button_bg_color__hover_enabled=&#8221;on|hover&#8221; button_bg_color__hover=&#8221;RGBA(0,0,0,0)&#8221; button_bg_enable_color__hover=&#8221;on&#8221; button_letter_spacing__hover_enabled=&#8221;on|desktop&#8221; button_letter_spacing__hover=&#8221;2px&#8221;][\/et_pb_button][et_pb_button button_url=&#8221;https:\/\/aquilo.io\/fi\/kayttoehdot\/&#8221; button_text=&#8221; K\u00e4ytt\u00f6ehdot&#8221; _builder_version=&#8221;4.9.11&#8243; _module_preset=&#8221;default&#8221; custom_button=&#8221;on&#8221; button_text_size=&#8221;13px&#8221; button_text_color=&#8221;#FFFFFF&#8221; button_bg_color=&#8221;RGBA(0,0,0,0)&#8221; button_border_width=&#8221;0px&#8221; button_icon=&#8221;%%24%%&#8221; button_icon_placement=&#8221;left&#8221; custom_margin=&#8221;-10px||0px||false|false&#8221; button_bg_color_tablet=&#8221;&#8221; button_bg_color_phone=&#8221;&#8221; button_bg_color_last_edited=&#8221;on|desktop&#8221; global_colors_info=&#8221;{}&#8221; button_bg_color__hover_enabled=&#8221;on|hover&#8221; button_bg_color__hover=&#8221;RGBA(0,0,0,0)&#8221; button_bg_enable_color__hover=&#8221;on&#8221; button_letter_spacing__hover_enabled=&#8221;on|desktop&#8221; button_letter_spacing__hover=&#8221;2px&#8221;][\/et_pb_button][et_pb_button button_url=&#8221;https:\/\/aquilo.io\/fi\/toimitus-palautukset-ja-takuu\/&#8221; button_text=&#8221;Toimitus, palautukset ja takuu&#8221; _builder_version=&#8221;4.9.11&#8243; _module_preset=&#8221;default&#8221; custom_button=&#8221;on&#8221; button_text_size=&#8221;13px&#8221; button_text_color=&#8221;#FFFFFF&#8221; button_bg_color=&#8221;RGBA(0,0,0,0)&#8221; button_border_width=&#8221;0px&#8221; button_icon=&#8221;%%24%%&#8221; button_icon_placement=&#8221;left&#8221; custom_margin=&#8221;-12px||0px||false|false&#8221; button_bg_color_tablet=&#8221;&#8221; button_bg_color_phone=&#8221;&#8221; button_bg_color_last_edited=&#8221;on|desktop&#8221; global_colors_info=&#8221;{}&#8221; button_bg_color__hover_enabled=&#8221;on|hover&#8221; button_bg_color__hover=&#8221;RGBA(0,0,0,0)&#8221; button_bg_enable_color__hover=&#8221;on&#8221; button_letter_spacing__hover_enabled=&#8221;on|desktop&#8221; button_letter_spacing__hover=&#8221;2px&#8221;][\/et_pb_button][\/et_pb_column][et_pb_column type=&#8221;1_4&#8243; _builder_version=&#8221;4.9.4&#8243; _module_preset=&#8221;default&#8221; global_colors_info=&#8221;{}&#8221;][et_pb_text admin_label=&#8221;Newsletter Header&#8221; module_class=&#8221;newsletter-header&#8221; _builder_version=&#8221;4.9.11&#8243; header_text_color=&#8221;#FFFFFF&#8221; header_font_size=&#8221;22px&#8221; header_letter_spacing=&#8221;1px&#8221; module_alignment=&#8221;center&#8221; custom_padding_tablet=&#8221;&#8221; custom_padding_phone=&#8221;20px||||false|false&#8221; custom_padding_last_edited=&#8221;on|phone&#8221; global_colors_info=&#8221;{}&#8221;]<\/p>\n<h1>MITEN VOIMME AUTTAA SINUA?<\/h1>\n<p>[\/et_pb_text][et_pb_text admin_label=&#8221;Newsletter Header&#8221; module_class=&#8221;newsletter-header&#8221; _builder_version=&#8221;4.9.11&#8243; text_text_color=&#8221;#FFFFFF&#8221; text_font_size=&#8221;13px&#8221; link_text_color=&#8221;#FFFFFF&#8221; header_text_color=&#8221;#FFFFFF&#8221; header_font_size=&#8221;22px&#8221; header_letter_spacing=&#8221;2px&#8221; width=&#8221;100%&#8221; max_width=&#8221;100%&#8221; module_alignment=&#8221;center&#8221; custom_padding=&#8221;10px||0px||false|false&#8221; global_colors_info=&#8221;{}&#8221;]<\/p>\n<p><strong>Puhelin:<\/strong> +48 737 340 752<br \/><strong>S\u00e4hk\u00f6posti:<\/strong> <a href=\"mailto:contact@aquilo.io\">contact@aquilo.io<\/a><br \/><strong>Huolto: <\/strong>ul. Graniczna 20, 05-083 Wygl\u0119dy, Puola. <\/p>\n<p>[\/et_pb_text][\/et_pb_column][et_pb_column type=&#8221;1_4&#8243; _builder_version=&#8221;4.9.4&#8243; _module_preset=&#8221;default&#8221; global_colors_info=&#8221;{}&#8221;][et_pb_image src=&#8221;https:\/\/aquilo.io\/wp-content\/uploads\/2021\/07\/loga-unia.png&#8221; title_text=&#8221;loga unia&#8221; url=&#8221;https:\/\/aquilo.io\/fi\/eu-hanke\/&#8221; align=&#8221;center&#8221; align_tablet=&#8221;&#8221; align_phone=&#8221;left&#8221; align_last_edited=&#8221;on|phone&#8221; _builder_version=&#8221;4.9.11&#8243; _module_preset=&#8221;default&#8221; width=&#8221;42%&#8221; custom_margin=&#8221;-10px||||false|false&#8221; custom_margin_tablet=&#8221;&#8221; custom_margin_phone=&#8221;10px||||false|false&#8221; custom_margin_last_edited=&#8221;on|phone&#8221; global_colors_info=&#8221;{}&#8221;][\/et_pb_image][\/et_pb_column][\/et_pb_row][\/et_pb_section]<\/p>\n","protected":false},"excerpt":{"rendered":"<p>Toimitus, palautukset ja takuuToimitus Jos tilauksesi ylitt\u00e4\u00e4 1500 euroa, toimitamme tuotteet sinulle veloituksetta Puolan alueella.Toimitamme normaalisti Puolan alueella ja suurimmassa osassa Euroopan maita. Toimitusvaihtoehdot ja kustannukset voit tarkistaa tilaamisen yhteydess\u00e4. Ota yhteytt\u00e4, jos haluat, ett\u00e4 toimitamme tuotteesi Euroopan ulkopuolelle.Maasta riippuen voit valita erilaisia toimitustapoja: kuriiri, pakettiautomaatti (Puola), nouto henkil\u00f6kohtaisesti (Puola).Maasta riippuen hyv\u00e4ksymme tilaukset sek\u00e4 postiennakolla [&hellip;]<\/p>\n","protected":false},"author":7,"featured_media":0,"parent":0,"menu_order":0,"comment_status":"closed","ping_status":"closed","template":"","meta":{"_et_pb_use_builder":"on","_et_pb_old_content":"","_et_gb_content_width":"","footnotes":""},"class_list":["post-6629","page","type-page","status-publish","hentry"],"_links":{"self":[{"href":"https:\/\/aquilo.io\/fi\/wp-json\/wp\/v2\/pages\/6629","targetHints":{"allow":["GET"]}}],"collection":[{"href":"https:\/\/aquilo.io\/fi\/wp-json\/wp\/v2\/pages"}],"about":[{"href":"https:\/\/aquilo.io\/fi\/wp-json\/wp\/v2\/types\/page"}],"author":[{"embeddable":true,"href":"https:\/\/aquilo.io\/fi\/wp-json\/wp\/v2\/users\/7"}],"replies":[{"embeddable":true,"href":"https:\/\/aquilo.io\/fi\/wp-json\/wp\/v2\/comments?post=6629"}],"version-history":[{"count":4,"href":"https:\/\/aquilo.io\/fi\/wp-json\/wp\/v2\/pages\/6629\/revisions"}],"predecessor-version":[{"id":6728,"href":"https:\/\/aquilo.io\/fi\/wp-json\/wp\/v2\/pages\/6629\/revisions\/6728"}],"wp:attachment":[{"href":"https:\/\/aquilo.io\/fi\/wp-json\/wp\/v2\/media?parent=6629"}],"curies":[{"name":"wp","href":"https:\/\/api.w.org\/{rel}","templated":true}]}}