{"id":6503,"date":"2021-05-14T00:03:37","date_gmt":"2021-05-14T00:03:37","guid":{"rendered":"https:\/\/aquilo.io\/app\/"},"modified":"2025-06-05T07:31:05","modified_gmt":"2025-06-05T07:31:05","slug":"app","status":"publish","type":"page","link":"https:\/\/aquilo.io\/fi\/app\/","title":{"rendered":"App"},"content":{"rendered":"<p>[et_pb_section fb_built=&#8221;1&#8243; _builder_version=&#8221;4.9.9&#8243; _module_preset=&#8221;default&#8221; use_background_color_gradient=&#8221;on&#8221; background_color_gradient_start=&#8221;#0951a3&#8243; background_color_gradient_end=&#8221;rgba(0,0,0,0)&#8221; background_color_gradient_end_position=&#8221;50%&#8221; background_color_gradient_overlays_image=&#8221;on&#8221; background_image=&#8221;https:\/\/aquilo.io\/wp-content\/uploads\/2021\/06\/E1BctKuX0AIJUj9-\u2014-kopia.jpg&#8221; background_position=&#8221;bottom_center&#8221; global_colors_info=&#8221;{}&#8221;][et_pb_row _builder_version=&#8221;4.9.4&#8243; _module_preset=&#8221;default&#8221; global_colors_info=&#8221;{}&#8221;][et_pb_column type=&#8221;4_4&#8243; _builder_version=&#8221;4.9.4&#8243; _module_preset=&#8221;default&#8221; global_colors_info=&#8221;{}&#8221;][et_pb_text admin_label=&#8221;Newsletter Header&#8221; module_class=&#8221;newsletter-header&#8221; _builder_version=&#8221;4.9.11&#8243; header_text_align=&#8221;center&#8221; header_text_color=&#8221;#FFFFFF&#8221; header_font_size=&#8221;40px&#8221; header_letter_spacing=&#8221;2px&#8221; module_alignment=&#8221;center&#8221; hover_enabled=&#8221;0&#8243; header_font_size_tablet=&#8221;22px&#8221; header_font_size_phone=&#8221;&#8221; header_font_size_last_edited=&#8221;on|tablet&#8221; header_text_shadow_style=&#8221;preset3&#8243; header_text_shadow_color=&#8221;#000000&#8243; global_colors_info=&#8221;{}&#8221; sticky_enabled=&#8221;0&#8243;]<\/p>\n<h1>App<\/h1>\n<p>[\/et_pb_text][\/et_pb_column][\/et_pb_row][\/et_pb_section][et_pb_section fb_built=&#8221;1&#8243; _builder_version=&#8221;4.9.4&#8243; _module_preset=&#8221;default&#8221; custom_padding=&#8221;49px||49px||true|&#8221; global_colors_info=&#8221;{}&#8221;][et_pb_row _builder_version=&#8221;3.25&#8243; custom_padding=&#8221;0px||10px|||&#8221; global_colors_info=&#8221;{}&#8221;][et_pb_column type=&#8221;4_4&#8243; _builder_version=&#8221;3.25&#8243; custom_padding=&#8221;|||&#8221; global_colors_info=&#8221;{}&#8221; custom_padding__hover=&#8221;|||&#8221;][et_pb_text admin_label=&#8221;Default Header&#8221; module_class=&#8221;default-header&#8221; _builder_version=&#8221;4.9.4&#8243; module_alignment=&#8221;right&#8221; global_colors_info=&#8221;{}&#8221;]<\/p>\n<h1>OMISTATKO JO AQUILO-ANTURIN?<\/h1>\n<p>Asenna sovellus<\/p>\n<p>[\/et_pb_text][\/et_pb_column][\/et_pb_row][et_pb_row column_structure=&#8221;1_2,1_6,1_6,1_6&#8243; _builder_version=&#8221;4.9.4&#8243; _module_preset=&#8221;default&#8221; custom_padding=&#8221;||0px|||&#8221; global_colors_info=&#8221;{}&#8221;][et_pb_column type=&#8221;1_2&#8243; _builder_version=&#8221;4.9.4&#8243; _module_preset=&#8221;default&#8221; global_colors_info=&#8221;{}&#8221;][et_pb_text _builder_version=&#8221;4.9.4&#8243; _module_preset=&#8221;default&#8221; text_orientation=&#8221;justified&#8221; global_colors_info=&#8221;{}&#8221;]<\/p>\n<p>Aquilossa keskitymme nykyaikaisiin ratkaisuihin. Tavoitteenamme on parantaa k\u00e4ytt\u00e4jien mukavuutta ja turvallisuutta. Siksi olemme kehitt\u00e4neet oman sovelluksen s\u00e4ili\u00f6iden nestetasoja valvovien antureiden hallintaan.  <\/p>\n<p>[\/et_pb_text][et_pb_image src=&#8221;https:\/\/aquilo.io\/wp-content\/uploads\/2021\/05\/download_appstore.png&#8221; title_text=&#8221;download_appstore&#8221; url=&#8221;https:\/\/apps.apple.com\/ie\/app\/aquilo\/id1551156208&#8243; url_new_window=&#8221;on&#8221; align=&#8221;center&#8221; _builder_version=&#8221;4.9.9&#8243; _module_preset=&#8221;default&#8221; width=&#8221;33%&#8221; global_colors_info=&#8221;{}&#8221;][\/et_pb_image][et_pb_image src=&#8221;https:\/\/aquilo.io\/wp-content\/uploads\/2021\/05\/google.png&#8221; title_text=&#8221;google&#8221; url=&#8221;https:\/\/play.google.com\/store\/apps\/details?id=pl.aquilo.pointbarrow&#8221; url_new_window=&#8221;on&#8221; align=&#8221;center&#8221; _builder_version=&#8221;4.9.9&#8243; _module_preset=&#8221;default&#8221; width=&#8221;33%&#8221; global_colors_info=&#8221;{}&#8221;][\/et_pb_image][\/et_pb_column][et_pb_column type=&#8221;1_6&#8243; _builder_version=&#8221;4.9.4&#8243; _module_preset=&#8221;default&#8221; global_colors_info=&#8221;{}&#8221;][et_pb_image src=&#8221;https:\/\/aquilo.io\/wp-content\/uploads\/2021\/07\/Aquilo_strona-glowna.jpg&#8221; title_text=&#8221;Aquilo_strona g\u0142\u00f3wna&#8221; show_in_lightbox=&#8221;on&#8221; _builder_version=&#8221;4.9.9&#8243; _module_preset=&#8221;default&#8221; global_colors_info=&#8221;{}&#8221;][\/et_pb_image][\/et_pb_column][et_pb_column type=&#8221;1_6&#8243; _builder_version=&#8221;4.9.4&#8243; _module_preset=&#8221;default&#8221; global_colors_info=&#8221;{}&#8221;][et_pb_image src=&#8221;https:\/\/aquilo.io\/wp-content\/uploads\/2021\/07\/Aquilo_historia.jpg&#8221; title_text=&#8221;Aquilo_historia&#8221; show_in_lightbox=&#8221;on&#8221; _builder_version=&#8221;4.9.9&#8243; _module_preset=&#8221;default&#8221; global_colors_info=&#8221;{}&#8221;][\/et_pb_image][\/et_pb_column][et_pb_column type=&#8221;1_6&#8243; _builder_version=&#8221;4.9.4&#8243; _module_preset=&#8221;default&#8221; global_colors_info=&#8221;{}&#8221;][et_pb_image src=&#8221;https:\/\/aquilo.io\/wp-content\/uploads\/2021\/07\/Aquilo_conf.jpg&#8221; title_text=&#8221;Aquilo_conf&#8221; show_in_lightbox=&#8221;on&#8221; _builder_version=&#8221;4.9.9&#8243; _module_preset=&#8221;default&#8221; global_colors_info=&#8221;{}&#8221;][\/et_pb_image][\/et_pb_column][\/et_pb_row][et_pb_row _builder_version=&#8221;3.25&#8243; custom_padding=&#8221;50px||10px|||&#8221; global_colors_info=&#8221;{}&#8221;][et_pb_column type=&#8221;4_4&#8243; _builder_version=&#8221;3.25&#8243; custom_padding=&#8221;|||&#8221; global_colors_info=&#8221;{}&#8221; custom_padding__hover=&#8221;|||&#8221;][et_pb_text admin_label=&#8221;Default Header&#8221; module_class=&#8221;default-header&#8221; _builder_version=&#8221;4.9.11&#8243; header_font=&#8221;|||on|||||&#8221; module_alignment=&#8221;right&#8221; global_colors_info=&#8221;{}&#8221;]<\/p>\n<h1>Miksi k\u00e4ytt\u00e4\u00e4 Aquilo-sovellusta?<\/h1>\n<p>[\/et_pb_text][et_pb_text _builder_version=&#8221;4.9.11&#8243; _module_preset=&#8221;default&#8221; global_colors_info=&#8221;{}&#8221;]<\/p>\n<p>Kun olet asentanut anturin s\u00e4ili\u00f6\u00f6si, asenna Aquilo-sovellus, jotta voit hy\u00f6dynt\u00e4\u00e4 l\u00e4hettimen koko potentiaalin. Mobiilisovelluksen avulla voit: <\/p>\n<ul>\n<li>Tarkista s\u00e4ili\u00f6n nykyinen nestetaso<\/li>\n<li>Katso laitteen akun t\u00e4m\u00e4nhetkinen tila<\/li>\n<li>N\u00e4yt\u00e4 arvioitu tankkausaika (jos mahdollista, anturi ennustaa sen aiempien tankkausm\u00e4\u00e4rien perusteella).<\/li>\n<li>Vastaanottaa ilmoituksia, kun s\u00e4ili\u00f6n taso saavuttaa tietyn pisteen.<\/li>\n<li>Tarkastele tankkaushistoriaa aiempien lukemien vertailemiseksi<\/li>\n<\/ul>\n<p>[\/et_pb_text][\/et_pb_column][\/et_pb_row][et_pb_row _builder_version=&#8221;3.25&#8243; custom_padding=&#8221;50px||10px|||&#8221; global_colors_info=&#8221;{}&#8221;][et_pb_column type=&#8221;4_4&#8243; _builder_version=&#8221;3.25&#8243; custom_padding=&#8221;|||&#8221; global_colors_info=&#8221;{}&#8221; custom_padding__hover=&#8221;|||&#8221;][et_pb_text admin_label=&#8221;Default Header&#8221; module_class=&#8221;default-header&#8221; _builder_version=&#8221;4.9.11&#8243; header_font=&#8221;|||on|||||&#8221; module_alignment=&#8221;right&#8221; global_colors_info=&#8221;{}&#8221;]<\/p>\n<h1>Miksi valita premium-versio?<\/h1>\n<p>Jos omistat kotik\u00e4ytt\u00f6\u00f6n tarkoitetun Aquilo-anturin&#8230;<\/p>\n<p>[\/et_pb_text][et_pb_pricing_tables _builder_version=&#8221;4.9.11&#8243; _module_preset=&#8221;default&#8221; hover_enabled=&#8221;0&#8243; global_module=&#8221;4442&#8243; saved_tabs=&#8221;all&#8221; global_colors_info=&#8221;{}&#8221; sticky_enabled=&#8221;0&#8243;][et_pb_pricing_table title=&#8221;PREMIUM&#8221; subtitle=&#8221;  Aquilo-kotiantureille&#8221; currency=&#8221;EUR&#8221; per=&#8221;kuukausi&#8221; sum=&#8221;1.50&#8243; button_url=&#8221;https:\/\/aquilo.io\/produkt\/aquilo-wifi-czujnik-poziomu-cieczy-bezprzewodowy-mikrofalowy\/&#8221; button_text=&#8221;Valitse t\u00e4m\u00e4 suunnitelma&#8221; _builder_version=&#8221;4.9.11&#8243; _module_preset=&#8221;default&#8221; hover_enabled=&#8221;0&#8243; global_colors_info=&#8221;{}&#8221; sticky_transition=&#8221;on&#8221; sticky_enabled=&#8221;0&#8243;]<\/p>\n<p>+ Pilviviestint\u00e4: WiFi<\/p>\n<p>+ Rajoittamaton m\u00e4\u00e4r\u00e4 s\u00e4ili\u00f6it\u00e4 tili\u00e4 kohden<\/p>\n<p>+ iOS, Android, verkkosovellus<\/p>\n<p>+ Nestetasotiedot<\/p>\n<p>+ Lukema p\u00e4ivittyy jokaisen nestetason muutoksen j\u00e4lkeen, v\u00e4hint\u00e4\u00e4n 8 tunnin v\u00e4lein.<\/p>\n<p>+ Historian k\u00e4ytt\u00f6oikeus: 2 vuotta<\/p>\n<p>+ Puhelinilmoitukset ja s\u00e4hk\u00f6postih\u00e4lytykset<\/p>\n<p>+ Tekstiviestien l\u00e4hett\u00e4minen<\/p>\n<p>+ Integrointi Home Assistantin tai Loxonen kanssa<\/p>\n<p>+ REST API saatavilla<\/p>\n<p>+ Tietojen vienti CSV-muodossa<\/p>\n<p>+ Premium-tuki<\/p>\n<p>+ Mainokseton s\u00e4ili\u00f6n tilan\u00e4kym\u00e4<\/p>\n<p>[\/et_pb_pricing_table][et_pb_pricing_table title=&#8221;BASIC&#8221; subtitle=&#8221;  Aquilo-kotiantureille&#8221; currency=&#8221;EUR&#8221; sum=&#8221;0&#8243; button_url=&#8221;https:\/\/aquilo.io\/produkt\/aquilo-wifi-czujnik-poziomu-cieczy-bezprzewodowy-mikrofalowy\/&#8221; button_text=&#8221;Valitse t\u00e4m\u00e4 suunnitelma&#8221; _builder_version=&#8221;4.9.11&#8243; _module_preset=&#8221;default&#8221; hover_enabled=&#8221;0&#8243; global_colors_info=&#8221;{}&#8221; sticky_transition=&#8221;on&#8221; sticky_enabled=&#8221;0&#8243;]<\/p>\n<p>+ Pilviviestint\u00e4: WiFi<\/p>\n<p>+ Yksi s\u00e4ili\u00f6 tili\u00e4 kohti<\/p>\n<p>+ iOS, Android, verkkosovellus<\/p>\n<p>+ Nestetasotiedot<\/p>\n<p>+ Lukemisp\u00e4ivitykset 8 tunnin v\u00e4lein<\/p>\n<p>+ Historian k\u00e4ytt\u00f6oikeus: 60 p\u00e4iv\u00e4\u00e4<\/p>\n<p>+ Puhelinilmoitukset<\/p>\n<p>&#8211; Tekstiviestien l\u00e4hett\u00e4minen<\/p>\n<p>+ Integrointi Home Assistantin tai Loxonen kanssa<\/p>\n<p>+ REST API saatavilla<\/p>\n<p>+ Tietojen vienti CSV-muodossa<\/p>\n<p>&#8211; Premium-tuki<\/p>\n<p>&#8211; Mainokseton s\u00e4ili\u00f6n tilan\u00e4kym\u00e4<\/p>\n<p>[\/et_pb_pricing_table][\/et_pb_pricing_tables][\/et_pb_column][\/et_pb_row][\/et_pb_section][et_pb_section fb_built=&#8221;1&#8243; _builder_version=&#8221;4.9.4&#8243; _module_preset=&#8221;default&#8221; use_background_color_gradient=&#8221;on&#8221; background_color_gradient_start=&#8221;#6b96c7&#8243; background_color_gradient_end=&#8221;#0951a3&#8243; custom_padding=&#8221;40px||30px||false|false&#8221; border_width_bottom=&#8221;1px&#8221; border_color_bottom=&#8221;rgba(137,173,205,0.14)&#8221; global_module=&#8221;3309&#8243; saved_tabs=&#8221;all&#8221; global_colors_info=&#8221;{}&#8221;][et_pb_row column_structure=&#8221;1_4,1_4,1_4,1_4&#8243; use_custom_gutter=&#8221;on&#8221; gutter_width=&#8221;1&#8243; _builder_version=&#8221;4.9.7&#8243; _module_preset=&#8221;default&#8221; width=&#8221;90%&#8221; custom_margin=&#8221;0px||0px||true|false&#8221; custom_padding=&#8221;0px||0px||true|false&#8221; global_colors_info=&#8221;{}&#8221;][et_pb_column type=&#8221;1_4&#8243; _builder_version=&#8221;4.9.4&#8243; _module_preset=&#8221;default&#8221; global_colors_info=&#8221;{}&#8221;][et_pb_image src=&#8221;https:\/\/aquilo.io\/wp-content\/uploads\/2021\/06\/aquilo-biale12.png&#8221; title_text=&#8221;aquilo biale12&#8243; _builder_version=&#8221;4.9.9&#8243; _module_preset=&#8221;default&#8221; width=&#8221;27%&#8221; global_colors_info=&#8221;{}&#8221;][\/et_pb_image][et_pb_text admin_label=&#8221;Newsletter Header&#8221; module_class=&#8221;newsletter-header&#8221; _builder_version=&#8221;4.9.4&#8243; text_text_color=&#8221;#FFFFFF&#8221; text_font_size=&#8221;13px&#8221; link_text_color=&#8221;#FFFFFF&#8221; header_text_color=&#8221;#FFFFFF&#8221; header_font_size=&#8221;22px&#8221; header_letter_spacing=&#8221;2px&#8221; module_alignment=&#8221;center&#8221; custom_padding=&#8221;10px||||false|false&#8221; global_colors_info=&#8221;{}&#8221;]<\/p>\n<p><span>Olemme puolalainen yritys, joka on erikoistunut kodin ja puutarhan elektroniikkaan. Me Aquilossa luomme innovatiivisia ratkaisuja, jotka on suunniteltu helpottamaan jokap\u00e4iv\u00e4ist\u00e4 el\u00e4m\u00e4\u00e4si. Tuotteemme on tehty varmistamaan turvallisuutesi ja mukavuutesi. Aquilo &#8211; kotiisi.   <\/span><\/p>\n<p>[\/et_pb_text][\/et_pb_column][et_pb_column type=&#8221;1_4&#8243; _builder_version=&#8221;4.9.7&#8243; _module_preset=&#8221;default&#8221; custom_padding=&#8221;|||40px|false|false&#8221; custom_padding_tablet=&#8221;|||0px|false|false&#8221; custom_padding_phone=&#8221;&#8221; custom_padding_last_edited=&#8221;on|phone&#8221; global_colors_info=&#8221;{}&#8221;][et_pb_text admin_label=&#8221;Newsletter Header&#8221; module_class=&#8221;newsletter-header&#8221; _builder_version=&#8221;4.9.11&#8243; header_text_color=&#8221;#FFFFFF&#8221; header_font_size=&#8221;22px&#8221; header_letter_spacing=&#8221;2px&#8221; module_alignment=&#8221;center&#8221; custom_padding_tablet=&#8221;&#8221; custom_padding_phone=&#8221;20px||||false|false&#8221; custom_padding_last_edited=&#8221;on|phone&#8221; global_colors_info=&#8221;{}&#8221;]<\/p>\n<h1>Tiedot<\/h1>\n<p>[\/et_pb_text][et_pb_button button_url=&#8221;https:\/\/aquilo.io\/privacy-policy\/&#8221; button_text=&#8221;Tietosuojak\u00e4yt\u00e4nt\u00f6&#8221; _builder_version=&#8221;4.9.11&#8243; _module_preset=&#8221;default&#8221; custom_button=&#8221;on&#8221; button_text_size=&#8221;13px&#8221; button_text_color=&#8221;#FFFFFF&#8221; button_bg_color=&#8221;RGBA(0,0,0,0)&#8221; button_border_width=&#8221;0px&#8221; button_icon=&#8221;%%24%%&#8221; button_icon_placement=&#8221;left&#8221; custom_margin=&#8221;5px||0px||false|false&#8221; button_bg_color_tablet=&#8221;&#8221; button_bg_color_phone=&#8221;&#8221; button_bg_color_last_edited=&#8221;on|desktop&#8221; global_colors_info=&#8221;{}&#8221; button_bg_color__hover_enabled=&#8221;on|hover&#8221; button_bg_color__hover=&#8221;RGBA(0,0,0,0)&#8221; button_bg_enable_color__hover=&#8221;on&#8221; button_letter_spacing__hover_enabled=&#8221;on|desktop&#8221; button_letter_spacing__hover=&#8221;2px&#8221;][\/et_pb_button][et_pb_button button_url=&#8221;https:\/\/aquilo.io\/terms-of-service\/&#8221; button_text=&#8221;K\u00e4ytt\u00f6ehdot&#8221; _builder_version=&#8221;4.9.11&#8243; _module_preset=&#8221;default&#8221; custom_button=&#8221;on&#8221; button_text_size=&#8221;13px&#8221; button_text_color=&#8221;#FFFFFF&#8221; button_bg_color=&#8221;RGBA(0,0,0,0)&#8221; button_border_width=&#8221;0px&#8221; button_icon=&#8221;%%24%%&#8221; button_icon_placement=&#8221;left&#8221; custom_margin=&#8221;-10px||0px||false|false&#8221; button_bg_color_tablet=&#8221;&#8221; button_bg_color_phone=&#8221;&#8221; button_bg_color_last_edited=&#8221;on|desktop&#8221; global_colors_info=&#8221;{}&#8221; button_bg_color__hover_enabled=&#8221;on|hover&#8221; button_bg_color__hover=&#8221;RGBA(0,0,0,0)&#8221; button_bg_enable_color__hover=&#8221;on&#8221; button_letter_spacing__hover_enabled=&#8221;on|desktop&#8221; button_letter_spacing__hover=&#8221;2px&#8221;][\/et_pb_button][et_pb_button button_url=&#8221;https:\/\/aquilo.io\/delivery-returns-and-warranty\/&#8221; button_text=&#8221;Toimitus, palautukset ja takuu&#8221; _builder_version=&#8221;4.9.11&#8243; _module_preset=&#8221;default&#8221; custom_button=&#8221;on&#8221; button_text_size=&#8221;13px&#8221; button_text_color=&#8221;#FFFFFF&#8221; button_bg_color=&#8221;RGBA(0,0,0,0)&#8221; button_border_width=&#8221;0px&#8221; button_icon=&#8221;%%24%%&#8221; button_icon_placement=&#8221;left&#8221; custom_margin=&#8221;-12px||0px||false|false&#8221; button_bg_color_tablet=&#8221;&#8221; button_bg_color_phone=&#8221;&#8221; button_bg_color_last_edited=&#8221;on|desktop&#8221; global_colors_info=&#8221;{}&#8221; button_bg_color__hover_enabled=&#8221;on|hover&#8221; button_bg_color__hover=&#8221;RGBA(0,0,0,0)&#8221; button_bg_enable_color__hover=&#8221;on&#8221; button_letter_spacing__hover_enabled=&#8221;on|desktop&#8221; button_letter_spacing__hover=&#8221;2px&#8221;][\/et_pb_button][\/et_pb_column][et_pb_column type=&#8221;1_4&#8243; _builder_version=&#8221;4.9.4&#8243; _module_preset=&#8221;default&#8221; global_colors_info=&#8221;{}&#8221;][et_pb_text admin_label=&#8221;Newsletter Header&#8221; module_class=&#8221;newsletter-header&#8221; _builder_version=&#8221;4.9.11&#8243; header_text_color=&#8221;#FFFFFF&#8221; header_font_size=&#8221;22px&#8221; header_letter_spacing=&#8221;1px&#8221; module_alignment=&#8221;center&#8221; custom_padding_tablet=&#8221;&#8221; custom_padding_phone=&#8221;20px||||false|false&#8221; custom_padding_last_edited=&#8221;on|phone&#8221; global_colors_info=&#8221;{}&#8221;]<\/p>\n<h1>MITEN VOIMME AUTTAA SINUA?<\/h1>\n<p>[\/et_pb_text][et_pb_text admin_label=&#8221;Newsletter Header&#8221; module_class=&#8221;newsletter-header&#8221; _builder_version=&#8221;4.9.11&#8243; text_text_color=&#8221;#FFFFFF&#8221; text_font_size=&#8221;13px&#8221; link_text_color=&#8221;#FFFFFF&#8221; header_text_color=&#8221;#FFFFFF&#8221; header_font_size=&#8221;22px&#8221; header_letter_spacing=&#8221;2px&#8221; width=&#8221;100%&#8221; max_width=&#8221;100%&#8221; module_alignment=&#8221;center&#8221; custom_padding=&#8221;10px||0px||false|false&#8221; global_colors_info=&#8221;{}&#8221;]<\/p>\n<p><strong>Puhelin:<\/strong> +48 737 340 752<br \/><strong>S\u00e4hk\u00f6posti:<\/strong> <a href=\"mailto:contact@aquilo.io\">contact@aquilo.io<\/a><br \/><strong>Palvelukeskus: <\/strong>ul. Graniczna 20, 05-083 Wygl\u0119dy, Puola. <\/p>\n<p>[\/et_pb_text][\/et_pb_column][et_pb_column type=&#8221;1_4&#8243; _builder_version=&#8221;4.9.4&#8243; _module_preset=&#8221;default&#8221; global_colors_info=&#8221;{}&#8221;][et_pb_image src=&#8221;https:\/\/aquilo.io\/wp-content\/uploads\/2021\/07\/loga-unia.png&#8221; title_text=&#8221;loga unia&#8221; url=&#8221;https:\/\/aquilo.io\/projekt-unijny\/&#8221; align=&#8221;center&#8221; align_tablet=&#8221;&#8221; align_phone=&#8221;left&#8221; align_last_edited=&#8221;on|phone&#8221; _builder_version=&#8221;4.9.9&#8243; _module_preset=&#8221;default&#8221; width=&#8221;42%&#8221; custom_margin=&#8221;-10px||||false|false&#8221; custom_margin_tablet=&#8221;&#8221; custom_margin_phone=&#8221;10px||||false|false&#8221; custom_margin_last_edited=&#8221;on|phone&#8221; global_colors_info=&#8221;{}&#8221;][\/et_pb_image][\/et_pb_column][\/et_pb_row][\/et_pb_section]<\/p>\n","protected":false},"excerpt":{"rendered":"<p>AppOMISTATKO JO AQUILO-ANTURIN? Asenna sovellusAquilossa keskitymme nykyaikaisiin ratkaisuihin. Tavoitteenamme on parantaa k\u00e4ytt\u00e4jien mukavuutta ja turvallisuutta. Siksi olemme kehitt\u00e4neet oman sovelluksen s\u00e4ili\u00f6iden nestetasoja valvovien antureiden hallintaan. Miksi k\u00e4ytt\u00e4\u00e4 Aquilo-sovellusta?Kun olet asentanut anturin s\u00e4ili\u00f6\u00f6si, asenna Aquilo-sovellus, jotta voit hy\u00f6dynt\u00e4\u00e4 l\u00e4hettimen koko potentiaalin. Mobiilisovelluksen avulla voit: Tarkista s\u00e4ili\u00f6n nykyinen nestetaso Katso laitteen akun t\u00e4m\u00e4nhetkinen tila N\u00e4yt\u00e4 arvioitu tankkausaika [&hellip;]<\/p>\n","protected":false},"author":7,"featured_media":0,"parent":0,"menu_order":0,"comment_status":"closed","ping_status":"closed","template":"","meta":{"_et_pb_use_builder":"on","_et_pb_old_content":"","_et_gb_content_width":"","footnotes":""},"class_list":["post-6503","page","type-page","status-publish","hentry"],"_links":{"self":[{"href":"https:\/\/aquilo.io\/fi\/wp-json\/wp\/v2\/pages\/6503","targetHints":{"allow":["GET"]}}],"collection":[{"href":"https:\/\/aquilo.io\/fi\/wp-json\/wp\/v2\/pages"}],"about":[{"href":"https:\/\/aquilo.io\/fi\/wp-json\/wp\/v2\/types\/page"}],"author":[{"embeddable":true,"href":"https:\/\/aquilo.io\/fi\/wp-json\/wp\/v2\/users\/7"}],"replies":[{"embeddable":true,"href":"https:\/\/aquilo.io\/fi\/wp-json\/wp\/v2\/comments?post=6503"}],"version-history":[{"count":6,"href":"https:\/\/aquilo.io\/fi\/wp-json\/wp\/v2\/pages\/6503\/revisions"}],"predecessor-version":[{"id":6529,"href":"https:\/\/aquilo.io\/fi\/wp-json\/wp\/v2\/pages\/6503\/revisions\/6529"}],"wp:attachment":[{"href":"https:\/\/aquilo.io\/fi\/wp-json\/wp\/v2\/media?parent=6503"}],"curies":[{"name":"wp","href":"https:\/\/api.w.org\/{rel}","templated":true}]}}