{"id":6444,"date":"2021-05-14T00:04:00","date_gmt":"2021-05-14T00:04:00","guid":{"rendered":"https:\/\/aquilo.io\/ratkaisut\/"},"modified":"2025-06-05T07:30:58","modified_gmt":"2025-06-05T07:30:58","slug":"ratkaisut","status":"publish","type":"page","link":"https:\/\/aquilo.io\/fi\/ratkaisut\/","title":{"rendered":"Ratkaisut"},"content":{"rendered":"<p>[et_pb_section fb_built=&#8221;1&#8243; _builder_version=&#8221;4.9.9&#8243; _module_preset=&#8221;default&#8221; use_background_color_gradient=&#8221;on&#8221; background_color_gradient_start=&#8221;#0951a3&#8243; background_color_gradient_end=&#8221;rgba(0,0,0,0)&#8221; background_color_gradient_end_position=&#8221;50%&#8221; background_color_gradient_overlays_image=&#8221;on&#8221; background_image=&#8221;https:\/\/aquilo.io\/wp-content\/uploads\/2021\/06\/E1BctKuX0AIJUj9-\u2014-kopia.jpg&#8221; background_position=&#8221;bottom_center&#8221; global_colors_info=&#8221;{}&#8221;][et_pb_row _builder_version=&#8221;4.9.4&#8243; _module_preset=&#8221;default&#8221; global_colors_info=&#8221;{}&#8221;][et_pb_column type=&#8221;4_4&#8243; _builder_version=&#8221;4.9.4&#8243; _module_preset=&#8221;default&#8221; global_colors_info=&#8221;{}&#8221;][et_pb_text admin_label=&#8221;Newsletter Header&#8221; module_class=&#8221;newsletter-header&#8221; _builder_version=&#8221;4.9.11&#8243; header_text_align=&#8221;center&#8221; header_text_color=&#8221;#FFFFFF&#8221; header_font_size=&#8221;40px&#8221; header_letter_spacing=&#8221;2px&#8221; module_alignment=&#8221;center&#8221; hover_enabled=&#8221;0&#8243; header_font_size_tablet=&#8221;22px&#8221; header_font_size_phone=&#8221;&#8221; header_font_size_last_edited=&#8221;on|tablet&#8221; header_text_shadow_style=&#8221;preset3&#8243; header_text_shadow_color=&#8221;#000000&#8243; global_colors_info=&#8221;{}&#8221; sticky_enabled=&#8221;0&#8243;]<\/p>\n<h1>Ratkaisut<\/h1>\n<p>[\/et_pb_text][\/et_pb_column][\/et_pb_row][\/et_pb_section][et_pb_section fb_built=&#8221;1&#8243; _builder_version=&#8221;4.9.4&#8243; _module_preset=&#8221;default&#8221; custom_padding=&#8221;49px||49px||true|&#8221; global_colors_info=&#8221;{}&#8221;][et_pb_row _builder_version=&#8221;3.25&#8243; custom_padding=&#8221;0px||10px|||&#8221; global_colors_info=&#8221;{}&#8221;][et_pb_column type=&#8221;4_4&#8243; _builder_version=&#8221;3.25&#8243; custom_padding=&#8221;|||&#8221; global_colors_info=&#8221;{}&#8221; custom_padding__hover=&#8221;|||&#8221;][et_pb_text admin_label=&#8221;Default Header&#8221; module_class=&#8221;default-header&#8221; _builder_version=&#8221;4.9.7&#8243; module_alignment=&#8221;right&#8221; global_colors_info=&#8221;{}&#8221;]<\/p>\n<h1>Ratkaisut<\/h1>\n<p>Tutustu, miten Aquilo Sensor voi auttaa sinua<\/p>\n<p>[\/et_pb_text][\/et_pb_column][\/et_pb_row][et_pb_row column_structure=&#8221;1_3,1_3,1_3&#8243; _builder_version=&#8221;4.9.4&#8243; _module_preset=&#8221;default&#8221; global_colors_info=&#8221;{}&#8221;][et_pb_column type=&#8221;1_3&#8243; _builder_version=&#8221;4.9.4&#8243; _module_preset=&#8221;default&#8221; global_colors_info=&#8221;{}&#8221;][et_pb_image src=&#8221;https:\/\/aquilo.io\/wp-content\/uploads\/2022\/10\/new-1572747_960_720500.jpg&#8221; title_text=&#8221;new-1572747_960_720500&#8243; _builder_version=&#8221;4.9.11&#8243; _module_preset=&#8221;default&#8221; global_colors_info=&#8221;{}&#8221;][\/et_pb_image][et_pb_text _builder_version=&#8221;4.9.11&#8243; _module_preset=&#8221;default&#8221; hover_enabled=&#8221;0&#8243; global_colors_info=&#8221;{}&#8221; sticky_enabled=&#8221;0&#8243;]<\/p>\n<h2 style=\"text-align: center;\"><strong>OMAKOTITALOT<\/strong><\/h2>\n<p>Laitteidemme avulla voit valvoa nestetasoja saostuss\u00e4ili\u00f6iss\u00e4, sadevesis\u00e4ili\u00f6iss\u00e4 tai l\u00e4mmitys\u00f6ljys\u00e4ili\u00f6iss\u00e4. Aquilo-anturin avulla sinun ei tarvitse huolehtia odottamattomista ylivuodoista tai tyhjennyksist\u00e4. S\u00e4\u00e4st\u00e4t aikaa ja stressi\u00e4, koska j\u00e4rjestelm\u00e4 ilmoittaa sinulle nykyisen t\u00e4ytt\u00f6tason ja arvioidun ajan s\u00e4ili\u00f6n t\u00e4ytt\u00e4miseen tai tyhjent\u00e4miseen. Kotisi on turvassa, eik\u00e4 mik\u00e4\u00e4n p\u00e4\u00e4se yll\u00e4tt\u00e4m\u00e4\u00e4n sinua.   <\/p>\n<p>&nbsp;[\/et_pb_text][\/et_pb_column][et_pb_column type=&#8221;1_3&#8243; _builder_version=&#8221;4.9.4&#8243; _module_preset=&#8221;default&#8221; global_colors_info=&#8221;{}&#8221;][et_pb_image src=&#8221;https:\/\/aquilo.io\/wp-content\/uploads\/2022\/10\/garden-shed-419266_960_720500.jpg&#8221; title_text=&#8221;garden-shed-419266_960_720500&#8243; _builder_version=&#8221;4.9.11&#8243; _module_preset=&#8221;default&#8221; global_colors_info=&#8221;{}&#8221;][\/et_pb_image][et_pb_text _builder_version=&#8221;4.9.11&#8243; _module_preset=&#8221;default&#8221; hover_enabled=&#8221;0&#8243; global_colors_info=&#8221;{}&#8221; sticky_enabled=&#8221;0&#8243;]<\/p>\n<h2 style=\"text-align: center;\"><strong>LOMAKOTI<\/strong><\/h2>\n<p>  Samalla kun rentoudut, Aquilo-seurantalaite ker\u00e4\u00e4 tietoa saostuss\u00e4ili\u00f6n tai sadevesis\u00e4ili\u00f6n tilasta. Kun neste saavuttaa kriittisen tason, Aquilo-sovellus ilmoittaa sinulle v\u00e4litt\u00f6m\u00e4sti. Ei en\u00e4\u00e4 odottamattomia tapahtumia. Turvallisuutta ja mukavuutta Aquilon avulla.   <\/p>\n<p>[\/et_pb_text][\/et_pb_column][et_pb_column type=&#8221;1_3&#8243; _builder_version=&#8221;4.9.4&#8243; _module_preset=&#8221;default&#8221; global_colors_info=&#8221;{}&#8221;][et_pb_image src=&#8221;https:\/\/aquilo.io\/wp-content\/uploads\/2022\/10\/architecture-3383067_960_720500.jpg&#8221; title_text=&#8221;architecture-3383067_960_720500&#8243; _builder_version=&#8221;4.9.11&#8243; _module_preset=&#8221;default&#8221; global_colors_info=&#8221;{}&#8221;][\/et_pb_image][et_pb_text _builder_version=&#8221;4.9.11&#8243; _module_preset=&#8221;default&#8221; hover_enabled=&#8221;0&#8243; global_colors_info=&#8221;{}&#8221; sticky_enabled=&#8221;0&#8243;]<\/p>\n<h2 style=\"text-align: center;\"><strong>ASUINALUEET<\/strong><\/h2>\n<p>  Haluamme esitell\u00e4 sinulle modernin ja \u00e4lykk\u00e4\u00e4n omakoti- ja loma-asuntokiinteist\u00f6jen hallinnan aikakauden. Pid\u00e4 huolta kuolinpes\u00e4si taloudesta. Puhtaanapitopalvelut voivat olla kalliita. Aquilo-anturin avulla tied\u00e4t s\u00e4ili\u00f6n kunnon ennen ja j\u00e4lkeen sanitaatioasiantuntijan ty\u00f6n.   <\/p>\n<p>[\/et_pb_text][\/et_pb_column][\/et_pb_row][et_pb_row column_structure=&#8221;1_3,1_3,1_3&#8243; _builder_version=&#8221;4.9.7&#8243; _module_preset=&#8221;default&#8221; width=&#8221;80.4%&#8221; width_tablet=&#8221;80%&#8221; width_phone=&#8221;&#8221; width_last_edited=&#8221;on|tablet&#8221; global_colors_info=&#8221;{}&#8221;][et_pb_column type=&#8221;1_3&#8243; _builder_version=&#8221;4.9.4&#8243; _module_preset=&#8221;default&#8221; global_colors_info=&#8221;{}&#8221;][et_pb_image src=&#8221;https:\/\/aquilo.io\/wp-content\/uploads\/2022\/10\/farm-5449624_960_720500.jpg&#8221; title_text=&#8221;farm-5449624_960_720500&#8243; _builder_version=&#8221;4.9.11&#8243; _module_preset=&#8221;default&#8221; global_colors_info=&#8221;{}&#8221;][\/et_pb_image][et_pb_text _builder_version=&#8221;4.9.11&#8243; _module_preset=&#8221;default&#8221; hover_enabled=&#8221;0&#8243; global_colors_info=&#8221;{}&#8221; sticky_enabled=&#8221;0&#8243;]<\/p>\n<h2 style=\"text-align: center;\"><strong>MAATALOUS<\/strong><\/h2>\n<p>  Aquilo-anturi on nykyaikainen laite, joka mahdollistaa maatilasi automatisoinnin. Valvo et\u00e4n\u00e4 vesis\u00e4ili\u00f6it\u00e4 kastelua ja sadon kastelua varten. Havaitse nopeasti s\u00e4ili\u00f6iden vuodot, jotta v\u00e4lt\u00e4t tarpeettomat vesih\u00e4vi\u00f6t. S\u00e4\u00e4st\u00e4 vett\u00e4 Aquilon avulla.   <\/p>\n<p>[\/et_pb_text][\/et_pb_column][et_pb_column type=&#8221;1_3&#8243; _builder_version=&#8221;4.9.4&#8243; _module_preset=&#8221;default&#8221; global_colors_info=&#8221;{}&#8221;][et_pb_image src=&#8221;https:\/\/aquilo.io\/wp-content\/uploads\/2022\/10\/gasoline-tanks-2178982_960_720500.jpg&#8221; title_text=&#8221;gasoline-tanks-2178982_960_720500&#8243; _builder_version=&#8221;4.9.11&#8243; _module_preset=&#8221;default&#8221; global_colors_info=&#8221;{}&#8221;][\/et_pb_image][et_pb_text _builder_version=&#8221;4.9.11&#8243; _module_preset=&#8221;default&#8221; hover_enabled=&#8221;0&#8243; global_colors_info=&#8221;{}&#8221; sticky_enabled=&#8221;0&#8243;]<\/p>\n<h2 style=\"text-align: center;\"><strong>TEOLLISUUS<\/strong><\/h2>\n<p>  Varastoitko \u00f6ljyj\u00e4, parafiinia, polttoainetta tai muita sy\u00f6vytt\u00e4vi\u00e4 aineita? Aquilo-anturin avulla voit seurata s\u00e4ili\u00f6iden nestetasoja ei-invasiivisesti. Asenna anturi muovikanteen, eik\u00e4 sinun tarvitse huolehtia siit\u00e4, ett\u00e4 sy\u00f6vytt\u00e4v\u00e4t nesteet joutuvat kosketuksiin laitteen kanssa. Varmista turvallisuus puuttumalla nopeasti s\u00e4ili\u00f6n toimintah\u00e4iri\u00f6ihin.   <\/p>\n<p>[\/et_pb_text][\/et_pb_column][et_pb_column type=&#8221;1_3&#8243; _builder_version=&#8221;4.9.4&#8243; _module_preset=&#8221;default&#8221; global_colors_info=&#8221;{}&#8221;][et_pb_image src=&#8221;https:\/\/aquilo.io\/wp-content\/uploads\/2022\/10\/architecture-1836409_960_720500.jpg&#8221; title_text=&#8221;architecture-1836409_960_720500&#8243; _builder_version=&#8221;4.9.11&#8243; _module_preset=&#8221;default&#8221; global_colors_info=&#8221;{}&#8221;][\/et_pb_image][et_pb_text _builder_version=&#8221;4.9.11&#8243; _module_preset=&#8221;default&#8221; hover_enabled=&#8221;0&#8243; global_colors_info=&#8221;{}&#8221; sticky_enabled=&#8221;0&#8243;]<\/p>\n<h2 style=\"text-align: center;\"><strong>CITIES<\/strong><\/h2>\n<p>  Haluamme esitell\u00e4 teille kaupunkien viem\u00e4ri- ja l\u00e4mmitysverkostojen nykyaikaisen hallinnan aikakauden. Aquilo-anturi mahdollistaa viem\u00e4rikaivojen saavutettavuuden valvonnan ja havaitsee vikoja kanavien l\u00e4mmitysverkostoissa. Optimoi henkil\u00f6st\u00f6hallinto ja laajenna virtuaalista viem\u00e4ri-\/l\u00e4mp\u00f6verkkoasi (digitaalinen kaksonen).  <\/p>\n<p>[\/et_pb_text][\/et_pb_column][\/et_pb_row][et_pb_row _builder_version=&#8221;3.25&#8243; custom_padding=&#8221;0px||10px|||&#8221; global_colors_info=&#8221;{}&#8221;][et_pb_column type=&#8221;4_4&#8243; _builder_version=&#8221;3.25&#8243; custom_padding=&#8221;|||&#8221; global_colors_info=&#8221;{}&#8221; custom_padding__hover=&#8221;|||&#8221;][et_pb_text admin_label=&#8221;Default Header&#8221; module_class=&#8221;default-header&#8221; _builder_version=&#8221;4.9.11&#8243; module_alignment=&#8221;right&#8221; hover_enabled=&#8221;0&#8243; global_colors_info=&#8221;{}&#8221; sticky_enabled=&#8221;0&#8243;]<\/p>\n<h1>Valitse Aquilo-anturi<\/h1>\n<p>Kotianturi vai ammattilainen?<\/p>\n<p>[\/et_pb_text][\/et_pb_column][\/et_pb_row][et_pb_row column_structure=&#8221;1_5,3_5,1_5&#8243; _builder_version=&#8221;3.25&#8243; custom_padding=&#8221;0px||10px|||&#8221; global_colors_info=&#8221;{}&#8221;][et_pb_column type=&#8221;1_5&#8243; _builder_version=&#8221;3.25&#8243; custom_padding=&#8221;|||&#8221; global_colors_info=&#8221;{}&#8221; custom_padding__hover=&#8221;|||&#8221;][\/et_pb_column][et_pb_column type=&#8221;3_5&#8243; _builder_version=&#8221;3.25&#8243; custom_padding=&#8221;|||&#8221; global_colors_info=&#8221;{}&#8221; custom_padding__hover=&#8221;|||&#8221;][et_pb_shop type=&#8221;product_category&#8221; posts_number=&#8221;2&#8243; include_categories=&#8221;all&#8221; columns_number=&#8221;2&#8243; orderby=&#8221;menu_order&#8221; _builder_version=&#8221;4.9.11&#8243; _module_preset=&#8221;default&#8221; global_colors_info=&#8221;{}&#8221;][\/et_pb_shop][\/et_pb_column][et_pb_column type=&#8221;1_5&#8243; _builder_version=&#8221;3.25&#8243; custom_padding=&#8221;|||&#8221; global_colors_info=&#8221;{}&#8221; custom_padding__hover=&#8221;|||&#8221;][\/et_pb_column][\/et_pb_row][et_pb_row _builder_version=&#8221;4.9.11&#8243; custom_padding=&#8221;0px||10px|||&#8221; hover_enabled=&#8221;0&#8243; global_colors_info=&#8221;{}&#8221; sticky_enabled=&#8221;0&#8243;][et_pb_column type=&#8221;4_4&#8243; _builder_version=&#8221;3.25&#8243; custom_padding=&#8221;|||&#8221; global_colors_info=&#8221;{}&#8221; custom_padding__hover=&#8221;|||&#8221;][et_pb_text admin_label=&#8221;Default Header&#8221; module_class=&#8221;default-header&#8221; _builder_version=&#8221;4.9.11&#8243; module_alignment=&#8221;right&#8221; hover_enabled=&#8221;0&#8243; global_colors_info=&#8221;{}&#8221; sticky_enabled=&#8221;0&#8243;]<\/p>\n<h1>Vertaa tilausohjelmia<\/h1>\n<p>Tutustu PREMIUM- ja PRO LTE -versioiden etuihin<\/p>\n<p>[\/et_pb_text][et_pb_pricing_tables _builder_version=&#8221;4.9.11&#8243; _module_preset=&#8221;default&#8221; hover_enabled=&#8221;0&#8243; global_colors_info=&#8221;{}&#8221; sticky_enabled=&#8221;0&#8243;][et_pb_pricing_table title=&#8221;PREMIUM&#8221; subtitle=&#8221;Aquilo-kotiantureille&#8221; currency=&#8221;EUR&#8221; per=&#8221;kuukausi&#8221; sum=&#8221;1.50&#8243; button_url=&#8221;https:\/\/aquilo.io\/produkt\/aquilo-wifi-liquid-level-sensor-wireless\/&#8221; button_text=&#8221;Valitse t\u00e4m\u00e4 suunnitelma&#8221; _builder_version=&#8221;4.9.11&#8243; _module_preset=&#8221;default&#8221; hover_enabled=&#8221;0&#8243; global_colors_info=&#8221;{}&#8221; sticky_transition=&#8221;on&#8221; sticky_enabled=&#8221;0&#8243;]+ Pilviviestint\u00e4: WiFi<\/p>\n<p>+ Rajoittamaton m\u00e4\u00e4r\u00e4 s\u00e4ili\u00f6it\u00e4 tili\u00e4 kohden<\/p>\n<p>+ iOS, Android, verkkosovellus<\/p>\n<p>+ Nestetasotiedot<\/p>\n<p>+ Lukema p\u00e4ivittyy jokaisen nestetason muutoksen j\u00e4lkeen, v\u00e4hint\u00e4\u00e4n 8 tunnin v\u00e4lein.<\/p>\n<p>+ Historian k\u00e4ytt\u00f6oikeus: 2 vuotta<\/p>\n<p>+ Puhelinilmoitukset ja s\u00e4hk\u00f6postih\u00e4lytykset<\/p>\n<p>+ Tekstiviestien l\u00e4hett\u00e4minen<\/p>\n<p>+ Integrointi Home Assistantin tai Loxonen kanssa<\/p>\n<p>+ REST API saatavilla<\/p>\n<p>&#8211; Tietojen vienti CSV-muodossa<\/p>\n<p>+ Premium-tuki<\/p>\n<p>+ Mainokseton s\u00e4ili\u00f6n tilan\u00e4kym\u00e4[\/et_pb_pricing_table][et_pb_pricing_table title=&#8221;BASIC&#8221; subtitle=&#8221;  Aquilo-kotiantureille&#8221; currency=&#8221;EUR&#8221; sum=&#8221;0&#8243; button_url=&#8221;https:\/\/aquilo.io\/produkt\/aquilo-wifi-liquid-level-sensor-wireless\/&#8221; button_text=&#8221;Valitse t\u00e4m\u00e4 suunnitelma&#8221; _builder_version=&#8221;4.9.11&#8243; _module_preset=&#8221;default&#8221; hover_enabled=&#8221;0&#8243; global_colors_info=&#8221;{}&#8221; sticky_transition=&#8221;on&#8221; sticky_enabled=&#8221;0&#8243;]<\/p>\n<p>+ Pilviviestint\u00e4: WiFi<\/p>\n<p>+ Yksi s\u00e4ili\u00f6 tili\u00e4 kohti<\/p>\n<p>+ iOS, Android, verkkosovellus<\/p>\n<p>+ Nestetasotiedot<\/p>\n<p>+ Lukemisp\u00e4ivitykset 8 tunnin v\u00e4lein<\/p>\n<p>+ Historian k\u00e4ytt\u00f6oikeus: 60 p\u00e4iv\u00e4\u00e4<\/p>\n<p>+ Puhelinilmoitukset<\/p>\n<p>&#8211; Tekstiviestien l\u00e4hett\u00e4minen<\/p>\n<p>+ Integrointi Home Assistantin tai Loxonen kanssa<\/p>\n<p>+ REST API saatavilla<\/p>\n<p>&#8211; Tietojen vienti CSV-muodossa<\/p>\n<p>&#8211; Premium-tuki<\/p>\n<p>&#8211; Mainokseton s\u00e4ili\u00f6n tilan\u00e4kym\u00e4<\/p>\n<p>[\/et_pb_pricing_table][et_pb_pricing_table title=&#8221;PRO LTE&#8221; subtitle=&#8221;Aquilo professional -antureille&#8221; currency=&#8221;EUR&#8221; per=&#8221;kuukausi s\u00e4ili\u00f6t\u00e4 kohti&#8221; sum=&#8221;3.99&#8243; button_url=&#8221;https:\/\/aquilo.io\/produkt\/aquilo-lte-liquid-level-sensor-wireless\/&#8221; button_text=&#8221;Valitse t\u00e4m\u00e4 suunnitelma&#8221; _builder_version=&#8221;4.9.11&#8243; _module_preset=&#8221;default&#8221; hover_enabled=&#8221;0&#8243; global_colors_info=&#8221;{}&#8221; sticky_transition=&#8221;on&#8221; sticky_enabled=&#8221;0&#8243;]<\/p>\n<p>+ Pilviviestint\u00e4: 3G \/ 4G LTE \/ 3G: CAT-M1 \/ 4G LTE \/ 3G<\/p>\n<p>+ <\/p>\n<p>Rajoittamaton m\u00e4\u00e4r\u00e4 s\u00e4ili\u00f6it\u00e4 tili\u00e4 kohden.<\/p>\n<p>+ iOS, Android, verkkosovellus<\/p>\n<p>+ Nestetasotiedot<\/p>\n<p>+ Lukemisp\u00e4ivitykset toimintah\u00e4iri\u00f6n sattuessa, v\u00e4hint\u00e4\u00e4n 12 tunnin v\u00e4lein.<\/p>\n<p>+ Historian k\u00e4ytt\u00f6oikeus: 3 vuotta<\/p>\n<p>+ Puhelinilmoitukset ja s\u00e4hk\u00f6postih\u00e4lytykset<\/p>\n<p>+ Tekstiviestien l\u00e4hett\u00e4minen<\/p>\n<p>+ Integrointi Home Assistantin tai Loxonen kanssa<\/p>\n<p>+ REST API saatavilla<\/p>\n<p>+ Tietojen vienti CSV-muodossa<\/p>\n<p>+ Premium-tuki<\/p>\n<p>+ Mainokseton s\u00e4ili\u00f6n tilan\u00e4kym\u00e4<\/p>\n<p>[\/et_pb_pricing_table][\/et_pb_pricing_tables][\/et_pb_column][\/et_pb_row][\/et_pb_section][et_pb_section fb_built=&#8221;1&#8243; _builder_version=&#8221;4.9.4&#8243; _module_preset=&#8221;default&#8221; use_background_color_gradient=&#8221;on&#8221; background_color_gradient_start=&#8221;#6b96c7&#8243; background_color_gradient_end=&#8221;#0951a3&#8243; custom_padding=&#8221;40px||30px||false|false&#8221; border_width_bottom=&#8221;1px&#8221; border_color_bottom=&#8221;rgba(137,173,205,0.14)&#8221; global_module=&#8221;3309&#8243; saved_tabs=&#8221;all&#8221; global_colors_info=&#8221;{}&#8221;][et_pb_row column_structure=&#8221;1_4,1_4,1_4,1_4&#8243; use_custom_gutter=&#8221;on&#8221; gutter_width=&#8221;1&#8243; _builder_version=&#8221;4.9.7&#8243; _module_preset=&#8221;default&#8221; width=&#8221;90%&#8221; custom_margin=&#8221;0px||0px||true|false&#8221; custom_padding=&#8221;0px||0px||true|false&#8221; global_colors_info=&#8221;{}&#8221;][et_pb_column type=&#8221;1_4&#8243; _builder_version=&#8221;4.9.4&#8243; _module_preset=&#8221;default&#8221; global_colors_info=&#8221;{}&#8221;][et_pb_image src=&#8221;https:\/\/aquilo.io\/wp-content\/uploads\/2021\/06\/aquilo-biale12.png&#8221; title_text=&#8221;aquilo biale12&#8243; _builder_version=&#8221;4.9.9&#8243; _module_preset=&#8221;default&#8221; width=&#8221;27%&#8221; global_colors_info=&#8221;{}&#8221;][\/et_pb_image][et_pb_text admin_label=&#8221;Newsletter Header&#8221; module_class=&#8221;newsletter-header&#8221; _builder_version=&#8221;4.9.4&#8243; text_text_color=&#8221;#FFFFFF&#8221; text_font_size=&#8221;13px&#8221; link_text_color=&#8221;#FFFFFF&#8221; header_text_color=&#8221;#FFFFFF&#8221; header_font_size=&#8221;22px&#8221; header_letter_spacing=&#8221;2px&#8221; module_alignment=&#8221;center&#8221; custom_padding=&#8221;10px||||false|false&#8221; global_colors_info=&#8221;{}&#8221;]<\/p>\n<p><span>Olemme puolalainen yritys, joka on erikoistunut kodin ja puutarhan elektroniikkaan. Me Aquilossa luomme innovatiivisia ratkaisuja, jotka on suunniteltu helpottamaan jokap\u00e4iv\u00e4ist\u00e4 el\u00e4m\u00e4\u00e4si. Tuotteemme on tehty varmistamaan turvallisuutesi ja mukavuutesi. Aquilo &#8211; kotiisi.   <\/span><\/p>\n<p>[\/et_pb_text][\/et_pb_column][et_pb_column type=&#8221;1_4&#8243; _builder_version=&#8221;4.9.7&#8243; _module_preset=&#8221;default&#8221; custom_padding=&#8221;|||40px|false|false&#8221; custom_padding_tablet=&#8221;|||0px|false|false&#8221; custom_padding_phone=&#8221;&#8221; custom_padding_last_edited=&#8221;on|phone&#8221; global_colors_info=&#8221;{}&#8221;][et_pb_text admin_label=&#8221;Newsletter Header&#8221; module_class=&#8221;newsletter-header&#8221; _builder_version=&#8221;4.9.11&#8243; header_text_color=&#8221;#FFFFFF&#8221; header_font_size=&#8221;22px&#8221; header_letter_spacing=&#8221;2px&#8221; module_alignment=&#8221;center&#8221; custom_padding_tablet=&#8221;&#8221; custom_padding_phone=&#8221;20px||||false|false&#8221; custom_padding_last_edited=&#8221;on|phone&#8221; global_colors_info=&#8221;{}&#8221;]<\/p>\n<h1>Tiedot<\/h1>\n<p>[\/et_pb_text][et_pb_button button_url=&#8221;https:\/\/aquilo.io\/privacy-policy\/&#8221; button_text=&#8221;Tietosuojak\u00e4yt\u00e4nt\u00f6&#8221; _builder_version=&#8221;4.9.11&#8243; _module_preset=&#8221;default&#8221; custom_button=&#8221;on&#8221; button_text_size=&#8221;13px&#8221; button_text_color=&#8221;#FFFFFF&#8221; button_bg_color=&#8221;RGBA(0,0,0,0)&#8221; button_border_width=&#8221;0px&#8221; button_icon=&#8221;%%24%%&#8221; button_icon_placement=&#8221;left&#8221; custom_margin=&#8221;5px||0px||false|false&#8221; button_bg_color_tablet=&#8221;&#8221; button_bg_color_phone=&#8221;&#8221; button_bg_color_last_edited=&#8221;on|desktop&#8221; global_colors_info=&#8221;{}&#8221; button_bg_color__hover_enabled=&#8221;on|hover&#8221; button_bg_color__hover=&#8221;RGBA(0,0,0,0)&#8221; button_bg_enable_color__hover=&#8221;on&#8221; button_letter_spacing__hover_enabled=&#8221;on|desktop&#8221; button_letter_spacing__hover=&#8221;2px&#8221;][\/et_pb_button][et_pb_button button_url=&#8221;https:\/\/aquilo.io\/terms-of-service\/&#8221; button_text=&#8221;K\u00e4ytt\u00f6ehdot&#8221; _builder_version=&#8221;4.9.11&#8243; _module_preset=&#8221;default&#8221; custom_button=&#8221;on&#8221; button_text_size=&#8221;13px&#8221; button_text_color=&#8221;#FFFFFF&#8221; button_bg_color=&#8221;RGBA(0,0,0,0)&#8221; button_border_width=&#8221;0px&#8221; button_icon=&#8221;%%24%%&#8221; button_icon_placement=&#8221;left&#8221; custom_margin=&#8221;-10px||0px||false|false&#8221; button_bg_color_tablet=&#8221;&#8221; button_bg_color_phone=&#8221;&#8221; button_bg_color_last_edited=&#8221;on|desktop&#8221; global_colors_info=&#8221;{}&#8221; button_bg_color__hover_enabled=&#8221;on|hover&#8221; button_bg_color__hover=&#8221;RGBA(0,0,0,0)&#8221; button_bg_enable_color__hover=&#8221;on&#8221; button_letter_spacing__hover_enabled=&#8221;on|desktop&#8221; button_letter_spacing__hover=&#8221;2px&#8221;][\/et_pb_button][et_pb_button button_url=&#8221;https:\/\/aquilo.io\/delivery-returns-and-warranty\/&#8221; button_text=&#8221;Toimitus, palautukset ja takuu&#8221; _builder_version=&#8221;4.9.11&#8243; _module_preset=&#8221;default&#8221; custom_button=&#8221;on&#8221; button_text_size=&#8221;13px&#8221; button_text_color=&#8221;#FFFFFF&#8221; button_bg_color=&#8221;RGBA(0,0,0,0)&#8221; button_border_width=&#8221;0px&#8221; button_icon=&#8221;%%24%%&#8221; button_icon_placement=&#8221;left&#8221; custom_margin=&#8221;-12px||0px||false|false&#8221; button_bg_color_tablet=&#8221;&#8221; button_bg_color_phone=&#8221;&#8221; button_bg_color_last_edited=&#8221;on|desktop&#8221; global_colors_info=&#8221;{}&#8221; button_bg_color__hover_enabled=&#8221;on|hover&#8221; button_bg_color__hover=&#8221;RGBA(0,0,0,0)&#8221; button_bg_enable_color__hover=&#8221;on&#8221; button_letter_spacing__hover_enabled=&#8221;on|desktop&#8221; button_letter_spacing__hover=&#8221;2px&#8221;][\/et_pb_button][\/et_pb_column][et_pb_column type=&#8221;1_4&#8243; _builder_version=&#8221;4.9.4&#8243; _module_preset=&#8221;default&#8221; global_colors_info=&#8221;{}&#8221;][et_pb_text admin_label=&#8221;Newsletter Header&#8221; module_class=&#8221;newsletter-header&#8221; _builder_version=&#8221;4.9.11&#8243; header_text_color=&#8221;#FFFFFF&#8221; header_font_size=&#8221;22px&#8221; header_letter_spacing=&#8221;1px&#8221; module_alignment=&#8221;center&#8221; custom_padding_tablet=&#8221;&#8221; custom_padding_phone=&#8221;20px||||false|false&#8221; custom_padding_last_edited=&#8221;on|phone&#8221; global_colors_info=&#8221;{}&#8221;]<\/p>\n<h1>MITEN VOIMME AUTTAA SINUA?<\/h1>\n<p>[\/et_pb_text][et_pb_text admin_label=&#8221;Newsletter Header&#8221; module_class=&#8221;newsletter-header&#8221; _builder_version=&#8221;4.9.11&#8243; text_text_color=&#8221;#FFFFFF&#8221; text_font_size=&#8221;13px&#8221; link_text_color=&#8221;#FFFFFF&#8221; header_text_color=&#8221;#FFFFFF&#8221; header_font_size=&#8221;22px&#8221; header_letter_spacing=&#8221;2px&#8221; width=&#8221;100%&#8221; max_width=&#8221;100%&#8221; module_alignment=&#8221;center&#8221; custom_padding=&#8221;10px||0px||false|false&#8221; global_colors_info=&#8221;{}&#8221;]<\/p>\n<p><strong>Puhelin:<\/strong> +48 737 340 752<br \/><strong>S\u00e4hk\u00f6posti:<\/strong> <a href=\"mailto:contact@aquilo.io\">contact@aquilo.io<\/a><br \/><strong>Palvelukeskus: <\/strong>ul. Graniczna 20, 05-083 Wygl\u0119dy, Puola. <\/p>\n<p>[\/et_pb_text][\/et_pb_column][et_pb_column type=&#8221;1_4&#8243; _builder_version=&#8221;4.9.4&#8243; _module_preset=&#8221;default&#8221; global_colors_info=&#8221;{}&#8221;][et_pb_image src=&#8221;https:\/\/aquilo.io\/wp-content\/uploads\/2021\/07\/loga-unia.png&#8221; title_text=&#8221;loga unia&#8221; url=&#8221;https:\/\/aquilo.io\/projekt-unijny\/&#8221; align=&#8221;center&#8221; align_tablet=&#8221;&#8221; align_phone=&#8221;left&#8221; align_last_edited=&#8221;on|phone&#8221; _builder_version=&#8221;4.9.9&#8243; _module_preset=&#8221;default&#8221; width=&#8221;42%&#8221; custom_margin=&#8221;-10px||||false|false&#8221; custom_margin_tablet=&#8221;&#8221; custom_margin_phone=&#8221;10px||||false|false&#8221; custom_margin_last_edited=&#8221;on|phone&#8221; global_colors_info=&#8221;{}&#8221;][\/et_pb_image][\/et_pb_column][\/et_pb_row][\/et_pb_section]<\/p>\n","protected":false},"excerpt":{"rendered":"<p>RatkaisutRatkaisut Tutustu, miten Aquilo Sensor voi auttaa sinuaOMAKOTITALOT Laitteidemme avulla voit valvoa nestetasoja saostuss\u00e4ili\u00f6iss\u00e4, sadevesis\u00e4ili\u00f6iss\u00e4 tai l\u00e4mmitys\u00f6ljys\u00e4ili\u00f6iss\u00e4. Aquilo-anturin avulla sinun ei tarvitse huolehtia odottamattomista ylivuodoista tai tyhjennyksist\u00e4. S\u00e4\u00e4st\u00e4t aikaa ja stressi\u00e4, koska j\u00e4rjestelm\u00e4 ilmoittaa sinulle nykyisen t\u00e4ytt\u00f6tason ja arvioidun ajan s\u00e4ili\u00f6n t\u00e4ytt\u00e4miseen tai tyhjent\u00e4miseen. Kotisi on turvassa, eik\u00e4 mik\u00e4\u00e4n p\u00e4\u00e4se yll\u00e4tt\u00e4m\u00e4\u00e4n sinua. &nbsp;LOMAKOTI Samalla kun [&hellip;]<\/p>\n","protected":false},"author":7,"featured_media":0,"parent":0,"menu_order":0,"comment_status":"closed","ping_status":"closed","template":"","meta":{"_et_pb_use_builder":"on","_et_pb_old_content":"","_et_gb_content_width":"","footnotes":""},"class_list":["post-6444","page","type-page","status-publish","hentry"],"_links":{"self":[{"href":"https:\/\/aquilo.io\/fi\/wp-json\/wp\/v2\/pages\/6444","targetHints":{"allow":["GET"]}}],"collection":[{"href":"https:\/\/aquilo.io\/fi\/wp-json\/wp\/v2\/pages"}],"about":[{"href":"https:\/\/aquilo.io\/fi\/wp-json\/wp\/v2\/types\/page"}],"author":[{"embeddable":true,"href":"https:\/\/aquilo.io\/fi\/wp-json\/wp\/v2\/users\/7"}],"replies":[{"embeddable":true,"href":"https:\/\/aquilo.io\/fi\/wp-json\/wp\/v2\/comments?post=6444"}],"version-history":[{"count":8,"href":"https:\/\/aquilo.io\/fi\/wp-json\/wp\/v2\/pages\/6444\/revisions"}],"predecessor-version":[{"id":6499,"href":"https:\/\/aquilo.io\/fi\/wp-json\/wp\/v2\/pages\/6444\/revisions\/6499"}],"wp:attachment":[{"href":"https:\/\/aquilo.io\/fi\/wp-json\/wp\/v2\/media?parent=6444"}],"curies":[{"name":"wp","href":"https:\/\/api.w.org\/{rel}","templated":true}]}}