{"id":6370,"date":"2022-11-23T10:20:12","date_gmt":"2022-11-23T10:20:12","guid":{"rendered":"https:\/\/aquilo.io\/product\/aquilo-lte-fluessigkeitsstandssensor-netzbetrieben\/"},"modified":"2026-03-17T10:59:47","modified_gmt":"2026-03-17T10:59:47","slug":"aquilo-lte-fluessigkeitsstandssensor-netzbetrieben","status":"publish","type":"product","link":"https:\/\/aquilo.io\/de\/produkt\/aquilo-lte-fluessigkeitsstandssensor-netzbetrieben\/","title":{"rendered":"Aquilo LTE Fl\u00fcssigkeitsstandssensor netzbetrieben"},"content":{"rendered":"<p>[et_pb_section fb_built=&#8220;1&#8243; _builder_version=&#8220;4.9.4&#8243; _module_preset=&#8220;default&#8220; custom_padding=&#8220;50px||0px|||&#8220; global_colors_info=&#8220;{}&#8220;][et_pb_row _builder_version=&#8220;4.9.4&#8243; _module_preset=&#8220;default&#8220; custom_padding=&#8220;0px|||||&#8220; global_colors_info=&#8220;{}&#8220;][et_pb_column type=&#8220;4_4&#8243; _builder_version=&#8220;4.9.4&#8243; _module_preset=&#8220;default&#8220; global_colors_info=&#8220;{}&#8220;][et_pb_button button_url=&#8220;https:\/\/aquilo.io\/aquilo_blue\/sklep\/&#8220; button_text=&#8220;wr\u00f3\u0107 do sklepu&#8220; _builder_version=&#8220;4.9.4&#8243; _module_preset=&#8220;default&#8220; global_colors_info=&#8220;{}&#8220;][\/et_pb_button][\/et_pb_column][\/et_pb_row][et_pb_row _builder_version=&#8220;4.2.2&#8243; custom_padding=&#8220;0px||0px|||&#8220; global_colors_info=&#8220;{}&#8220;][et_pb_column type=&#8220;4_4&#8243; _builder_version=&#8220;4.2.2&#8243; global_colors_info=&#8220;{}&#8220;][et_pb_wc_cart_notice _builder_version=&#8220;4.2.2&#8243; global_colors_info=&#8220;{}&#8220;][\/et_pb_wc_cart_notice][\/et_pb_column][\/et_pb_row][et_pb_row column_structure=&#8220;1_2,1_2&#8243; _builder_version=&#8220;4.9.4&#8243; _module_preset=&#8220;default&#8220; custom_padding=&#8220;0px||0px|||&#8220; global_colors_info=&#8220;{}&#8220;][et_pb_column type=&#8220;1_2&#8243; _builder_version=&#8220;4.9.4&#8243; _module_preset=&#8220;default&#8220; global_colors_info=&#8220;{}&#8220;][et_pb_image src=&#8220;https:\/\/aquilo.io\/wp-content\/uploads\/2021\/07\/czujnik-nowe-kolory_ukos-.png&#8220; title_text=&#8220;czujnik nowe kolory_ukos&#8220; show_in_lightbox=&#8220;on&#8220; _builder_version=&#8220;4.9.9&#8243; _module_preset=&#8220;default&#8220; global_colors_info=&#8220;{}&#8220;][\/et_pb_image][\/et_pb_column][et_pb_column type=&#8220;1_2&#8243; _builder_version=&#8220;4.9.4&#8243; _module_preset=&#8220;default&#8220; global_colors_info=&#8220;{}&#8220;][et_pb_wc_title _builder_version=&#8220;3.0.47&#8243; global_colors_info=&#8220;{}&#8220;][\/et_pb_wc_title][et_pb_wc_price _builder_version=&#8220;4.2.2&#8243; global_colors_info=&#8220;{}&#8220;][\/et_pb_wc_price][et_pb_wc_description _builder_version=&#8220;4.2.2&#8243; global_colors_info=&#8220;{}&#8220;][\/et_pb_wc_description][et_pb_wc_add_to_cart _builder_version=&#8220;4.2.2&#8243; global_colors_info=&#8220;{}&#8220;][\/et_pb_wc_add_to_cart][et_pb_wc_meta separator=&#8220; &#8220; _builder_version=&#8220;4.2.2&#8243; global_colors_info=&#8220;{}&#8220;][\/et_pb_wc_meta][\/et_pb_column][\/et_pb_row][et_pb_row _builder_version=&#8220;4.9.4&#8243; _module_preset=&#8220;default&#8220; custom_padding=&#8220;0px||0px|||&#8220; global_colors_info=&#8220;{}&#8220;][et_pb_column type=&#8220;4_4&#8243; _builder_version=&#8220;4.9.4&#8243; _module_preset=&#8220;default&#8220; global_colors_info=&#8220;{}&#8220;][et_pb_wc_tabs admin_label=&#8220;Woo Tabs (class %22.divi-ecommerce-woo-tabs%22)&#8220; module_class=&#8220;divi-ecommerce-woo-tabs&#8220; _builder_version=&#8220;4.2.2&#8243; custom_margin=&#8220;||40px||false|false&#8220; global_colors_info=&#8220;{}&#8220;][\/et_pb_wc_tabs][\/et_pb_column][\/et_pb_row][et_pb_row _builder_version=&#8220;4.9.4&#8243; _module_preset=&#8220;default&#8220; custom_padding=&#8220;||0px|||&#8220; global_colors_info=&#8220;{}&#8220;][et_pb_column type=&#8220;4_4&#8243; _builder_version=&#8220;4.9.4&#8243; _module_preset=&#8220;default&#8220; global_colors_info=&#8220;{}&#8220;][et_pb_wc_related_products _builder_version=&#8220;4.2.2&#8243; global_colors_info=&#8220;{}&#8220;][\/et_pb_wc_related_products][\/et_pb_column][\/et_pb_row][\/et_pb_section][et_pb_section fb_built=&#8220;1&#8243; _builder_version=&#8220;4.9.11&#8243; _module_preset=&#8220;default&#8220; global_colors_info=&#8220;{}&#8220;][et_pb_row _builder_version=&#8220;4.9.11&#8243; _module_preset=&#8220;default&#8220; global_colors_info=&#8220;{}&#8220;][et_pb_column type=&#8220;4_4&#8243; _builder_version=&#8220;4.9.11&#8243; _module_preset=&#8220;default&#8220; global_colors_info=&#8220;{}&#8220;][et_pb_image src=&#8220;https:\/\/aquilo.io\/wp-content\/uploads\/2022\/06\/Projekt-bez-tytulu-1-300&#215;300-1.jpg&#8220; _builder_version=&#8220;4.9.11&#8243; _module_preset=&#8220;default&#8220; global_colors_info=&#8220;{}&#8220;][\/et_pb_image][\/et_pb_column][\/et_pb_row][\/et_pb_section][et_pb_section fb_built=&#8220;1&#8243; _builder_version=&#8220;4.9.11&#8243; _module_preset=&#8220;default&#8220; global_colors_info=&#8220;{}&#8220;][et_pb_row _builder_version=&#8220;4.9.11&#8243; _module_preset=&#8220;default&#8220; global_colors_info=&#8220;{}&#8220;][et_pb_column type=&#8220;4_4&#8243; _builder_version=&#8220;4.9.11&#8243; _module_preset=&#8220;default&#8220; global_colors_info=&#8220;{}&#8220;][et_pb_image src=&#8220;https:\/\/aquilo.io\/wp-content\/uploads\/2022\/06\/Projekt-bez-tytulu-1-300&#215;300-1-1.jpg&#8220; _builder_version=&#8220;4.9.11&#8243; _module_preset=&#8220;default&#8220; global_colors_info=&#8220;{}&#8220;][\/et_pb_image][\/et_pb_column][\/et_pb_row][\/et_pb_section]<\/p>\n","protected":false},"excerpt":{"rendered":"<p>Der Aquilo-Sensor \u00fcberwacht den F\u00fcllstand Ihres Tanks. Das Ger\u00e4t kann \u00fcberall installiert werden, solange ein Stromkabel an den Tank angeschlossen ist. Mit der mobilen App, die f\u00fcr iOS und Android verf\u00fcgbar ist, k\u00f6nnen Sie den Betrieb des Senders kontinuierlich \u00fcberwachen. Sie k\u00f6nnen das Ger\u00e4t auch in den Home Assistant integrieren.   <\/p>\n","protected":false},"featured_media":5845,"template":"","meta":{"_et_pb_use_builder":"on","_et_pb_old_content":"The Aquilo liquid level sensor enables the measurement of liquid levels in tanks, including underground ones. Product made in Poland.\r\n\r\nThe Aquilo sensor is a modern device designed to help automate daily life. The Aquilo transmitter is a compact unit containing a microwave sensor. It is installed inside the tank, anywhere on the walls of the inspection shaft, facing down toward the liquid as indicated. The sensor is mains-powered and can be installed in driveways\u2014nothing protrudes from the tank as long as the power cable is connected.\r\n\r\nMeasurement data is transmitted to the cloud via a cellular network (SIM card included in the subscription price). Everything operates automatically, without your intervention.\r\n\r\nThe device functions only with an active subscription. The subscription fee is 14.99 PLN per tank per month, billed annually. <b>PROMOTION:<\/b> When you purchase the subscription along with the sensor, the price is xx PLN per tank, billed annually.\r\n\r\nA dedicated app called <b>\u201cAquilo\u201d<\/b> is available for smartphones and web browsers. It allows you to:\r\n<ul>\r\n \t<li>View the current fluid level in your tank<\/li>\r\n \t<li>Check the estimated time to fill (the device calculates this based on previous fill rates)<\/li>\r\n \t<li>Receive a notification when the tank reaches a critical level<\/li>\r\n \t<li>Review historical measurements for comparison<\/li>\r\n \t<li>Send an SMS to a septic service company with information about the upcoming need to empty the tank<\/li>\r\n<\/ul>\r\n<b>Technical Specifications:<\/b>\r\n<ul>\r\n \t<li><b>Product dimensions:<\/b> 100 x 90 x 60 mm<\/li>\r\n \t<li><b>Operating temperature range:<\/b> -40\u00b0C to +60\u00b0C<\/li>\r\n \t<li><b>Tank measurement range:<\/b> 10 cm to 6 m<\/li>\r\n \t<li><b>Power supply:<\/b> 230V mains cable<\/li>\r\n<\/ul>\r\n<b>Tank requirements:<\/b>\r\n<ul>\r\n \t<li>The distance between the liquid and the transmitter must be at least 10 cm. Readings may be inaccurate if the liquid is closer.<\/li>\r\n \t<li>Maximum tank depth: 6 m<\/li>\r\n<\/ul>\r\n<b>Set includes:<\/b>\r\n<ul>\r\n \t<li>Sensor for in-tank installation<\/li>\r\n \t<li>Antenna<\/li>\r\n \t<li>Mounting plate<\/li>\r\n \t<li>User manual (in English)<\/li>\r\n \t<li>\u201cAquilo\u201d mobile app available in App Store or Google Play, included with the subscription<\/li>\r\n<\/ul>","_et_gb_content_width":""},"product_brand":[],"product_cat":[152,135],"product_tag":[],"class_list":{"0":"post-6370","1":"product","2":"type-product","3":"status-publish","4":"has-post-thumbnail","6":"product_cat-lte-de","7":"product_cat-nicht-kategorisiert","9":"first","10":"onbackorder","11":"shipping-taxable","12":"purchasable","13":"product-type-simple"},"_links":{"self":[{"href":"https:\/\/aquilo.io\/de\/wp-json\/wp\/v2\/product\/6370","targetHints":{"allow":["GET"]}}],"collection":[{"href":"https:\/\/aquilo.io\/de\/wp-json\/wp\/v2\/product"}],"about":[{"href":"https:\/\/aquilo.io\/de\/wp-json\/wp\/v2\/types\/product"}],"wp:featuredmedia":[{"embeddable":true,"href":"https:\/\/aquilo.io\/de\/wp-json\/wp\/v2\/media\/5845"}],"wp:attachment":[{"href":"https:\/\/aquilo.io\/de\/wp-json\/wp\/v2\/media?parent=6370"}],"wp:term":[{"taxonomy":"product_brand","embeddable":true,"href":"https:\/\/aquilo.io\/de\/wp-json\/wp\/v2\/product_brand?post=6370"},{"taxonomy":"product_cat","embeddable":true,"href":"https:\/\/aquilo.io\/de\/wp-json\/wp\/v2\/product_cat?post=6370"},{"taxonomy":"product_tag","embeddable":true,"href":"https:\/\/aquilo.io\/de\/wp-json\/wp\/v2\/product_tag?post=6370"}],"curies":[{"name":"wp","href":"https:\/\/api.w.org\/{rel}","templated":true}]}}