{"id":6340,"date":"2022-06-12T10:12:48","date_gmt":"2022-06-12T10:12:48","guid":{"rendered":"https:\/\/aquilo.io\/product\/antennenverlaengerung-fuer-aquilo-fluessigkeitssensor\/"},"modified":"2025-06-05T08:58:37","modified_gmt":"2025-06-05T08:58:37","slug":"antennenverlaengerung-fuer-aquilo-fluessigkeitssensor","status":"publish","type":"product","link":"https:\/\/aquilo.io\/de\/produkt\/antennenverlaengerung-fuer-aquilo-fluessigkeitssensor\/","title":{"rendered":"Antennenverl\u00e4ngerung f\u00fcr Aquilo Fl\u00fcssigkeitssensor"},"content":{"rendered":"<p>[et_pb_section fb_built=&#8220;1&#8243; _builder_version=&#8220;4.9.4&#8243; _module_preset=&#8220;default&#8220; custom_padding=&#8220;50px||0px|||&#8220; global_colors_info=&#8220;{}&#8220;][et_pb_row _builder_version=&#8220;4.9.4&#8243; _module_preset=&#8220;default&#8220; custom_padding=&#8220;0px|||||&#8220; global_colors_info=&#8220;{}&#8220;][et_pb_column type=&#8220;4_4&#8243; _builder_version=&#8220;4.9.4&#8243; _module_preset=&#8220;default&#8220; global_colors_info=&#8220;{}&#8220;][et_pb_button button_url=&#8220;https:\/\/aquilo.io\/aquilo_blue\/sklep\/&#8220; button_text=&#8220;wr\u00f3\u0107 do sklepu&#8220; _builder_version=&#8220;4.9.4&#8243; _module_preset=&#8220;default&#8220; global_colors_info=&#8220;{}&#8220;][\/et_pb_button][\/et_pb_column][\/et_pb_row][et_pb_row _builder_version=&#8220;4.2.2&#8243; custom_padding=&#8220;0px||0px|||&#8220; global_colors_info=&#8220;{}&#8220;][et_pb_column type=&#8220;4_4&#8243; _builder_version=&#8220;4.2.2&#8243; global_colors_info=&#8220;{}&#8220;][et_pb_wc_cart_notice _builder_version=&#8220;4.2.2&#8243; global_colors_info=&#8220;{}&#8220;][\/et_pb_wc_cart_notice][\/et_pb_column][\/et_pb_row][et_pb_row column_structure=&#8220;1_2,1_2&#8243; _builder_version=&#8220;4.9.4&#8243; _module_preset=&#8220;default&#8220; custom_padding=&#8220;0px||0px|||&#8220; global_colors_info=&#8220;{}&#8220;][et_pb_column type=&#8220;1_2&#8243; _builder_version=&#8220;4.9.4&#8243; _module_preset=&#8220;default&#8220; global_colors_info=&#8220;{}&#8220;][et_pb_image src=&#8220;https:\/\/aquilo.io\/wp-content\/uploads\/2021\/07\/czujnik-nowe-kolory_ukos-.png&#8220; title_text=&#8220;czujnik nowe kolory_ukos&#8220; show_in_lightbox=&#8220;on&#8220; _builder_version=&#8220;4.9.9&#8243; _module_preset=&#8220;default&#8220; global_colors_info=&#8220;{}&#8220;][\/et_pb_image][\/et_pb_column][et_pb_column type=&#8220;1_2&#8243; _builder_version=&#8220;4.9.4&#8243; _module_preset=&#8220;default&#8220; global_colors_info=&#8220;{}&#8220;][et_pb_wc_title _builder_version=&#8220;3.0.47&#8243; global_colors_info=&#8220;{}&#8220;][\/et_pb_wc_title][et_pb_wc_price _builder_version=&#8220;4.2.2&#8243; global_colors_info=&#8220;{}&#8220;][\/et_pb_wc_price][et_pb_wc_description _builder_version=&#8220;4.2.2&#8243; global_colors_info=&#8220;{}&#8220;][\/et_pb_wc_description][et_pb_wc_add_to_cart _builder_version=&#8220;4.2.2&#8243; global_colors_info=&#8220;{}&#8220;][\/et_pb_wc_add_to_cart][et_pb_wc_meta separator=&#8220; &#8220; _builder_version=&#8220;4.2.2&#8243; global_colors_info=&#8220;{}&#8220;][\/et_pb_wc_meta][\/et_pb_column][\/et_pb_row][et_pb_row _builder_version=&#8220;4.9.4&#8243; _module_preset=&#8220;default&#8220; custom_padding=&#8220;0px||0px|||&#8220; global_colors_info=&#8220;{}&#8220;][et_pb_column type=&#8220;4_4&#8243; _builder_version=&#8220;4.9.4&#8243; _module_preset=&#8220;default&#8220; global_colors_info=&#8220;{}&#8220;][et_pb_wc_tabs admin_label=&#8220;Woo Tabs  (class %22.divi-ecommerce-woo-tabs%22)&#8220; module_class=&#8220;divi-ecommerce-woo-tabs&#8220; _builder_version=&#8220;4.2.2&#8243; custom_margin=&#8220;||40px||false|false&#8220; global_colors_info=&#8220;{}&#8220;][\/et_pb_wc_tabs][\/et_pb_column][\/et_pb_row][et_pb_row _builder_version=&#8220;4.9.4&#8243; _module_preset=&#8220;default&#8220; custom_padding=&#8220;||0px|||&#8220; global_colors_info=&#8220;{}&#8220;][et_pb_column type=&#8220;4_4&#8243; _builder_version=&#8220;4.9.4&#8243; _module_preset=&#8220;default&#8220; global_colors_info=&#8220;{}&#8220;][et_pb_wc_related_products _builder_version=&#8220;4.2.2&#8243; global_colors_info=&#8220;{}&#8220;][\/et_pb_wc_related_products][\/et_pb_column][\/et_pb_row][\/et_pb_section]<\/p>\n","protected":false},"excerpt":{"rendered":"<p>Die Antennenverl\u00e4ngerung wurde entwickelt, um die Reichweite des Aquilo F\u00fcllstandssensors zu erh\u00f6hen. Bei Verwendung einer zus\u00e4tzlichen Antenne wird die Reichweite deutlich erh\u00f6ht und h\u00e4ngt von der spezifischen Platzierung des Senders, des Empf\u00e4ngers und der Antenne zur Reichweitenverl\u00e4ngerung ab. <\/p>\n","protected":false},"featured_media":5670,"template":"","meta":{"_et_pb_use_builder":"on","_et_pb_old_content":"The antenna extension is available in various lengths, so please specify the desired length when placing your order. Extensions can be connected together.\r\n\r\n<b>Available lengths:\r\n<\/b> \u25cf 1 m\r\n\u25cf 2 m\r\n\u25cf 3 m\r\n\r\n<b>Technical specifications:\r\n<\/b> \u25cf Operating temperature range: -40\u00b0C to +60\u00b0C","_et_gb_content_width":""},"product_brand":[],"product_cat":[152,151,135],"product_tag":[],"class_list":{"0":"post-6340","1":"product","2":"type-product","3":"status-publish","4":"has-post-thumbnail","6":"product_cat-lte-de","7":"product_cat-wlan","8":"product_cat-nicht-kategorisiert","10":"first","11":"instock","12":"shipping-taxable","13":"purchasable","14":"product-type-simple"},"_links":{"self":[{"href":"https:\/\/aquilo.io\/de\/wp-json\/wp\/v2\/product\/6340","targetHints":{"allow":["GET"]}}],"collection":[{"href":"https:\/\/aquilo.io\/de\/wp-json\/wp\/v2\/product"}],"about":[{"href":"https:\/\/aquilo.io\/de\/wp-json\/wp\/v2\/types\/product"}],"wp:featuredmedia":[{"embeddable":true,"href":"https:\/\/aquilo.io\/de\/wp-json\/wp\/v2\/media\/5670"}],"wp:attachment":[{"href":"https:\/\/aquilo.io\/de\/wp-json\/wp\/v2\/media?parent=6340"}],"wp:term":[{"taxonomy":"product_brand","embeddable":true,"href":"https:\/\/aquilo.io\/de\/wp-json\/wp\/v2\/product_brand?post=6340"},{"taxonomy":"product_cat","embeddable":true,"href":"https:\/\/aquilo.io\/de\/wp-json\/wp\/v2\/product_cat?post=6340"},{"taxonomy":"product_tag","embeddable":true,"href":"https:\/\/aquilo.io\/de\/wp-json\/wp\/v2\/product_tag?post=6340"}],"curies":[{"name":"wp","href":"https:\/\/api.w.org\/{rel}","templated":true}]}}