{"id":6612,"date":"2021-06-25T15:16:09","date_gmt":"2021-06-25T15:16:09","guid":{"rendered":"https:\/\/aquilo.io\/lieferung-rueckgabe-und-garantie\/"},"modified":"2025-07-02T12:26:20","modified_gmt":"2025-07-02T12:26:20","slug":"lieferung-rueckgabe-und-garantie","status":"publish","type":"page","link":"https:\/\/aquilo.io\/de\/lieferung-rueckgabe-und-garantie\/","title":{"rendered":"Lieferung, R\u00fcckgabe und Garantie"},"content":{"rendered":"<p>[et_pb_section fb_built=&#8220;1&#8243; _builder_version=&#8220;4.9.4&#8243; _module_preset=&#8220;default&#8220; use_background_color_gradient=&#8220;on&#8220; background_color_gradient_start=&#8220;#0951a3&#8243; background_color_gradient_end=&#8220;rgba(0,0,0,0)&#8220; background_color_gradient_end_position=&#8220;50%&#8220; background_color_gradient_overlays_image=&#8220;on&#8220; background_image=&#8220;https:\/\/aquilo.io\/wp-content\/uploads\/2021\/06\/E1BctKuX0AIJUj9-\u2014-kopia.jpg&#8220; background_position=&#8220;bottom_center&#8220; global_colors_info=&#8220;{}&#8220;][et_pb_row _builder_version=&#8220;4.9.4&#8243; _module_preset=&#8220;default&#8220; global_colors_info=&#8220;{}&#8220;][et_pb_column type=&#8220;4_4&#8243; _builder_version=&#8220;4.9.4&#8243; _module_preset=&#8220;default&#8220; global_colors_info=&#8220;{}&#8220;][et_pb_text admin_label=&#8220;Newsletter Header&#8220; module_class=&#8220;newsletter-header&#8220; _builder_version=&#8220;4.9.11&#8243; header_text_align=&#8220;center&#8220; header_text_color=&#8220;#FFFFFF&#8220; header_font_size=&#8220;40px&#8220; header_letter_spacing=&#8220;2px&#8220; module_alignment=&#8220;center&#8220; header_font_size_tablet=&#8220;22px&#8220; header_font_size_phone=&#8220;&#8220; header_font_size_last_edited=&#8220;on|tablet&#8220; header_text_shadow_style=&#8220;preset3&#8243; header_text_shadow_color=&#8220;#000000&#8243; global_colors_info=&#8220;{}&#8220;]<\/p>\n<h1>Lieferung, R\u00fcckgabe und Garantie<\/h1>\n<p>[\/et_pb_text][\/et_pb_column][\/et_pb_row][\/et_pb_section][et_pb_section fb_built=&#8220;1&#8243; _builder_version=&#8220;4.9.4&#8243; _module_preset=&#8220;default&#8220; custom_padding=&#8220;49px||2px||false|&#8220; global_colors_info=&#8220;{}&#8220;][et_pb_row _builder_version=&#8220;4.9.11&#8243; custom_padding=&#8220;0px||10px|||&#8220; global_colors_info=&#8220;{}&#8220;][et_pb_column type=&#8220;4_4&#8243; _builder_version=&#8220;4.9.11&#8243; custom_padding=&#8220;|||&#8220; global_colors_info=&#8220;{}&#8220; custom_padding__hover=&#8220;|||&#8220;][et_pb_text admin_label=&#8220;Default Header&#8220; module_class=&#8220;default-header&#8220; _builder_version=&#8220;4.9.11&#8243; module_alignment=&#8220;right&#8220; global_colors_info=&#8220;{}&#8220;]<\/p>\n<h1>Lieferung <\/h1>\n<p>[\/et_pb_text][\/et_pb_column][\/et_pb_row][et_pb_row _builder_version=&#8220;4.9.4&#8243; _module_preset=&#8220;default&#8220; custom_padding=&#8220;6px||0px|||&#8220; global_colors_info=&#8220;{}&#8220;][et_pb_column type=&#8220;4_4&#8243; _builder_version=&#8220;4.9.4&#8243; _module_preset=&#8220;default&#8220; global_colors_info=&#8220;{}&#8220;][et_pb_text _builder_version=&#8220;4.9.11&#8243; _module_preset=&#8220;default&#8220; text_orientation=&#8220;justified&#8220; hover_enabled=&#8220;0&#8243; global_colors_info=&#8220;{}&#8220; sticky_enabled=&#8220;0&#8243;]<\/p>\n<p><span style=\"color: #000000;\">Wenn Ihre Bestellung einen Wert von 1500 EUR \u00fcbersteigt, liefern wir die Produkte in Polen kostenlos zu Ihnen.<br \/>Wir liefern standardm\u00e4\u00dfig innerhalb Polens und in die meisten europ\u00e4ischen L\u00e4nder. Lieferm\u00f6glichkeiten und -kosten k\u00f6nnen Sie w\u00e4hrend des Bestellvorgangs einsehen. Bitte kontaktieren Sie uns, wenn Sie eine Lieferung au\u00dferhalb Europas w\u00fcnschen.<br \/>Je nach Land stehen Ihnen verschiedene Lieferoptionen zur Verf\u00fcgung: Kurierdienst, Paketautomat (Polen), pers\u00f6nliche Abholung (Polen).<br \/>Je nach Land bieten wir sowohl Nachnahme (Polen) als auch Vorauszahlung an. Bei Vorauszahlung k\u00f6nnen Sie per Bank\u00fcberweisung oder schnell \u00fcber Stripe (Online-\u00dcberweisung) bezahlen.<\/span><\/p>\n<p>[\/et_pb_text][\/et_pb_column][\/et_pb_row][\/et_pb_section][et_pb_section fb_built=&#8220;1&#8243; _builder_version=&#8220;4.9.4&#8243; _module_preset=&#8220;default&#8220; custom_padding=&#8220;35px||50px||false|&#8220; global_colors_info=&#8220;{}&#8220;][et_pb_row _builder_version=&#8220;3.25&#8243; custom_padding=&#8220;0px||10px|||&#8220; global_colors_info=&#8220;{}&#8220;][et_pb_column type=&#8220;4_4&#8243; _builder_version=&#8220;3.25&#8243; custom_padding=&#8220;|||&#8220; global_colors_info=&#8220;{}&#8220; custom_padding__hover=&#8220;|||&#8220;][et_pb_text admin_label=&#8220;Default Header&#8220; module_class=&#8220;default-header&#8220; _builder_version=&#8220;4.9.11&#8243; module_alignment=&#8220;right&#8220; global_colors_info=&#8220;{}&#8220;]<\/p>\n<h1>R\u00fccksendungen<\/h1>\n<p>[\/et_pb_text][\/et_pb_column][\/et_pb_row][et_pb_row _builder_version=&#8220;4.9.4&#8243; _module_preset=&#8220;default&#8220; custom_padding=&#8220;30px||1px|||&#8220; global_colors_info=&#8220;{}&#8220;][et_pb_column type=&#8220;4_4&#8243; _builder_version=&#8220;4.9.4&#8243; _module_preset=&#8220;default&#8220; global_colors_info=&#8220;{}&#8220;][et_pb_text _builder_version=&#8220;4.9.11&#8243; _module_preset=&#8220;default&#8220; link_font=&#8220;|700|||||||&#8220; text_orientation=&#8220;justified&#8220; global_colors_info=&#8220;{}&#8220;]<\/p>\n<p><span style=\"color: #000000;\">Liegt Ihr Tank zu weit vom Haus entfernt, sodass der Sender das Signal zum Empf\u00e4nger verliert? In diesem Fall gilt die Geld-zur\u00fcck-Garantie. Gleiches gilt, wenn das Produkt nicht Ihren Erwartungen entspricht. Die R\u00fcckgabe ist innerhalb von 14 Tagen m\u00f6glich.<\/span><\/p>\n<p><\/p>\n<p><span style=\"color: #000000;\">Bitte f\u00fcllen Sie bei einer R\u00fcckgabe die Widerrufserkl\u00e4rung aus. Sie k\u00f6nnen diese hier herunterladen. Das ausgef\u00fcllte Formular senden Sie bitte elektronisch an contact@aquilo.io oder legen es dem R\u00fccksendepaket bei.<\/span><\/p>\n<p><\/p>\n<p><span style=\"color: #000000;\">Die R\u00fccksendung erfolgt auf Ihre Kosten an den Paketautomaten ZRV01M in Zabor\u00f3w (Polen) oder an die folgende Adresse. Bitte achten Sie darauf, dass das Paket ausreichend gesichert ist.<\/span><\/p>\n<p><\/p>\n<p><span style=\"color: #000000;\">Aquilo Polska Sp. z o.o.<br \/>ul. Graniczna 20,<br \/>05-083 Wygl\u0119dy<br \/>Polen<\/span><\/p>\n<p><\/p>\n<p><span style=\"color: #000000;\">Sie k\u00f6nnen die R\u00fccksendung auch pers\u00f6nlich bei uns abgeben: ul. Graniczna 20, 05-083 Wygl\u0119dy, Polen.<\/span><\/p>\n<p>[\/et_pb_text][\/et_pb_column][\/et_pb_row][\/et_pb_section][et_pb_section fb_built=&#8220;1&#8243; _builder_version=&#8220;4.9.4&#8243; _module_preset=&#8220;default&#8220; custom_padding=&#8220;35px||50px||false|&#8220; global_colors_info=&#8220;{}&#8220;][et_pb_row _builder_version=&#8220;4.9.11&#8243; custom_padding=&#8220;0px||10px|||&#8220; global_colors_info=&#8220;{}&#8220;][et_pb_column type=&#8220;4_4&#8243; _builder_version=&#8220;3.25&#8243; custom_padding=&#8220;|||&#8220; global_colors_info=&#8220;{}&#8220; custom_padding__hover=&#8220;|||&#8220;][et_pb_text admin_label=&#8220;Default Header&#8220; module_class=&#8220;default-header&#8220; _builder_version=&#8220;4.9.11&#8243; module_alignment=&#8220;right&#8220; global_colors_info=&#8220;{}&#8220;]<\/p>\n<p>&nbsp;<\/p>\n<p><\/p>\n<h1>Garantie<\/h1>\n<p>[\/et_pb_text][\/et_pb_column][\/et_pb_row][et_pb_row _builder_version=&#8220;4.9.4&#8243; _module_preset=&#8220;default&#8220; custom_padding=&#8220;30px||1px|||&#8220; global_colors_info=&#8220;{}&#8220;][et_pb_column type=&#8220;4_4&#8243; _builder_version=&#8220;4.9.4&#8243; _module_preset=&#8220;default&#8220; global_colors_info=&#8220;{}&#8220;][et_pb_text _builder_version=&#8220;4.9.11&#8243; _module_preset=&#8220;default&#8220; link_font=&#8220;|700|||||||&#8220; text_orientation=&#8220;justified&#8220; global_colors_info=&#8220;{}&#8220;]<\/p>\n<p><span style=\"color: #000000;\"> <span style=\"font-family: Montserrat, serif;\"><span style=\"font-size: small;\">1. Der Garantiegeber (Aquilo Polska sp. z o.o.) gew\u00e4hrt dem K\u00e4ufer eine Garantie auf alle von ihm verkauften Produkte (Aquilo Sensoren) und sichert die einwandfreie Funktion der angebotenen Produkte unter der Voraussetzung zu, dass diese gem\u00e4\u00df ihrer Bestimmung und den Nutzungsbedingungen verwendet werden.<br \/>2. Die Garantiezeit betr\u00e4gt 24 Monate ab dem Datum der \u00dcbergabe des Ger\u00e4ts an den K\u00e4ufer und gilt f\u00fcr Ger\u00e4te, die innerhalb der Europ\u00e4ischen Union gekauft und genutzt werden.<br \/>3. Der Garantiegeber verpflichtet sich, w\u00e4hrend der Garantiezeit auftretende M\u00e4ngel zu beheben oder, falls eine Reparatur nicht m\u00f6glich ist, das Produkt durch ein mangelfreies Produkt zu ersetzen.<br \/>4. Direkte Garantieanspr\u00fcche gegen\u00fcber dem Garantiegeber k\u00f6nnen nur von K\u00e4ufern geltend gemacht werden, die das Produkt vom Garantiegeber erworben haben. In anderen F\u00e4llen sind Garantieanspr\u00fcche am Ort des Produktkaufs geltend zu machen.<br \/>5. Im Rahmen der Garantie bestehen keine Schadensersatzanspr\u00fcche des K\u00e4ufers oder Dritter gegen\u00fcber dem Garantiegeber f\u00fcr Sch\u00e4den, die durch eine Fehlfunktion des Produkts entstanden sind. Die einzige Verpflichtung des Garantiegebers aus dieser Garantie ist die Reparatur oder der Austausch des Produkts gem\u00e4\u00df den Bedingungen dieser Garantie.<br \/>6. Der Garantiegeber haftet gegen\u00fcber dem K\u00e4ufer ausschlie\u00dflich f\u00fcr physische M\u00e4ngel, die auf Ursachen zur\u00fcckzuf\u00fchren sind, die im verkauften Produkt liegen. Nicht von der Garantie umfasst sind M\u00e4ngel, die aus anderen Gr\u00fcnden entstanden sind, insbesondere:<br \/>\u2013 Sch\u00e4den, die nicht auf einen Produktmangel zur\u00fcckzuf\u00fchren sind, insbesondere mechanische Sch\u00e4den oder Sch\u00e4den durch unsachgem\u00e4\u00dfe Verwendung des Produkts entgegen der Bestimmung, Bedienungsanleitung oder Sicherheitsvorschriften,<br \/>\u2013 Sch\u00e4den durch Montage, die nicht der dem Produkt beiliegenden Anleitung entspricht,<br \/>\u2013 Sch\u00e4den, die durch den Benutzer verursacht wurden (z. B. besch\u00e4digtes Geh\u00e4use, durchtrenntes oder herausgerissenes Netzkabel usw.), einschlie\u00dflich Sch\u00e4den durch fehlende oder unsachgem\u00e4\u00dfe Wartung oder Vernachl\u00e4ssigung,<br \/>\u2013 Sch\u00e4den durch unsachgem\u00e4\u00dfen Gebrauch, einschlie\u00dflich l\u00e4ngerfristiges \u00dcberfluten des Sensors mit Fl\u00fcssigkeit,<br \/>\u2013 Sch\u00e4den, die Folge eines zuvor aufgetretenen, nicht bei Aquilo Polska sp. z o.o. gemeldeten und nicht vom K\u00e4ufer behobenen Mangels sind,<br \/>\u2013 Sch\u00e4den an Produkten, die vom K\u00e4ufer oder Dritten umgebaut oder repariert wurden,<br \/>\u2013 Sch\u00e4den durch h\u00f6here Gewalt, z. B. Blitzschlag, \u00dcberschwemmung, Korrosion, Netzspannungs\u00fcberspannung usw.,<br \/>\u2013 Sch\u00e4den an Verbrauchsmaterialien oder Zubeh\u00f6r, die dem Ger\u00e4t beiliegen, z. B. elektrische Verbrauchsmaterialien wie Batterien, sowie andere Ausstattungen, die im normalen Gebrauch verschlei\u00dfen,<br \/>\u2013 bei Ultraschallsensoren Sch\u00e4den durch Feuchtigkeits- oder Verschmutzungsablagerungen auf den Sensorsensoren. Die Pflege des Ger\u00e4ts, einschlie\u00dflich Entfernung eventueller Verschmutzungen oder Feuchtigkeit von den Sensorsensoren, die die Messung beeintr\u00e4chtigen k\u00f6nnen, obliegt dem K\u00e4ufer.<\/span><\/span><\/span><\/p>\n<p><\/p>\n<p><span style=\"color: #000000;\"><span style=\"font-family: Montserrat, serif;\"><span style=\"font-size: small;\">7. Grundlage f\u00fcr eine Reklamation eines mangelhaften Ger\u00e4ts ist der Kaufnachweis (insbesondere Kassenbon, Rechnung, Faktura) sowie die pers\u00f6nliche oder via Paketautomat ZRV01M in Zabor\u00f3w erfolgende Einsendung des reklamierten Produkts an den Sitz des Garantiegebers:<\/span><\/span><\/span><\/p>\n<p><\/p>\n<p><span style=\"color: #000000;\"><span style=\"font-family: Montserrat, serif;\"><span style=\"font-size: small;\">Aquilo Polska Sp. z o.o.<br \/>ul. Graniczna 20<br \/>05-083 Wygl\u0119dy<\/span><\/span><\/span><\/p>\n<p><\/p>\n<p><span style=\"color: #000000;\"><span style=\"font-family: Montserrat, serif;\"><span style=\"font-size: small;\">8. Die reklamierten Ger\u00e4te sollten vor dem Versand vom K\u00e4ufer gereinigt werden. Der Service kann die Annahme von nicht gereinigten Produkten verweigern oder die Reinigung auf Kosten des K\u00e4ufers durchf\u00fchren.<br \/>9. Der K\u00e4ufer ist verpflichtet, das Ger\u00e4t so zu verpacken, dass Transportsch\u00e4den auf dem Weg zum Sitz des Garantiegebers vermieden werden. Aquilo Polska sp. z o.o. \u00fcbernimmt keine Haftung f\u00fcr Transportsch\u00e4den.<br \/>10. Im Falle der Anerkennung von Garantieanspr\u00fcchen verpflichtet sich Aquilo Polska sp. z o.o., das Ger\u00e4t innerhalb von 30 Tagen ab Eingang beim Garantiegeber zu reparieren und die Transportkosten \u00fcber den Paketautomaten ZRV01M in Zabor\u00f3w zu \u00fcbernehmen. Im Falle der Ablehnung der Garantieanspr\u00fcche tr\u00e4gt der K\u00e4ufer die Kosten f\u00fcr den Transport des Ger\u00e4ts zum Garantiegeber oder f\u00fcr die R\u00fccksendung an den K\u00e4ufer.<br \/>11. Die obigen Garantiebedingungen schlie\u00dfen die Haftung des Garantiegebers aus Gew\u00e4hrleistungsanspr\u00fcchen aus, wobei diese Ausschlussregelung f\u00fcr K\u00e4ufer, die Verbraucher im Sinne des B\u00fcrgerlichen Gesetzbuches sind, nicht gilt.<br \/>12. F\u00fcr alle nicht ausdr\u00fccklich geregelten Angelegenheiten gelten die Bestimmungen des B\u00fcrgerlichen Gesetzbuches.<\/span><\/span><\/span><\/p>\n<p>[\/et_pb_text][\/et_pb_column][\/et_pb_row][\/et_pb_section][et_pb_section fb_built=&#8220;1&#8243; _builder_version=&#8220;4.9.4&#8243; _module_preset=&#8220;default&#8220; use_background_color_gradient=&#8220;on&#8220; background_color_gradient_start=&#8220;#6b96c7&#8243; background_color_gradient_end=&#8220;#0951a3&#8243; custom_padding=&#8220;40px||30px||false|false&#8220; border_width_bottom=&#8220;1px&#8220; border_color_bottom=&#8220;rgba(137,173,205,0.14)&#8220; global_module=&#8220;3309&#8243; saved_tabs=&#8220;all&#8220; global_colors_info=&#8220;{}&#8220;][et_pb_row column_structure=&#8220;1_4,1_4,1_4,1_4&#8243; use_custom_gutter=&#8220;on&#8220; gutter_width=&#8220;1&#8243; _builder_version=&#8220;4.9.7&#8243; _module_preset=&#8220;default&#8220; width=&#8220;90%&#8220; custom_margin=&#8220;0px||0px||true|false&#8220; custom_padding=&#8220;0px||0px||true|false&#8220; global_colors_info=&#8220;{}&#8220;][et_pb_column type=&#8220;1_4&#8243; _builder_version=&#8220;4.9.4&#8243; _module_preset=&#8220;default&#8220; global_colors_info=&#8220;{}&#8220;][et_pb_image src=&#8220;https:\/\/aquilo.io\/wp-content\/uploads\/2021\/06\/aquilo-biale12.png&#8220; title_text=&#8220;aquilo biale12&#8243; _builder_version=&#8220;4.9.9&#8243; _module_preset=&#8220;default&#8220; width=&#8220;27%&#8220; global_colors_info=&#8220;{}&#8220;][\/et_pb_image][et_pb_text admin_label=&#8220;Newsletter Header&#8220; module_class=&#8220;newsletter-header&#8220; _builder_version=&#8220;4.9.4&#8243; text_text_color=&#8220;#FFFFFF&#8220; text_font_size=&#8220;13px&#8220; link_text_color=&#8220;#FFFFFF&#8220; header_text_color=&#8220;#FFFFFF&#8220; header_font_size=&#8220;22px&#8220; header_letter_spacing=&#8220;2px&#8220; module_alignment=&#8220;center&#8220; custom_padding=&#8220;10px||||false|false&#8220; global_colors_info=&#8220;{}&#8220;]<\/p>\n<p>Wir sind ein polnisches Unternehmen, das sich auf Elektronik f\u00fcr Haus und Garten spezialisiert hat. Wir von Aquilo entwickeln innovative L\u00f6sungen, die Ihnen den Alltag erleichtern. Unsere Produkte sind so konzipiert, dass sie Ihre Sicherheit und Ihren Komfort gew\u00e4hrleisten. Aquilo &#8211; f\u00fcr Ihr Zuhause.   <\/p>\n<p>[\/et_pb_text][\/et_pb_column][et_pb_column type=&#8220;1_4&#8243; _builder_version=&#8220;4.9.7&#8243; _module_preset=&#8220;default&#8220; custom_padding=&#8220;|||40px|false|false&#8220; custom_padding_tablet=&#8220;|||0px|false|false&#8220; custom_padding_phone=&#8220;&#8220; custom_padding_last_edited=&#8220;on|phone&#8220; global_colors_info=&#8220;{}&#8220;][et_pb_text admin_label=&#8220;Newsletter Header&#8220; module_class=&#8220;newsletter-header&#8220; _builder_version=&#8220;4.9.11&#8243; header_text_color=&#8220;#FFFFFF&#8220; header_font_size=&#8220;22px&#8220; header_letter_spacing=&#8220;2px&#8220; module_alignment=&#8220;center&#8220; custom_padding_tablet=&#8220;&#8220; custom_padding_phone=&#8220;20px||||false|false&#8220; custom_padding_last_edited=&#8220;on|phone&#8220; global_colors_info=&#8220;{}&#8220;]<\/p>\n<h1>Informationen<\/h1>\n<p>[\/et_pb_text][et_pb_button button_url=&#8220;https:\/\/aquilo.io\/de\/datenschutzerklaerung\/&#8220; button_text=&#8220;Datenschutzbestimmungen&#8220; _builder_version=&#8220;4.9.11&#8243; _module_preset=&#8220;default&#8220; custom_button=&#8220;on&#8220; button_text_size=&#8220;13px&#8220; button_text_color=&#8220;#FFFFFF&#8220; button_bg_color=&#8220;RGBA(0,0,0,0)&#8220; button_border_width=&#8220;0px&#8220; button_icon=&#8220;%%24%%&#8220; button_icon_placement=&#8220;left&#8220; custom_margin=&#8220;5px||0px||false|false&#8220; button_bg_color_tablet=&#8220;&#8220; button_bg_color_phone=&#8220;&#8220; button_bg_color_last_edited=&#8220;on|desktop&#8220; global_colors_info=&#8220;{}&#8220; button_bg_color__hover_enabled=&#8220;on|hover&#8220; button_bg_color__hover=&#8220;RGBA(0,0,0,0)&#8220; button_bg_enable_color__hover=&#8220;on&#8220; button_letter_spacing__hover_enabled=&#8220;on|desktop&#8220; button_letter_spacing__hover=&#8220;2px&#8220;][\/et_pb_button][et_pb_button button_url=&#8220;https:\/\/aquilo.io\/de\/agb-allgemeine-geschaeftsbedingungen\/&#8220; button_text=&#8220;AGB (Allgemeine Gesch\u00e4ftsbedingungen)&#8220; _builder_version=&#8220;4.9.11&#8243; _module_preset=&#8220;default&#8220; custom_button=&#8220;on&#8220; button_text_size=&#8220;13px&#8220; button_text_color=&#8220;#FFFFFF&#8220; button_bg_color=&#8220;RGBA(0,0,0,0)&#8220; button_border_width=&#8220;0px&#8220; button_icon=&#8220;%%24%%&#8220; button_icon_placement=&#8220;left&#8220; custom_margin=&#8220;-10px||0px||false|false&#8220; button_bg_color_tablet=&#8220;&#8220; button_bg_color_phone=&#8220;&#8220; button_bg_color_last_edited=&#8220;on|desktop&#8220; global_colors_info=&#8220;{}&#8220; button_bg_color__hover_enabled=&#8220;on|hover&#8220; button_bg_color__hover=&#8220;RGBA(0,0,0,0)&#8220; button_bg_enable_color__hover=&#8220;on&#8220; button_letter_spacing__hover_enabled=&#8220;on|desktop&#8220; button_letter_spacing__hover=&#8220;2px&#8220;][\/et_pb_button][et_pb_button button_url=&#8220;https:\/\/aquilo.io\/de\/lieferung-rueckgabe-und-garantie\/&#8220; button_text=&#8220;Lieferung, R\u00fcckgabe und Garantie&#8220; _builder_version=&#8220;4.9.11&#8243; _module_preset=&#8220;default&#8220; custom_button=&#8220;on&#8220; button_text_size=&#8220;13px&#8220; button_text_color=&#8220;#FFFFFF&#8220; button_bg_color=&#8220;RGBA(0,0,0,0)&#8220; button_border_width=&#8220;0px&#8220; button_icon=&#8220;%%24%%&#8220; button_icon_placement=&#8220;left&#8220; custom_margin=&#8220;-12px||0px||false|false&#8220; button_bg_color_tablet=&#8220;&#8220; button_bg_color_phone=&#8220;&#8220; button_bg_color_last_edited=&#8220;on|desktop&#8220; global_colors_info=&#8220;{}&#8220; button_bg_color__hover_enabled=&#8220;on|hover&#8220; button_bg_color__hover=&#8220;RGBA(0,0,0,0)&#8220; button_bg_enable_color__hover=&#8220;on&#8220; button_letter_spacing__hover_enabled=&#8220;on|desktop&#8220; button_letter_spacing__hover=&#8220;2px&#8220;][\/et_pb_button][\/et_pb_column][et_pb_column type=&#8220;1_4&#8243; _builder_version=&#8220;4.9.4&#8243; _module_preset=&#8220;default&#8220; global_colors_info=&#8220;{}&#8220;][et_pb_text admin_label=&#8220;Newsletter Header&#8220; module_class=&#8220;newsletter-header&#8220; _builder_version=&#8220;4.9.11&#8243; header_text_color=&#8220;#FFFFFF&#8220; header_font_size=&#8220;22px&#8220; header_letter_spacing=&#8220;1px&#8220; module_alignment=&#8220;center&#8220; custom_padding_tablet=&#8220;&#8220; custom_padding_phone=&#8220;20px||||false|false&#8220; custom_padding_last_edited=&#8220;on|phone&#8220; global_colors_info=&#8220;{}&#8220;]<\/p>\n<h1>WIE K\u00d6NNEN WIR IHNEN HELFEN?<\/h1>\n<p>[\/et_pb_text][et_pb_text admin_label=&#8220;Newsletter Header&#8220; module_class=&#8220;newsletter-header&#8220; _builder_version=&#8220;4.9.11&#8243; text_text_color=&#8220;#FFFFFF&#8220; text_font_size=&#8220;13px&#8220; link_text_color=&#8220;#FFFFFF&#8220; header_text_color=&#8220;#FFFFFF&#8220; header_font_size=&#8220;22px&#8220; header_letter_spacing=&#8220;2px&#8220; width=&#8220;100%&#8220; max_width=&#8220;100%&#8220; module_alignment=&#8220;center&#8220; custom_padding=&#8220;10px||0px||false|false&#8220; global_colors_info=&#8220;{}&#8220;]<\/p>\n<p><strong>Telefon:<\/strong> +48 737 340 752<br \/><strong>E-Mail:<\/strong> <a href=\"mailto:contact@aquilo.io\">contact@aquilo.io<\/a><br \/><strong>Service Center: <\/strong>ul. Graniczna 20, 05-083 Wygl\u0119dy, Polen <\/p>\n<p>[\/et_pb_text][\/et_pb_column][et_pb_column type=&#8220;1_4&#8243; _builder_version=&#8220;4.9.4&#8243; _module_preset=&#8220;default&#8220; global_colors_info=&#8220;{}&#8220;][et_pb_image src=&#8220;https:\/\/aquilo.io\/wp-content\/uploads\/2021\/07\/loga-unia.png&#8220; title_text=&#8220;loga unia&#8220; url=&#8220;https:\/\/aquilo.io\/de\/eu-projekt\/&#8220; align=&#8220;center&#8220; align_tablet=&#8220;&#8220; align_phone=&#8220;left&#8220; align_last_edited=&#8220;on|phone&#8220; _builder_version=&#8220;4.9.11&#8243; _module_preset=&#8220;default&#8220; width=&#8220;42%&#8220; custom_margin=&#8220;-10px||||false|false&#8220; custom_margin_tablet=&#8220;&#8220; custom_margin_phone=&#8220;10px||||false|false&#8220; custom_margin_last_edited=&#8220;on|phone&#8220; global_colors_info=&#8220;{}&#8220;][\/et_pb_image][\/et_pb_column][\/et_pb_row][\/et_pb_section]<\/p>\n","protected":false},"excerpt":{"rendered":"<p>Lieferung, R\u00fcckgabe und GarantieLieferung Wenn Ihre Bestellung einen Wert von 1500 EUR \u00fcbersteigt, liefern wir die Produkte in Polen kostenlos zu Ihnen.Wir liefern standardm\u00e4\u00dfig innerhalb Polens und in die meisten europ\u00e4ischen L\u00e4nder. Lieferm\u00f6glichkeiten und -kosten k\u00f6nnen Sie w\u00e4hrend des Bestellvorgangs einsehen. Bitte kontaktieren Sie uns, wenn Sie eine Lieferung au\u00dferhalb Europas w\u00fcnschen.Je nach Land stehen [&hellip;]<\/p>\n","protected":false},"author":7,"featured_media":0,"parent":0,"menu_order":0,"comment_status":"closed","ping_status":"closed","template":"","meta":{"_et_pb_use_builder":"on","_et_pb_old_content":"","_et_gb_content_width":"","footnotes":""},"class_list":["post-6612","page","type-page","status-publish","hentry"],"_links":{"self":[{"href":"https:\/\/aquilo.io\/de\/wp-json\/wp\/v2\/pages\/6612","targetHints":{"allow":["GET"]}}],"collection":[{"href":"https:\/\/aquilo.io\/de\/wp-json\/wp\/v2\/pages"}],"about":[{"href":"https:\/\/aquilo.io\/de\/wp-json\/wp\/v2\/types\/page"}],"author":[{"embeddable":true,"href":"https:\/\/aquilo.io\/de\/wp-json\/wp\/v2\/users\/7"}],"replies":[{"embeddable":true,"href":"https:\/\/aquilo.io\/de\/wp-json\/wp\/v2\/comments?post=6612"}],"version-history":[{"count":4,"href":"https:\/\/aquilo.io\/de\/wp-json\/wp\/v2\/pages\/6612\/revisions"}],"predecessor-version":[{"id":6725,"href":"https:\/\/aquilo.io\/de\/wp-json\/wp\/v2\/pages\/6612\/revisions\/6725"}],"wp:attachment":[{"href":"https:\/\/aquilo.io\/de\/wp-json\/wp\/v2\/media?parent=6612"}],"curies":[{"name":"wp","href":"https:\/\/api.w.org\/{rel}","templated":true}]}}