{"id":6604,"date":"2021-06-16T19:41:47","date_gmt":"2021-06-16T19:41:47","guid":{"rendered":"https:\/\/aquilo.io\/eu-projekt\/"},"modified":"2025-06-05T08:21:44","modified_gmt":"2025-06-05T08:21:44","slug":"eu-projekt","status":"publish","type":"page","link":"https:\/\/aquilo.io\/de\/eu-projekt\/","title":{"rendered":"EU-Projekt"},"content":{"rendered":"<p>[et_pb_section fb_built=&#8220;1&#8243; _builder_version=&#8220;4.9.4&#8243; _module_preset=&#8220;default&#8220; use_background_color_gradient=&#8220;on&#8220; background_color_gradient_start=&#8220;#0951a3&#8243; background_color_gradient_end=&#8220;rgba(0,0,0,0)&#8220; background_color_gradient_end_position=&#8220;50%&#8220; background_color_gradient_overlays_image=&#8220;on&#8220; background_image=&#8220;http:\/\/aquilo.io\/wp-content\/uploads\/2021\/06\/E1BctKuX0AIJUj9-\u2014-kopia.jpg&#8220; background_position=&#8220;bottom_center&#8220; global_colors_info=&#8220;{}&#8220;][et_pb_row _builder_version=&#8220;4.9.4&#8243; _module_preset=&#8220;default&#8220; global_colors_info=&#8220;{}&#8220;][et_pb_column type=&#8220;4_4&#8243; _builder_version=&#8220;4.9.4&#8243; _module_preset=&#8220;default&#8220; global_colors_info=&#8220;{}&#8220;][et_pb_text admin_label=&#8220;Newsletter Header&#8220; module_class=&#8220;newsletter-header&#8220; _builder_version=&#8220;4.9.11&#8243; header_text_align=&#8220;center&#8220; header_text_color=&#8220;#FFFFFF&#8220; header_font_size=&#8220;40px&#8220; header_letter_spacing=&#8220;2px&#8220; module_alignment=&#8220;center&#8220; hover_enabled=&#8220;0&#8243; header_text_shadow_style=&#8220;preset3&#8243; header_text_shadow_color=&#8220;#000000&#8243; global_colors_info=&#8220;{}&#8220; sticky_enabled=&#8220;0&#8243;]<\/p>\n<h1>EU-Projekt<\/h1>\n<p>[\/et_pb_text][\/et_pb_column][\/et_pb_row][\/et_pb_section][et_pb_section fb_built=&#8220;1&#8243; _builder_version=&#8220;4.9.4&#8243; _module_preset=&#8220;default&#8220; custom_padding=&#8220;49px||49px||true|&#8220; global_colors_info=&#8220;{}&#8220;][et_pb_row _builder_version=&#8220;4.9.4&#8243; _module_preset=&#8220;default&#8220; custom_padding=&#8220;0px||0px|||&#8220; global_colors_info=&#8220;{}&#8220;][et_pb_column type=&#8220;4_4&#8243; _builder_version=&#8220;4.9.4&#8243; _module_preset=&#8220;default&#8220; global_colors_info=&#8220;{}&#8220;][et_pb_text _builder_version=&#8220;4.9.11&#8243; _module_preset=&#8220;default&#8220; text_orientation=&#8220;justified&#8220; hover_enabled=&#8220;0&#8243; global_colors_info=&#8220;{}&#8220; sticky_enabled=&#8220;0&#8243;]<\/p>\n<p><span style=\"color: #000000;\">Aquilo Polska sp. z o.o. (vormals E-Zeflin sp. z o.o.) f\u00fchrt ein Projekt durch, das mit Mitteln der Europ\u00e4ischen Fonds gef\u00f6rdert wird:<\/span><\/p>\n<p><\/p>\n<p><span style=\"color: #000000;\">\u201eEntwicklung eines mechatronischen Ger\u00e4ts zur Messung des Fl\u00fcssigkeitspegels mit erh\u00f6hter Zuverl\u00e4ssigkeit und Funktionalit\u00e4t\u201c<\/span><\/p>\n<p><\/p>\n<p><span style=\"color: #000000;\">Ziel des Projekts ist die Entwicklung eines mechatronischen Ger\u00e4ts \u2013 eines verbesserten Sensors zur Fl\u00fcssigkeitsmessung unter anspruchsvollen Einsatzbedingungen.<\/span><\/p>\n<p><\/p>\n<p><span style=\"color: #000000;\">Das Ergebnis des Projekts wird die Entwicklung einer Produktinnovation im Unternehmen des Antragstellers sein, in Form eines deutlich verbesserten Produkts, das der Antragsteller Endkunden anbieten kann \u2013 ein mechatronisches Ger\u00e4t \u2013 ein kabelloser, verbesserter Sensor zur Messung des Fl\u00fcssigkeitspegels unter schwierigen Einsatzbedingungen.<br \/>Der Prototyp des Ger\u00e4ts, das Ergebnis des Projekts ist, wird die branchenspezifischen Anforderungen des Antragstellers sowie die Kundenbed\u00fcrfnisse ber\u00fccksichtigen und f\u00fcr neue Anwendungsbereiche mit \u00e4hnlichen anspruchsvollen Umgebungen einsetzbar sein.<br \/>Durch die Umsetzung des Projekts kann der Antragsteller eine Produktinnovation auf nationaler Ebene einf\u00fchren mit realer M\u00f6glichkeit der Implementierung auf ausl\u00e4ndischen M\u00e4rkten, insbesondere dem US-Markt.<\/span><\/p>\n<p><\/p>\n<p><span style=\"color: #000000;\">Das Projekt wird im Rahmen des Europ\u00e4ischen Fonds f\u00fcr regionale Entwicklung aus Mitteln des Operationellen Programms Intelligente Entwicklung 2014-2020 kofinanziert.<\/span><\/p>\n<p><\/p>\n<p><span style=\"color: #000000;\"><b>Priorit\u00e4tsachse II:<\/b> Unterst\u00fctzung des Umfelds und der Potenziale von Unternehmen f\u00fcr Forschung, Entwicklung und Innovation (FuE+i)<\/span><\/p>\n<p><\/p>\n<p><span style=\"color: #000000;\"><b>Ma\u00dfnahme 2.3:<\/b> Innovationsf\u00f6rdernde Dienstleistungen f\u00fcr Unternehmen<\/span><\/p>\n<p><\/p>\n<p><span style=\"color: #000000;\"><b>Teilma\u00dfnahme 2.3.2:<\/b> Innovationsgutscheine f\u00fcr KMU<\/span><\/p>\n<p><\/p>\n<p><span style=\"color: #000000;\">Gesamtkosten des Projekts: 174.660,00 PLN<\/span><\/p>\n<p><\/p>\n<p><span style=\"color: #000000;\">F\u00f6rderbetrag: 120.700,00 PLN<\/span><\/p>\n<p><\/p>\n<p><span style=\"color: #000000;\">Durchf\u00fchrungszeitraum: 12.07.2021 \u2013 11.03.2022<\/span><\/p>\n<p>[\/et_pb_text][\/et_pb_column][\/et_pb_row][\/et_pb_section][et_pb_section fb_built=&#8220;1&#8243; _builder_version=&#8220;4.9.4&#8243; _module_preset=&#8220;default&#8220; use_background_color_gradient=&#8220;on&#8220; background_color_gradient_start=&#8220;#6b96c7&#8243; background_color_gradient_end=&#8220;#0951a3&#8243; custom_padding=&#8220;40px||30px||false|false&#8220; border_width_bottom=&#8220;1px&#8220; border_color_bottom=&#8220;rgba(137,173,205,0.14)&#8220; global_module=&#8220;3309&#8243; saved_tabs=&#8220;all&#8220; global_colors_info=&#8220;{}&#8220;][et_pb_row column_structure=&#8220;1_4,1_4,1_4,1_4&#8243; use_custom_gutter=&#8220;on&#8220; gutter_width=&#8220;1&#8243; _builder_version=&#8220;4.9.7&#8243; _module_preset=&#8220;default&#8220; width=&#8220;90%&#8220; custom_margin=&#8220;0px||0px||true|false&#8220; custom_padding=&#8220;0px||0px||true|false&#8220; global_colors_info=&#8220;{}&#8220;][et_pb_column type=&#8220;1_4&#8243; _builder_version=&#8220;4.9.4&#8243; _module_preset=&#8220;default&#8220; global_colors_info=&#8220;{}&#8220;][et_pb_image src=&#8220;https:\/\/aquilo.io\/wp-content\/uploads\/2021\/06\/aquilo-biale12.png&#8220; title_text=&#8220;aquilo biale12&#8243; _builder_version=&#8220;4.9.9&#8243; _module_preset=&#8220;default&#8220; width=&#8220;27%&#8220; global_colors_info=&#8220;{}&#8220;][\/et_pb_image][et_pb_text admin_label=&#8220;Newsletter Header&#8220; module_class=&#8220;newsletter-header&#8220; _builder_version=&#8220;4.9.4&#8243; text_text_color=&#8220;#FFFFFF&#8220; text_font_size=&#8220;13px&#8220; link_text_color=&#8220;#FFFFFF&#8220; header_text_color=&#8220;#FFFFFF&#8220; header_font_size=&#8220;22px&#8220; header_letter_spacing=&#8220;2px&#8220; module_alignment=&#8220;center&#8220; custom_padding=&#8220;10px||||false|false&#8220; global_colors_info=&#8220;{}&#8220;]<\/p>\n<p><span>We are a Polish company specializing in home and garden electronics. At Aquilo, we create innovative solutions designed to make your everyday life easier. Our products are made to ensure your safety and comfort. Aquilo \u2014 for your home.<\/span><\/p>\n<p>[\/et_pb_text][\/et_pb_column][et_pb_column type=&#8220;1_4&#8243; _builder_version=&#8220;4.9.7&#8243; _module_preset=&#8220;default&#8220; custom_padding=&#8220;|||40px|false|false&#8220; custom_padding_tablet=&#8220;|||0px|false|false&#8220; custom_padding_phone=&#8220;&#8220; custom_padding_last_edited=&#8220;on|phone&#8220; global_colors_info=&#8220;{}&#8220;][et_pb_text admin_label=&#8220;Newsletter Header&#8220; module_class=&#8220;newsletter-header&#8220; _builder_version=&#8220;4.9.11&#8243; header_text_color=&#8220;#FFFFFF&#8220; header_font_size=&#8220;22px&#8220; header_letter_spacing=&#8220;2px&#8220; module_alignment=&#8220;center&#8220; custom_padding_tablet=&#8220;&#8220; custom_padding_phone=&#8220;20px||||false|false&#8220; custom_padding_last_edited=&#8220;on|phone&#8220; global_colors_info=&#8220;{}&#8220;]<\/p>\n<h1>Information<\/h1>\n<p>[\/et_pb_text][et_pb_button button_url=&#8220;https:\/\/aquilo.io\/privacy-policy\/&#8220; button_text=&#8220;Datenschutzerkl\u00e4rung&#8220; _builder_version=&#8220;4.9.11&#8243; _module_preset=&#8220;default&#8220; custom_button=&#8220;on&#8220; button_text_size=&#8220;13px&#8220; button_text_color=&#8220;#FFFFFF&#8220; button_bg_color=&#8220;RGBA(0,0,0,0)&#8220; button_border_width=&#8220;0px&#8220; button_icon=&#8220;%%24%%&#8220; button_icon_placement=&#8220;left&#8220; custom_margin=&#8220;5px||0px||false|false&#8220; button_bg_color_tablet=&#8220;&#8220; button_bg_color_phone=&#8220;&#8220; button_bg_color_last_edited=&#8220;on|desktop&#8220; global_colors_info=&#8220;{}&#8220; button_bg_color__hover_enabled=&#8220;on|hover&#8220; button_bg_color__hover=&#8220;RGBA(0,0,0,0)&#8220; button_bg_enable_color__hover=&#8220;on&#8220; button_letter_spacing__hover_enabled=&#8220;on|desktop&#8220; button_letter_spacing__hover=&#8220;2px&#8220;][\/et_pb_button][et_pb_button button_url=&#8220;https:\/\/aquilo.io\/terms-of-service\/&#8220; button_text=&#8220;Allgemeine Gesch\u00e4ftsbedingungen&#8220; _builder_version=&#8220;4.9.11&#8243; _module_preset=&#8220;default&#8220; custom_button=&#8220;on&#8220; button_text_size=&#8220;13px&#8220; button_text_color=&#8220;#FFFFFF&#8220; button_bg_color=&#8220;RGBA(0,0,0,0)&#8220; button_border_width=&#8220;0px&#8220; button_icon=&#8220;%%24%%&#8220; button_icon_placement=&#8220;left&#8220; custom_margin=&#8220;-10px||0px||false|false&#8220; button_bg_color_tablet=&#8220;&#8220; button_bg_color_phone=&#8220;&#8220; button_bg_color_last_edited=&#8220;on|desktop&#8220; global_colors_info=&#8220;{}&#8220; button_bg_color__hover_enabled=&#8220;on|hover&#8220; button_bg_color__hover=&#8220;RGBA(0,0,0,0)&#8220; button_bg_enable_color__hover=&#8220;on&#8220; button_letter_spacing__hover_enabled=&#8220;on|desktop&#8220; button_letter_spacing__hover=&#8220;2px&#8220;][\/et_pb_button][et_pb_button button_url=&#8220;https:\/\/aquilo.io\/delivery-returns-and-warranty\/&#8220; button_text=&#8220;Lieferung, R\u00fcckgabe und Garantie&#8220; _builder_version=&#8220;4.9.11&#8243; _module_preset=&#8220;default&#8220; custom_button=&#8220;on&#8220; button_text_size=&#8220;13px&#8220; button_text_color=&#8220;#FFFFFF&#8220; button_bg_color=&#8220;RGBA(0,0,0,0)&#8220; button_border_width=&#8220;0px&#8220; button_icon=&#8220;%%24%%&#8220; button_icon_placement=&#8220;left&#8220; custom_margin=&#8220;-12px||0px||false|false&#8220; button_bg_color_tablet=&#8220;&#8220; button_bg_color_phone=&#8220;&#8220; button_bg_color_last_edited=&#8220;on|desktop&#8220; global_colors_info=&#8220;{}&#8220; button_bg_color__hover_enabled=&#8220;on|hover&#8220; button_bg_color__hover=&#8220;RGBA(0,0,0,0)&#8220; button_bg_enable_color__hover=&#8220;on&#8220; button_letter_spacing__hover_enabled=&#8220;on|desktop&#8220; button_letter_spacing__hover=&#8220;2px&#8220;][\/et_pb_button][\/et_pb_column][et_pb_column type=&#8220;1_4&#8243; _builder_version=&#8220;4.9.4&#8243; _module_preset=&#8220;default&#8220; global_colors_info=&#8220;{}&#8220;][et_pb_text admin_label=&#8220;Newsletter Header&#8220; module_class=&#8220;newsletter-header&#8220; _builder_version=&#8220;4.9.11&#8243; header_text_color=&#8220;#FFFFFF&#8220; header_font_size=&#8220;22px&#8220; header_letter_spacing=&#8220;1px&#8220; module_alignment=&#8220;center&#8220; custom_padding_tablet=&#8220;&#8220; custom_padding_phone=&#8220;20px||||false|false&#8220; custom_padding_last_edited=&#8220;on|phone&#8220; global_colors_info=&#8220;{}&#8220;]<\/p>\n<h1>HOW CAN WE HELP YOU?<\/h1>\n<p>[\/et_pb_text][et_pb_text admin_label=&#8220;Newsletter Header&#8220; module_class=&#8220;newsletter-header&#8220; _builder_version=&#8220;4.9.11&#8243; text_text_color=&#8220;#FFFFFF&#8220; text_font_size=&#8220;13px&#8220; link_text_color=&#8220;#FFFFFF&#8220; header_text_color=&#8220;#FFFFFF&#8220; header_font_size=&#8220;22px&#8220; header_letter_spacing=&#8220;2px&#8220; width=&#8220;100%&#8220; max_width=&#8220;100%&#8220; module_alignment=&#8220;center&#8220; custom_padding=&#8220;10px||0px||false|false&#8220; global_colors_info=&#8220;{}&#8220;]<\/p>\n<p><strong>Phone:<\/strong> +48 737 340 752<br \/><strong>Email:<\/strong> <a href=\"mailto:contact@aquilo.io\">contact@aquilo.io<\/a><br \/><strong>Service Center: <\/strong>ul. Graniczna 20, 05-083 Wygl\u0119dy, Poland<\/p>\n<p>[\/et_pb_text][\/et_pb_column][et_pb_column type=&#8220;1_4&#8243; _builder_version=&#8220;4.9.4&#8243; _module_preset=&#8220;default&#8220; global_colors_info=&#8220;{}&#8220;][et_pb_image src=&#8220;https:\/\/aquilo.io\/wp-content\/uploads\/2021\/07\/loga-unia.png&#8220; title_text=&#8220;loga unia&#8220; url=&#8220;https:\/\/aquilo.io\/projekt-unijny\/&#8220; align=&#8220;center&#8220; align_tablet=&#8220;&#8220; align_phone=&#8220;left&#8220; align_last_edited=&#8220;on|phone&#8220; _builder_version=&#8220;4.9.9&#8243; _module_preset=&#8220;default&#8220; width=&#8220;42%&#8220; custom_margin=&#8220;-10px||||false|false&#8220; custom_margin_tablet=&#8220;&#8220; custom_margin_phone=&#8220;10px||||false|false&#8220; custom_margin_last_edited=&#8220;on|phone&#8220; global_colors_info=&#8220;{}&#8220;][\/et_pb_image][\/et_pb_column][\/et_pb_row][\/et_pb_section]<\/p>\n","protected":false},"excerpt":{"rendered":"<p>EU-ProjektAquilo Polska sp. z o.o. (vormals E-Zeflin sp. z o.o.) f\u00fchrt ein Projekt durch, das mit Mitteln der Europ\u00e4ischen Fonds gef\u00f6rdert wird:\u201eEntwicklung eines mechatronischen Ger\u00e4ts zur Messung des Fl\u00fcssigkeitspegels mit erh\u00f6hter Zuverl\u00e4ssigkeit und Funktionalit\u00e4t\u201cZiel des Projekts ist die Entwicklung eines mechatronischen Ger\u00e4ts \u2013 eines verbesserten Sensors zur Fl\u00fcssigkeitsmessung unter anspruchsvollen Einsatzbedingungen.Das Ergebnis des Projekts wird [&hellip;]<\/p>\n","protected":false},"author":7,"featured_media":0,"parent":0,"menu_order":0,"comment_status":"closed","ping_status":"closed","template":"","meta":{"_et_pb_use_builder":"on","_et_pb_old_content":"","_et_gb_content_width":"","footnotes":""},"class_list":["post-6604","page","type-page","status-publish","hentry"],"_links":{"self":[{"href":"https:\/\/aquilo.io\/de\/wp-json\/wp\/v2\/pages\/6604","targetHints":{"allow":["GET"]}}],"collection":[{"href":"https:\/\/aquilo.io\/de\/wp-json\/wp\/v2\/pages"}],"about":[{"href":"https:\/\/aquilo.io\/de\/wp-json\/wp\/v2\/types\/page"}],"author":[{"embeddable":true,"href":"https:\/\/aquilo.io\/de\/wp-json\/wp\/v2\/users\/7"}],"replies":[{"embeddable":true,"href":"https:\/\/aquilo.io\/de\/wp-json\/wp\/v2\/comments?post=6604"}],"version-history":[{"count":3,"href":"https:\/\/aquilo.io\/de\/wp-json\/wp\/v2\/pages\/6604\/revisions"}],"predecessor-version":[{"id":6607,"href":"https:\/\/aquilo.io\/de\/wp-json\/wp\/v2\/pages\/6604\/revisions\/6607"}],"wp:attachment":[{"href":"https:\/\/aquilo.io\/de\/wp-json\/wp\/v2\/media?parent=6604"}],"curies":[{"name":"wp","href":"https:\/\/api.w.org\/{rel}","templated":true}]}}