{"id":6438,"date":"2021-05-14T00:04:00","date_gmt":"2021-05-14T00:04:00","guid":{"rendered":"https:\/\/aquilo.io\/loesungen\/"},"modified":"2025-06-05T07:30:58","modified_gmt":"2025-06-05T07:30:58","slug":"loesungen","status":"publish","type":"page","link":"https:\/\/aquilo.io\/de\/loesungen\/","title":{"rendered":"L\u00f6sungen"},"content":{"rendered":"<p>[et_pb_section fb_built=&#8220;1&#8243; _builder_version=&#8220;4.9.9&#8243; _module_preset=&#8220;default&#8220; use_background_color_gradient=&#8220;on&#8220; background_color_gradient_start=&#8220;#0951a3&#8243; background_color_gradient_end=&#8220;rgba(0,0,0,0)&#8220; background_color_gradient_end_position=&#8220;50%&#8220; background_color_gradient_overlays_image=&#8220;on&#8220; background_image=&#8220;https:\/\/aquilo.io\/wp-content\/uploads\/2021\/06\/E1BctKuX0AIJUj9-\u2014-kopia.jpg&#8220; background_position=&#8220;bottom_center&#8220; global_colors_info=&#8220;{}&#8220;][et_pb_row _builder_version=&#8220;4.9.4&#8243; _module_preset=&#8220;default&#8220; global_colors_info=&#8220;{}&#8220;][et_pb_column type=&#8220;4_4&#8243; _builder_version=&#8220;4.9.4&#8243; _module_preset=&#8220;default&#8220; global_colors_info=&#8220;{}&#8220;][et_pb_text admin_label=&#8220;Newsletter Header&#8220; module_class=&#8220;newsletter-header&#8220; _builder_version=&#8220;4.9.11&#8243; header_text_align=&#8220;center&#8220; header_text_color=&#8220;#FFFFFF&#8220; header_font_size=&#8220;40px&#8220; header_letter_spacing=&#8220;2px&#8220; module_alignment=&#8220;center&#8220; hover_enabled=&#8220;0&#8243; header_font_size_tablet=&#8220;22px&#8220; header_font_size_phone=&#8220;&#8220; header_font_size_last_edited=&#8220;on|tablet&#8220; header_text_shadow_style=&#8220;preset3&#8243; header_text_shadow_color=&#8220;#000000&#8243; global_colors_info=&#8220;{}&#8220; sticky_enabled=&#8220;0&#8243;]<\/p>\n<h1>L\u00f6sungen<\/h1>\n<p>[\/et_pb_text][\/et_pb_column][\/et_pb_row][\/et_pb_section][et_pb_section fb_built=&#8220;1&#8243; _builder_version=&#8220;4.9.4&#8243; _module_preset=&#8220;default&#8220; custom_padding=&#8220;49px||49px||true|&#8220; global_colors_info=&#8220;{}&#8220;][et_pb_row _builder_version=&#8220;3.25&#8243; custom_padding=&#8220;0px||10px|||&#8220; global_colors_info=&#8220;{}&#8220;][et_pb_column type=&#8220;4_4&#8243; _builder_version=&#8220;3.25&#8243; custom_padding=&#8220;|||&#8220; global_colors_info=&#8220;{}&#8220; custom_padding__hover=&#8220;|||&#8220;][et_pb_text admin_label=&#8220;Default Header&#8220; module_class=&#8220;default-header&#8220; _builder_version=&#8220;4.9.7&#8243; module_alignment=&#8220;right&#8220; global_colors_info=&#8220;{}&#8220;]<\/p>\n<h1>L\u00f6sungen<\/h1>\n<p>Entdecken Sie, wie der Aquilo Sensor Ihnen helfen kann<\/p>\n<p>[\/et_pb_text][\/et_pb_column][\/et_pb_row][et_pb_row column_structure=&#8220;1_3,1_3,1_3&#8243; _builder_version=&#8220;4.9.4&#8243; _module_preset=&#8220;default&#8220; global_colors_info=&#8220;{}&#8220;][et_pb_column type=&#8220;1_3&#8243; _builder_version=&#8220;4.9.4&#8243; _module_preset=&#8220;default&#8220; global_colors_info=&#8220;{}&#8220;][et_pb_image src=&#8220;https:\/\/aquilo.io\/wp-content\/uploads\/2022\/10\/new-1572747_960_720500.jpg&#8220; title_text=&#8220;new-1572747_960_720500&#8243; _builder_version=&#8220;4.9.11&#8243; _module_preset=&#8220;default&#8220; global_colors_info=&#8220;{}&#8220;][\/et_pb_image][et_pb_text _builder_version=&#8220;4.9.11&#8243; _module_preset=&#8220;default&#8220; hover_enabled=&#8220;0&#8243; global_colors_info=&#8220;{}&#8220; sticky_enabled=&#8220;0&#8243;]<\/p>\n<h2 style=\"text-align: center;\"><strong>EINFAMILIENH\u00c4USER<\/strong><\/h2>\n<p>Mit unseren Ger\u00e4ten k\u00f6nnen Sie den Fl\u00fcssigkeitsstand in Sickergruben, Regenwassertanks oder Heiz\u00f6ltanks \u00fcberwachen. Mit dem Aquilo-Sensor m\u00fcssen Sie sich keine Sorgen mehr \u00fcber unerwartete \u00dcberl\u00e4ufe oder Entleerungen machen. Sie sparen Zeit und Stress, denn das System informiert Sie \u00fcber den aktuellen F\u00fcllstand und die gesch\u00e4tzte Zeit zum F\u00fcllen oder Leeren des Tanks. Ihr Haus wird sicher sein, und nichts wird Sie \u00fcberraschen.   <\/p>\n<p>&nbsp;[\/et_pb_text][\/et_pb_column][et_pb_column type=&#8220;1_3&#8243; _builder_version=&#8220;4.9.4&#8243; _module_preset=&#8220;default&#8220; global_colors_info=&#8220;{}&#8220;][et_pb_image src=&#8220;https:\/\/aquilo.io\/wp-content\/uploads\/2022\/10\/garden-shed-419266_960_720500.jpg&#8220; title_text=&#8220;garden-shed-419266_960_720500&#8243; _builder_version=&#8220;4.9.11&#8243; _module_preset=&#8220;default&#8220; global_colors_info=&#8220;{}&#8220;][\/et_pb_image][et_pb_text _builder_version=&#8220;4.9.11&#8243; _module_preset=&#8220;default&#8220; hover_enabled=&#8220;0&#8243; global_colors_info=&#8220;{}&#8220; sticky_enabled=&#8220;0&#8243;]<\/p>\n<h2 style=\"text-align: center;\"><strong>URLAUBH\u00c4USER<\/strong><\/h2>\n<p>  W\u00e4hrend Sie sich entspannen, sammelt das Aquilo \u00dcberwachungsger\u00e4t Informationen \u00fcber den Zustand Ihrer Kl\u00e4rgrube oder Ihres Regenwassertanks. Wenn die Fl\u00fcssigkeit einen kritischen Stand erreicht, werden Sie von der Aquilo App sofort benachrichtigt. Keine unerwarteten Zwischenf\u00e4lle mehr. Sicherheit und Komfort mit Aquilo.   <\/p>\n<p>[\/et_pb_text][\/et_pb_column][et_pb_column type=&#8220;1_3&#8243; _builder_version=&#8220;4.9.4&#8243; _module_preset=&#8220;default&#8220; global_colors_info=&#8220;{}&#8220;][et_pb_image src=&#8220;https:\/\/aquilo.io\/wp-content\/uploads\/2022\/10\/architecture-3383067_960_720500.jpg&#8220; title_text=&#8220;architecture-3383067_960_720500&#8243; _builder_version=&#8220;4.9.11&#8243; _module_preset=&#8220;default&#8220; global_colors_info=&#8220;{}&#8220;][\/et_pb_image][et_pb_text _builder_version=&#8220;4.9.11&#8243; _module_preset=&#8220;default&#8220; hover_enabled=&#8220;0&#8243; global_colors_info=&#8220;{}&#8220; sticky_enabled=&#8220;0&#8243;]<\/p>\n<h2 style=\"text-align: center;\"><strong>WOHNSIEDLUNGEN<\/strong><\/h2>\n<p>  Wir m\u00f6chten Sie in das Zeitalter der modernen und intelligenten Verwaltung von Einfamilienh\u00e4usern und Ferienh\u00e4usern einf\u00fchren. K\u00fcmmern Sie sich um die Finanzen Ihres Anwesens. Sanit\u00e4rdienstleistungen k\u00f6nnen teuer sein. Mit dem Aquilo-Sensor wissen Sie, wie der Zustand des Tanks vor und nach der Arbeit des Sanit\u00e4rspezialisten ist.   <\/p>\n<p>[\/et_pb_text][\/et_pb_column][\/et_pb_row][et_pb_row column_structure=&#8220;1_3,1_3,1_3&#8243; _builder_version=&#8220;4.9.7&#8243; _module_preset=&#8220;default&#8220; width=&#8220;80.4%&#8220; width_tablet=&#8220;80%&#8220; width_phone=&#8220;&#8220; width_last_edited=&#8220;on|tablet&#8220; global_colors_info=&#8220;{}&#8220;][et_pb_column type=&#8220;1_3&#8243; _builder_version=&#8220;4.9.4&#8243; _module_preset=&#8220;default&#8220; global_colors_info=&#8220;{}&#8220;][et_pb_image src=&#8220;https:\/\/aquilo.io\/wp-content\/uploads\/2022\/10\/farm-5449624_960_720500.jpg&#8220; title_text=&#8220;farm-5449624_960_720500&#8243; _builder_version=&#8220;4.9.11&#8243; _module_preset=&#8220;default&#8220; global_colors_info=&#8220;{}&#8220;][\/et_pb_image][et_pb_text _builder_version=&#8220;4.9.11&#8243; _module_preset=&#8220;default&#8220; hover_enabled=&#8220;0&#8243; global_colors_info=&#8220;{}&#8220; sticky_enabled=&#8220;0&#8243;]<\/p>\n<h2 style=\"text-align: center;\"><strong>LANDWIRTSCHAFT<\/strong><\/h2>\n<p>  Der Aquilo-Sensor ist ein modernes Ger\u00e4t, das die Automatisierung Ihres Betriebs erm\u00f6glicht. \u00dcberwachen Sie Wassertanks f\u00fcr die Bew\u00e4sserung und Erntebew\u00e4sserung aus der Ferne. Erkennen Sie schnell Lecks in Tanks, um unn\u00f6tige Wasserverluste zu vermeiden. Sparen Sie Wasser mit Aquilo.   <\/p>\n<p>[\/et_pb_text][\/et_pb_column][et_pb_column type=&#8220;1_3&#8243; _builder_version=&#8220;4.9.4&#8243; _module_preset=&#8220;default&#8220; global_colors_info=&#8220;{}&#8220;][et_pb_image src=&#8220;https:\/\/aquilo.io\/wp-content\/uploads\/2022\/10\/gasoline-tanks-2178982_960_720500.jpg&#8220; title_text=&#8220;gasoline-tanks-2178982_960_720500&#8243; _builder_version=&#8220;4.9.11&#8243; _module_preset=&#8220;default&#8220; global_colors_info=&#8220;{}&#8220;][\/et_pb_image][et_pb_text _builder_version=&#8220;4.9.11&#8243; _module_preset=&#8220;default&#8220; hover_enabled=&#8220;0&#8243; global_colors_info=&#8220;{}&#8220; sticky_enabled=&#8220;0&#8243;]<\/p>\n<h2 style=\"text-align: center;\"><strong>INDUSTRIE<\/strong><\/h2>\n<p>  Lagern Sie \u00d6le, Paraffin, Treibstoff oder andere korrosive Substanzen? Mit dem Aquilo-Sensor k\u00f6nnen Sie den Fl\u00fcssigkeitsstand in Tanks nicht-invasiv \u00fcberwachen. Montieren Sie den Sensor auf einer Kunststoffabdeckung und machen Sie sich keine Sorgen, dass korrosive Fl\u00fcssigkeiten mit dem Ger\u00e4t in Ber\u00fchrung kommen. Sorgen Sie f\u00fcr Sicherheit, indem Sie Fehlfunktionen in Tanks sofort beheben.   <\/p>\n<p>[\/et_pb_text][\/et_pb_column][et_pb_column type=&#8220;1_3&#8243; _builder_version=&#8220;4.9.4&#8243; _module_preset=&#8220;default&#8220; global_colors_info=&#8220;{}&#8220;][et_pb_image src=&#8220;https:\/\/aquilo.io\/wp-content\/uploads\/2022\/10\/architecture-1836409_960_720500.jpg&#8220; title_text=&#8220;architecture-1836409_960_720500&#8243; _builder_version=&#8220;4.9.11&#8243; _module_preset=&#8220;default&#8220; global_colors_info=&#8220;{}&#8220;][\/et_pb_image][et_pb_text _builder_version=&#8220;4.9.11&#8243; _module_preset=&#8220;default&#8220; hover_enabled=&#8220;0&#8243; global_colors_info=&#8220;{}&#8220; sticky_enabled=&#8220;0&#8243;]<\/p>\n<h2 style=\"text-align: center;\"><strong>ST\u00c4DTE<\/strong><\/h2>\n<p>  Wir m\u00f6chten Sie in die \u00c4ra des modernen Managements von Kanalisations- und Heizungsnetzen in St\u00e4dten einf\u00fchren. Der Aquilo-Sensor erm\u00f6glicht die \u00dcberwachung der Zug\u00e4nglichkeit von Kanalisationssch\u00e4chten und erkennt Ausf\u00e4lle in Kanalheizungsnetzen. Optimieren Sie das Personalmanagement und erweitern Sie Ihr virtuelles Kanal-\/Heizungsnetz (digitaler Zwilling).  <\/p>\n<p>[\/et_pb_text][\/et_pb_column][\/et_pb_row][et_pb_row _builder_version=&#8220;3.25&#8243; custom_padding=&#8220;0px||10px|||&#8220; global_colors_info=&#8220;{}&#8220;][et_pb_column type=&#8220;4_4&#8243; _builder_version=&#8220;3.25&#8243; custom_padding=&#8220;|||&#8220; global_colors_info=&#8220;{}&#8220; custom_padding__hover=&#8220;|||&#8220;][et_pb_text admin_label=&#8220;Default Header&#8220; module_class=&#8220;default-header&#8220; _builder_version=&#8220;4.9.11&#8243; module_alignment=&#8220;right&#8220; hover_enabled=&#8220;0&#8243; global_colors_info=&#8220;{}&#8220; sticky_enabled=&#8220;0&#8243;]<\/p>\n<h1>W\u00e4hlen Sie Ihren Aquilo Sensor<\/h1>\n<p>Heimsensor oder Profi?<\/p>\n<p>[\/et_pb_text][\/et_pb_column][\/et_pb_row][et_pb_row column_structure=&#8220;1_5,3_5,1_5&#8243; _builder_version=&#8220;3.25&#8243; custom_padding=&#8220;0px||10px|||&#8220; global_colors_info=&#8220;{}&#8220;][et_pb_column type=&#8220;1_5&#8243; _builder_version=&#8220;3.25&#8243; custom_padding=&#8220;|||&#8220; global_colors_info=&#8220;{}&#8220; custom_padding__hover=&#8220;|||&#8220;][\/et_pb_column][et_pb_column type=&#8220;3_5&#8243; _builder_version=&#8220;3.25&#8243; custom_padding=&#8220;|||&#8220; global_colors_info=&#8220;{}&#8220; custom_padding__hover=&#8220;|||&#8220;][et_pb_shop type=&#8220;product_category&#8220; posts_number=&#8220;2&#8243; include_categories=&#8220;all&#8220; columns_number=&#8220;2&#8243; orderby=&#8220;menu_order&#8220; _builder_version=&#8220;4.9.11&#8243; _module_preset=&#8220;default&#8220; global_colors_info=&#8220;{}&#8220;][\/et_pb_shop][\/et_pb_column][et_pb_column type=&#8220;1_5&#8243; _builder_version=&#8220;3.25&#8243; custom_padding=&#8220;|||&#8220; global_colors_info=&#8220;{}&#8220; custom_padding__hover=&#8220;|||&#8220;][\/et_pb_column][\/et_pb_row][et_pb_row _builder_version=&#8220;4.9.11&#8243; custom_padding=&#8220;0px||10px|||&#8220; hover_enabled=&#8220;0&#8243; global_colors_info=&#8220;{}&#8220; sticky_enabled=&#8220;0&#8243;][et_pb_column type=&#8220;4_4&#8243; _builder_version=&#8220;3.25&#8243; custom_padding=&#8220;|||&#8220; global_colors_info=&#8220;{}&#8220; custom_padding__hover=&#8220;|||&#8220;][et_pb_text admin_label=&#8220;Default Header&#8220; module_class=&#8220;default-header&#8220; _builder_version=&#8220;4.9.11&#8243; module_alignment=&#8220;right&#8220; hover_enabled=&#8220;0&#8243; global_colors_info=&#8220;{}&#8220; sticky_enabled=&#8220;0&#8243;]<\/p>\n<h1>Abo-Pl\u00e4ne vergleichen<\/h1>\n<p>Sehen Sie die Vorteile der PREMIUM und PRO LTE Versionen<\/p>\n<p>[\/et_pb_text][et_pb_pricing_tables _builder_version=&#8220;4.9.11&#8243; _module_preset=&#8220;default&#8220; hover_enabled=&#8220;0&#8243; global_colors_info=&#8220;{}&#8220; sticky_enabled=&#8220;0&#8243;][et_pb_pricing_table title=&#8220;PREMIUM&#8220; subtitle=&#8220;F\u00fcr Aquilo Heimsensoren&#8220; currency=&#8220;EUR&#8220; per=&#8220;Monat&#8220; sum=&#8220;1.50&#8243; button_url=&#8220;https:\/\/aquilo.io\/produkt\/aquilo-wifi-liquid-level-sensor-wireless\/&#8220; button_text=&#8220;W\u00e4hlen Sie diesen Plan&#8220; _builder_version=&#8220;4.9.11&#8243; _module_preset=&#8220;default&#8220; hover_enabled=&#8220;0&#8243; global_colors_info=&#8220;{}&#8220; sticky_transition=&#8220;on&#8220; sticky_enabled=&#8220;0&#8243;]+ Cloud-Kommunikation: WiFi<\/p>\n<p>+ Unbegrenzte Anzahl von Tanks pro Konto<\/p>\n<p>+ iOS, Android, Web-App<\/p>\n<p>+ Informationen zum Fl\u00fcssigkeitsstand<\/p>\n<p>+ Aktualisierung der Anzeige nach jeder \u00c4nderung des Fl\u00fcssigkeitsstands, mindestens alle 8 Stunden<\/p>\n<p>+ Zugang zur Historie: 2 Jahre<\/p>\n<p>+ Telefonische Benachrichtigungen und E-Mail-Benachrichtigungen<\/p>\n<p>+ SMS-Versand<\/p>\n<p>+ Integration mit Home Assistant oder Loxone<\/p>\n<p>+ REST API verf\u00fcgbar<\/p>\n<p>&#8211; Datenexport im CSV-Format<\/p>\n<p>+ Premium-Unterst\u00fctzung<\/p>\n<p>+ Werbefreie Ansicht des Tankstatus[\/et_pb_pricing_table][et_pb_pricing_table title=&#8220;BASIC&#8220; subtitle=&#8220;  F\u00fcr Aquilo Heimsensoren&#8220; currency=&#8220;EUR&#8220; sum=&#8220;0&#8243; button_url=&#8220;https:\/\/aquilo.io\/produkt\/aquilo-wifi-liquid-level-sensor-wireless\/&#8220; button_text=&#8220;W\u00e4hlen Sie diesen Plan&#8220; _builder_version=&#8220;4.9.11&#8243; _module_preset=&#8220;default&#8220; hover_enabled=&#8220;0&#8243; global_colors_info=&#8220;{}&#8220; sticky_transition=&#8220;on&#8220; sticky_enabled=&#8220;0&#8243;]<\/p>\n<p>+ Cloud-Kommunikation: WiFi<\/p>\n<p>+ Ein Tank pro Konto<\/p>\n<p>+ iOS, Android, Web-App<\/p>\n<p>+ Informationen zum Fl\u00fcssigkeitsstand<\/p>\n<p>+ Leseaktualisierung alle 8 Stunden<\/p>\n<p>+ Zugang zur Historie: 60 Tage<\/p>\n<p>+ Telefon-Benachrichtigungen<\/p>\n<p>&#8211; SMS-Versand<\/p>\n<p>+ Integration mit Home Assistant oder Loxone<\/p>\n<p>+ REST API verf\u00fcgbar<\/p>\n<p>&#8211; Datenexport im CSV-Format<\/p>\n<p>&#8211; Premium-Unterst\u00fctzung<\/p>\n<p>&#8211; Werbefreie Ansicht des Tankstatus<\/p>\n<p>[\/et_pb_pricing_table][et_pb_pricing_table title=&#8220;PRO LTE&#8220; subtitle=&#8220;F\u00fcr professionelle Aquilo-Sensoren&#8220; currency=&#8220;EUR&#8220; per=&#8220;Monat pro Tank&#8220; sum=&#8220;3.99&#8243; button_url=&#8220;https:\/\/aquilo.io\/produkt\/aquilo-lte-liquid-level-sensor-wireless\/&#8220; button_text=&#8220;W\u00e4hlen Sie diesen Plan&#8220; _builder_version=&#8220;4.9.11&#8243; _module_preset=&#8220;default&#8220; hover_enabled=&#8220;0&#8243; global_colors_info=&#8220;{}&#8220; sticky_transition=&#8220;on&#8220; sticky_enabled=&#8220;0&#8243;]<\/p>\n<p>+ Cloud-Kommunikation: CAT-M1 \/ 4G LTE \/ 3G<\/p>\n<p>+ <\/p>\n<p>Unbegrenzte Anzahl von Tanks pro Konto<\/p>\n<p>+ iOS, Android, Web-App<\/p>\n<p>+ Informationen zum Fl\u00fcssigkeitsstand<\/p>\n<p>+ Lese-Updates im Falle einer St\u00f6rung, mindestens alle 12 Stunden<\/p>\n<p>+ Zugang zur Historie: 3 Jahre<\/p>\n<p>+ Telefonische Benachrichtigungen und E-Mail-Benachrichtigungen<\/p>\n<p>+ SMS-Versand<\/p>\n<p>+ Integration mit Home Assistant oder Loxone<\/p>\n<p>+ REST API verf\u00fcgbar<\/p>\n<p>+ Datenexport im CSV-Format<\/p>\n<p>+ Premium-Unterst\u00fctzung<\/p>\n<p>+ Werbefreie Ansicht des Tankstatus<\/p>\n<p>[\/et_pb_pricing_table][\/et_pb_pricing_tables][\/et_pb_column][\/et_pb_row][\/et_pb_section][et_pb_section fb_built=&#8220;1&#8243; _builder_version=&#8220;4.9.4&#8243; _module_preset=&#8220;default&#8220; use_background_color_gradient=&#8220;on&#8220; background_color_gradient_start=&#8220;#6b96c7&#8243; background_color_gradient_end=&#8220;#0951a3&#8243; custom_padding=&#8220;40px||30px||false|false&#8220; border_width_bottom=&#8220;1px&#8220; border_color_bottom=&#8220;rgba(137,173,205,0.14)&#8220; global_module=&#8220;3309&#8243; saved_tabs=&#8220;all&#8220; global_colors_info=&#8220;{}&#8220;][et_pb_row column_structure=&#8220;1_4,1_4,1_4,1_4&#8243; use_custom_gutter=&#8220;on&#8220; gutter_width=&#8220;1&#8243; _builder_version=&#8220;4.9.7&#8243; _module_preset=&#8220;default&#8220; width=&#8220;90%&#8220; custom_margin=&#8220;0px||0px||true|false&#8220; custom_padding=&#8220;0px||0px||true|false&#8220; global_colors_info=&#8220;{}&#8220;][et_pb_column type=&#8220;1_4&#8243; _builder_version=&#8220;4.9.4&#8243; _module_preset=&#8220;default&#8220; global_colors_info=&#8220;{}&#8220;][et_pb_image src=&#8220;https:\/\/aquilo.io\/wp-content\/uploads\/2021\/06\/aquilo-biale12.png&#8220; title_text=&#8220;aquilo biale12&#8243; _builder_version=&#8220;4.9.9&#8243; _module_preset=&#8220;default&#8220; width=&#8220;27%&#8220; global_colors_info=&#8220;{}&#8220;][\/et_pb_image][et_pb_text admin_label=&#8220;Newsletter Header&#8220; module_class=&#8220;newsletter-header&#8220; _builder_version=&#8220;4.9.4&#8243; text_text_color=&#8220;#FFFFFF&#8220; text_font_size=&#8220;13px&#8220; link_text_color=&#8220;#FFFFFF&#8220; header_text_color=&#8220;#FFFFFF&#8220; header_font_size=&#8220;22px&#8220; header_letter_spacing=&#8220;2px&#8220; module_alignment=&#8220;center&#8220; custom_padding=&#8220;10px||||false|false&#8220; global_colors_info=&#8220;{}&#8220;]<\/p>\n<p><span>Wir sind ein polnisches Unternehmen, das sich auf Elektronik f\u00fcr Haus und Garten spezialisiert hat. Wir von Aquilo entwickeln innovative L\u00f6sungen, die Ihnen den Alltag erleichtern. Unsere Produkte sind so konzipiert, dass sie Ihre Sicherheit und Ihren Komfort gew\u00e4hrleisten. Aquilo &#8211; f\u00fcr Ihr Zuhause.   <\/span><\/p>\n<p>[\/et_pb_text][\/et_pb_column][et_pb_column type=&#8220;1_4&#8243; _builder_version=&#8220;4.9.7&#8243; _module_preset=&#8220;default&#8220; custom_padding=&#8220;|||40px|false|false&#8220; custom_padding_tablet=&#8220;|||0px|false|false&#8220; custom_padding_phone=&#8220;&#8220; custom_padding_last_edited=&#8220;on|phone&#8220; global_colors_info=&#8220;{}&#8220;][et_pb_text admin_label=&#8220;Newsletter Header&#8220; module_class=&#8220;newsletter-header&#8220; _builder_version=&#8220;4.9.11&#8243; header_text_color=&#8220;#FFFFFF&#8220; header_font_size=&#8220;22px&#8220; header_letter_spacing=&#8220;2px&#8220; module_alignment=&#8220;center&#8220; custom_padding_tablet=&#8220;&#8220; custom_padding_phone=&#8220;20px||||false|false&#8220; custom_padding_last_edited=&#8220;on|phone&#8220; global_colors_info=&#8220;{}&#8220;]<\/p>\n<h1>Informationen<\/h1>\n<p>[\/et_pb_text][et_pb_button button_url=&#8220;https:\/\/aquilo.io\/privacy-policy\/&#8220; button_text=&#8220;Datenschutzbestimmungen&#8220; _builder_version=&#8220;4.9.11&#8243; _module_preset=&#8220;default&#8220; custom_button=&#8220;on&#8220; button_text_size=&#8220;13px&#8220; button_text_color=&#8220;#FFFFFF&#8220; button_bg_color=&#8220;RGBA(0,0,0,0)&#8220; button_border_width=&#8220;0px&#8220; button_icon=&#8220;%%24%%&#8220; button_icon_placement=&#8220;left&#8220; custom_margin=&#8220;5px||0px||false|false&#8220; button_bg_color_tablet=&#8220;&#8220; button_bg_color_phone=&#8220;&#8220; button_bg_color_last_edited=&#8220;on|desktop&#8220; global_colors_info=&#8220;{}&#8220; button_bg_color__hover_enabled=&#8220;on|hover&#8220; button_bg_color__hover=&#8220;RGBA(0,0,0,0)&#8220; button_bg_enable_color__hover=&#8220;on&#8220; button_letter_spacing__hover_enabled=&#8220;on|desktop&#8220; button_letter_spacing__hover=&#8220;2px&#8220;][\/et_pb_button][et_pb_button button_url=&#8220;https:\/\/aquilo.io\/terms-of-service\/&#8220; button_text=&#8220;Allgemeine Gesch\u00e4ftsbedingungen&#8220; _builder_version=&#8220;4.9.11&#8243; _module_preset=&#8220;default&#8220; custom_button=&#8220;on&#8220; button_text_size=&#8220;13px&#8220; button_text_color=&#8220;#FFFFFF&#8220; button_bg_color=&#8220;RGBA(0,0,0,0)&#8220; button_border_width=&#8220;0px&#8220; button_icon=&#8220;%%24%%&#8220; button_icon_placement=&#8220;left&#8220; custom_margin=&#8220;-10px||0px||false|false&#8220; button_bg_color_tablet=&#8220;&#8220; button_bg_color_phone=&#8220;&#8220; button_bg_color_last_edited=&#8220;on|desktop&#8220; global_colors_info=&#8220;{}&#8220; button_bg_color__hover_enabled=&#8220;on|hover&#8220; button_bg_color__hover=&#8220;RGBA(0,0,0,0)&#8220; button_bg_enable_color__hover=&#8220;on&#8220; button_letter_spacing__hover_enabled=&#8220;on|desktop&#8220; button_letter_spacing__hover=&#8220;2px&#8220;][\/et_pb_button][et_pb_button button_url=&#8220;https:\/\/aquilo.io\/delivery-returns-and-warranty\/&#8220; button_text=&#8220;Lieferung, R\u00fcckgabe und Garantie&#8220; _builder_version=&#8220;4.9.11&#8243; _module_preset=&#8220;default&#8220; custom_button=&#8220;on&#8220; button_text_size=&#8220;13px&#8220; button_text_color=&#8220;#FFFFFF&#8220; button_bg_color=&#8220;RGBA(0,0,0,0)&#8220; button_border_width=&#8220;0px&#8220; button_icon=&#8220;%%24%%&#8220; button_icon_placement=&#8220;left&#8220; custom_margin=&#8220;-12px||0px||false|false&#8220; button_bg_color_tablet=&#8220;&#8220; button_bg_color_phone=&#8220;&#8220; button_bg_color_last_edited=&#8220;on|desktop&#8220; global_colors_info=&#8220;{}&#8220; button_bg_color__hover_enabled=&#8220;on|hover&#8220; button_bg_color__hover=&#8220;RGBA(0,0,0,0)&#8220; button_bg_enable_color__hover=&#8220;on&#8220; button_letter_spacing__hover_enabled=&#8220;on|desktop&#8220; button_letter_spacing__hover=&#8220;2px&#8220;][\/et_pb_button][\/et_pb_column][et_pb_column type=&#8220;1_4&#8243; _builder_version=&#8220;4.9.4&#8243; _module_preset=&#8220;default&#8220; global_colors_info=&#8220;{}&#8220;][et_pb_text admin_label=&#8220;Newsletter Header&#8220; module_class=&#8220;newsletter-header&#8220; _builder_version=&#8220;4.9.11&#8243; header_text_color=&#8220;#FFFFFF&#8220; header_font_size=&#8220;22px&#8220; header_letter_spacing=&#8220;1px&#8220; module_alignment=&#8220;center&#8220; custom_padding_tablet=&#8220;&#8220; custom_padding_phone=&#8220;20px||||false|false&#8220; custom_padding_last_edited=&#8220;on|phone&#8220; global_colors_info=&#8220;{}&#8220;]<\/p>\n<h1>WIE K\u00d6NNEN WIR IHNEN HELFEN?<\/h1>\n<p>[\/et_pb_text][et_pb_text admin_label=&#8220;Newsletter Header&#8220; module_class=&#8220;newsletter-header&#8220; _builder_version=&#8220;4.9.11&#8243; text_text_color=&#8220;#FFFFFF&#8220; text_font_size=&#8220;13px&#8220; link_text_color=&#8220;#FFFFFF&#8220; header_text_color=&#8220;#FFFFFF&#8220; header_font_size=&#8220;22px&#8220; header_letter_spacing=&#8220;2px&#8220; width=&#8220;100%&#8220; max_width=&#8220;100%&#8220; module_alignment=&#8220;center&#8220; custom_padding=&#8220;10px||0px||false|false&#8220; global_colors_info=&#8220;{}&#8220;]<\/p>\n<p><strong>Telefon:<\/strong> +48 737 340 752<br \/><strong>E-Mail:<\/strong> <a href=\"mailto:contact@aquilo.io\">contact@aquilo.io<\/a><br \/><strong>Service Center: <\/strong>ul. Graniczna 20, 05-083 Wygl\u0119dy, Polen <\/p>\n<p>[\/et_pb_text][\/et_pb_column][et_pb_column type=&#8220;1_4&#8243; _builder_version=&#8220;4.9.4&#8243; _module_preset=&#8220;default&#8220; global_colors_info=&#8220;{}&#8220;][et_pb_image src=&#8220;https:\/\/aquilo.io\/wp-content\/uploads\/2021\/07\/loga-unia.png&#8220; title_text=&#8220;loga unia&#8220; url=&#8220;https:\/\/aquilo.io\/projekt-unijny\/&#8220; align=&#8220;center&#8220; align_tablet=&#8220;&#8220; align_phone=&#8220;left&#8220; align_last_edited=&#8220;on|phone&#8220; _builder_version=&#8220;4.9.9&#8243; _module_preset=&#8220;default&#8220; width=&#8220;42%&#8220; custom_margin=&#8220;-10px||||false|false&#8220; custom_margin_tablet=&#8220;&#8220; custom_margin_phone=&#8220;10px||||false|false&#8220; custom_margin_last_edited=&#8220;on|phone&#8220; global_colors_info=&#8220;{}&#8220;][\/et_pb_image][\/et_pb_column][\/et_pb_row][\/et_pb_section]<\/p>\n","protected":false},"excerpt":{"rendered":"<p>L\u00f6sungenL\u00f6sungen Entdecken Sie, wie der Aquilo Sensor Ihnen helfen kannEINFAMILIENH\u00c4USER Mit unseren Ger\u00e4ten k\u00f6nnen Sie den Fl\u00fcssigkeitsstand in Sickergruben, Regenwassertanks oder Heiz\u00f6ltanks \u00fcberwachen. Mit dem Aquilo-Sensor m\u00fcssen Sie sich keine Sorgen mehr \u00fcber unerwartete \u00dcberl\u00e4ufe oder Entleerungen machen. Sie sparen Zeit und Stress, denn das System informiert Sie \u00fcber den aktuellen F\u00fcllstand und die gesch\u00e4tzte [&hellip;]<\/p>\n","protected":false},"author":7,"featured_media":0,"parent":0,"menu_order":0,"comment_status":"closed","ping_status":"closed","template":"","meta":{"_et_pb_use_builder":"on","_et_pb_old_content":"","_et_gb_content_width":"","footnotes":""},"class_list":["post-6438","page","type-page","status-publish","hentry"],"_links":{"self":[{"href":"https:\/\/aquilo.io\/de\/wp-json\/wp\/v2\/pages\/6438","targetHints":{"allow":["GET"]}}],"collection":[{"href":"https:\/\/aquilo.io\/de\/wp-json\/wp\/v2\/pages"}],"about":[{"href":"https:\/\/aquilo.io\/de\/wp-json\/wp\/v2\/types\/page"}],"author":[{"embeddable":true,"href":"https:\/\/aquilo.io\/de\/wp-json\/wp\/v2\/users\/7"}],"replies":[{"embeddable":true,"href":"https:\/\/aquilo.io\/de\/wp-json\/wp\/v2\/comments?post=6438"}],"version-history":[{"count":10,"href":"https:\/\/aquilo.io\/de\/wp-json\/wp\/v2\/pages\/6438\/revisions"}],"predecessor-version":[{"id":6498,"href":"https:\/\/aquilo.io\/de\/wp-json\/wp\/v2\/pages\/6438\/revisions\/6498"}],"wp:attachment":[{"href":"https:\/\/aquilo.io\/de\/wp-json\/wp\/v2\/media?parent=6438"}],"curies":[{"name":"wp","href":"https:\/\/api.w.org\/{rel}","templated":true}]}}