{"id":6652,"date":"2023-02-27T12:35:03","date_gmt":"2023-02-27T12:35:03","guid":{"rendered":"https:\/\/aquilo.io\/akce-doporuc-souseda\/"},"modified":"2025-06-06T10:18:58","modified_gmt":"2025-06-06T10:18:58","slug":"akce-doporuc-souseda","status":"publish","type":"page","link":"https:\/\/aquilo.io\/cs\/akce-doporuc-souseda\/","title":{"rendered":"Akce Doporu\u010d souseda"},"content":{"rendered":"<p>[et_pb_section fb_built=&#8220;1&#8243; _builder_version=&#8220;4.9.4&#8243; _module_preset=&#8220;default&#8220; use_background_color_gradient=&#8220;on&#8220; background_color_gradient_start=&#8220;#0951a3&#8243; background_color_gradient_end=&#8220;rgba(0,0,0,0)&#8220; background_color_gradient_end_position=&#8220;50%&#8220; background_color_gradient_overlays_image=&#8220;on&#8220; background_image=&#8220;http:\/\/aquilo.io\/wp-content\/uploads\/2021\/06\/E1BctKuX0AIJUj9-\u2014-kopia.jpg&#8220; background_position=&#8220;bottom_center&#8220; global_colors_info=&#8220;{}&#8220;][et_pb_row _builder_version=&#8220;4.9.4&#8243; _module_preset=&#8220;default&#8220; global_colors_info=&#8220;{}&#8220;][et_pb_column type=&#8220;4_4&#8243; _builder_version=&#8220;4.9.4&#8243; _module_preset=&#8220;default&#8220; global_colors_info=&#8220;{}&#8220;][et_pb_text admin_label=&#8220;Newsletter Header&#8220; module_class=&#8220;newsletter-header&#8220; _builder_version=&#8220;4.9.11&#8243; header_text_align=&#8220;center&#8220; header_text_color=&#8220;#FFFFFF&#8220; header_font_size=&#8220;40px&#8220; header_letter_spacing=&#8220;2px&#8220; module_alignment=&#8220;center&#8220; hover_enabled=&#8220;0&#8243; header_text_shadow_style=&#8220;preset3&#8243; header_text_shadow_color=&#8220;#000000&#8243; global_colors_info=&#8220;{}&#8220; sticky_enabled=&#8220;0&#8243;]<\/p>\n<h1>Akce Doporu\u010d souseda<\/h1>\n<p>[\/et_pb_text][\/et_pb_column][\/et_pb_row][\/et_pb_section][et_pb_section fb_built=&#8220;1&#8243; _builder_version=&#8220;4.9.4&#8243; _module_preset=&#8220;default&#8220; custom_padding=&#8220;49px||49px||true|&#8220; global_colors_info=&#8220;{}&#8220;][et_pb_row _builder_version=&#8220;4.9.4&#8243; _module_preset=&#8220;default&#8220; custom_padding=&#8220;0px||0px|||&#8220; global_colors_info=&#8220;{}&#8220;][et_pb_column type=&#8220;4_4&#8243; _builder_version=&#8220;4.9.4&#8243; _module_preset=&#8220;default&#8220; global_colors_info=&#8220;{}&#8220;][et_pb_text _builder_version=&#8220;4.9.11&#8243; _module_preset=&#8220;default&#8220; text_orientation=&#8220;justified&#8220; global_colors_info=&#8220;{}&#8220;]<\/p>\n<p><span style=\"color: #000000;\">Stal ses \u0161\u0165astn\u00fdm majitelem senzoru Aquilo a jsi s\u202fn\u00edm tak spokojen\u00fd, \u017ee bys ho r\u00e1d doporu\u010dil n\u011bkomu dal\u0161\u00edmu? Te\u010f se ti to vyplat\u00ed!<\/span><\/p>\n<p><\/p>\n<p><span style=\"color: #000000;\">Doporu\u010d zn\u00e1m\u00e9ho nebo souseda, kter\u00fd pot\u0159ebuje senzor hladiny kapalin \u2013 ty z\u00edsk\u00e1\u0161 vd\u011bk za doporu\u010den\u00ed a my ti darujeme p\u0159edplatn\u00e9 PREMIUM a\u017e na 3 m\u011bs\u00edce! Ani tv\u016fj soused nep\u0159ijde zkr\u00e1tka \u2013 d\u00edky doporu\u010den\u00ed obdr\u017e\u00ed stejn\u011b jako ty 3 m\u011bs\u00edce p\u0159edplatn\u00e9ho PREMIUM zcela zdarma!<\/span><\/p>\n<p><\/p>\n<p><span style=\"color: #000000;\">Jak se z\u00fa\u010dastnit akce? Je to velmi jednoduch\u00e9. Krok za krokem:<\/span><\/p>\n<p><\/p>\n<ol>\n<li>\n<p><span style=\"color: #000000;\">Doporu\u010d senzor Aquilo sv\u00e9mu zn\u00e1m\u00e9mu, sousedovi nebo rodin\u011b.<\/span><\/p>\n<\/li>\n<\/ol>\n<p><\/p>\n<ol start=\"2\">\n<li>\n<p><span style=\"color: #000000;\">P\u0159eddej sv\u00e9mu sousedovi identifika\u010dn\u00ed \u010d\u00edslo sv\u00e9ho za\u0159\u00edzen\u00ed. Najde\u0161 ho pod \u010d\u00e1rov\u00fdm k\u00f3dem na za\u0159\u00edzen\u00ed.<\/span><\/p>\n<\/li>\n<\/ol>\n<p><\/p>\n<ol start=\"3\">\n<li>\n<p><span style=\"color: #000000;\">P\u0159i n\u00e1kupu senzoru uvede tv\u016fj soused (v koment\u00e1\u0159i) identifika\u010dn\u00ed \u010d\u00edslo tv\u00e9ho za\u0159\u00edzen\u00ed.<\/span><\/p>\n<\/li>\n<\/ol>\n<p><\/p>\n<ol start=\"4\">\n<li>\n<p><span style=\"color: #000000;\">U\u017e\u00edv\u00e1\u0161 si p\u0159\u00edstup k verzi PREMIUM po dobu 3 m\u011bs\u00edc\u016f zcela zdarma! Za\u0161leme ti ozn\u00e1men\u00ed, \u017ee tv\u016fj soused koupil senzor s\u202fidentifika\u010dn\u00edm \u010d\u00edslem tv\u00e9ho za\u0159\u00edzen\u00ed.<\/span><\/p>\n<\/li>\n<\/ol>\n<p><\/p>\n<ol start=\"5\">\n<li>\n<p><span style=\"color: #000000;\">M\u00e1\u0161 v\u00edce zn\u00e1m\u00fdch nebo soused\u016f, kter\u00e9 senzor zaj\u00edm\u00e1? Doporu\u010duj d\u00e1l a z\u00edskej dal\u0161\u00ed 3 m\u011bs\u00edce p\u0159edplatn\u00e9ho PREMIUM zdarma.<\/span><\/p>\n<\/li>\n<\/ol>\n<p><\/p>\n<p><span style=\"color: #000000;\">Podrobn\u00e9 podm\u00ednky akce: st\u00e1hn\u011bte zde.<\/span><\/p>\n<p>[\/et_pb_text][\/et_pb_column][\/et_pb_row][\/et_pb_section][et_pb_section fb_built=&#8220;1&#8243; _builder_version=&#8220;4.9.4&#8243; _module_preset=&#8220;default&#8220; use_background_color_gradient=&#8220;on&#8220; background_color_gradient_start=&#8220;#6b96c7&#8243; background_color_gradient_end=&#8220;#0951a3&#8243; custom_padding=&#8220;40px||30px||false|false&#8220; border_width_bottom=&#8220;1px&#8220; border_color_bottom=&#8220;rgba(137,173,205,0.14)&#8220; global_module=&#8220;3309&#8243; saved_tabs=&#8220;all&#8220; global_colors_info=&#8220;{}&#8220;][et_pb_row column_structure=&#8220;1_4,1_4,1_4,1_4&#8243; use_custom_gutter=&#8220;on&#8220; gutter_width=&#8220;1&#8243; _builder_version=&#8220;4.9.7&#8243; _module_preset=&#8220;default&#8220; width=&#8220;90%&#8220; custom_margin=&#8220;0px||0px||true|false&#8220; custom_padding=&#8220;0px||0px||true|false&#8220; global_colors_info=&#8220;{}&#8220;][et_pb_column type=&#8220;1_4&#8243; _builder_version=&#8220;4.9.4&#8243; _module_preset=&#8220;default&#8220; global_colors_info=&#8220;{}&#8220;][et_pb_image src=&#8220;https:\/\/aquilo.io\/wp-content\/uploads\/2021\/06\/aquilo-biale12.png&#8220; title_text=&#8220;aquilo biale12&#8243; _builder_version=&#8220;4.9.9&#8243; _module_preset=&#8220;default&#8220; width=&#8220;27%&#8220; global_colors_info=&#8220;{}&#8220;][\/et_pb_image][et_pb_text admin_label=&#8220;Newsletter Header&#8220; module_class=&#8220;newsletter-header&#8220; _builder_version=&#8220;4.9.4&#8243; text_text_color=&#8220;#FFFFFF&#8220; text_font_size=&#8220;13px&#8220; link_text_color=&#8220;#FFFFFF&#8220; header_text_color=&#8220;#FFFFFF&#8220; header_font_size=&#8220;22px&#8220; header_letter_spacing=&#8220;2px&#8220; module_alignment=&#8220;center&#8220; custom_padding=&#8220;10px||||false|false&#8220; global_colors_info=&#8220;{}&#8220;]<\/p>\n<p><span>We are a Polish company specializing in home and garden electronics. At Aquilo, we create innovative solutions designed to make your everyday life easier. Our products are made to ensure your safety and comfort. Aquilo \u2014 for your home.<\/span><\/p>\n<p>[\/et_pb_text][\/et_pb_column][et_pb_column type=&#8220;1_4&#8243; _builder_version=&#8220;4.9.7&#8243; _module_preset=&#8220;default&#8220; custom_padding=&#8220;|||40px|false|false&#8220; custom_padding_tablet=&#8220;|||0px|false|false&#8220; custom_padding_phone=&#8220;&#8220; custom_padding_last_edited=&#8220;on|phone&#8220; global_colors_info=&#8220;{}&#8220;][et_pb_text admin_label=&#8220;Newsletter Header&#8220; module_class=&#8220;newsletter-header&#8220; _builder_version=&#8220;4.9.11&#8243; header_text_color=&#8220;#FFFFFF&#8220; header_font_size=&#8220;22px&#8220; header_letter_spacing=&#8220;2px&#8220; module_alignment=&#8220;center&#8220; custom_padding_tablet=&#8220;&#8220; custom_padding_phone=&#8220;20px||||false|false&#8220; custom_padding_last_edited=&#8220;on|phone&#8220; global_colors_info=&#8220;{}&#8220;]<\/p>\n<h1>Information<\/h1>\n<p>[\/et_pb_text][et_pb_button button_url=&#8220;https:\/\/aquilo.io\/privacy-policy\/&#8220; button_text=&#8220;Z\u00e1sady ochrany osobn\u00edch \u00fadaj\u016f&#8220; _builder_version=&#8220;4.9.11&#8243; _module_preset=&#8220;default&#8220; custom_button=&#8220;on&#8220; button_text_size=&#8220;13px&#8220; button_text_color=&#8220;#FFFFFF&#8220; button_bg_color=&#8220;RGBA(0,0,0,0)&#8220; button_border_width=&#8220;0px&#8220; button_icon=&#8220;%%24%%&#8220; button_icon_placement=&#8220;left&#8220; custom_margin=&#8220;5px||0px||false|false&#8220; button_bg_color_tablet=&#8220;&#8220; button_bg_color_phone=&#8220;&#8220; button_bg_color_last_edited=&#8220;on|desktop&#8220; global_colors_info=&#8220;{}&#8220; button_bg_color__hover_enabled=&#8220;on|hover&#8220; button_bg_color__hover=&#8220;RGBA(0,0,0,0)&#8220; button_bg_enable_color__hover=&#8220;on&#8220; button_letter_spacing__hover_enabled=&#8220;on|desktop&#8220; button_letter_spacing__hover=&#8220;2px&#8220;][\/et_pb_button][et_pb_button button_url=&#8220;https:\/\/aquilo.io\/terms-of-service\/&#8220; button_text=&#8220;Terms of Service&#8220; _builder_version=&#8220;4.9.11&#8243; _module_preset=&#8220;default&#8220; custom_button=&#8220;on&#8220; button_text_size=&#8220;13px&#8220; button_text_color=&#8220;#FFFFFF&#8220; button_bg_color=&#8220;RGBA(0,0,0,0)&#8220; button_border_width=&#8220;0px&#8220; button_icon=&#8220;%%24%%&#8220; button_icon_placement=&#8220;left&#8220; custom_margin=&#8220;-10px||0px||false|false&#8220; button_bg_color_tablet=&#8220;&#8220; button_bg_color_phone=&#8220;&#8220; button_bg_color_last_edited=&#8220;on|desktop&#8220; global_colors_info=&#8220;{}&#8220; button_bg_color__hover_enabled=&#8220;on|hover&#8220; button_bg_color__hover=&#8220;RGBA(0,0,0,0)&#8220; button_bg_enable_color__hover=&#8220;on&#8220; button_letter_spacing__hover_enabled=&#8220;on|desktop&#8220; button_letter_spacing__hover=&#8220;2px&#8220;][\/et_pb_button][et_pb_button button_url=&#8220;https:\/\/aquilo.io\/delivery-returns-and-warranty\/&#8220; button_text=&#8220;Delivery, Returns and Warranty&#8220; _builder_version=&#8220;4.9.11&#8243; _module_preset=&#8220;default&#8220; custom_button=&#8220;on&#8220; button_text_size=&#8220;13px&#8220; button_text_color=&#8220;#FFFFFF&#8220; button_bg_color=&#8220;RGBA(0,0,0,0)&#8220; button_border_width=&#8220;0px&#8220; button_icon=&#8220;%%24%%&#8220; button_icon_placement=&#8220;left&#8220; custom_margin=&#8220;-12px||0px||false|false&#8220; button_bg_color_tablet=&#8220;&#8220; button_bg_color_phone=&#8220;&#8220; button_bg_color_last_edited=&#8220;on|desktop&#8220; global_colors_info=&#8220;{}&#8220; button_bg_color__hover_enabled=&#8220;on|hover&#8220; button_bg_color__hover=&#8220;RGBA(0,0,0,0)&#8220; button_bg_enable_color__hover=&#8220;on&#8220; button_letter_spacing__hover_enabled=&#8220;on|desktop&#8220; button_letter_spacing__hover=&#8220;2px&#8220;][\/et_pb_button][\/et_pb_column][et_pb_column type=&#8220;1_4&#8243; _builder_version=&#8220;4.9.4&#8243; _module_preset=&#8220;default&#8220; global_colors_info=&#8220;{}&#8220;][et_pb_text admin_label=&#8220;Newsletter Header&#8220; module_class=&#8220;newsletter-header&#8220; _builder_version=&#8220;4.9.11&#8243; header_text_color=&#8220;#FFFFFF&#8220; header_font_size=&#8220;22px&#8220; header_letter_spacing=&#8220;1px&#8220; module_alignment=&#8220;center&#8220; custom_padding_tablet=&#8220;&#8220; custom_padding_phone=&#8220;20px||||false|false&#8220; custom_padding_last_edited=&#8220;on|phone&#8220; global_colors_info=&#8220;{}&#8220;]<\/p>\n<h1>HOW CAN WE HELP YOU?<\/h1>\n<p>[\/et_pb_text][et_pb_text admin_label=&#8220;Newsletter Header&#8220; module_class=&#8220;newsletter-header&#8220; _builder_version=&#8220;4.9.11&#8243; text_text_color=&#8220;#FFFFFF&#8220; text_font_size=&#8220;13px&#8220; link_text_color=&#8220;#FFFFFF&#8220; header_text_color=&#8220;#FFFFFF&#8220; header_font_size=&#8220;22px&#8220; header_letter_spacing=&#8220;2px&#8220; width=&#8220;100%&#8220; max_width=&#8220;100%&#8220; module_alignment=&#8220;center&#8220; custom_padding=&#8220;10px||0px||false|false&#8220; global_colors_info=&#8220;{}&#8220;]<\/p>\n<p><strong>Phone:<\/strong> +48 737 340 752<br \/><strong>Email:<\/strong> <a href=\"mailto:contact@aquilo.io\">contact@aquilo.io<\/a><br \/><strong>Service Center: <\/strong>ul. Graniczna 20, 05-083 Wygl\u0119dy, Poland<\/p>\n<p>[\/et_pb_text][\/et_pb_column][et_pb_column type=&#8220;1_4&#8243; _builder_version=&#8220;4.9.4&#8243; _module_preset=&#8220;default&#8220; global_colors_info=&#8220;{}&#8220;][et_pb_image src=&#8220;https:\/\/aquilo.io\/wp-content\/uploads\/2021\/07\/loga-unia.png&#8220; title_text=&#8220;loga unia&#8220; url=&#8220;https:\/\/aquilo.io\/projekt-unijny\/&#8220; align=&#8220;center&#8220; align_tablet=&#8220;&#8220; align_phone=&#8220;left&#8220; align_last_edited=&#8220;on|phone&#8220; _builder_version=&#8220;4.9.9&#8243; _module_preset=&#8220;default&#8220; width=&#8220;42%&#8220; custom_margin=&#8220;-10px||||false|false&#8220; custom_margin_tablet=&#8220;&#8220; custom_margin_phone=&#8220;10px||||false|false&#8220; custom_margin_last_edited=&#8220;on|phone&#8220; global_colors_info=&#8220;{}&#8220;][\/et_pb_image][\/et_pb_column][\/et_pb_row][\/et_pb_section]<\/p>\n","protected":false},"excerpt":{"rendered":"<p>Akce Doporu\u010d sousedaStal ses \u0161\u0165astn\u00fdm majitelem senzoru Aquilo a jsi s\u202fn\u00edm tak spokojen\u00fd, \u017ee bys ho r\u00e1d doporu\u010dil n\u011bkomu dal\u0161\u00edmu? Te\u010f se ti to vyplat\u00ed!Doporu\u010d zn\u00e1m\u00e9ho nebo souseda, kter\u00fd pot\u0159ebuje senzor hladiny kapalin \u2013 ty z\u00edsk\u00e1\u0161 vd\u011bk za doporu\u010den\u00ed a my ti darujeme p\u0159edplatn\u00e9 PREMIUM a\u017e na 3 m\u011bs\u00edce! Ani tv\u016fj soused nep\u0159ijde zkr\u00e1tka \u2013 [&hellip;]<\/p>\n","protected":false},"author":7,"featured_media":0,"parent":0,"menu_order":0,"comment_status":"closed","ping_status":"closed","template":"","meta":{"_et_pb_use_builder":"on","_et_pb_old_content":"","_et_gb_content_width":"","footnotes":""},"class_list":["post-6652","page","type-page","status-publish","hentry"],"_links":{"self":[{"href":"https:\/\/aquilo.io\/cs\/wp-json\/wp\/v2\/pages\/6652","targetHints":{"allow":["GET"]}}],"collection":[{"href":"https:\/\/aquilo.io\/cs\/wp-json\/wp\/v2\/pages"}],"about":[{"href":"https:\/\/aquilo.io\/cs\/wp-json\/wp\/v2\/types\/page"}],"author":[{"embeddable":true,"href":"https:\/\/aquilo.io\/cs\/wp-json\/wp\/v2\/users\/7"}],"replies":[{"embeddable":true,"href":"https:\/\/aquilo.io\/cs\/wp-json\/wp\/v2\/comments?post=6652"}],"version-history":[{"count":5,"href":"https:\/\/aquilo.io\/cs\/wp-json\/wp\/v2\/pages\/6652\/revisions"}],"predecessor-version":[{"id":6658,"href":"https:\/\/aquilo.io\/cs\/wp-json\/wp\/v2\/pages\/6652\/revisions\/6658"}],"wp:attachment":[{"href":"https:\/\/aquilo.io\/cs\/wp-json\/wp\/v2\/media?parent=6652"}],"curies":[{"name":"wp","href":"https:\/\/api.w.org\/{rel}","templated":true}]}}