{"id":6109,"date":"2021-06-25T15:16:09","date_gmt":"2021-06-25T15:16:09","guid":{"rendered":"https:\/\/aquilo.io\/doprava-vraceni-a-zaruka\/"},"modified":"2025-07-02T12:27:20","modified_gmt":"2025-07-02T12:27:20","slug":"doprava-vraceni-a-zaruka","status":"publish","type":"page","link":"https:\/\/aquilo.io\/cs\/doprava-vraceni-a-zaruka\/","title":{"rendered":"Doprava, vr\u00e1cen\u00ed a z\u00e1ruka"},"content":{"rendered":"<p>[et_pb_section fb_built=&#8220;1&#8243; _builder_version=&#8220;4.9.4&#8243; _module_preset=&#8220;default&#8220; use_background_color_gradient=&#8220;on&#8220; background_color_gradient_start=&#8220;#0951a3&#8243; background_color_gradient_end=&#8220;rgba(0,0,0,0)&#8220; background_color_gradient_end_position=&#8220;50%&#8220; background_color_gradient_overlays_image=&#8220;on&#8220; background_image=&#8220;https:\/\/aquilo.io\/wp-content\/uploads\/2021\/06\/E1BctKuX0AIJUj9-\u2014-kopia.jpg&#8220; background_position=&#8220;bottom_center&#8220; global_colors_info=&#8220;{}&#8220;][et_pb_row _builder_version=&#8220;4.9.4&#8243; _module_preset=&#8220;default&#8220; global_colors_info=&#8220;{}&#8220;][et_pb_column type=&#8220;4_4&#8243; _builder_version=&#8220;4.9.4&#8243; _module_preset=&#8220;default&#8220; global_colors_info=&#8220;{}&#8220;][et_pb_text admin_label=&#8220;Newsletter Header&#8220; module_class=&#8220;newsletter-header&#8220; _builder_version=&#8220;4.9.11&#8243; header_text_align=&#8220;center&#8220; header_text_color=&#8220;#FFFFFF&#8220; header_font_size=&#8220;40px&#8220; header_letter_spacing=&#8220;2px&#8220; module_alignment=&#8220;center&#8220; header_font_size_tablet=&#8220;22px&#8220; header_font_size_phone=&#8220;&#8220; header_font_size_last_edited=&#8220;on|tablet&#8220; header_text_shadow_style=&#8220;preset3&#8243; header_text_shadow_color=&#8220;#000000&#8243; global_colors_info=&#8220;{}&#8220;]<\/p>\n<h1>Doprava, vr\u00e1cen\u00ed a z\u00e1ruka<\/h1>\n<p>[\/et_pb_text][\/et_pb_column][\/et_pb_row][\/et_pb_section][et_pb_section fb_built=&#8220;1&#8243; _builder_version=&#8220;4.9.4&#8243; _module_preset=&#8220;default&#8220; custom_padding=&#8220;49px||2px||false|&#8220; global_colors_info=&#8220;{}&#8220;][et_pb_row _builder_version=&#8220;4.9.11&#8243; custom_padding=&#8220;0px||10px|||&#8220; global_colors_info=&#8220;{}&#8220;][et_pb_column type=&#8220;4_4&#8243; _builder_version=&#8220;4.9.11&#8243; custom_padding=&#8220;|||&#8220; global_colors_info=&#8220;{}&#8220; custom_padding__hover=&#8220;|||&#8220;][et_pb_text admin_label=&#8220;Default Header&#8220; module_class=&#8220;default-header&#8220; _builder_version=&#8220;4.9.11&#8243; module_alignment=&#8220;right&#8220; global_colors_info=&#8220;{}&#8220;]<\/p>\n<h1>Doru\u010den\u00ed <\/h1>\n<p>[\/et_pb_text][\/et_pb_column][\/et_pb_row][et_pb_row _builder_version=&#8220;4.9.4&#8243; _module_preset=&#8220;default&#8220; custom_padding=&#8220;6px||0px|||&#8220; global_colors_info=&#8220;{}&#8220;][et_pb_column type=&#8220;4_4&#8243; _builder_version=&#8220;4.9.4&#8243; _module_preset=&#8220;default&#8220; global_colors_info=&#8220;{}&#8220;][et_pb_text _builder_version=&#8220;4.9.11&#8243; _module_preset=&#8220;default&#8220; text_orientation=&#8220;justified&#8220; hover_enabled=&#8220;0&#8243; global_colors_info=&#8220;{}&#8220; sticky_enabled=&#8220;0&#8243;]<\/p>\n<p>Pokud va\u0161e objedn\u00e1vka p\u0159es\u00e1hne \u010d\u00e1stku 1500 EUR, doru\u010d\u00edme v\u00e1m produkty zdarma na \u00fazem\u00ed Polska.<br \/>Standardn\u011b zaji\u0161\u0165ujeme doru\u010den\u00ed na \u00fazem\u00ed Polska a v\u011bt\u0161iny evropsk\u00fdch zem\u00ed. Mo\u017enosti doru\u010den\u00ed a n\u00e1klady si m\u016f\u017eete zkontrolovat b\u011bhem objedn\u00e1vky produkt\u016f. Kontaktujte n\u00e1s pros\u00edm, pokud chcete, abychom doru\u010dili v\u00e1\u0161 produkt mimo \u00fazem\u00ed Evropy.<br \/>V z\u00e1vislosti na zemi m\u00e1te na v\u00fdb\u011br r\u016fzn\u00e9 mo\u017enosti doru\u010den\u00ed: kur\u00fdr, bal\u00edkomat (Polsko), osobn\u00ed odb\u011br (Polsko).<br \/>V z\u00e1vislosti na zemi zpracov\u00e1v\u00e1me objedn\u00e1vky jak na dob\u00edrku (Polsko), tak p\u0159edem platn\u00e9 (p\u0159edplatba). V druh\u00e9m p\u0159\u00edpad\u011b m\u016f\u017eete prov\u00e9st bankovn\u00ed p\u0159evod nebo vyu\u017e\u00edt rychl\u00fd zp\u016fsob platby p\u0159es Stripe (online p\u0159evod).<\/p>\n<p>[\/et_pb_text][\/et_pb_column][\/et_pb_row][\/et_pb_section][et_pb_section fb_built=&#8220;1&#8243; _builder_version=&#8220;4.9.4&#8243; _module_preset=&#8220;default&#8220; custom_padding=&#8220;35px||50px||false|&#8220; global_colors_info=&#8220;{}&#8220;][et_pb_row _builder_version=&#8220;3.25&#8243; custom_padding=&#8220;0px||10px|||&#8220; global_colors_info=&#8220;{}&#8220;][et_pb_column type=&#8220;4_4&#8243; _builder_version=&#8220;3.25&#8243; custom_padding=&#8220;|||&#8220; global_colors_info=&#8220;{}&#8220; custom_padding__hover=&#8220;|||&#8220;][et_pb_text admin_label=&#8220;Default Header&#8220; module_class=&#8220;default-header&#8220; _builder_version=&#8220;4.9.11&#8243; module_alignment=&#8220;right&#8220; global_colors_info=&#8220;{}&#8220;]<\/p>\n<h1>Vr\u00e1cen\u00ed zbo\u017e\u00ed<\/h1>\n<p>[\/et_pb_text][\/et_pb_column][\/et_pb_row][et_pb_row _builder_version=&#8220;4.9.4&#8243; _module_preset=&#8220;default&#8220; custom_padding=&#8220;30px||1px|||&#8220; global_colors_info=&#8220;{}&#8220;][et_pb_column type=&#8220;4_4&#8243; _builder_version=&#8220;4.9.4&#8243; _module_preset=&#8220;default&#8220; global_colors_info=&#8220;{}&#8220;][et_pb_text _builder_version=&#8220;4.9.11&#8243; _module_preset=&#8220;default&#8220; link_font=&#8220;|700|||||||&#8220; text_orientation=&#8220;justified&#8220; global_colors_info=&#8220;{}&#8220;]<\/p>\n<p>Je va\u0161e n\u00e1dr\u017e p\u0159\u00edli\u0161 daleko od domu, tak\u017ee vys\u00edla\u010d ztr\u00e1c\u00ed sign\u00e1l s p\u0159ij\u00edma\u010dem? V takov\u00e9m p\u0159\u00edpad\u011b plat\u00ed z\u00e1ruka vr\u00e1cen\u00ed pen\u011bz. Stejn\u011b tak pokud se produkt uk\u00e1\u017ee b\u00fdt nevhodn\u00fd. Na vr\u00e1cen\u00ed m\u00e1te 14 dn\u00ed.<br \/>P\u0159i vr\u00e1cen\u00ed nezapome\u0148te vyplnit prohl\u00e1\u0161en\u00ed o odstoupen\u00ed od smlouvy. M\u016f\u017eete si jej st\u00e1hnout zde. Vypln\u011bn\u00fd formul\u00e1\u0159 n\u00e1m po\u0161lete elektronicky na adresu: contact@aquilo.io nebo p\u0159ilo\u017ete k bal\u00edku s vr\u00e1cen\u00fdm produktem.<br \/>Vr\u00e1cen\u00ed produktu za\u0161lete na vlastn\u00ed n\u00e1klady do bal\u00edkomatu ZRV01M v Zaborow\u011b (Polsko) nebo na n\u00ed\u017ee uvedenou adresu. Nezapome\u0148te, aby byl bal\u00edk \u0159\u00e1dn\u011b zabezpe\u010den\u00fd.<br \/>Aquilo Polska Sp. z o.o.<br \/>ul. Graniczna 20,<br \/>05-083 Wygl\u0119dy<br \/>Polsko<br \/>Produkt m\u016f\u017eete tak\u00e9 doru\u010dit osobn\u011b na adresu: ul. Graniczna 20, 05-083 Wygl\u0119dy, Polsko.         <\/p>\n<p>[\/et_pb_text][\/et_pb_column][\/et_pb_row][\/et_pb_section][et_pb_section fb_built=&#8220;1&#8243; _builder_version=&#8220;4.9.4&#8243; _module_preset=&#8220;default&#8220; custom_padding=&#8220;35px||50px||false|&#8220; global_colors_info=&#8220;{}&#8220;][et_pb_row _builder_version=&#8220;4.9.11&#8243; custom_padding=&#8220;0px||10px|||&#8220; global_colors_info=&#8220;{}&#8220;][et_pb_column type=&#8220;4_4&#8243; _builder_version=&#8220;3.25&#8243; custom_padding=&#8220;|||&#8220; global_colors_info=&#8220;{}&#8220; custom_padding__hover=&#8220;|||&#8220;][et_pb_text admin_label=&#8220;Default Header&#8220; module_class=&#8220;default-header&#8220; _builder_version=&#8220;4.9.11&#8243; module_alignment=&#8220;right&#8220; global_colors_info=&#8220;{}&#8220;]<\/p>\n<p>&nbsp;<\/p>\n<h1>Z\u00e1ruka<\/h1>\n<p>[\/et_pb_text][\/et_pb_column][\/et_pb_row][et_pb_row _builder_version=&#8220;4.9.4&#8243; _module_preset=&#8220;default&#8220; custom_padding=&#8220;30px||1px|||&#8220; global_colors_info=&#8220;{}&#8220;][et_pb_column type=&#8220;4_4&#8243; _builder_version=&#8220;4.9.4&#8243; _module_preset=&#8220;default&#8220; global_colors_info=&#8220;{}&#8220;][et_pb_text _builder_version=&#8220;4.9.11&#8243; _module_preset=&#8220;default&#8220; link_font=&#8220;|700|||||||&#8220; text_orientation=&#8220;justified&#8220; global_colors_info=&#8220;{}&#8220;]<\/p>\n<ol>\n<li><b>Z\u00e1ruka (Aquilo Polska sp. z o.o.) poskytuje Kupuj\u00edc\u00edmu z\u00e1ruku na v\u0161echny produkty, kter\u00e9 prod\u00e1v\u00e1 (senzory Aquilo), a zaji\u0161\u0165uje jejich bezvadnou funk\u010dnost za p\u0159edpokladu, \u017ee jsou pou\u017e\u00edv\u00e1ny v souladu s jejich ur\u010den\u00edm a provozn\u00edmi podm\u00ednkami.<\/b><\/li>\n<li>Z\u00e1ruka \u010din\u00ed 24 m\u011bs\u00edc\u016f od data p\u0159ed\u00e1n\u00ed za\u0159\u00edzen\u00ed Kupuj\u00edc\u00edmu a vztahuje se na za\u0159\u00edzen\u00ed zakoupen\u00e1 a pou\u017e\u00edvan\u00e1 na \u00fazem\u00ed Evropsk\u00e9 unie.\n<\/li>\n<li>Z\u00e1ruka zaji\u0161\u0165uje, \u017ee vady vznikl\u00e9 b\u011bhem z\u00e1ru\u010dn\u00ed doby budou opraveny, a pokud oprava nebude mo\u017en\u00e1, bude produkt vym\u011bn\u011bn za bezvadn\u00fd.<\/li>\n<li>P\u0159\u00edm\u00e9 n\u00e1roky ze z\u00e1ruky v\u016f\u010di Z\u00e1ru\u010dn\u00edmu poskytovateli mohou uplatnit pouze Kupuj\u00edc\u00ed, kte\u0159\u00ed produkt zakoupili p\u0159\u00edmo od n\u011bj. V ostatn\u00edch p\u0159\u00edpadech je t\u0159eba n\u00e1rok uplatnit v m\u00edst\u011b n\u00e1kupu.<br \/>Na z\u00e1klad\u011b z\u00e1ruky nemaj\u00ed Kupuj\u00edc\u00ed ani t\u0159et\u00ed osoby n\u00e1rok na n\u00e1hradu \u0161kody zp\u016fsoben\u00e9 poruchou produktu. <\/li>\n<li>Jedin\u00fdm z\u00e1vazkem Z\u00e1ru\u010dn\u00edho poskytovatele podle t\u00e9to z\u00e1ruky je oprava nebo v\u00fdm\u011bna produktu za bezvadn\u00fd v souladu s podm\u00ednkami t\u00e9to z\u00e1ruky. <\/li>\n<li>Z\u00e1ruka se vztahuje pouze na fyzick\u00e9 vady vznikl\u00e9 z d\u016fvod\u016f spo\u010d\u00edvaj\u00edc\u00edch ve vad\u011b prodan\u00e9ho produktu. Z\u00e1ruka se nevztahuje na vady vznikl\u00e9 z jin\u00fdch p\u0159\u00ed\u010din, zejm\u00e9na: <\/li>\n<\/ol>\n<p>\u2013 po\u0161kozen\u00ed nevznikl\u00e1 vadou v\u00fdrobku, zejm\u00e9na mechanick\u00e9 po\u0161kozen\u00ed a po\u0161kozen\u00ed zp\u016fsoben\u00e9 nespr\u00e1vn\u00fdm pou\u017e\u00edv\u00e1n\u00edm v rozporu s n\u00e1vodem k pou\u017eit\u00ed nebo bezpe\u010dnostn\u00edmi p\u0159edpisy,<br \/>\n\u2013 po\u0161kozen\u00ed vznikl\u00e1 v d\u016fsledku nespr\u00e1vn\u00e9 instalace v rozporu s n\u00e1vodem p\u0159ilo\u017een\u00fdm k produktu,<br \/>\n\u2013 po\u0161kozen\u00ed zp\u016fsoben\u00e9 u\u017eivatelem (nap\u0159. po\u0161kozen\u00fd kryt, p\u0159e\u0159\u00edznut\u00fd nebo vytr\u017een\u00fd nap\u00e1jec\u00ed kabel apod.), v\u010detn\u011b \u0161kod zp\u016fsoben\u00fdch zanedb\u00e1n\u00edm \u00fadr\u017eby nebo \u0161patnou \u00fadr\u017ebou,<br \/>\n\u2013 po\u0161kozen\u00ed vznikl\u00e9 v d\u016fsledku nespr\u00e1vn\u00e9ho pou\u017e\u00edv\u00e1n\u00ed, v\u010detn\u011b dlouhodob\u00e9ho vystaven\u00ed senzoru kapalin\u011b,<br \/>\n\u2013 po\u0161kozen\u00ed zp\u016fsoben\u00e9 d\u0159\u00edve vzniklou z\u00e1vadou, kter\u00e1 nebyla nahl\u00e1\u0161ena spole\u010dnosti Aquilo Polska sp. z o.o. a nebyla odstran\u011bna v d\u016fsledku opomenut\u00ed Kupuj\u00edc\u00edho,<br \/>\n\u2013 po\u0161kozen\u00ed produkt\u016f, kter\u00e9 byly jakkoliv upravov\u00e1ny nebo opravov\u00e1ny Kupuj\u00edc\u00edm nebo t\u0159et\u00ed osobou,<br \/>\n\u2013 po\u0161kozen\u00ed zp\u016fsoben\u00e1 vy\u0161\u0161\u00ed moc\u00ed, nap\u0159. \u00faderem blesku, povodn\u00ed, koroz\u00ed, p\u0159ep\u011bt\u00edm v elektrick\u00e9 s\u00edti apod.,<br \/>\n\u2013 po\u0161kozen\u00ed p\u0159\u00edslu\u0161enstv\u00ed nebo spot\u0159ebn\u00edho materi\u00e1lu dodan\u00e9ho se za\u0159\u00edzen\u00edm, nap\u0159. baterie, a dal\u0161\u00edho vybaven\u00ed, kter\u00e9 se b\u011b\u017en\u011b opot\u0159ebov\u00e1v\u00e1 p\u0159i pou\u017e\u00edv\u00e1n\u00ed,<br \/>\n\u2013 v p\u0159\u00edpad\u011b ultrazvukov\u00fdch senzor\u016f po\u0161kozen\u00ed zp\u016fsoben\u00e9 usazov\u00e1n\u00edm vlhkosti nebo jin\u00fdch ne\u010distot na senzorech. Je povinnost\u00ed Kupuj\u00edc\u00edho prov\u00e1d\u011bt odpov\u00eddaj\u00edc\u00ed \u00fadr\u017ebu za\u0159\u00edzen\u00ed, v\u010detn\u011b odstra\u0148ov\u00e1n\u00ed ne\u010distot nebo vlhkosti ze senzor\u016f, kter\u00e9 mohou naru\u0161it m\u011b\u0159en\u00ed.  <\/p>\n<ol start=\"7\">\n<li>Z\u00e1kladem pro uplatn\u011bn\u00ed reklamace vadn\u00e9ho za\u0159\u00edzen\u00ed je doklad o koupi (zejm\u00e9na \u00fa\u010dtenka, faktura) a doru\u010den\u00ed reklamovan\u00e9ho produktu osobn\u011b nebo prost\u0159ednictv\u00edm bal\u00edkomatu ZRV01M v Zabor\u00f3w\u011b do s\u00eddla Z\u00e1ru\u010dn\u00edho poskytovatele:<\/li>\n<\/ol>\n<p>Aquilo Polska Sp. z o.o.<br \/>\nul. Graniczna 20,<br \/>\n05-083 Wygl\u0119dy, Polsko  <\/p>\n<ol start=\"8\">\n<li>Reklamovan\u00e1 za\u0159\u00edzen\u00ed mus\u00ed b\u00fdt Kupuj\u00edc\u00edm p\u0159ed odesl\u00e1n\u00edm o\u010di\u0161t\u011bna. Servis m\u016f\u017ee odm\u00edtnout p\u0159ijet\u00ed nevy\u010di\u0161t\u011bn\u00e9ho za\u0159\u00edzen\u00ed nebo jej o\u010distit na n\u00e1klady Kupuj\u00edc\u00edho. <\/li>\n<li>Kupuj\u00edc\u00ed je povinen za\u0159\u00edzen\u00ed \u0159\u00e1dn\u011b zabalit, aby se p\u0159ede\u0161lo po\u0161kozen\u00ed b\u011bhem p\u0159epravy do s\u00eddla Z\u00e1ru\u010dn\u00edho poskytovatele. Aquilo Polska sp. z o.o. nenese odpov\u011bdnost za po\u0161kozen\u00ed p\u0159i p\u0159eprav\u011b.  <\/li>\n<li>V p\u0159\u00edpad\u011b uzn\u00e1n\u00ed z\u00e1ru\u010dn\u00edho n\u00e1roku se Aquilo Polska sp. z o.o. zavazuje za\u0159\u00edzen\u00ed opravit do 30 dn\u016f od doru\u010den\u00ed do s\u00eddla spole\u010dnosti a uhrad\u00ed n\u00e1klady na p\u0159epravu prost\u0159ednictv\u00edm bal\u00edkomatu ZRV01M v Zabor\u00f3w\u011b (Polsko). V p\u0159\u00edpad\u011b zam\u00edtnut\u00ed reklamace nese n\u00e1klady na dopravu za\u0159\u00edzen\u00ed do s\u00eddla nebo zp\u011bt Kupuj\u00edc\u00ed.  <\/li>\n<li>V\u00fd\u0161e uveden\u00e9 z\u00e1ru\u010dn\u00ed podm\u00ednky vylu\u010duj\u00ed odpov\u011bdnost Z\u00e1ru\u010dn\u00edho poskytovatele z titulu odpov\u011bdnosti za vady, p\u0159i\u010dem\u017e toto vylou\u010den\u00ed se nevztahuje na Kupuj\u00edc\u00ed, kte\u0159\u00ed jsou spot\u0159ebiteli ve smyslu ob\u010dansk\u00e9ho z\u00e1kon\u00edku.<\/li>\n<li>Ve v\u0161ech z\u00e1le\u017eitostech neupraven\u00fdch v\u00fd\u0161e se pou\u017eij\u00ed ustanoven\u00ed ob\u010dansk\u00e9ho z\u00e1kon\u00edku.<\/li>\n<\/ol>\n<\/li>\n<\/ol>\n<p>[\/et_pb_text][\/et_pb_column][\/et_pb_row][\/et_pb_section][et_pb_section fb_built=&#8220;1&#8243; _builder_version=&#8220;4.9.4&#8243; _module_preset=&#8220;default&#8220; use_background_color_gradient=&#8220;on&#8220; background_color_gradient_start=&#8220;#6b96c7&#8243; background_color_gradient_end=&#8220;#0951a3&#8243; custom_padding=&#8220;40px||30px||false|false&#8220; border_width_bottom=&#8220;1px&#8220; border_color_bottom=&#8220;rgba(137,173,205,0.14)&#8220; global_module=&#8220;3309&#8243; saved_tabs=&#8220;all&#8220; global_colors_info=&#8220;{}&#8220;][et_pb_row column_structure=&#8220;1_4,1_4,1_4,1_4&#8243; use_custom_gutter=&#8220;on&#8220; gutter_width=&#8220;1&#8243; _builder_version=&#8220;4.9.7&#8243; _module_preset=&#8220;default&#8220; width=&#8220;90%&#8220; custom_margin=&#8220;0px||0px||true|false&#8220; custom_padding=&#8220;0px||0px||true|false&#8220; global_colors_info=&#8220;{}&#8220;][et_pb_column type=&#8220;1_4&#8243; _builder_version=&#8220;4.9.4&#8243; _module_preset=&#8220;default&#8220; global_colors_info=&#8220;{}&#8220;][et_pb_image src=&#8220;https:\/\/aquilo.io\/wp-content\/uploads\/2021\/06\/aquilo-biale12.png&#8220; title_text=&#8220;aquilo biale12&#8243; _builder_version=&#8220;4.9.9&#8243; _module_preset=&#8220;default&#8220; width=&#8220;27%&#8220; global_colors_info=&#8220;{}&#8220;][\/et_pb_image][et_pb_text admin_label=&#8220;Newsletter Header&#8220; module_class=&#8220;newsletter-header&#8220; _builder_version=&#8220;4.9.4&#8243; text_text_color=&#8220;#FFFFFF&#8220; text_font_size=&#8220;13px&#8220; link_text_color=&#8220;#FFFFFF&#8220; header_text_color=&#8220;#FFFFFF&#8220; header_font_size=&#8220;22px&#8220; header_letter_spacing=&#8220;2px&#8220; module_alignment=&#8220;center&#8220; custom_padding=&#8220;10px||||false|false&#8220; global_colors_info=&#8220;{}&#8220;]<\/p>\n<p>We are a Polish company specializing in home and garden electronics. At Aquilo, we create innovative solutions designed to make your everyday life easier. Our products are made to ensure your safety and comfort. Aquilo \u2014 for your home.<\/p>\n<p>[\/et_pb_text][\/et_pb_column][et_pb_column type=&#8220;1_4&#8243; _builder_version=&#8220;4.9.7&#8243; _module_preset=&#8220;default&#8220; custom_padding=&#8220;|||40px|false|false&#8220; custom_padding_tablet=&#8220;|||0px|false|false&#8220; custom_padding_phone=&#8220;&#8220; custom_padding_last_edited=&#8220;on|phone&#8220; global_colors_info=&#8220;{}&#8220;][et_pb_text admin_label=&#8220;Newsletter Header&#8220; module_class=&#8220;newsletter-header&#8220; _builder_version=&#8220;4.9.11&#8243; header_text_color=&#8220;#FFFFFF&#8220; header_font_size=&#8220;22px&#8220; header_letter_spacing=&#8220;2px&#8220; module_alignment=&#8220;center&#8220; custom_padding_tablet=&#8220;&#8220; custom_padding_phone=&#8220;20px||||false|false&#8220; custom_padding_last_edited=&#8220;on|phone&#8220; global_colors_info=&#8220;{}&#8220;]<\/p>\n<h1>Informace<\/h1>\n<p>[\/et_pb_text][et_pb_button button_url=&#8220;https:\/\/aquilo.io\/cs\/zasady-ochrany-osobnich-udaju\/&#8220; button_text=&#8220;Z\u00e1sady ochrany osobn\u00edch \u00fadaj\u016f&#8220; _builder_version=&#8220;4.9.11&#8243; _module_preset=&#8220;default&#8220; custom_button=&#8220;on&#8220; button_text_size=&#8220;13px&#8220; button_text_color=&#8220;#FFFFFF&#8220; button_bg_color=&#8220;RGBA(0,0,0,0)&#8220; button_border_width=&#8220;0px&#8220; button_icon=&#8220;%%24%%&#8220; button_icon_placement=&#8220;left&#8220; custom_margin=&#8220;5px||0px||false|false&#8220; button_bg_color_tablet=&#8220;&#8220; button_bg_color_phone=&#8220;&#8220; button_bg_color_last_edited=&#8220;on|desktop&#8220; global_colors_info=&#8220;{}&#8220; button_bg_color__hover_enabled=&#8220;on|hover&#8220; button_bg_color__hover=&#8220;RGBA(0,0,0,0)&#8220; button_bg_enable_color__hover=&#8220;on&#8220; button_letter_spacing__hover_enabled=&#8220;on|desktop&#8220; button_letter_spacing__hover=&#8220;2px&#8220;][\/et_pb_button][et_pb_button button_url=&#8220;https:\/\/aquilo.io\/cs\/obchodni-podminky\/&#8220; button_text=&#8220;Obchodn\u00ed podm\u00ednky&#8220; _builder_version=&#8220;4.9.11&#8243; _module_preset=&#8220;default&#8220; custom_button=&#8220;on&#8220; button_text_size=&#8220;13px&#8220; button_text_color=&#8220;#FFFFFF&#8220; button_bg_color=&#8220;RGBA(0,0,0,0)&#8220; button_border_width=&#8220;0px&#8220; button_icon=&#8220;%%24%%&#8220; button_icon_placement=&#8220;left&#8220; custom_margin=&#8220;-10px||0px||false|false&#8220; button_bg_color_tablet=&#8220;&#8220; button_bg_color_phone=&#8220;&#8220; button_bg_color_last_edited=&#8220;on|desktop&#8220; global_colors_info=&#8220;{}&#8220; button_bg_color__hover_enabled=&#8220;on|hover&#8220; button_bg_color__hover=&#8220;RGBA(0,0,0,0)&#8220; button_bg_enable_color__hover=&#8220;on&#8220; button_letter_spacing__hover_enabled=&#8220;on|desktop&#8220; button_letter_spacing__hover=&#8220;2px&#8220;][\/et_pb_button][et_pb_button button_url=&#8220;https:\/\/aquilo.io\/cs\/doprava-vraceni-a-zaruka\/&#8220; button_text=&#8220;Doprava, vr\u00e1cen\u00ed a z\u00e1ruka&#8220; _builder_version=&#8220;4.9.11&#8243; _module_preset=&#8220;default&#8220; custom_button=&#8220;on&#8220; button_text_size=&#8220;13px&#8220; button_text_color=&#8220;#FFFFFF&#8220; button_bg_color=&#8220;RGBA(0,0,0,0)&#8220; button_border_width=&#8220;0px&#8220; button_icon=&#8220;%%24%%&#8220; button_icon_placement=&#8220;left&#8220; custom_margin=&#8220;-12px||0px||false|false&#8220; button_bg_color_tablet=&#8220;&#8220; button_bg_color_phone=&#8220;&#8220; button_bg_color_last_edited=&#8220;on|desktop&#8220; global_colors_info=&#8220;{}&#8220; button_bg_color__hover_enabled=&#8220;on|hover&#8220; button_bg_color__hover=&#8220;RGBA(0,0,0,0)&#8220; button_bg_enable_color__hover=&#8220;on&#8220; button_letter_spacing__hover_enabled=&#8220;on|desktop&#8220; button_letter_spacing__hover=&#8220;2px&#8220;][\/et_pb_button][\/et_pb_column][et_pb_column type=&#8220;1_4&#8243; _builder_version=&#8220;4.9.4&#8243; _module_preset=&#8220;default&#8220; global_colors_info=&#8220;{}&#8220;][et_pb_text admin_label=&#8220;Newsletter Header&#8220; module_class=&#8220;newsletter-header&#8220; _builder_version=&#8220;4.9.11&#8243; header_text_color=&#8220;#FFFFFF&#8220; header_font_size=&#8220;22px&#8220; header_letter_spacing=&#8220;1px&#8220; module_alignment=&#8220;center&#8220; custom_padding_tablet=&#8220;&#8220; custom_padding_phone=&#8220;20px||||false|false&#8220; custom_padding_last_edited=&#8220;on|phone&#8220; global_colors_info=&#8220;{}&#8220;]<\/p>\n<h1>JAK V\u00c1M M\u016e\u017dEME POMOCI?<\/h1>\n<p>[\/et_pb_text][et_pb_text admin_label=&#8220;Newsletter Header&#8220; module_class=&#8220;newsletter-header&#8220; _builder_version=&#8220;4.9.11&#8243; text_text_color=&#8220;#FFFFFF&#8220; text_font_size=&#8220;13px&#8220; link_text_color=&#8220;#FFFFFF&#8220; header_text_color=&#8220;#FFFFFF&#8220; header_font_size=&#8220;22px&#8220; header_letter_spacing=&#8220;2px&#8220; width=&#8220;100%&#8220; max_width=&#8220;100%&#8220; module_alignment=&#8220;center&#8220; custom_padding=&#8220;10px||0px||false|false&#8220; global_colors_info=&#8220;{}&#8220;]<\/p>\n<p><strong>Telefon:<\/strong> +48 737 340 752<br \/>\n<strong>Email:<\/strong> <a href=\"mailto:contact@aquilo.io\">contact@aquilo.io<\/a><br \/>\n<strong>Servis: <\/strong>ul. Graniczna 20, 05-083 Wygl\u0119dy, Polsko<\/p>\n<p>[\/et_pb_text][\/et_pb_column][et_pb_column type=&#8220;1_4&#8243; _builder_version=&#8220;4.9.4&#8243; _module_preset=&#8220;default&#8220; global_colors_info=&#8220;{}&#8220;][et_pb_image src=&#8220;https:\/\/aquilo.io\/wp-content\/uploads\/2021\/07\/loga-unia.png&#8220; title_text=&#8220;loga unia&#8220; url=&#8220;https:\/\/aquilo.io\/eu-project\/&#8220; align=&#8220;center&#8220; align_tablet=&#8220;&#8220; align_phone=&#8220;left&#8220; align_last_edited=&#8220;on|phone&#8220; _builder_version=&#8220;4.9.11&#8243; _module_preset=&#8220;default&#8220; width=&#8220;42%&#8220; custom_margin=&#8220;-10px||||false|false&#8220; custom_margin_tablet=&#8220;&#8220; custom_margin_phone=&#8220;10px||||false|false&#8220; custom_margin_last_edited=&#8220;on|phone&#8220; global_colors_info=&#8220;{}&#8220;][\/et_pb_image][\/et_pb_column][\/et_pb_row][\/et_pb_section]<\/p>\n","protected":false},"excerpt":{"rendered":"<p>Doprava, vr\u00e1cen\u00ed a z\u00e1rukaDoru\u010den\u00ed Pokud va\u0161e objedn\u00e1vka p\u0159es\u00e1hne \u010d\u00e1stku 1500 EUR, doru\u010d\u00edme v\u00e1m produkty zdarma na \u00fazem\u00ed Polska.Standardn\u011b zaji\u0161\u0165ujeme doru\u010den\u00ed na \u00fazem\u00ed Polska a v\u011bt\u0161iny evropsk\u00fdch zem\u00ed. Mo\u017enosti doru\u010den\u00ed a n\u00e1klady si m\u016f\u017eete zkontrolovat b\u011bhem objedn\u00e1vky produkt\u016f. Kontaktujte n\u00e1s pros\u00edm, pokud chcete, abychom doru\u010dili v\u00e1\u0161 produkt mimo \u00fazem\u00ed Evropy.V z\u00e1vislosti na zemi m\u00e1te na v\u00fdb\u011br [&hellip;]<\/p>\n","protected":false},"author":7,"featured_media":0,"parent":0,"menu_order":0,"comment_status":"closed","ping_status":"closed","template":"","meta":{"_et_pb_use_builder":"on","_et_pb_old_content":"","_et_gb_content_width":"","footnotes":""},"class_list":["post-6109","page","type-page","status-publish","hentry"],"_links":{"self":[{"href":"https:\/\/aquilo.io\/cs\/wp-json\/wp\/v2\/pages\/6109","targetHints":{"allow":["GET"]}}],"collection":[{"href":"https:\/\/aquilo.io\/cs\/wp-json\/wp\/v2\/pages"}],"about":[{"href":"https:\/\/aquilo.io\/cs\/wp-json\/wp\/v2\/types\/page"}],"author":[{"embeddable":true,"href":"https:\/\/aquilo.io\/cs\/wp-json\/wp\/v2\/users\/7"}],"replies":[{"embeddable":true,"href":"https:\/\/aquilo.io\/cs\/wp-json\/wp\/v2\/comments?post=6109"}],"version-history":[{"count":4,"href":"https:\/\/aquilo.io\/cs\/wp-json\/wp\/v2\/pages\/6109\/revisions"}],"predecessor-version":[{"id":6726,"href":"https:\/\/aquilo.io\/cs\/wp-json\/wp\/v2\/pages\/6109\/revisions\/6726"}],"wp:attachment":[{"href":"https:\/\/aquilo.io\/cs\/wp-json\/wp\/v2\/media?parent=6109"}],"curies":[{"name":"wp","href":"https:\/\/api.w.org\/{rel}","templated":true}]}}