{"id":6101,"date":"2021-05-14T00:04:00","date_gmt":"2021-05-14T00:04:00","guid":{"rendered":"https:\/\/aquilo.io\/reseni\/"},"modified":"2025-06-03T10:11:20","modified_gmt":"2025-06-03T10:11:20","slug":"reseni","status":"publish","type":"page","link":"https:\/\/aquilo.io\/cs\/reseni\/","title":{"rendered":"\u0158e\u0161en\u00ed"},"content":{"rendered":"<p>[et_pb_section fb_built=&#8220;1&#8243; _builder_version=&#8220;4.9.9&#8243; _module_preset=&#8220;default&#8220; use_background_color_gradient=&#8220;on&#8220; background_color_gradient_start=&#8220;#0951a3&#8243; background_color_gradient_end=&#8220;rgba(0,0,0,0)&#8220; background_color_gradient_end_position=&#8220;50%&#8220; background_color_gradient_overlays_image=&#8220;on&#8220; background_image=&#8220;https:\/\/aquilo.io\/wp-content\/uploads\/2021\/06\/E1BctKuX0AIJUj9-\u2014-kopia.jpg&#8220; background_position=&#8220;bottom_center&#8220; global_colors_info=&#8220;{}&#8220;][et_pb_row _builder_version=&#8220;4.9.4&#8243; _module_preset=&#8220;default&#8220; global_colors_info=&#8220;{}&#8220;][et_pb_column type=&#8220;4_4&#8243; _builder_version=&#8220;4.9.4&#8243; _module_preset=&#8220;default&#8220; global_colors_info=&#8220;{}&#8220;][et_pb_text admin_label=&#8220;Newsletter Header&#8220; module_class=&#8220;newsletter-header&#8220; _builder_version=&#8220;4.9.11&#8243; header_text_align=&#8220;center&#8220; header_text_color=&#8220;#FFFFFF&#8220; header_font_size=&#8220;40px&#8220; header_letter_spacing=&#8220;2px&#8220; module_alignment=&#8220;center&#8220; hover_enabled=&#8220;0&#8243; header_font_size_tablet=&#8220;22px&#8220; header_font_size_phone=&#8220;&#8220; header_font_size_last_edited=&#8220;on|tablet&#8220; header_text_shadow_style=&#8220;preset3&#8243; header_text_shadow_color=&#8220;#000000&#8243; global_colors_info=&#8220;{}&#8220; sticky_enabled=&#8220;0&#8243;]<\/p>\n<h1>\u0158e\u0161en\u00ed<\/h1>\n<p>[\/et_pb_text][\/et_pb_column][\/et_pb_row][\/et_pb_section][et_pb_section fb_built=&#8220;1&#8243; _builder_version=&#8220;4.9.4&#8243; _module_preset=&#8220;default&#8220; custom_padding=&#8220;49px||49px||true|&#8220; global_colors_info=&#8220;{}&#8220;][et_pb_row _builder_version=&#8220;3.25&#8243; custom_padding=&#8220;0px||10px|||&#8220; global_colors_info=&#8220;{}&#8220;][et_pb_column type=&#8220;4_4&#8243; _builder_version=&#8220;3.25&#8243; custom_padding=&#8220;|||&#8220; global_colors_info=&#8220;{}&#8220; custom_padding__hover=&#8220;|||&#8220;][et_pb_text admin_label=&#8220;Default Header&#8220; module_class=&#8220;default-header&#8220; _builder_version=&#8220;4.9.7&#8243; module_alignment=&#8220;right&#8220; global_colors_info=&#8220;{}&#8220;]<\/p>\n<h1>\u0158e\u0161en\u00ed<\/h1>\n<p>Objevte, s \u010d\u00edm v\u00e1m senzor Aquilo m\u016f\u017ee pomoci<\/p>\n<p>[\/et_pb_text][\/et_pb_column][\/et_pb_row][et_pb_row column_structure=&#8220;1_3,1_3,1_3&#8243; _builder_version=&#8220;4.9.4&#8243; _module_preset=&#8220;default&#8220; global_colors_info=&#8220;{}&#8220;][et_pb_column type=&#8220;1_3&#8243; _builder_version=&#8220;4.9.4&#8243; _module_preset=&#8220;default&#8220; global_colors_info=&#8220;{}&#8220;][et_pb_image src=&#8220;https:\/\/aquilo.io\/wp-content\/uploads\/2022\/10\/new-1572747_960_720500.jpg&#8220; title_text=&#8220;new-1572747_960_720500&#8243; _builder_version=&#8220;4.9.11&#8243; _module_preset=&#8220;default&#8220; global_colors_info=&#8220;{}&#8220;][\/et_pb_image][et_pb_text _builder_version=&#8220;4.9.11&#8243; _module_preset=&#8220;default&#8220; hover_enabled=&#8220;0&#8243; global_colors_info=&#8220;{}&#8220; sticky_enabled=&#8220;0&#8243;]<\/p>\n<h2 style=\"text-align: center;\"><strong>RODINN\u00c9 DOMY<\/strong><\/h2>\n<p>Na\u0161e za\u0159\u00edzen\u00ed umo\u017e\u0148uj\u00ed sledovat hladinu kapaliny ve: septiku, n\u00e1dr\u017ei na de\u0161\u0165ovou vodu nebo topn\u00fd olej. Se senzorem Aquilo se u\u017e nemus\u00edte ob\u00e1vat ne\u010dekan\u00e9ho p\u0159epln\u011bn\u00ed nebo vypr\u00e1zdn\u011bn\u00ed. U\u0161et\u0159\u00edte \u010das i nervy \u2013 syst\u00e9m v\u00e1s bude informovat o aktu\u00e1ln\u00ed hladin\u011b a p\u0159edpokl\u00e1dan\u00e9 dob\u011b napln\u011bn\u00ed nebo vypr\u00e1zdn\u011bn\u00ed n\u00e1dr\u017ee. V\u00e1\u0161 domov bude v bezpe\u010d\u00ed a nic v\u00e1s nep\u0159ekvap\u00ed.   <\/p>\n<p>&nbsp;[\/et_pb_text][\/et_pb_column][et_pb_column type=&#8220;1_3&#8243; _builder_version=&#8220;4.9.4&#8243; _module_preset=&#8220;default&#8220; global_colors_info=&#8220;{}&#8220;][et_pb_image src=&#8220;https:\/\/aquilo.io\/wp-content\/uploads\/2022\/10\/garden-shed-419266_960_720500.jpg&#8220; title_text=&#8220;garden-shed-419266_960_720500&#8243; _builder_version=&#8220;4.9.11&#8243; _module_preset=&#8220;default&#8220; global_colors_info=&#8220;{}&#8220;][\/et_pb_image][et_pb_text _builder_version=&#8220;4.9.11&#8243; _module_preset=&#8220;default&#8220; hover_enabled=&#8220;0&#8243; global_colors_info=&#8220;{}&#8220; sticky_enabled=&#8220;0&#8243;]<\/p>\n<h2 style=\"text-align: center;\"><strong>REKREA\u010cN\u00cd DOMY<\/strong><\/h2>\n<p> Zat\u00edmco odpo\u010d\u00edv\u00e1te, za\u0159\u00edzen\u00ed Aquilo sleduje stav septiku nebo n\u00e1dr\u017ee na de\u0161\u0165ovou vodu. Jakmile hladina kapaliny dos\u00e1hne nebezpe\u010dn\u00e9 \u00farovn\u011b, aplikace Aquilo v\u00e1s okam\u017eit\u011b upozorn\u00ed. \u017d\u00e1dn\u00e9 nep\u0159\u00edjemn\u00e9 p\u0159ekvapen\u00ed. Bezpe\u010dnost a pohodl\u00ed s Aquilo.   <\/p>\n<p>[\/et_pb_text][\/et_pb_column][et_pb_column type=&#8220;1_3&#8243; _builder_version=&#8220;4.9.4&#8243; _module_preset=&#8220;default&#8220; global_colors_info=&#8220;{}&#8220;][et_pb_image src=&#8220;https:\/\/aquilo.io\/wp-content\/uploads\/2022\/10\/architecture-3383067_960_720500.jpg&#8220; title_text=&#8220;architecture-3383067_960_720500&#8243; _builder_version=&#8220;4.9.11&#8243; _module_preset=&#8220;default&#8220; global_colors_info=&#8220;{}&#8220;][\/et_pb_image][et_pb_text _builder_version=&#8220;4.9.11&#8243; _module_preset=&#8220;default&#8220; hover_enabled=&#8220;0&#8243; global_colors_info=&#8220;{}&#8220; sticky_enabled=&#8220;0&#8243;]<\/p>\n<h2 style=\"text-align: center;\"><strong>OBYTN\u00c9 \u010cTVRTI<\/strong><\/h2>\n<p> Chceme v\u00e1s uv\u00e9st do \u00e9ry modern\u00edho a chytr\u00e9ho \u0159\u00edzen\u00ed \u010dtvrt\u00ed rodinn\u00fdch a rekrea\u010dn\u00edch dom\u016f. Postarejte se o finance sv\u00e9 \u010dtvrti \u2013 slu\u017eby fek\u00e1ln\u00ed firmy mohou b\u00fdt n\u00e1kladn\u00e9. D\u00edky senzoru Aquilo zjist\u00edte, jak\u00fd byl stav n\u00e1dr\u017ee p\u0159ed a po z\u00e1sahu odborn\u00edka.   <\/p>\n<p>[\/et_pb_text][\/et_pb_column][\/et_pb_row][et_pb_row column_structure=&#8220;1_3,1_3,1_3&#8243; _builder_version=&#8220;4.9.7&#8243; _module_preset=&#8220;default&#8220; width=&#8220;80.4%&#8220; width_tablet=&#8220;80%&#8220; width_phone=&#8220;&#8220; width_last_edited=&#8220;on|tablet&#8220; global_colors_info=&#8220;{}&#8220;][et_pb_column type=&#8220;1_3&#8243; _builder_version=&#8220;4.9.4&#8243; _module_preset=&#8220;default&#8220; global_colors_info=&#8220;{}&#8220;][et_pb_image src=&#8220;https:\/\/aquilo.io\/wp-content\/uploads\/2022\/10\/farm-5449624_960_720500.jpg&#8220; title_text=&#8220;farm-5449624_960_720500&#8243; _builder_version=&#8220;4.9.11&#8243; _module_preset=&#8220;default&#8220; global_colors_info=&#8220;{}&#8220;][\/et_pb_image][et_pb_text _builder_version=&#8220;4.9.11&#8243; _module_preset=&#8220;default&#8220; hover_enabled=&#8220;0&#8243; global_colors_info=&#8220;{}&#8220; sticky_enabled=&#8220;0&#8243;]<\/p>\n<h2 style=\"text-align: center;\"><strong>AGRICULTURE<\/strong><\/h2>\n<p> Senzor Aquilo je modern\u00ed za\u0159\u00edzen\u00ed, kter\u00e9 v\u00e1m umo\u017en\u00ed automatizovat va\u0161e hospod\u00e1\u0159stv\u00ed. Sledujte vzd\u00e1len\u011b n\u00e1dr\u017ee na vodu pro zavla\u017eov\u00e1n\u00ed a z\u00e1vlahu plodin. Rychle odhalte net\u011bsnosti a p\u0159edejd\u011bte zbyte\u010dn\u00e9 ztr\u00e1t\u011b vody. \u0160et\u0159ete vodu s Aquilo.   <\/p>\n<p>[\/et_pb_text][\/et_pb_column][et_pb_column type=&#8220;1_3&#8243; _builder_version=&#8220;4.9.4&#8243; _module_preset=&#8220;default&#8220; global_colors_info=&#8220;{}&#8220;][et_pb_image src=&#8220;https:\/\/aquilo.io\/wp-content\/uploads\/2022\/10\/gasoline-tanks-2178982_960_720500.jpg&#8220; title_text=&#8220;gasoline-tanks-2178982_960_720500&#8243; _builder_version=&#8220;4.9.11&#8243; _module_preset=&#8220;default&#8220; global_colors_info=&#8220;{}&#8220;][\/et_pb_image][et_pb_text _builder_version=&#8220;4.9.11&#8243; _module_preset=&#8220;default&#8220; hover_enabled=&#8220;0&#8243; global_colors_info=&#8220;{}&#8220; sticky_enabled=&#8220;0&#8243;]<\/p>\n<h2 style=\"text-align: center;\"><strong>PR\u016eMYSL<\/strong><\/h2>\n<p> Skladujete oleje, paraf\u00edn, paliva nebo jin\u00e9 \u017e\u00edraviny? Se senzorem Aquilo m\u016f\u017eete neinvazivn\u011b sledovat hladinu kapalin v n\u00e1dr\u017e\u00edch. Namontujte senzor na plastov\u00e9 v\u00edko a nemus\u00edte se ob\u00e1vat kontaktu \u017e\u00edrav\u00e9 kapaliny se za\u0159\u00edzen\u00edm. Zajist\u011bte bezpe\u010dnost v\u010dasn\u00fdm odhalen\u00edm z\u00e1vady n\u00e1dr\u017ee.   <\/p>\n<p>[\/et_pb_text][\/et_pb_column][et_pb_column type=&#8220;1_3&#8243; _builder_version=&#8220;4.9.4&#8243; _module_preset=&#8220;default&#8220; global_colors_info=&#8220;{}&#8220;][et_pb_image src=&#8220;https:\/\/aquilo.io\/wp-content\/uploads\/2022\/10\/architecture-1836409_960_720500.jpg&#8220; title_text=&#8220;architecture-1836409_960_720500&#8243; _builder_version=&#8220;4.9.11&#8243; _module_preset=&#8220;default&#8220; global_colors_info=&#8220;{}&#8220;][\/et_pb_image][et_pb_text _builder_version=&#8220;4.9.11&#8243; _module_preset=&#8220;default&#8220; hover_enabled=&#8220;0&#8243; global_colors_info=&#8220;{}&#8220; sticky_enabled=&#8220;0&#8243;]<\/p>\n<h2 style=\"text-align: center;\"><strong>CITIES<\/strong><\/h2>\n<p> Chceme v\u00e1s uv\u00e9st do \u00e9ry modern\u00ed spr\u00e1vy kanaliza\u010dn\u00ed a teplovodn\u00ed s\u00edt\u011b ve m\u011bstech. Senzor Aquilo umo\u017e\u0148uje monitorov\u00e1n\u00ed pr\u016fchodnosti kanaliza\u010dn\u00edch \u0161achet a detekci poruch v teplovodn\u00edch kan\u00e1lech. Optimalizujte spr\u00e1vu person\u00e1lu a roz\u0161i\u0159te svou digit\u00e1ln\u00ed kanaliza\u010dn\u00ed nebo teplovodn\u00ed s\u00ed\u0165 (digital twin).  <\/p>\n<p>[\/et_pb_text][\/et_pb_column][\/et_pb_row][et_pb_row _builder_version=&#8220;3.25&#8243; custom_padding=&#8220;0px||10px|||&#8220; global_colors_info=&#8220;{}&#8220;][et_pb_column type=&#8220;4_4&#8243; _builder_version=&#8220;3.25&#8243; custom_padding=&#8220;|||&#8220; global_colors_info=&#8220;{}&#8220; custom_padding__hover=&#8220;|||&#8220;][et_pb_text admin_label=&#8220;Default Header&#8220; module_class=&#8220;default-header&#8220; _builder_version=&#8220;4.9.11&#8243; module_alignment=&#8220;right&#8220; hover_enabled=&#8220;0&#8243; global_colors_info=&#8220;{}&#8220; sticky_enabled=&#8220;0&#8243;]<\/p>\n<h1>Vyberte si sv\u016fj senzor Aquilo<\/h1>\n<p>Dom\u00e1c\u00ed nebo profesion\u00e1ln\u00ed senzor?<\/p>\n<p>[\/et_pb_text][\/et_pb_column][\/et_pb_row][et_pb_row column_structure=&#8220;1_5,3_5,1_5&#8243; _builder_version=&#8220;3.25&#8243; custom_padding=&#8220;0px||10px|||&#8220; global_colors_info=&#8220;{}&#8220;][et_pb_column type=&#8220;1_5&#8243; _builder_version=&#8220;3.25&#8243; custom_padding=&#8220;|||&#8220; global_colors_info=&#8220;{}&#8220; custom_padding__hover=&#8220;|||&#8220;][\/et_pb_column][et_pb_column type=&#8220;3_5&#8243; _builder_version=&#8220;3.25&#8243; custom_padding=&#8220;|||&#8220; global_colors_info=&#8220;{}&#8220; custom_padding__hover=&#8220;|||&#8220;][et_pb_shop type=&#8220;product_category&#8220; posts_number=&#8220;2&#8243; include_categories=&#8220;all&#8220; columns_number=&#8220;2&#8243; orderby=&#8220;menu_order&#8220; _builder_version=&#8220;4.9.11&#8243; _module_preset=&#8220;default&#8220; global_colors_info=&#8220;{}&#8220;][\/et_pb_shop][\/et_pb_column][et_pb_column type=&#8220;1_5&#8243; _builder_version=&#8220;3.25&#8243; custom_padding=&#8220;|||&#8220; global_colors_info=&#8220;{}&#8220; custom_padding__hover=&#8220;|||&#8220;][\/et_pb_column][\/et_pb_row][et_pb_row _builder_version=&#8220;4.9.11&#8243; custom_padding=&#8220;0px||10px|||&#8220; hover_enabled=&#8220;0&#8243; global_colors_info=&#8220;{}&#8220; sticky_enabled=&#8220;0&#8243;][et_pb_column type=&#8220;4_4&#8243; _builder_version=&#8220;3.25&#8243; custom_padding=&#8220;|||&#8220; global_colors_info=&#8220;{}&#8220; custom_padding__hover=&#8220;|||&#8220;][et_pb_text admin_label=&#8220;Default Header&#8220; module_class=&#8220;default-header&#8220; _builder_version=&#8220;4.9.11&#8243; module_alignment=&#8220;right&#8220; hover_enabled=&#8220;0&#8243; global_colors_info=&#8220;{}&#8220; sticky_enabled=&#8220;0&#8243;]<\/p>\n<h1>Porovnejte p\u0159edplatn\u00e9<\/h1>\n<p>Zjist\u011bte v\u00fdhody verz\u00ed PREMIUM a PRO LTE.<\/p>\n<p>[\/et_pb_text][et_pb_pricing_tables _builder_version=&#8220;4.9.11&#8243; _module_preset=&#8220;default&#8220; hover_enabled=&#8220;0&#8243; global_colors_info=&#8220;{}&#8220; sticky_enabled=&#8220;0&#8243;][et_pb_pricing_table title=&#8220;PREMIUM&#8220; subtitle=&#8220;Pro dom\u00e1c\u00ed senzory Aquilo&#8220; currency=&#8220;EUR&#8220; per=&#8220;m\u011bs\u00ed\u010dn\u011b&#8220; sum=&#8220;1.50&#8243; button_url=&#8220;https:\/\/aquilo.io\/produkt\/aquilo-wifi-liquid-level-sensor-wireless\/&#8220; button_text=&#8220;Vybrat&#8220; _builder_version=&#8220;4.9.11&#8243; _module_preset=&#8220;default&#8220; hover_enabled=&#8220;0&#8243; global_colors_info=&#8220;{}&#8220; sticky_transition=&#8220;on&#8220; sticky_enabled=&#8220;0&#8243;]+ Komunikace s \u201ecloudem\u201c: WiFi<\/p>\n<p>+ Neomezen\u00fd po\u010det n\u00e1dr\u017e\u00ed na jednom \u00fa\u010dtu<\/p>\n<p>+ iOS, Android, webov\u00e1 aplikace<\/p>\n<p>+ Informace o \u00farovni kapaliny<\/p>\n<p>+ Aktualizace \u00fadaj\u016f po ka\u017ed\u00e9 zm\u011bn\u011b hladiny, nejm\u00e9n\u011b ka\u017ed\u00fdch 8 hodin<\/p>\n<p>+ P\u0159\u00edstup k historii: 2 roky<\/p>\n<p>+ Upozorn\u011bn\u00ed v telefonu a e-mailov\u00e1 ozn\u00e1men\u00ed<\/p>\n<p>+ Odes\u00edl\u00e1n\u00ed SMS<\/p>\n<p>+ Integrace s Home Assistant nebo Loxone<\/p>\n<p>+ Dostupn\u00e9 REST API<\/p>\n<p>&#8211; Export dat do CSV<\/p>\n<p>+ Pr\u00e9miov\u00e1 podpora<\/p>\n<p>+ Informace o n\u00e1dr\u017ei bez reklam[\/et_pb_pricing_table][et_pb_pricing_table title=&#8220;BASIC&#8220; subtitle=&#8220; Pro dom\u00e1c\u00ed senzory Aquilo&#8220; currency=&#8220;EUR&#8220; sum=&#8220;0&#8243; button_url=&#8220;https:\/\/aquilo.io\/produkt\/aquilo-wifi-liquid-level-sensor-wireless\/&#8220; button_text=&#8220;Vybrat&#8220; _builder_version=&#8220;4.9.11&#8243; _module_preset=&#8220;default&#8220; hover_enabled=&#8220;0&#8243; global_colors_info=&#8220;{}&#8220; sticky_transition=&#8220;on&#8220; sticky_enabled=&#8220;0&#8243;]<\/p>\n<p>+ Komunikace s \u201ecloudem\u201c: WiFi<\/p>\n<p>+ Jedna n\u00e1dr\u017e na jednom \u00fa\u010dtu<\/p>\n<p>+ iOS, Android, webov\u00e1 aplikace<\/p>\n<p>+ Informace o \u00farovni kapaliny<\/p>\n<p>+ Aktualizace \u00fadaj\u016f ka\u017ed\u00fdch 8 hodin<\/p>\n<p>+ P\u0159\u00edstup k historii: 60 dn\u00ed<\/p>\n<p>+ Upozorn\u011bn\u00ed v telefonu<\/p>\n<p>&#8211; Odes\u00edl\u00e1n\u00ed SMS<\/p>\n<p>+ Integrace s Home Assistant nebo Loxone<\/p>\n<p>+ Dostupn\u00e9 REST API<\/p>\n<p>&#8211; Export dat do CSV<\/p>\n<p>&#8211; Pr\u00e9miov\u00e1 podpora<\/p>\n<p>&#8211; Informace o n\u00e1dr\u017ei bez reklam<\/p>\n<p>[\/et_pb_pricing_table][et_pb_pricing_table title=&#8220;PRO LTE&#8220; subtitle=&#8220;Pro profesion\u00e1ln\u00ed senzory AquiloFor Aquilo professional sensors&#8220; currency=&#8220;EUR&#8220; per=&#8220;m\u011bs\u00ed\u010dn\u011b za n\u00e1dr\u017e&#8220; sum=&#8220;3.99&#8243; button_url=&#8220;https:\/\/aquilo.io\/produkt\/aquilo-lte-liquid-level-sensor-wireless\/&#8220; button_text=&#8220;Vybrat&#8220; _builder_version=&#8220;4.9.11&#8243; _module_preset=&#8220;default&#8220; hover_enabled=&#8220;0&#8243; global_colors_info=&#8220;{}&#8220; sticky_transition=&#8220;on&#8220; sticky_enabled=&#8220;0&#8243;]<\/p>\n<p>+ Komunikace s \u201ecloudem\u201c: CAT-M1 \/ 4G LTE \/ 3G<\/p>\n<p>+ Neomezen\u00fd po\u010det n\u00e1dr\u017e\u00ed na jednom \u00fa\u010dtu<\/p>\n<p>+ iOS, Android, webov\u00e1 aplikace<\/p>\n<p>+ Informace o \u00farovni kapaliny<\/p>\n<p>+ Aktualizace \u00fadaj\u016f p\u0159i poru\u0161e, nejm\u00e9n\u011b ka\u017ed\u00fdch 12 hodin<\/p>\n<p>+ P\u0159\u00edstup k historii: 3 roky<\/p>\n<p>+ Upozorn\u011bn\u00ed v telefonu a e-mailov\u00e1 ozn\u00e1men\u00ed<\/p>\n<p>+ Odes\u00edl\u00e1n\u00ed SMS<\/p>\n<p>+ Integrace s Home Assistant nebo Loxone<\/p>\n<p>+ Dostupn\u00e9 REST API<\/p>\n<p>+ Export dat do CSV<\/p>\n<p>+ Pr\u00e9miov\u00e1 podpora<\/p>\n<p>+ Informace o n\u00e1dr\u017ei bez reklam<\/p>\n<p>[\/et_pb_pricing_table][\/et_pb_pricing_tables][\/et_pb_column][\/et_pb_row][\/et_pb_section][et_pb_section fb_built=&#8220;1&#8243; _builder_version=&#8220;4.9.4&#8243; _module_preset=&#8220;default&#8220; use_background_color_gradient=&#8220;on&#8220; background_color_gradient_start=&#8220;#6b96c7&#8243; background_color_gradient_end=&#8220;#0951a3&#8243; custom_padding=&#8220;40px||30px||false|false&#8220; border_width_bottom=&#8220;1px&#8220; border_color_bottom=&#8220;rgba(137,173,205,0.14)&#8220; global_module=&#8220;3309&#8243; saved_tabs=&#8220;all&#8220; global_colors_info=&#8220;{}&#8220;][et_pb_row column_structure=&#8220;1_4,1_4,1_4,1_4&#8243; use_custom_gutter=&#8220;on&#8220; gutter_width=&#8220;1&#8243; _builder_version=&#8220;4.9.7&#8243; _module_preset=&#8220;default&#8220; width=&#8220;90%&#8220; custom_margin=&#8220;0px||0px||true|false&#8220; custom_padding=&#8220;0px||0px||true|false&#8220; global_colors_info=&#8220;{}&#8220;][et_pb_column type=&#8220;1_4&#8243; _builder_version=&#8220;4.9.4&#8243; _module_preset=&#8220;default&#8220; global_colors_info=&#8220;{}&#8220;][et_pb_image src=&#8220;https:\/\/aquilo.io\/wp-content\/uploads\/2021\/06\/aquilo-biale12.png&#8220; title_text=&#8220;aquilo biale12&#8243; _builder_version=&#8220;4.9.9&#8243; _module_preset=&#8220;default&#8220; width=&#8220;27%&#8220; global_colors_info=&#8220;{}&#8220;][\/et_pb_image][et_pb_text admin_label=&#8220;Newsletter Header&#8220; module_class=&#8220;newsletter-header&#8220; _builder_version=&#8220;4.9.4&#8243; text_text_color=&#8220;#FFFFFF&#8220; text_font_size=&#8220;13px&#8220; link_text_color=&#8220;#FFFFFF&#8220; header_text_color=&#8220;#FFFFFF&#8220; header_font_size=&#8220;22px&#8220; header_letter_spacing=&#8220;2px&#8220; module_alignment=&#8220;center&#8220; custom_padding=&#8220;10px||||false|false&#8220; global_colors_info=&#8220;{}&#8220;]<\/p>\n<p><span>Jsme polsk\u00e1 firma vyr\u00e1b\u011bj\u00edc\u00ed dom\u00e1c\u00ed a zahradn\u00ed elektroniku.<br \/>V Aquilo vytv\u00e1\u0159\u00edme inovativn\u00ed \u0159e\u0161en\u00ed, kter\u00e1 usnadn\u00ed V\u00e1\u0161 ka\u017edodenn\u00ed \u017eivot.<br \/>Navrhujeme je tak, abychom V\u00e1m zajistili bezpe\u010d\u00ed a pohodl\u00ed.<br \/>Aquilo \u2013 pro V\u00e1\u0161 domov.   <\/span><\/p>\n<p>[\/et_pb_text][\/et_pb_column][et_pb_column type=&#8220;1_4&#8243; _builder_version=&#8220;4.9.7&#8243; _module_preset=&#8220;default&#8220; custom_padding=&#8220;|||40px|false|false&#8220; custom_padding_tablet=&#8220;|||0px|false|false&#8220; custom_padding_phone=&#8220;&#8220; custom_padding_last_edited=&#8220;on|phone&#8220; global_colors_info=&#8220;{}&#8220;][et_pb_text admin_label=&#8220;Newsletter Header&#8220; module_class=&#8220;newsletter-header&#8220; _builder_version=&#8220;4.9.11&#8243; header_text_color=&#8220;#FFFFFF&#8220; header_font_size=&#8220;22px&#8220; header_letter_spacing=&#8220;2px&#8220; module_alignment=&#8220;center&#8220; custom_padding_tablet=&#8220;&#8220; custom_padding_phone=&#8220;20px||||false|false&#8220; custom_padding_last_edited=&#8220;on|phone&#8220; global_colors_info=&#8220;{}&#8220;]<\/p>\n<h1>Informace<\/h1>\n<p>[\/et_pb_text][et_pb_button button_url=&#8220;https:\/\/aquilo.io\/privacy-policy\/&#8220; button_text=&#8220;Z\u00e1sady ochrany osobn\u00edch \u00fadaj\u016f&#8220; _builder_version=&#8220;4.9.11&#8243; _module_preset=&#8220;default&#8220; custom_button=&#8220;on&#8220; button_text_size=&#8220;13px&#8220; button_text_color=&#8220;#FFFFFF&#8220; button_bg_color=&#8220;RGBA(0,0,0,0)&#8220; button_border_width=&#8220;0px&#8220; button_icon=&#8220;%%24%%&#8220; button_icon_placement=&#8220;left&#8220; custom_margin=&#8220;5px||0px||false|false&#8220; button_bg_color_tablet=&#8220;&#8220; button_bg_color_phone=&#8220;&#8220; button_bg_color_last_edited=&#8220;on|desktop&#8220; global_colors_info=&#8220;{}&#8220; button_bg_color__hover_enabled=&#8220;on|hover&#8220; button_bg_color__hover=&#8220;RGBA(0,0,0,0)&#8220; button_bg_enable_color__hover=&#8220;on&#8220; button_letter_spacing__hover_enabled=&#8220;on|desktop&#8220; button_letter_spacing__hover=&#8220;2px&#8220;][\/et_pb_button][et_pb_button button_url=&#8220;https:\/\/aquilo.io\/terms-of-service\/&#8220; button_text=&#8220;Obchodn\u00ed podm\u00ednky&#8220; _builder_version=&#8220;4.9.11&#8243; _module_preset=&#8220;default&#8220; custom_button=&#8220;on&#8220; button_text_size=&#8220;13px&#8220; button_text_color=&#8220;#FFFFFF&#8220; button_bg_color=&#8220;RGBA(0,0,0,0)&#8220; button_border_width=&#8220;0px&#8220; button_icon=&#8220;%%24%%&#8220; button_icon_placement=&#8220;left&#8220; custom_margin=&#8220;-10px||0px||false|false&#8220; button_bg_color_tablet=&#8220;&#8220; button_bg_color_phone=&#8220;&#8220; button_bg_color_last_edited=&#8220;on|desktop&#8220; global_colors_info=&#8220;{}&#8220; button_bg_color__hover_enabled=&#8220;on|hover&#8220; button_bg_color__hover=&#8220;RGBA(0,0,0,0)&#8220; button_bg_enable_color__hover=&#8220;on&#8220; button_letter_spacing__hover_enabled=&#8220;on|desktop&#8220; button_letter_spacing__hover=&#8220;2px&#8220;][\/et_pb_button][et_pb_button button_url=&#8220;https:\/\/aquilo.io\/delivery-returns-and-warranty\/&#8220; button_text=&#8220;Doprava, vr\u00e1cen\u00ed a z\u00e1ruka&#8220; _builder_version=&#8220;4.9.11&#8243; _module_preset=&#8220;default&#8220; custom_button=&#8220;on&#8220; button_text_size=&#8220;13px&#8220; button_text_color=&#8220;#FFFFFF&#8220; button_bg_color=&#8220;RGBA(0,0,0,0)&#8220; button_border_width=&#8220;0px&#8220; button_icon=&#8220;%%24%%&#8220; button_icon_placement=&#8220;left&#8220; custom_margin=&#8220;-12px||0px||false|false&#8220; button_bg_color_tablet=&#8220;&#8220; button_bg_color_phone=&#8220;&#8220; button_bg_color_last_edited=&#8220;on|desktop&#8220; global_colors_info=&#8220;{}&#8220; button_bg_color__hover_enabled=&#8220;on|hover&#8220; button_bg_color__hover=&#8220;RGBA(0,0,0,0)&#8220; button_bg_enable_color__hover=&#8220;on&#8220; button_letter_spacing__hover_enabled=&#8220;on|desktop&#8220; button_letter_spacing__hover=&#8220;2px&#8220;][\/et_pb_button][\/et_pb_column][et_pb_column type=&#8220;1_4&#8243; _builder_version=&#8220;4.9.4&#8243; _module_preset=&#8220;default&#8220; global_colors_info=&#8220;{}&#8220;][et_pb_text admin_label=&#8220;Newsletter Header&#8220; module_class=&#8220;newsletter-header&#8220; _builder_version=&#8220;4.9.11&#8243; header_text_color=&#8220;#FFFFFF&#8220; header_font_size=&#8220;22px&#8220; header_letter_spacing=&#8220;1px&#8220; module_alignment=&#8220;center&#8220; custom_padding_tablet=&#8220;&#8220; custom_padding_phone=&#8220;20px||||false|false&#8220; custom_padding_last_edited=&#8220;on|phone&#8220; global_colors_info=&#8220;{}&#8220;]<\/p>\n<h1>JAK V\u00c1M M\u016e\u017dEME POMOCI?<\/h1>\n<p>[\/et_pb_text][et_pb_text admin_label=&#8220;Newsletter Header&#8220; module_class=&#8220;newsletter-header&#8220; _builder_version=&#8220;4.9.11&#8243; text_text_color=&#8220;#FFFFFF&#8220; text_font_size=&#8220;13px&#8220; link_text_color=&#8220;#FFFFFF&#8220; header_text_color=&#8220;#FFFFFF&#8220; header_font_size=&#8220;22px&#8220; header_letter_spacing=&#8220;2px&#8220; width=&#8220;100%&#8220; max_width=&#8220;100%&#8220; module_alignment=&#8220;center&#8220; custom_padding=&#8220;10px||0px||false|false&#8220; global_colors_info=&#8220;{}&#8220;]<\/p>\n<p><strong>Telefon:<\/strong> +48 737 340 752<br \/><strong>Email:<\/strong> <a href=\"mailto:contact@aquilo.io\">contact@aquilo.io<\/a><br \/><strong>Servis: <\/strong>ul. Graniczna 20, 05-083 Wygl\u0119dy, Poland <\/p>\n<p>[\/et_pb_text][\/et_pb_column][et_pb_column type=&#8220;1_4&#8243; _builder_version=&#8220;4.9.4&#8243; _module_preset=&#8220;default&#8220; global_colors_info=&#8220;{}&#8220;][et_pb_image src=&#8220;https:\/\/aquilo.io\/wp-content\/uploads\/2021\/07\/loga-unia.png&#8220; title_text=&#8220;loga unia&#8220; url=&#8220;https:\/\/aquilo.io\/projekt-unijny\/&#8220; align=&#8220;center&#8220; align_tablet=&#8220;&#8220; align_phone=&#8220;left&#8220; align_last_edited=&#8220;on|phone&#8220; _builder_version=&#8220;4.9.9&#8243; _module_preset=&#8220;default&#8220; width=&#8220;42%&#8220; custom_margin=&#8220;-10px||||false|false&#8220; custom_margin_tablet=&#8220;&#8220; custom_margin_phone=&#8220;10px||||false|false&#8220; custom_margin_last_edited=&#8220;on|phone&#8220; global_colors_info=&#8220;{}&#8220;][\/et_pb_image][\/et_pb_column][\/et_pb_row][\/et_pb_section]<\/p>\n","protected":false},"excerpt":{"rendered":"<p>\u0158e\u0161en\u00ed\u0158e\u0161en\u00ed Objevte, s \u010d\u00edm v\u00e1m senzor Aquilo m\u016f\u017ee pomociRODINN\u00c9 DOMY Na\u0161e za\u0159\u00edzen\u00ed umo\u017e\u0148uj\u00ed sledovat hladinu kapaliny ve: septiku, n\u00e1dr\u017ei na de\u0161\u0165ovou vodu nebo topn\u00fd olej. Se senzorem Aquilo se u\u017e nemus\u00edte ob\u00e1vat ne\u010dekan\u00e9ho p\u0159epln\u011bn\u00ed nebo vypr\u00e1zdn\u011bn\u00ed. U\u0161et\u0159\u00edte \u010das i nervy \u2013 syst\u00e9m v\u00e1s bude informovat o aktu\u00e1ln\u00ed hladin\u011b a p\u0159edpokl\u00e1dan\u00e9 dob\u011b napln\u011bn\u00ed nebo vypr\u00e1zdn\u011bn\u00ed n\u00e1dr\u017ee. [&hellip;]<\/p>\n","protected":false},"author":7,"featured_media":0,"parent":0,"menu_order":0,"comment_status":"closed","ping_status":"closed","template":"","meta":{"_et_pb_use_builder":"on","_et_pb_old_content":"","_et_gb_content_width":"","footnotes":""},"class_list":["post-6101","page","type-page","status-publish","hentry"],"_links":{"self":[{"href":"https:\/\/aquilo.io\/cs\/wp-json\/wp\/v2\/pages\/6101","targetHints":{"allow":["GET"]}}],"collection":[{"href":"https:\/\/aquilo.io\/cs\/wp-json\/wp\/v2\/pages"}],"about":[{"href":"https:\/\/aquilo.io\/cs\/wp-json\/wp\/v2\/types\/page"}],"author":[{"embeddable":true,"href":"https:\/\/aquilo.io\/cs\/wp-json\/wp\/v2\/users\/7"}],"replies":[{"embeddable":true,"href":"https:\/\/aquilo.io\/cs\/wp-json\/wp\/v2\/comments?post=6101"}],"version-history":[{"count":2,"href":"https:\/\/aquilo.io\/cs\/wp-json\/wp\/v2\/pages\/6101\/revisions"}],"predecessor-version":[{"id":6103,"href":"https:\/\/aquilo.io\/cs\/wp-json\/wp\/v2\/pages\/6101\/revisions\/6103"}],"wp:attachment":[{"href":"https:\/\/aquilo.io\/cs\/wp-json\/wp\/v2\/media?parent=6101"}],"curies":[{"name":"wp","href":"https:\/\/api.w.org\/{rel}","templated":true}]}}